{"id":27822,"date":"2022-01-22T12:16:04","date_gmt":"2022-01-22T11:16:04","guid":{"rendered":"https:\/\/demoweb.info\/sexshop001\/producto\/masturbador-flight-by-fleshlight\/"},"modified":"2022-01-22T12:16:13","modified_gmt":"2022-01-22T11:16:13","slug":"masturbador-flight-by-fleshlight","status":"publish","type":"product","link":"https:\/\/demoweb.info\/sexshop001\/producto\/masturbador-flight-by-fleshlight\/","title":{"rendered":"MASTURBADOR FLIGHT BY FLESHLIGHT"},"content":{"rendered":"<p><strong>FLIGHT BY FLESHLIGHT<\/strong>.<\/p>\n<p>Prep\u00e1rase para el viaje de su vida. El flamante Flight de Fleshlight es una versi\u00f3n elegante, compacta y refinada del Juguete Sexual Masculino N\u00famero 1 del Mundo. Su estilizado y aerodin\u00e1mico dise\u00f1o, y su textura que produce turbulencias de placer durante la penetraci\u00f3n te llevar\u00e1 a experimentar sensaciones de altura incre\u00edblemente placenteras que elevar\u00e1n su erecci\u00f3n a nuevas cotas.<\/p>\n<p><strong>Fleshlight\u00ae<\/strong> es 100% seguro y muy f\u00e1cil de utilizar y limpiar.<\/p>\n<p>Usando <strong>Fleshlight\u00ae<\/strong> con frecuencia, fortalecer\u00e1s tus erecciones y aumentar\u00e1s la fortaleza del pene, debido al entrenamiento de los tejidos del miembro. Notar\u00e1s una mejora en pocos meses.<\/p>\n<p>Incluye una pr\u00e1ctica tapa, para poder guardarlo y protegerlo, una vez utilizado.<\/p>\n<p><strong>Se adapta a todos los tama\u00f1os de pene.<\/strong><\/p>\n<p>Ahora con una carcasa m\u00e1s discreta.<\/p>\n<p>Abr\u00f3chese el cintur\u00f3n y prep\u00e1rese para su vuelo en primera clase.<\/p>\n","protected":false},"excerpt":{"rendered":"<p>FLIGHT BY FLESHLIGHT. Prep\u00e1rase para el viaje de su vida. El flamante Flight de Fleshlight es una versi\u00f3n elegante, compacta<\/p>\n","protected":false},"featured_media":27823,"comment_status":"open","ping_status":"open","template":"","meta":[],"product_cat":[542],"product_tag":[576,1121],"class_list":["post-27822","product","type-product","status-publish","has-post-thumbnail","hentry","product_cat-clasicos","product_tag-fleshlight","product_tag-flight"],"bundled_by":[],"bundle_stock_status":"outofstock","bundle_stock_quantity":0,"bundle_virtual":false,"bundle_layout":"","bundle_add_to_cart_form_location":"","bundle_editable_in_cart":false,"bundle_sold_individually_context":"","bundle_item_grouping":"","bundle_min_size":"","bundle_max_size":"","bundled_items":[],"yoast_head":"<!-- This site is optimized with the Yoast SEO plugin v20.6 - https:\/\/yoast.com\/wordpress\/plugins\/seo\/ -->\n<title>MASTURBADOR FLIGHT BY FLESHLIGHT - Tienda Er\u00f3tica<\/title>\n<meta name=\"robots\" content=\"noindex, follow, max-snippet:-1, max-image-preview:large, max-video-preview:-1\" \/>\n<meta property=\"og:locale\" content=\"es_ES\" \/>\n<meta property=\"og:type\" content=\"article\" \/>\n<meta property=\"og:title\" content=\"MASTURBADOR FLIGHT BY FLESHLIGHT - Tienda Er\u00f3tica\" \/>\n<meta property=\"og:description\" content=\"FLIGHT BY FLESHLIGHT. Prep\u00e1rase para el viaje de su vida. El flamante Flight de Fleshlight es una versi\u00f3n elegante, compacta\" \/>\n<meta property=\"og:url\" content=\"https:\/\/demoweb.info\/sexshop001\/producto\/masturbador-flight-by-fleshlight\/\" \/>\n<meta property=\"og:site_name\" content=\"Tienda Er\u00f3tica\" \/>\n<meta property=\"article:modified_time\" content=\"2022-01-22T11:16:13+00:00\" \/>\n<meta property=\"og:image\" content=\"https:\/\/demoweb.info\/sexshop001\/wp-content\/uploads\/2022\/01\/MASTURBADOR-FLIGHT-BY-FLESHLIGHT.jpg\" \/>\n\t<meta property=\"og:image:width\" content=\"550\" \/>\n\t<meta property=\"og:image:height\" content=\"550\" \/>\n\t<meta property=\"og:image:type\" content=\"image\/jpeg\" \/>\n<meta name=\"twitter:card\" content=\"summary_large_image\" \/>\n<meta name=\"twitter:label1\" content=\"Tiempo de lectura\" \/>\n\t<meta name=\"twitter:data1\" content=\"1 minuto\" \/>\n<script type=\"application\/ld+json\" class=\"yoast-schema-graph\">{\"@context\":\"https:\/\/schema.org\",\"@graph\":[{\"@type\":\"WebPage\",\"@id\":\"https:\/\/demoweb.info\/sexshop001\/producto\/masturbador-flight-by-fleshlight\/\",\"url\":\"https:\/\/demoweb.info\/sexshop001\/producto\/masturbador-flight-by-fleshlight\/\",\"name\":\"MASTURBADOR FLIGHT BY FLESHLIGHT - Tienda Er\u00f3tica\",\"isPartOf\":{\"@id\":\"https:\/\/demoweb.info\/sexshop001\/#website\"},\"datePublished\":\"2022-01-22T11:16:04+00:00\",\"dateModified\":\"2022-01-22T11:16:13+00:00\",\"breadcrumb\":{\"@id\":\"https:\/\/demoweb.info\/sexshop001\/producto\/masturbador-flight-by-fleshlight\/#breadcrumb\"},\"inLanguage\":\"es\",\"potentialAction\":[{\"@type\":\"ReadAction\",\"target\":[\"https:\/\/demoweb.info\/sexshop001\/producto\/masturbador-flight-by-fleshlight\/\"]}]},{\"@type\":\"BreadcrumbList\",\"@id\":\"https:\/\/demoweb.info\/sexshop001\/producto\/masturbador-flight-by-fleshlight\/#breadcrumb\",\"itemListElement\":[{\"@type\":\"ListItem\",\"position\":1,\"name\":\"Portada\",\"item\":\"https:\/\/demoweb.info\/sexshop001\/\"},{\"@type\":\"ListItem\",\"position\":2,\"name\":\"Tienda\",\"item\":\"https:\/\/demoweb.info\/sexshop001\/tienda\/\"},{\"@type\":\"ListItem\",\"position\":3,\"name\":\"MASTURBADOR FLIGHT BY FLESHLIGHT\"}]},{\"@type\":\"WebSite\",\"@id\":\"https:\/\/demoweb.info\/sexshop001\/#website\",\"url\":\"https:\/\/demoweb.info\/sexshop001\/\",\"name\":\"Tienda Er\u00f3tica\",\"description\":\"DEMOWEB SL\",\"potentialAction\":[{\"@type\":\"SearchAction\",\"target\":{\"@type\":\"EntryPoint\",\"urlTemplate\":\"https:\/\/demoweb.info\/sexshop001\/?s={search_term_string}\"},\"query-input\":\"required name=search_term_string\"}],\"inLanguage\":\"es\"}]}<\/script>\n<!-- \/ Yoast SEO plugin. -->","yoast_head_json":{"title":"MASTURBADOR FLIGHT BY FLESHLIGHT - Tienda Er\u00f3tica","robots":{"index":"noindex","follow":"follow","max-snippet":"max-snippet:-1","max-image-preview":"max-image-preview:large","max-video-preview":"max-video-preview:-1"},"og_locale":"es_ES","og_type":"article","og_title":"MASTURBADOR FLIGHT BY FLESHLIGHT - Tienda Er\u00f3tica","og_description":"FLIGHT BY FLESHLIGHT. Prep\u00e1rase para el viaje de su vida. El flamante Flight de Fleshlight es una versi\u00f3n elegante, compacta","og_url":"https:\/\/demoweb.info\/sexshop001\/producto\/masturbador-flight-by-fleshlight\/","og_site_name":"Tienda Er\u00f3tica","article_modified_time":"2022-01-22T11:16:13+00:00","og_image":[{"width":550,"height":550,"url":"https:\/\/demoweb.info\/sexshop001\/wp-content\/uploads\/2022\/01\/MASTURBADOR-FLIGHT-BY-FLESHLIGHT.jpg","type":"image\/jpeg"}],"twitter_card":"summary_large_image","twitter_misc":{"Tiempo de lectura":"1 minuto"},"schema":{"@context":"https:\/\/schema.org","@graph":[{"@type":"WebPage","@id":"https:\/\/demoweb.info\/sexshop001\/producto\/masturbador-flight-by-fleshlight\/","url":"https:\/\/demoweb.info\/sexshop001\/producto\/masturbador-flight-by-fleshlight\/","name":"MASTURBADOR FLIGHT BY FLESHLIGHT - Tienda Er\u00f3tica","isPartOf":{"@id":"https:\/\/demoweb.info\/sexshop001\/#website"},"datePublished":"2022-01-22T11:16:04+00:00","dateModified":"2022-01-22T11:16:13+00:00","breadcrumb":{"@id":"https:\/\/demoweb.info\/sexshop001\/producto\/masturbador-flight-by-fleshlight\/#breadcrumb"},"inLanguage":"es","potentialAction":[{"@type":"ReadAction","target":["https:\/\/demoweb.info\/sexshop001\/producto\/masturbador-flight-by-fleshlight\/"]}]},{"@type":"BreadcrumbList","@id":"https:\/\/demoweb.info\/sexshop001\/producto\/masturbador-flight-by-fleshlight\/#breadcrumb","itemListElement":[{"@type":"ListItem","position":1,"name":"Portada","item":"https:\/\/demoweb.info\/sexshop001\/"},{"@type":"ListItem","position":2,"name":"Tienda","item":"https:\/\/demoweb.info\/sexshop001\/tienda\/"},{"@type":"ListItem","position":3,"name":"MASTURBADOR FLIGHT BY FLESHLIGHT"}]},{"@type":"WebSite","@id":"https:\/\/demoweb.info\/sexshop001\/#website","url":"https:\/\/demoweb.info\/sexshop001\/","name":"Tienda Er\u00f3tica","description":"DEMOWEB SL","potentialAction":[{"@type":"SearchAction","target":{"@type":"EntryPoint","urlTemplate":"https:\/\/demoweb.info\/sexshop001\/?s={search_term_string}"},"query-input":"required name=search_term_string"}],"inLanguage":"es"}]}},"_links":{"self":[{"href":"https:\/\/demoweb.info\/sexshop001\/wp-json\/wp\/v3\/product\/27822","targetHints":{"allow":["GET"]}}],"collection":[{"href":"https:\/\/demoweb.info\/sexshop001\/wp-json\/wp\/v3\/product"}],"about":[{"href":"https:\/\/demoweb.info\/sexshop001\/wp-json\/wp\/v2\/types\/product"}],"replies":[{"embeddable":true,"href":"https:\/\/demoweb.info\/sexshop001\/wp-json\/wp\/v2\/comments?post=27822"}],"wp:featuredmedia":[{"embeddable":true,"href":"https:\/\/demoweb.info\/sexshop001\/wp-json\/wp\/v2\/media\/27823"}],"wp:attachment":[{"href":"https:\/\/demoweb.info\/sexshop001\/wp-json\/wp\/v2\/media?parent=27822"}],"wp:term":[{"taxonomy":"product_cat","embeddable":true,"href":"https:\/\/demoweb.info\/sexshop001\/wp-json\/wp\/v2\/product_cat?post=27822"},{"taxonomy":"product_tag","embeddable":true,"href":"https:\/\/demoweb.info\/sexshop001\/wp-json\/wp\/v2\/product_tag?post=27822"}],"curies":[{"name":"wp","href":"https:\/\/api.w.org\/{rel}","templated":true}]}}