{"id":27656,"date":"2022-01-22T12:14:45","date_gmt":"2022-01-22T11:14:45","guid":{"rendered":"https:\/\/demoweb.info\/sexshop001\/producto\/fetish-fantasy-columpio-vueltas-fantasy-negro\/"},"modified":"2022-01-22T12:14:49","modified_gmt":"2022-01-22T11:14:49","slug":"fetish-fantasy-columpio-vueltas-fantasy-negro","status":"publish","type":"product","link":"https:\/\/demoweb.info\/sexshop001\/producto\/fetish-fantasy-columpio-vueltas-fantasy-negro\/","title":{"rendered":"FETISH FANTASY COLUMPIO VUELTAS FANTASY NEGRO"},"content":{"rendered":"<p><strong>FETISH FANTASY SPINING FANTASY SWING BLACK<\/strong> es un <strong>columpio completamente ajustable<\/strong>, extra ancho, con soporte para los pies para el m\u00e1ximo confort. Adem\u00e1s ahora gira sobre si mismo, para que realices tus fantas\u00edas de 360&ordm;.<\/p>\n<p>Es de talla \u00fanica. Soporta hasta 160 kilos. Lo podr\u00e1s instalar en el marco de la puerta o en el techo de una forma muy sencilla.<\/p>\n<p>Inventado desde las \u00e9pocas antiguas para mejorar la relaci\u00f3n sexual, ahora en su versi\u00f3n moderna.<\/p>\n<p>&#8211; Viene casi por completo pre-ensamblado, los procedimientos de instalaci\u00f3n son muy sencillos.<br \/>\n&#8211; Completamente ajustable, todas las correas pueden ajustarse a cualquier tama\u00f1o.<br \/>\n&#8211; Fabricado con materiales modernos, muy c\u00f3modo para disfrutarlo al m\u00e1ximo.<br \/>\n&#8211; Las correas son de nylon de alta resistencia, dise\u00f1ado como uno solo, el columpio es muy duradero.<br \/>\n&#8211; F\u00e1cil de quitar.<br \/>\n&#8211; Para una o dos personas, lo puedes disfrutar solo o en pareja.<br \/>\n&#8211; Ya no tienes excusa para practicar estas posiciones dif\u00edciles que no has logrado todav\u00eda, sin ser un atleta para ello.<\/p>\n<p><strong>Consigue que tus relaciones sean mucho m\u00e1s placenteras<\/strong>.<\/p>\n","protected":false},"excerpt":{"rendered":"<p>FETISH FANTASY SPINING FANTASY SWING BLACK es un columpio completamente ajustable, extra ancho, con soporte para los pies para el<\/p>\n","protected":false},"featured_media":27657,"comment_status":"open","ping_status":"open","template":"","meta":[],"product_cat":[627],"product_tag":[260,259],"class_list":["post-27656","product","type-product","status-publish","has-post-thumbnail","hentry","product_cat-columpios","product_tag-fetish-fantasy-series","product_tag-pipedream"],"bundled_by":[],"bundle_stock_status":"instock","bundle_stock_quantity":2,"bundle_virtual":false,"bundle_layout":"","bundle_add_to_cart_form_location":"","bundle_editable_in_cart":false,"bundle_sold_individually_context":"","bundle_item_grouping":"","bundle_min_size":"","bundle_max_size":"","bundled_items":[],"yoast_head":"<!-- This site is optimized with the Yoast SEO plugin v20.6 - https:\/\/yoast.com\/wordpress\/plugins\/seo\/ -->\n<title>FETISH FANTASY COLUMPIO VUELTAS FANTASY NEGRO - Tienda Er\u00f3tica<\/title>\n<meta name=\"robots\" content=\"noindex, follow, max-snippet:-1, max-image-preview:large, max-video-preview:-1\" \/>\n<meta property=\"og:locale\" content=\"es_ES\" \/>\n<meta property=\"og:type\" content=\"article\" \/>\n<meta property=\"og:title\" content=\"FETISH FANTASY COLUMPIO VUELTAS FANTASY NEGRO - Tienda Er\u00f3tica\" \/>\n<meta property=\"og:description\" content=\"FETISH FANTASY SPINING FANTASY SWING BLACK es un columpio completamente ajustable, extra ancho, con soporte para los pies para el\" \/>\n<meta property=\"og:url\" content=\"https:\/\/demoweb.info\/sexshop001\/producto\/fetish-fantasy-columpio-vueltas-fantasy-negro\/\" \/>\n<meta property=\"og:site_name\" content=\"Tienda Er\u00f3tica\" \/>\n<meta property=\"article:modified_time\" content=\"2022-01-22T11:14:49+00:00\" \/>\n<meta property=\"og:image\" content=\"https:\/\/demoweb.info\/sexshop001\/wp-content\/uploads\/2022\/01\/FETISH-FANTASY-COLUMPIO-VUELTAS-FANTASY-NEGRO.jpg\" \/>\n\t<meta property=\"og:image:width\" content=\"550\" \/>\n\t<meta property=\"og:image:height\" content=\"550\" \/>\n\t<meta property=\"og:image:type\" content=\"image\/jpeg\" \/>\n<meta name=\"twitter:card\" content=\"summary_large_image\" \/>\n<meta name=\"twitter:label1\" content=\"Tiempo de lectura\" \/>\n\t<meta name=\"twitter:data1\" content=\"1 minuto\" \/>\n<script type=\"application\/ld+json\" class=\"yoast-schema-graph\">{\"@context\":\"https:\/\/schema.org\",\"@graph\":[{\"@type\":\"WebPage\",\"@id\":\"https:\/\/demoweb.info\/sexshop001\/producto\/fetish-fantasy-columpio-vueltas-fantasy-negro\/\",\"url\":\"https:\/\/demoweb.info\/sexshop001\/producto\/fetish-fantasy-columpio-vueltas-fantasy-negro\/\",\"name\":\"FETISH FANTASY COLUMPIO VUELTAS FANTASY NEGRO - Tienda Er\u00f3tica\",\"isPartOf\":{\"@id\":\"https:\/\/demoweb.info\/sexshop001\/#website\"},\"datePublished\":\"2022-01-22T11:14:45+00:00\",\"dateModified\":\"2022-01-22T11:14:49+00:00\",\"breadcrumb\":{\"@id\":\"https:\/\/demoweb.info\/sexshop001\/producto\/fetish-fantasy-columpio-vueltas-fantasy-negro\/#breadcrumb\"},\"inLanguage\":\"es\",\"potentialAction\":[{\"@type\":\"ReadAction\",\"target\":[\"https:\/\/demoweb.info\/sexshop001\/producto\/fetish-fantasy-columpio-vueltas-fantasy-negro\/\"]}]},{\"@type\":\"BreadcrumbList\",\"@id\":\"https:\/\/demoweb.info\/sexshop001\/producto\/fetish-fantasy-columpio-vueltas-fantasy-negro\/#breadcrumb\",\"itemListElement\":[{\"@type\":\"ListItem\",\"position\":1,\"name\":\"Portada\",\"item\":\"https:\/\/demoweb.info\/sexshop001\/\"},{\"@type\":\"ListItem\",\"position\":2,\"name\":\"Tienda\",\"item\":\"https:\/\/demoweb.info\/sexshop001\/tienda\/\"},{\"@type\":\"ListItem\",\"position\":3,\"name\":\"FETISH FANTASY COLUMPIO VUELTAS FANTASY NEGRO\"}]},{\"@type\":\"WebSite\",\"@id\":\"https:\/\/demoweb.info\/sexshop001\/#website\",\"url\":\"https:\/\/demoweb.info\/sexshop001\/\",\"name\":\"Tienda Er\u00f3tica\",\"description\":\"DEMOWEB SL\",\"potentialAction\":[{\"@type\":\"SearchAction\",\"target\":{\"@type\":\"EntryPoint\",\"urlTemplate\":\"https:\/\/demoweb.info\/sexshop001\/?s={search_term_string}\"},\"query-input\":\"required name=search_term_string\"}],\"inLanguage\":\"es\"}]}<\/script>\n<!-- \/ Yoast SEO plugin. -->","yoast_head_json":{"title":"FETISH FANTASY COLUMPIO VUELTAS FANTASY NEGRO - Tienda Er\u00f3tica","robots":{"index":"noindex","follow":"follow","max-snippet":"max-snippet:-1","max-image-preview":"max-image-preview:large","max-video-preview":"max-video-preview:-1"},"og_locale":"es_ES","og_type":"article","og_title":"FETISH FANTASY COLUMPIO VUELTAS FANTASY NEGRO - Tienda Er\u00f3tica","og_description":"FETISH FANTASY SPINING FANTASY SWING BLACK es un columpio completamente ajustable, extra ancho, con soporte para los pies para el","og_url":"https:\/\/demoweb.info\/sexshop001\/producto\/fetish-fantasy-columpio-vueltas-fantasy-negro\/","og_site_name":"Tienda Er\u00f3tica","article_modified_time":"2022-01-22T11:14:49+00:00","og_image":[{"width":550,"height":550,"url":"https:\/\/demoweb.info\/sexshop001\/wp-content\/uploads\/2022\/01\/FETISH-FANTASY-COLUMPIO-VUELTAS-FANTASY-NEGRO.jpg","type":"image\/jpeg"}],"twitter_card":"summary_large_image","twitter_misc":{"Tiempo de lectura":"1 minuto"},"schema":{"@context":"https:\/\/schema.org","@graph":[{"@type":"WebPage","@id":"https:\/\/demoweb.info\/sexshop001\/producto\/fetish-fantasy-columpio-vueltas-fantasy-negro\/","url":"https:\/\/demoweb.info\/sexshop001\/producto\/fetish-fantasy-columpio-vueltas-fantasy-negro\/","name":"FETISH FANTASY COLUMPIO VUELTAS FANTASY NEGRO - Tienda Er\u00f3tica","isPartOf":{"@id":"https:\/\/demoweb.info\/sexshop001\/#website"},"datePublished":"2022-01-22T11:14:45+00:00","dateModified":"2022-01-22T11:14:49+00:00","breadcrumb":{"@id":"https:\/\/demoweb.info\/sexshop001\/producto\/fetish-fantasy-columpio-vueltas-fantasy-negro\/#breadcrumb"},"inLanguage":"es","potentialAction":[{"@type":"ReadAction","target":["https:\/\/demoweb.info\/sexshop001\/producto\/fetish-fantasy-columpio-vueltas-fantasy-negro\/"]}]},{"@type":"BreadcrumbList","@id":"https:\/\/demoweb.info\/sexshop001\/producto\/fetish-fantasy-columpio-vueltas-fantasy-negro\/#breadcrumb","itemListElement":[{"@type":"ListItem","position":1,"name":"Portada","item":"https:\/\/demoweb.info\/sexshop001\/"},{"@type":"ListItem","position":2,"name":"Tienda","item":"https:\/\/demoweb.info\/sexshop001\/tienda\/"},{"@type":"ListItem","position":3,"name":"FETISH FANTASY COLUMPIO VUELTAS FANTASY NEGRO"}]},{"@type":"WebSite","@id":"https:\/\/demoweb.info\/sexshop001\/#website","url":"https:\/\/demoweb.info\/sexshop001\/","name":"Tienda Er\u00f3tica","description":"DEMOWEB SL","potentialAction":[{"@type":"SearchAction","target":{"@type":"EntryPoint","urlTemplate":"https:\/\/demoweb.info\/sexshop001\/?s={search_term_string}"},"query-input":"required name=search_term_string"}],"inLanguage":"es"}]}},"_links":{"self":[{"href":"https:\/\/demoweb.info\/sexshop001\/wp-json\/wp\/v3\/product\/27656","targetHints":{"allow":["GET"]}}],"collection":[{"href":"https:\/\/demoweb.info\/sexshop001\/wp-json\/wp\/v3\/product"}],"about":[{"href":"https:\/\/demoweb.info\/sexshop001\/wp-json\/wp\/v2\/types\/product"}],"replies":[{"embeddable":true,"href":"https:\/\/demoweb.info\/sexshop001\/wp-json\/wp\/v2\/comments?post=27656"}],"wp:featuredmedia":[{"embeddable":true,"href":"https:\/\/demoweb.info\/sexshop001\/wp-json\/wp\/v2\/media\/27657"}],"wp:attachment":[{"href":"https:\/\/demoweb.info\/sexshop001\/wp-json\/wp\/v2\/media?parent=27656"}],"wp:term":[{"taxonomy":"product_cat","embeddable":true,"href":"https:\/\/demoweb.info\/sexshop001\/wp-json\/wp\/v2\/product_cat?post=27656"},{"taxonomy":"product_tag","embeddable":true,"href":"https:\/\/demoweb.info\/sexshop001\/wp-json\/wp\/v2\/product_tag?post=27656"}],"curies":[{"name":"wp","href":"https:\/\/api.w.org\/{rel}","templated":true}]}}