{"id":27590,"date":"2022-01-22T12:14:07","date_gmt":"2022-01-22T11:14:07","guid":{"rendered":"https:\/\/demoweb.info\/sexshop001\/producto\/lelo-tiani-2-masajeador-rosa-intenso\/"},"modified":"2022-01-22T12:14:15","modified_gmt":"2022-01-22T11:14:15","slug":"lelo-tiani-2-masajeador-rosa-intenso","status":"publish","type":"product","link":"https:\/\/demoweb.info\/sexshop001\/producto\/lelo-tiani-2-masajeador-rosa-intenso\/","title":{"rendered":"LELO TIANI 2 MASAJEADOR ROSA INTENSO"},"content":{"rendered":"<p><strong>LELO TIANI 2 REMOTE MASSAGER DEEP ROSE<\/strong><\/p>\n<p><strong>El masajeador de forma ovalada m\u00e1s avanzado del mundo con mando a distancia. <\/strong><\/p>\n<p><strong>Tiani 2<\/strong> es el m\u00e1s adelantado masajeador de forma ovalada del mundo actual, se puede utilizar tanto externa como internamente, y permite disfrutar de una gran variedad de apasionantes sensaciones.<\/p>\n<p>Presentando por primera vez la tecnolog\u00eda <strong>SenseMotion <\/strong> de<strong> LELO<\/strong> y un mando a distancia con un alcance de hasta 12 metros, los intensos modos de vibraci\u00f3n son f\u00e1cilmente controlados con una simple inclinaci\u00f3n del mando. Al mismo tiempo, un discreto motor dentro del mando a distancia replicar\u00e1 las vibraciones de <strong>Tiani 2<\/strong> permitiendo sentir en la mano las vibraciones que su pareja est\u00e1 experimentando.<\/p>\n<p>Asombrosamente silencioso, 100% sumergible y recargable, y dise\u00f1ado con una suave y delicada silicona, <strong>Tiani<\/strong> ofrece una amplia gama de posibilidades en los juegos de pareja.<\/p>\n<p>La nueva edici\u00f3n incluye unas mejoras realmente interesantes como:<br \/>\n&#8211; Incorpora un accesorio para la parte interna que lo amplia en tama\u00f1o y sensaci\u00f3n, para una mejor estimulaci\u00f3n del Punto-G.<br \/>\n&#8211; 50% m\u00e1s de potencia, con menos ruido.<br \/>\n&#8211; Ampliaci\u00f3n del rango de vibraci\u00f3n del mando a distancia (x3).<br \/>\n&#8211; Chip de memoria inteligente para evitar interrupciones en la vibraci\u00f3n ocasionadas por interferencias del entorno.<br \/>\n&#8211; Posibilidad de controlar los patrones de vibraci\u00f3n con o sin el mando, desde el propio juguete.<\/p>\n<p>Contenido:<\/p>\n<p>&#8211; Objeto de Placer <strong>Tiani 2<\/strong>.<br \/>\n&#8211; Mando a distancia.<br \/>\n&#8211; Cargador.<br \/>\n&#8211; 2 pilas AAA.<br \/>\n&#8211; Broche Insignia.<br \/>\n&#8211; Bolsita de sat\u00e9n.<br \/>\n&#8211; Garant\u00eda LELO de 1 a\u00f1o.<\/p>\n","protected":false},"excerpt":{"rendered":"<p>LELO TIANI 2 REMOTE MASSAGER DEEP ROSE El masajeador de forma ovalada m\u00e1s avanzado del mundo con mando a distancia.<\/p>\n","protected":false},"featured_media":27591,"comment_status":"open","ping_status":"open","template":"","meta":[],"product_cat":[315],"product_tag":[406],"class_list":["post-27590","product","type-product","status-publish","has-post-thumbnail","hentry","product_cat-silicona-vibradores-juguetes-xxx","product_tag-lelo"],"bundled_by":[],"bundle_stock_status":"outofstock","bundle_stock_quantity":0,"bundle_virtual":false,"bundle_layout":"","bundle_add_to_cart_form_location":"","bundle_editable_in_cart":false,"bundle_sold_individually_context":"","bundle_item_grouping":"","bundle_min_size":"","bundle_max_size":"","bundled_items":[],"yoast_head":"<!-- This site is optimized with the Yoast SEO plugin v20.6 - https:\/\/yoast.com\/wordpress\/plugins\/seo\/ -->\n<title>LELO TIANI 2 MASAJEADOR ROSA INTENSO - Tienda Er\u00f3tica<\/title>\n<meta name=\"robots\" content=\"noindex, follow, max-snippet:-1, max-image-preview:large, max-video-preview:-1\" \/>\n<meta property=\"og:locale\" content=\"es_ES\" \/>\n<meta property=\"og:type\" content=\"article\" \/>\n<meta property=\"og:title\" content=\"LELO TIANI 2 MASAJEADOR ROSA INTENSO - Tienda Er\u00f3tica\" \/>\n<meta property=\"og:description\" content=\"LELO TIANI 2 REMOTE MASSAGER DEEP ROSE El masajeador de forma ovalada m\u00e1s avanzado del mundo con mando a distancia.\" \/>\n<meta property=\"og:url\" content=\"https:\/\/demoweb.info\/sexshop001\/producto\/lelo-tiani-2-masajeador-rosa-intenso\/\" \/>\n<meta property=\"og:site_name\" content=\"Tienda Er\u00f3tica\" \/>\n<meta property=\"article:modified_time\" content=\"2022-01-22T11:14:15+00:00\" \/>\n<meta property=\"og:image\" content=\"https:\/\/demoweb.info\/sexshop001\/wp-content\/uploads\/2022\/01\/LELO-TIANI-2-MASAJEADOR-ROSA-INTENSO.jpg\" \/>\n\t<meta property=\"og:image:width\" content=\"550\" \/>\n\t<meta property=\"og:image:height\" content=\"550\" \/>\n\t<meta property=\"og:image:type\" content=\"image\/jpeg\" \/>\n<meta name=\"twitter:card\" content=\"summary_large_image\" \/>\n<meta name=\"twitter:label1\" content=\"Tiempo de lectura\" \/>\n\t<meta name=\"twitter:data1\" content=\"1 minuto\" \/>\n<script type=\"application\/ld+json\" class=\"yoast-schema-graph\">{\"@context\":\"https:\/\/schema.org\",\"@graph\":[{\"@type\":\"WebPage\",\"@id\":\"https:\/\/demoweb.info\/sexshop001\/producto\/lelo-tiani-2-masajeador-rosa-intenso\/\",\"url\":\"https:\/\/demoweb.info\/sexshop001\/producto\/lelo-tiani-2-masajeador-rosa-intenso\/\",\"name\":\"LELO TIANI 2 MASAJEADOR ROSA INTENSO - Tienda Er\u00f3tica\",\"isPartOf\":{\"@id\":\"https:\/\/demoweb.info\/sexshop001\/#website\"},\"datePublished\":\"2022-01-22T11:14:07+00:00\",\"dateModified\":\"2022-01-22T11:14:15+00:00\",\"breadcrumb\":{\"@id\":\"https:\/\/demoweb.info\/sexshop001\/producto\/lelo-tiani-2-masajeador-rosa-intenso\/#breadcrumb\"},\"inLanguage\":\"es\",\"potentialAction\":[{\"@type\":\"ReadAction\",\"target\":[\"https:\/\/demoweb.info\/sexshop001\/producto\/lelo-tiani-2-masajeador-rosa-intenso\/\"]}]},{\"@type\":\"BreadcrumbList\",\"@id\":\"https:\/\/demoweb.info\/sexshop001\/producto\/lelo-tiani-2-masajeador-rosa-intenso\/#breadcrumb\",\"itemListElement\":[{\"@type\":\"ListItem\",\"position\":1,\"name\":\"Portada\",\"item\":\"https:\/\/demoweb.info\/sexshop001\/\"},{\"@type\":\"ListItem\",\"position\":2,\"name\":\"Tienda\",\"item\":\"https:\/\/demoweb.info\/sexshop001\/tienda\/\"},{\"@type\":\"ListItem\",\"position\":3,\"name\":\"LELO TIANI 2 MASAJEADOR ROSA INTENSO\"}]},{\"@type\":\"WebSite\",\"@id\":\"https:\/\/demoweb.info\/sexshop001\/#website\",\"url\":\"https:\/\/demoweb.info\/sexshop001\/\",\"name\":\"Tienda Er\u00f3tica\",\"description\":\"DEMOWEB SL\",\"potentialAction\":[{\"@type\":\"SearchAction\",\"target\":{\"@type\":\"EntryPoint\",\"urlTemplate\":\"https:\/\/demoweb.info\/sexshop001\/?s={search_term_string}\"},\"query-input\":\"required name=search_term_string\"}],\"inLanguage\":\"es\"}]}<\/script>\n<!-- \/ Yoast SEO plugin. -->","yoast_head_json":{"title":"LELO TIANI 2 MASAJEADOR ROSA INTENSO - Tienda Er\u00f3tica","robots":{"index":"noindex","follow":"follow","max-snippet":"max-snippet:-1","max-image-preview":"max-image-preview:large","max-video-preview":"max-video-preview:-1"},"og_locale":"es_ES","og_type":"article","og_title":"LELO TIANI 2 MASAJEADOR ROSA INTENSO - Tienda Er\u00f3tica","og_description":"LELO TIANI 2 REMOTE MASSAGER DEEP ROSE El masajeador de forma ovalada m\u00e1s avanzado del mundo con mando a distancia.","og_url":"https:\/\/demoweb.info\/sexshop001\/producto\/lelo-tiani-2-masajeador-rosa-intenso\/","og_site_name":"Tienda Er\u00f3tica","article_modified_time":"2022-01-22T11:14:15+00:00","og_image":[{"width":550,"height":550,"url":"https:\/\/demoweb.info\/sexshop001\/wp-content\/uploads\/2022\/01\/LELO-TIANI-2-MASAJEADOR-ROSA-INTENSO.jpg","type":"image\/jpeg"}],"twitter_card":"summary_large_image","twitter_misc":{"Tiempo de lectura":"1 minuto"},"schema":{"@context":"https:\/\/schema.org","@graph":[{"@type":"WebPage","@id":"https:\/\/demoweb.info\/sexshop001\/producto\/lelo-tiani-2-masajeador-rosa-intenso\/","url":"https:\/\/demoweb.info\/sexshop001\/producto\/lelo-tiani-2-masajeador-rosa-intenso\/","name":"LELO TIANI 2 MASAJEADOR ROSA INTENSO - Tienda Er\u00f3tica","isPartOf":{"@id":"https:\/\/demoweb.info\/sexshop001\/#website"},"datePublished":"2022-01-22T11:14:07+00:00","dateModified":"2022-01-22T11:14:15+00:00","breadcrumb":{"@id":"https:\/\/demoweb.info\/sexshop001\/producto\/lelo-tiani-2-masajeador-rosa-intenso\/#breadcrumb"},"inLanguage":"es","potentialAction":[{"@type":"ReadAction","target":["https:\/\/demoweb.info\/sexshop001\/producto\/lelo-tiani-2-masajeador-rosa-intenso\/"]}]},{"@type":"BreadcrumbList","@id":"https:\/\/demoweb.info\/sexshop001\/producto\/lelo-tiani-2-masajeador-rosa-intenso\/#breadcrumb","itemListElement":[{"@type":"ListItem","position":1,"name":"Portada","item":"https:\/\/demoweb.info\/sexshop001\/"},{"@type":"ListItem","position":2,"name":"Tienda","item":"https:\/\/demoweb.info\/sexshop001\/tienda\/"},{"@type":"ListItem","position":3,"name":"LELO TIANI 2 MASAJEADOR ROSA INTENSO"}]},{"@type":"WebSite","@id":"https:\/\/demoweb.info\/sexshop001\/#website","url":"https:\/\/demoweb.info\/sexshop001\/","name":"Tienda Er\u00f3tica","description":"DEMOWEB SL","potentialAction":[{"@type":"SearchAction","target":{"@type":"EntryPoint","urlTemplate":"https:\/\/demoweb.info\/sexshop001\/?s={search_term_string}"},"query-input":"required name=search_term_string"}],"inLanguage":"es"}]}},"_links":{"self":[{"href":"https:\/\/demoweb.info\/sexshop001\/wp-json\/wp\/v3\/product\/27590","targetHints":{"allow":["GET"]}}],"collection":[{"href":"https:\/\/demoweb.info\/sexshop001\/wp-json\/wp\/v3\/product"}],"about":[{"href":"https:\/\/demoweb.info\/sexshop001\/wp-json\/wp\/v2\/types\/product"}],"replies":[{"embeddable":true,"href":"https:\/\/demoweb.info\/sexshop001\/wp-json\/wp\/v2\/comments?post=27590"}],"wp:featuredmedia":[{"embeddable":true,"href":"https:\/\/demoweb.info\/sexshop001\/wp-json\/wp\/v2\/media\/27591"}],"wp:attachment":[{"href":"https:\/\/demoweb.info\/sexshop001\/wp-json\/wp\/v2\/media?parent=27590"}],"wp:term":[{"taxonomy":"product_cat","embeddable":true,"href":"https:\/\/demoweb.info\/sexshop001\/wp-json\/wp\/v2\/product_cat?post=27590"},{"taxonomy":"product_tag","embeddable":true,"href":"https:\/\/demoweb.info\/sexshop001\/wp-json\/wp\/v2\/product_tag?post=27590"}],"curies":[{"name":"wp","href":"https:\/\/api.w.org\/{rel}","templated":true}]}}