{"id":27583,"date":"2022-01-22T12:14:07","date_gmt":"2022-01-22T11:14:07","guid":{"rendered":"https:\/\/demoweb.info\/sexshop001\/producto\/pherofem-perfume-de-feromonas-femenino-15-ml\/"},"modified":"2022-01-22T12:14:12","modified_gmt":"2022-01-22T11:14:12","slug":"pherofem-perfume-de-feromonas-femenino-15-ml","status":"publish","type":"product","link":"https:\/\/demoweb.info\/sexshop001\/producto\/pherofem-perfume-de-feromonas-femenino-15-ml\/","title":{"rendered":"PHEROFEM PERFUME DE FEROMONAS FEMENINO 15 ML"},"content":{"rendered":"<p><strong>PHEROFEM EAU DE PARFUM WOMEN 15 ML<\/strong>, para seducir.<\/p>\n<p>Agua de perfume de feromonas para mujer de fragancia suave con toques c\u00edtricos con flores, vainilla, es muy fresco y mediterr\u00e1neo, este sutil perfume es una estupenda estrategia de seducci\u00f3n que atrae al sexo masculino, este perfume de feromonas es ideal utilizarlo para conseguir un mayor nivel de atracci\u00f3n y aumentar el n\u00famero de conquistas. El perfume de feromonas lo puede utilizar como una herramienta de seducci\u00f3n, bien sea para conquistar el sexo masculino y tener un mayor n\u00famero de relaciones sexuales o bien para atraer su atenci\u00f3n.<\/p>\n<p>Enriquecido con una concentraci\u00f3n muy elevada de feromonas.<\/p>\n<p>\u00a1Solo unas gotas y los hombres son m\u00e1gicamente atra\u00eddos!.<\/p>\n<p>Frasco 15 ml.<\/p>\n","protected":false},"excerpt":{"rendered":"<p>PHEROFEM EAU DE PARFUM WOMEN 15 ML, para seducir. Agua de perfume de feromonas para mujer de fragancia suave con<\/p>\n","protected":false},"featured_media":27584,"comment_status":"open","ping_status":"open","template":"","meta":[],"product_cat":[420],"product_tag":[409],"class_list":["post-27583","product","type-product","status-publish","has-post-thumbnail","hentry","product_cat-perfumes","product_tag-cobeco-pharma"],"bundled_by":[],"bundle_stock_status":"instock","bundle_stock_quantity":16,"bundle_virtual":false,"bundle_layout":"","bundle_add_to_cart_form_location":"","bundle_editable_in_cart":false,"bundle_sold_individually_context":"","bundle_item_grouping":"","bundle_min_size":"","bundle_max_size":"","bundled_items":[],"yoast_head":"<!-- This site is optimized with the Yoast SEO plugin v20.6 - https:\/\/yoast.com\/wordpress\/plugins\/seo\/ -->\n<title>PHEROFEM PERFUME DE FEROMONAS FEMENINO 15 ML - Tienda Er\u00f3tica<\/title>\n<meta name=\"robots\" content=\"noindex, follow, max-snippet:-1, max-image-preview:large, max-video-preview:-1\" \/>\n<meta property=\"og:locale\" content=\"es_ES\" \/>\n<meta property=\"og:type\" content=\"article\" \/>\n<meta property=\"og:title\" content=\"PHEROFEM PERFUME DE FEROMONAS FEMENINO 15 ML - Tienda Er\u00f3tica\" \/>\n<meta property=\"og:description\" content=\"PHEROFEM EAU DE PARFUM WOMEN 15 ML, para seducir. Agua de perfume de feromonas para mujer de fragancia suave con\" \/>\n<meta property=\"og:url\" content=\"https:\/\/demoweb.info\/sexshop001\/producto\/pherofem-perfume-de-feromonas-femenino-15-ml\/\" \/>\n<meta property=\"og:site_name\" content=\"Tienda Er\u00f3tica\" \/>\n<meta property=\"article:modified_time\" content=\"2022-01-22T11:14:12+00:00\" \/>\n<meta property=\"og:image\" content=\"https:\/\/demoweb.info\/sexshop001\/wp-content\/uploads\/2022\/01\/PHEROFEM-PERFUME-DE-FEROMONAS-FEMENINO-15-ML.jpg\" \/>\n\t<meta property=\"og:image:width\" content=\"550\" \/>\n\t<meta property=\"og:image:height\" content=\"550\" \/>\n\t<meta property=\"og:image:type\" content=\"image\/jpeg\" \/>\n<meta name=\"twitter:card\" content=\"summary_large_image\" \/>\n<meta name=\"twitter:label1\" content=\"Tiempo de lectura\" \/>\n\t<meta name=\"twitter:data1\" content=\"1 minuto\" \/>\n<script type=\"application\/ld+json\" class=\"yoast-schema-graph\">{\"@context\":\"https:\/\/schema.org\",\"@graph\":[{\"@type\":\"WebPage\",\"@id\":\"https:\/\/demoweb.info\/sexshop001\/producto\/pherofem-perfume-de-feromonas-femenino-15-ml\/\",\"url\":\"https:\/\/demoweb.info\/sexshop001\/producto\/pherofem-perfume-de-feromonas-femenino-15-ml\/\",\"name\":\"PHEROFEM PERFUME DE FEROMONAS FEMENINO 15 ML - Tienda Er\u00f3tica\",\"isPartOf\":{\"@id\":\"https:\/\/demoweb.info\/sexshop001\/#website\"},\"datePublished\":\"2022-01-22T11:14:07+00:00\",\"dateModified\":\"2022-01-22T11:14:12+00:00\",\"breadcrumb\":{\"@id\":\"https:\/\/demoweb.info\/sexshop001\/producto\/pherofem-perfume-de-feromonas-femenino-15-ml\/#breadcrumb\"},\"inLanguage\":\"es\",\"potentialAction\":[{\"@type\":\"ReadAction\",\"target\":[\"https:\/\/demoweb.info\/sexshop001\/producto\/pherofem-perfume-de-feromonas-femenino-15-ml\/\"]}]},{\"@type\":\"BreadcrumbList\",\"@id\":\"https:\/\/demoweb.info\/sexshop001\/producto\/pherofem-perfume-de-feromonas-femenino-15-ml\/#breadcrumb\",\"itemListElement\":[{\"@type\":\"ListItem\",\"position\":1,\"name\":\"Portada\",\"item\":\"https:\/\/demoweb.info\/sexshop001\/\"},{\"@type\":\"ListItem\",\"position\":2,\"name\":\"Tienda\",\"item\":\"https:\/\/demoweb.info\/sexshop001\/tienda\/\"},{\"@type\":\"ListItem\",\"position\":3,\"name\":\"PHEROFEM PERFUME DE FEROMONAS FEMENINO 15 ML\"}]},{\"@type\":\"WebSite\",\"@id\":\"https:\/\/demoweb.info\/sexshop001\/#website\",\"url\":\"https:\/\/demoweb.info\/sexshop001\/\",\"name\":\"Tienda Er\u00f3tica\",\"description\":\"DEMOWEB SL\",\"potentialAction\":[{\"@type\":\"SearchAction\",\"target\":{\"@type\":\"EntryPoint\",\"urlTemplate\":\"https:\/\/demoweb.info\/sexshop001\/?s={search_term_string}\"},\"query-input\":\"required name=search_term_string\"}],\"inLanguage\":\"es\"}]}<\/script>\n<!-- \/ Yoast SEO plugin. -->","yoast_head_json":{"title":"PHEROFEM PERFUME DE FEROMONAS FEMENINO 15 ML - Tienda Er\u00f3tica","robots":{"index":"noindex","follow":"follow","max-snippet":"max-snippet:-1","max-image-preview":"max-image-preview:large","max-video-preview":"max-video-preview:-1"},"og_locale":"es_ES","og_type":"article","og_title":"PHEROFEM PERFUME DE FEROMONAS FEMENINO 15 ML - Tienda Er\u00f3tica","og_description":"PHEROFEM EAU DE PARFUM WOMEN 15 ML, para seducir. Agua de perfume de feromonas para mujer de fragancia suave con","og_url":"https:\/\/demoweb.info\/sexshop001\/producto\/pherofem-perfume-de-feromonas-femenino-15-ml\/","og_site_name":"Tienda Er\u00f3tica","article_modified_time":"2022-01-22T11:14:12+00:00","og_image":[{"width":550,"height":550,"url":"https:\/\/demoweb.info\/sexshop001\/wp-content\/uploads\/2022\/01\/PHEROFEM-PERFUME-DE-FEROMONAS-FEMENINO-15-ML.jpg","type":"image\/jpeg"}],"twitter_card":"summary_large_image","twitter_misc":{"Tiempo de lectura":"1 minuto"},"schema":{"@context":"https:\/\/schema.org","@graph":[{"@type":"WebPage","@id":"https:\/\/demoweb.info\/sexshop001\/producto\/pherofem-perfume-de-feromonas-femenino-15-ml\/","url":"https:\/\/demoweb.info\/sexshop001\/producto\/pherofem-perfume-de-feromonas-femenino-15-ml\/","name":"PHEROFEM PERFUME DE FEROMONAS FEMENINO 15 ML - Tienda Er\u00f3tica","isPartOf":{"@id":"https:\/\/demoweb.info\/sexshop001\/#website"},"datePublished":"2022-01-22T11:14:07+00:00","dateModified":"2022-01-22T11:14:12+00:00","breadcrumb":{"@id":"https:\/\/demoweb.info\/sexshop001\/producto\/pherofem-perfume-de-feromonas-femenino-15-ml\/#breadcrumb"},"inLanguage":"es","potentialAction":[{"@type":"ReadAction","target":["https:\/\/demoweb.info\/sexshop001\/producto\/pherofem-perfume-de-feromonas-femenino-15-ml\/"]}]},{"@type":"BreadcrumbList","@id":"https:\/\/demoweb.info\/sexshop001\/producto\/pherofem-perfume-de-feromonas-femenino-15-ml\/#breadcrumb","itemListElement":[{"@type":"ListItem","position":1,"name":"Portada","item":"https:\/\/demoweb.info\/sexshop001\/"},{"@type":"ListItem","position":2,"name":"Tienda","item":"https:\/\/demoweb.info\/sexshop001\/tienda\/"},{"@type":"ListItem","position":3,"name":"PHEROFEM PERFUME DE FEROMONAS FEMENINO 15 ML"}]},{"@type":"WebSite","@id":"https:\/\/demoweb.info\/sexshop001\/#website","url":"https:\/\/demoweb.info\/sexshop001\/","name":"Tienda Er\u00f3tica","description":"DEMOWEB SL","potentialAction":[{"@type":"SearchAction","target":{"@type":"EntryPoint","urlTemplate":"https:\/\/demoweb.info\/sexshop001\/?s={search_term_string}"},"query-input":"required name=search_term_string"}],"inLanguage":"es"}]}},"_links":{"self":[{"href":"https:\/\/demoweb.info\/sexshop001\/wp-json\/wp\/v3\/product\/27583","targetHints":{"allow":["GET"]}}],"collection":[{"href":"https:\/\/demoweb.info\/sexshop001\/wp-json\/wp\/v3\/product"}],"about":[{"href":"https:\/\/demoweb.info\/sexshop001\/wp-json\/wp\/v2\/types\/product"}],"replies":[{"embeddable":true,"href":"https:\/\/demoweb.info\/sexshop001\/wp-json\/wp\/v2\/comments?post=27583"}],"wp:featuredmedia":[{"embeddable":true,"href":"https:\/\/demoweb.info\/sexshop001\/wp-json\/wp\/v2\/media\/27584"}],"wp:attachment":[{"href":"https:\/\/demoweb.info\/sexshop001\/wp-json\/wp\/v2\/media?parent=27583"}],"wp:term":[{"taxonomy":"product_cat","embeddable":true,"href":"https:\/\/demoweb.info\/sexshop001\/wp-json\/wp\/v2\/product_cat?post=27583"},{"taxonomy":"product_tag","embeddable":true,"href":"https:\/\/demoweb.info\/sexshop001\/wp-json\/wp\/v2\/product_tag?post=27583"}],"curies":[{"name":"wp","href":"https:\/\/api.w.org\/{rel}","templated":true}]}}