{"id":27574,"date":"2022-01-22T12:14:07","date_gmt":"2022-01-22T11:14:07","guid":{"rendered":"https:\/\/demoweb.info\/sexshop001\/producto\/4play-set-de-juegos\/"},"modified":"2022-01-22T12:14:08","modified_gmt":"2022-01-22T11:14:08","slug":"4play-set-de-juegos","status":"publish","type":"product","link":"https:\/\/demoweb.info\/sexshop001\/producto\/4play-set-de-juegos\/","title":{"rendered":"4PLAY SET DE JUEGOS"},"content":{"rendered":"<p><strong>4PLAY SET OF GAMES<\/strong>.<\/p>\n<p>Un set de cuatro juegos de placer para la pareja. Est\u00e1 compuesto por:<br \/>\n&#8211; 4Play Dice: Un juego de dados que determinar\u00e1 que acci\u00f3n debes realizar y en qu\u00e9 lugar.<br \/>\n&#8211; Wheel of 4Play: Una ruleta que te indicar\u00e1 la postura sexual a llevar a cabo con tu amante.<br \/>\n&#8211; 4Play Fortune: Unas cartas con indicaciones y acciones con m\u00e1s de 1000 fantas\u00edas sexuales.<br \/>\n&#8211; 4Play Trivia: El cl\u00e1sico trivial reconvertido al lado er\u00f3tico. Te permitir\u00e1 conocer m\u00e1s profundamente a tu pareja sobre que le parece divertido, rom\u00e1ntico, er\u00f3tico, etc.<\/p>\n<p>Incluye instrucciones en espa\u00f1ol, ingl\u00e9s, franc\u00e9s y alem\u00e1n.<\/p>\n","protected":false},"excerpt":{"rendered":"<p>4PLAY SET OF GAMES. Un set de cuatro juegos de placer para la pareja. Est\u00e1 compuesto por: &#8211; 4Play Dice:<\/p>\n","protected":false},"featured_media":27575,"comment_status":"open","ping_status":"open","template":"","meta":[],"product_cat":[367],"product_tag":[383],"class_list":["post-27574","product","type-product","status-publish","has-post-thumbnail","hentry","product_cat-juegos-pareja","product_tag-kheper-games"],"bundled_by":[],"bundle_stock_status":"instock","bundle_stock_quantity":3,"bundle_virtual":false,"bundle_layout":"","bundle_add_to_cart_form_location":"","bundle_editable_in_cart":false,"bundle_sold_individually_context":"","bundle_item_grouping":"","bundle_min_size":"","bundle_max_size":"","bundled_items":[],"yoast_head":"<!-- This site is optimized with the Yoast SEO plugin v20.6 - https:\/\/yoast.com\/wordpress\/plugins\/seo\/ -->\n<title>4PLAY SET DE JUEGOS - Tienda Er\u00f3tica<\/title>\n<meta name=\"robots\" content=\"noindex, follow, max-snippet:-1, max-image-preview:large, max-video-preview:-1\" \/>\n<meta property=\"og:locale\" content=\"es_ES\" \/>\n<meta property=\"og:type\" content=\"article\" \/>\n<meta property=\"og:title\" content=\"4PLAY SET DE JUEGOS - Tienda Er\u00f3tica\" \/>\n<meta property=\"og:description\" content=\"4PLAY SET OF GAMES. Un set de cuatro juegos de placer para la pareja. Est\u00e1 compuesto por: &#8211; 4Play Dice:\" \/>\n<meta property=\"og:url\" content=\"https:\/\/demoweb.info\/sexshop001\/producto\/4play-set-de-juegos\/\" \/>\n<meta property=\"og:site_name\" content=\"Tienda Er\u00f3tica\" \/>\n<meta property=\"article:modified_time\" content=\"2022-01-22T11:14:08+00:00\" \/>\n<meta property=\"og:image\" content=\"https:\/\/demoweb.info\/sexshop001\/wp-content\/uploads\/2022\/01\/4PLAY-SET-DE-JUEGOS.jpg\" \/>\n\t<meta property=\"og:image:width\" content=\"550\" \/>\n\t<meta property=\"og:image:height\" content=\"550\" \/>\n\t<meta property=\"og:image:type\" content=\"image\/jpeg\" \/>\n<meta name=\"twitter:card\" content=\"summary_large_image\" \/>\n<meta name=\"twitter:label1\" content=\"Tiempo de lectura\" \/>\n\t<meta name=\"twitter:data1\" content=\"1 minuto\" \/>\n<script type=\"application\/ld+json\" class=\"yoast-schema-graph\">{\"@context\":\"https:\/\/schema.org\",\"@graph\":[{\"@type\":\"WebPage\",\"@id\":\"https:\/\/demoweb.info\/sexshop001\/producto\/4play-set-de-juegos\/\",\"url\":\"https:\/\/demoweb.info\/sexshop001\/producto\/4play-set-de-juegos\/\",\"name\":\"4PLAY SET DE JUEGOS - Tienda Er\u00f3tica\",\"isPartOf\":{\"@id\":\"https:\/\/demoweb.info\/sexshop001\/#website\"},\"datePublished\":\"2022-01-22T11:14:07+00:00\",\"dateModified\":\"2022-01-22T11:14:08+00:00\",\"breadcrumb\":{\"@id\":\"https:\/\/demoweb.info\/sexshop001\/producto\/4play-set-de-juegos\/#breadcrumb\"},\"inLanguage\":\"es\",\"potentialAction\":[{\"@type\":\"ReadAction\",\"target\":[\"https:\/\/demoweb.info\/sexshop001\/producto\/4play-set-de-juegos\/\"]}]},{\"@type\":\"BreadcrumbList\",\"@id\":\"https:\/\/demoweb.info\/sexshop001\/producto\/4play-set-de-juegos\/#breadcrumb\",\"itemListElement\":[{\"@type\":\"ListItem\",\"position\":1,\"name\":\"Portada\",\"item\":\"https:\/\/demoweb.info\/sexshop001\/\"},{\"@type\":\"ListItem\",\"position\":2,\"name\":\"Tienda\",\"item\":\"https:\/\/demoweb.info\/sexshop001\/tienda\/\"},{\"@type\":\"ListItem\",\"position\":3,\"name\":\"4PLAY SET DE JUEGOS\"}]},{\"@type\":\"WebSite\",\"@id\":\"https:\/\/demoweb.info\/sexshop001\/#website\",\"url\":\"https:\/\/demoweb.info\/sexshop001\/\",\"name\":\"Tienda Er\u00f3tica\",\"description\":\"DEMOWEB SL\",\"potentialAction\":[{\"@type\":\"SearchAction\",\"target\":{\"@type\":\"EntryPoint\",\"urlTemplate\":\"https:\/\/demoweb.info\/sexshop001\/?s={search_term_string}\"},\"query-input\":\"required name=search_term_string\"}],\"inLanguage\":\"es\"}]}<\/script>\n<!-- \/ Yoast SEO plugin. -->","yoast_head_json":{"title":"4PLAY SET DE JUEGOS - Tienda Er\u00f3tica","robots":{"index":"noindex","follow":"follow","max-snippet":"max-snippet:-1","max-image-preview":"max-image-preview:large","max-video-preview":"max-video-preview:-1"},"og_locale":"es_ES","og_type":"article","og_title":"4PLAY SET DE JUEGOS - Tienda Er\u00f3tica","og_description":"4PLAY SET OF GAMES. Un set de cuatro juegos de placer para la pareja. Est\u00e1 compuesto por: &#8211; 4Play Dice:","og_url":"https:\/\/demoweb.info\/sexshop001\/producto\/4play-set-de-juegos\/","og_site_name":"Tienda Er\u00f3tica","article_modified_time":"2022-01-22T11:14:08+00:00","og_image":[{"width":550,"height":550,"url":"https:\/\/demoweb.info\/sexshop001\/wp-content\/uploads\/2022\/01\/4PLAY-SET-DE-JUEGOS.jpg","type":"image\/jpeg"}],"twitter_card":"summary_large_image","twitter_misc":{"Tiempo de lectura":"1 minuto"},"schema":{"@context":"https:\/\/schema.org","@graph":[{"@type":"WebPage","@id":"https:\/\/demoweb.info\/sexshop001\/producto\/4play-set-de-juegos\/","url":"https:\/\/demoweb.info\/sexshop001\/producto\/4play-set-de-juegos\/","name":"4PLAY SET DE JUEGOS - Tienda Er\u00f3tica","isPartOf":{"@id":"https:\/\/demoweb.info\/sexshop001\/#website"},"datePublished":"2022-01-22T11:14:07+00:00","dateModified":"2022-01-22T11:14:08+00:00","breadcrumb":{"@id":"https:\/\/demoweb.info\/sexshop001\/producto\/4play-set-de-juegos\/#breadcrumb"},"inLanguage":"es","potentialAction":[{"@type":"ReadAction","target":["https:\/\/demoweb.info\/sexshop001\/producto\/4play-set-de-juegos\/"]}]},{"@type":"BreadcrumbList","@id":"https:\/\/demoweb.info\/sexshop001\/producto\/4play-set-de-juegos\/#breadcrumb","itemListElement":[{"@type":"ListItem","position":1,"name":"Portada","item":"https:\/\/demoweb.info\/sexshop001\/"},{"@type":"ListItem","position":2,"name":"Tienda","item":"https:\/\/demoweb.info\/sexshop001\/tienda\/"},{"@type":"ListItem","position":3,"name":"4PLAY SET DE JUEGOS"}]},{"@type":"WebSite","@id":"https:\/\/demoweb.info\/sexshop001\/#website","url":"https:\/\/demoweb.info\/sexshop001\/","name":"Tienda Er\u00f3tica","description":"DEMOWEB SL","potentialAction":[{"@type":"SearchAction","target":{"@type":"EntryPoint","urlTemplate":"https:\/\/demoweb.info\/sexshop001\/?s={search_term_string}"},"query-input":"required name=search_term_string"}],"inLanguage":"es"}]}},"_links":{"self":[{"href":"https:\/\/demoweb.info\/sexshop001\/wp-json\/wp\/v3\/product\/27574","targetHints":{"allow":["GET"]}}],"collection":[{"href":"https:\/\/demoweb.info\/sexshop001\/wp-json\/wp\/v3\/product"}],"about":[{"href":"https:\/\/demoweb.info\/sexshop001\/wp-json\/wp\/v2\/types\/product"}],"replies":[{"embeddable":true,"href":"https:\/\/demoweb.info\/sexshop001\/wp-json\/wp\/v2\/comments?post=27574"}],"wp:featuredmedia":[{"embeddable":true,"href":"https:\/\/demoweb.info\/sexshop001\/wp-json\/wp\/v2\/media\/27575"}],"wp:attachment":[{"href":"https:\/\/demoweb.info\/sexshop001\/wp-json\/wp\/v2\/media?parent=27574"}],"wp:term":[{"taxonomy":"product_cat","embeddable":true,"href":"https:\/\/demoweb.info\/sexshop001\/wp-json\/wp\/v2\/product_cat?post=27574"},{"taxonomy":"product_tag","embeddable":true,"href":"https:\/\/demoweb.info\/sexshop001\/wp-json\/wp\/v2\/product_tag?post=27574"}],"curies":[{"name":"wp","href":"https:\/\/api.w.org\/{rel}","templated":true}]}}