{"id":27570,"date":"2022-01-22T12:13:51","date_gmt":"2022-01-22T11:13:51","guid":{"rendered":"https:\/\/demoweb.info\/sexshop001\/producto\/naked-baraja-strip-poker\/"},"modified":"2022-01-22T12:14:02","modified_gmt":"2022-01-22T11:14:02","slug":"naked-baraja-strip-poker","status":"publish","type":"product","link":"https:\/\/demoweb.info\/sexshop001\/producto\/naked-baraja-strip-poker\/","title":{"rendered":"NAKED BARAJA STRIP POKER"},"content":{"rendered":"<p><font size=&quot;1&quot;><b>NAKED BARAJA STRIP POKER.<\/b><\/p>\n<p>Naked! tiene las mismas figuras y palos que una baraja normal de p\u00f3quer, pero cada carta lleva impresa una prenda de ropa.<\/p>\n<p>Se puede jugar a cualquier modalidad de p\u00f3quer. Cuando un jugador gana una partida, asigna cartas de la mano ganadora a los dem\u00e1s jugadores. Los jugadores que reciben esas cartas deber\u00e1n quitarse la prenda de ropa que aparece en ellas. El ganador del juego es el \u00faltimo jugador que quede sin estar desnudo!<\/p>\n<p>En espa\u00f1ol e ingl\u00e9s.<\/font><\/p>\n","protected":false},"excerpt":{"rendered":"<p>NAKED BARAJA STRIP POKER. Naked! tiene las mismas figuras y palos que una baraja normal de p\u00f3quer, pero cada carta<\/p>\n","protected":false},"featured_media":27571,"comment_status":"open","ping_status":"open","template":"","meta":[],"product_cat":[387],"product_tag":[383],"class_list":["post-27570","product","type-product","status-publish","has-post-thumbnail","hentry","product_cat-juegos-sociedad","product_tag-kheper-games"],"bundled_by":[],"bundle_stock_status":"instock","bundle_stock_quantity":1,"bundle_virtual":false,"bundle_layout":"","bundle_add_to_cart_form_location":"","bundle_editable_in_cart":false,"bundle_sold_individually_context":"","bundle_item_grouping":"","bundle_min_size":"","bundle_max_size":"","bundled_items":[],"yoast_head":"<!-- This site is optimized with the Yoast SEO plugin v20.6 - https:\/\/yoast.com\/wordpress\/plugins\/seo\/ -->\n<title>NAKED BARAJA STRIP POKER - Tienda Er\u00f3tica<\/title>\n<meta name=\"robots\" content=\"noindex, follow, max-snippet:-1, max-image-preview:large, max-video-preview:-1\" \/>\n<meta property=\"og:locale\" content=\"es_ES\" \/>\n<meta property=\"og:type\" content=\"article\" \/>\n<meta property=\"og:title\" content=\"NAKED BARAJA STRIP POKER - Tienda Er\u00f3tica\" \/>\n<meta property=\"og:description\" content=\"NAKED BARAJA STRIP POKER. Naked! tiene las mismas figuras y palos que una baraja normal de p\u00f3quer, pero cada carta\" \/>\n<meta property=\"og:url\" content=\"https:\/\/demoweb.info\/sexshop001\/producto\/naked-baraja-strip-poker\/\" \/>\n<meta property=\"og:site_name\" content=\"Tienda Er\u00f3tica\" \/>\n<meta property=\"article:modified_time\" content=\"2022-01-22T11:14:02+00:00\" \/>\n<meta property=\"og:image\" content=\"https:\/\/demoweb.info\/sexshop001\/wp-content\/uploads\/2022\/01\/NAKED-BARAJA-STRIP-POKER.jpg\" \/>\n\t<meta property=\"og:image:width\" content=\"550\" \/>\n\t<meta property=\"og:image:height\" content=\"550\" \/>\n\t<meta property=\"og:image:type\" content=\"image\/jpeg\" \/>\n<meta name=\"twitter:card\" content=\"summary_large_image\" \/>\n<script type=\"application\/ld+json\" class=\"yoast-schema-graph\">{\"@context\":\"https:\/\/schema.org\",\"@graph\":[{\"@type\":\"WebPage\",\"@id\":\"https:\/\/demoweb.info\/sexshop001\/producto\/naked-baraja-strip-poker\/\",\"url\":\"https:\/\/demoweb.info\/sexshop001\/producto\/naked-baraja-strip-poker\/\",\"name\":\"NAKED BARAJA STRIP POKER - Tienda Er\u00f3tica\",\"isPartOf\":{\"@id\":\"https:\/\/demoweb.info\/sexshop001\/#website\"},\"datePublished\":\"2022-01-22T11:13:51+00:00\",\"dateModified\":\"2022-01-22T11:14:02+00:00\",\"breadcrumb\":{\"@id\":\"https:\/\/demoweb.info\/sexshop001\/producto\/naked-baraja-strip-poker\/#breadcrumb\"},\"inLanguage\":\"es\",\"potentialAction\":[{\"@type\":\"ReadAction\",\"target\":[\"https:\/\/demoweb.info\/sexshop001\/producto\/naked-baraja-strip-poker\/\"]}]},{\"@type\":\"BreadcrumbList\",\"@id\":\"https:\/\/demoweb.info\/sexshop001\/producto\/naked-baraja-strip-poker\/#breadcrumb\",\"itemListElement\":[{\"@type\":\"ListItem\",\"position\":1,\"name\":\"Portada\",\"item\":\"https:\/\/demoweb.info\/sexshop001\/\"},{\"@type\":\"ListItem\",\"position\":2,\"name\":\"Tienda\",\"item\":\"https:\/\/demoweb.info\/sexshop001\/tienda\/\"},{\"@type\":\"ListItem\",\"position\":3,\"name\":\"NAKED BARAJA STRIP POKER\"}]},{\"@type\":\"WebSite\",\"@id\":\"https:\/\/demoweb.info\/sexshop001\/#website\",\"url\":\"https:\/\/demoweb.info\/sexshop001\/\",\"name\":\"Tienda Er\u00f3tica\",\"description\":\"DEMOWEB SL\",\"potentialAction\":[{\"@type\":\"SearchAction\",\"target\":{\"@type\":\"EntryPoint\",\"urlTemplate\":\"https:\/\/demoweb.info\/sexshop001\/?s={search_term_string}\"},\"query-input\":\"required name=search_term_string\"}],\"inLanguage\":\"es\"}]}<\/script>\n<!-- \/ Yoast SEO plugin. -->","yoast_head_json":{"title":"NAKED BARAJA STRIP POKER - Tienda Er\u00f3tica","robots":{"index":"noindex","follow":"follow","max-snippet":"max-snippet:-1","max-image-preview":"max-image-preview:large","max-video-preview":"max-video-preview:-1"},"og_locale":"es_ES","og_type":"article","og_title":"NAKED BARAJA STRIP POKER - Tienda Er\u00f3tica","og_description":"NAKED BARAJA STRIP POKER. Naked! tiene las mismas figuras y palos que una baraja normal de p\u00f3quer, pero cada carta","og_url":"https:\/\/demoweb.info\/sexshop001\/producto\/naked-baraja-strip-poker\/","og_site_name":"Tienda Er\u00f3tica","article_modified_time":"2022-01-22T11:14:02+00:00","og_image":[{"width":550,"height":550,"url":"https:\/\/demoweb.info\/sexshop001\/wp-content\/uploads\/2022\/01\/NAKED-BARAJA-STRIP-POKER.jpg","type":"image\/jpeg"}],"twitter_card":"summary_large_image","schema":{"@context":"https:\/\/schema.org","@graph":[{"@type":"WebPage","@id":"https:\/\/demoweb.info\/sexshop001\/producto\/naked-baraja-strip-poker\/","url":"https:\/\/demoweb.info\/sexshop001\/producto\/naked-baraja-strip-poker\/","name":"NAKED BARAJA STRIP POKER - Tienda Er\u00f3tica","isPartOf":{"@id":"https:\/\/demoweb.info\/sexshop001\/#website"},"datePublished":"2022-01-22T11:13:51+00:00","dateModified":"2022-01-22T11:14:02+00:00","breadcrumb":{"@id":"https:\/\/demoweb.info\/sexshop001\/producto\/naked-baraja-strip-poker\/#breadcrumb"},"inLanguage":"es","potentialAction":[{"@type":"ReadAction","target":["https:\/\/demoweb.info\/sexshop001\/producto\/naked-baraja-strip-poker\/"]}]},{"@type":"BreadcrumbList","@id":"https:\/\/demoweb.info\/sexshop001\/producto\/naked-baraja-strip-poker\/#breadcrumb","itemListElement":[{"@type":"ListItem","position":1,"name":"Portada","item":"https:\/\/demoweb.info\/sexshop001\/"},{"@type":"ListItem","position":2,"name":"Tienda","item":"https:\/\/demoweb.info\/sexshop001\/tienda\/"},{"@type":"ListItem","position":3,"name":"NAKED BARAJA STRIP POKER"}]},{"@type":"WebSite","@id":"https:\/\/demoweb.info\/sexshop001\/#website","url":"https:\/\/demoweb.info\/sexshop001\/","name":"Tienda Er\u00f3tica","description":"DEMOWEB SL","potentialAction":[{"@type":"SearchAction","target":{"@type":"EntryPoint","urlTemplate":"https:\/\/demoweb.info\/sexshop001\/?s={search_term_string}"},"query-input":"required name=search_term_string"}],"inLanguage":"es"}]}},"_links":{"self":[{"href":"https:\/\/demoweb.info\/sexshop001\/wp-json\/wp\/v3\/product\/27570","targetHints":{"allow":["GET"]}}],"collection":[{"href":"https:\/\/demoweb.info\/sexshop001\/wp-json\/wp\/v3\/product"}],"about":[{"href":"https:\/\/demoweb.info\/sexshop001\/wp-json\/wp\/v2\/types\/product"}],"replies":[{"embeddable":true,"href":"https:\/\/demoweb.info\/sexshop001\/wp-json\/wp\/v2\/comments?post=27570"}],"wp:featuredmedia":[{"embeddable":true,"href":"https:\/\/demoweb.info\/sexshop001\/wp-json\/wp\/v2\/media\/27571"}],"wp:attachment":[{"href":"https:\/\/demoweb.info\/sexshop001\/wp-json\/wp\/v2\/media?parent=27570"}],"wp:term":[{"taxonomy":"product_cat","embeddable":true,"href":"https:\/\/demoweb.info\/sexshop001\/wp-json\/wp\/v2\/product_cat?post=27570"},{"taxonomy":"product_tag","embeddable":true,"href":"https:\/\/demoweb.info\/sexshop001\/wp-json\/wp\/v2\/product_tag?post=27570"}],"curies":[{"name":"wp","href":"https:\/\/api.w.org\/{rel}","templated":true}]}}