{"id":27558,"date":"2022-01-22T12:13:51","date_gmt":"2022-01-22T11:13:51","guid":{"rendered":"https:\/\/demoweb.info\/sexshop001\/producto\/fetish-seductions-explora-el-mundo-del-fetish\/"},"modified":"2022-01-22T12:13:57","modified_gmt":"2022-01-22T11:13:57","slug":"fetish-seductions-explora-el-mundo-del-fetish","status":"publish","type":"product","link":"https:\/\/demoweb.info\/sexshop001\/producto\/fetish-seductions-explora-el-mundo-del-fetish\/","title":{"rendered":"FETISH SEDUCTIONS EXPLORA EL MUNDO DEL FETISH"},"content":{"rendered":"<p><strong>FETISH SEDUCTIONS EXPLORE THE WORLD OF FETISHES<\/strong>.<\/p>\n<p>Este juego ofrece una variedad de escenarios de fantas\u00eda fetichista junto con los accesorios para las parejas, que est\u00e9n interesadas en la exploraci\u00f3n de su lado fetiche. Fetish Seduction incluye 36 cartas (en Ingl\u00e9s, espa\u00f1ol, alem\u00e1n y franc\u00e9s), cuerdas, vendas para los ojos, plumas estimulante, velas y dados, sin embargo, la diversi\u00f3n no se limita a estos art\u00edculos y las parejas pueden introducir en sus juegos un buen par de tacones de aguja, comida e incluso experimentar con v\u00eddeos!<\/p>\n<p>El mecanismo es muy simple, s\u00f3lo debes dejar volar tu imaginaci\u00f3n y tener ganas de experimentar.<\/p>\n","protected":false},"excerpt":{"rendered":"<p>FETISH SEDUCTIONS EXPLORE THE WORLD OF FETISHES. Este juego ofrece una variedad de escenarios de fantas\u00eda fetichista junto con los<\/p>\n","protected":false},"featured_media":27559,"comment_status":"open","ping_status":"open","template":"","meta":[],"product_cat":[367],"product_tag":[383],"class_list":["post-27558","product","type-product","status-publish","has-post-thumbnail","hentry","product_cat-juegos-pareja","product_tag-kheper-games"],"bundled_by":[],"bundle_stock_status":"instock","bundle_stock_quantity":3,"bundle_virtual":false,"bundle_layout":"","bundle_add_to_cart_form_location":"","bundle_editable_in_cart":false,"bundle_sold_individually_context":"","bundle_item_grouping":"","bundle_min_size":"","bundle_max_size":"","bundled_items":[],"yoast_head":"<!-- This site is optimized with the Yoast SEO plugin v20.6 - https:\/\/yoast.com\/wordpress\/plugins\/seo\/ -->\n<title>FETISH SEDUCTIONS EXPLORA EL MUNDO DEL FETISH - Tienda Er\u00f3tica<\/title>\n<meta name=\"robots\" content=\"noindex, follow, max-snippet:-1, max-image-preview:large, max-video-preview:-1\" \/>\n<meta property=\"og:locale\" content=\"es_ES\" \/>\n<meta property=\"og:type\" content=\"article\" \/>\n<meta property=\"og:title\" content=\"FETISH SEDUCTIONS EXPLORA EL MUNDO DEL FETISH - Tienda Er\u00f3tica\" \/>\n<meta property=\"og:description\" content=\"FETISH SEDUCTIONS EXPLORE THE WORLD OF FETISHES. Este juego ofrece una variedad de escenarios de fantas\u00eda fetichista junto con los\" \/>\n<meta property=\"og:url\" content=\"https:\/\/demoweb.info\/sexshop001\/producto\/fetish-seductions-explora-el-mundo-del-fetish\/\" \/>\n<meta property=\"og:site_name\" content=\"Tienda Er\u00f3tica\" \/>\n<meta property=\"article:modified_time\" content=\"2022-01-22T11:13:57+00:00\" \/>\n<meta property=\"og:image\" content=\"https:\/\/demoweb.info\/sexshop001\/wp-content\/uploads\/2022\/01\/FETISH-SEDUCTIONS-EXPLORA-EL-MUNDO-DEL-FETISH.jpg\" \/>\n\t<meta property=\"og:image:width\" content=\"550\" \/>\n\t<meta property=\"og:image:height\" content=\"550\" \/>\n\t<meta property=\"og:image:type\" content=\"image\/jpeg\" \/>\n<meta name=\"twitter:card\" content=\"summary_large_image\" \/>\n<meta name=\"twitter:label1\" content=\"Tiempo de lectura\" \/>\n\t<meta name=\"twitter:data1\" content=\"1 minuto\" \/>\n<script type=\"application\/ld+json\" class=\"yoast-schema-graph\">{\"@context\":\"https:\/\/schema.org\",\"@graph\":[{\"@type\":\"WebPage\",\"@id\":\"https:\/\/demoweb.info\/sexshop001\/producto\/fetish-seductions-explora-el-mundo-del-fetish\/\",\"url\":\"https:\/\/demoweb.info\/sexshop001\/producto\/fetish-seductions-explora-el-mundo-del-fetish\/\",\"name\":\"FETISH SEDUCTIONS EXPLORA EL MUNDO DEL FETISH - Tienda Er\u00f3tica\",\"isPartOf\":{\"@id\":\"https:\/\/demoweb.info\/sexshop001\/#website\"},\"datePublished\":\"2022-01-22T11:13:51+00:00\",\"dateModified\":\"2022-01-22T11:13:57+00:00\",\"breadcrumb\":{\"@id\":\"https:\/\/demoweb.info\/sexshop001\/producto\/fetish-seductions-explora-el-mundo-del-fetish\/#breadcrumb\"},\"inLanguage\":\"es\",\"potentialAction\":[{\"@type\":\"ReadAction\",\"target\":[\"https:\/\/demoweb.info\/sexshop001\/producto\/fetish-seductions-explora-el-mundo-del-fetish\/\"]}]},{\"@type\":\"BreadcrumbList\",\"@id\":\"https:\/\/demoweb.info\/sexshop001\/producto\/fetish-seductions-explora-el-mundo-del-fetish\/#breadcrumb\",\"itemListElement\":[{\"@type\":\"ListItem\",\"position\":1,\"name\":\"Portada\",\"item\":\"https:\/\/demoweb.info\/sexshop001\/\"},{\"@type\":\"ListItem\",\"position\":2,\"name\":\"Tienda\",\"item\":\"https:\/\/demoweb.info\/sexshop001\/tienda\/\"},{\"@type\":\"ListItem\",\"position\":3,\"name\":\"FETISH SEDUCTIONS EXPLORA EL MUNDO DEL FETISH\"}]},{\"@type\":\"WebSite\",\"@id\":\"https:\/\/demoweb.info\/sexshop001\/#website\",\"url\":\"https:\/\/demoweb.info\/sexshop001\/\",\"name\":\"Tienda Er\u00f3tica\",\"description\":\"DEMOWEB SL\",\"potentialAction\":[{\"@type\":\"SearchAction\",\"target\":{\"@type\":\"EntryPoint\",\"urlTemplate\":\"https:\/\/demoweb.info\/sexshop001\/?s={search_term_string}\"},\"query-input\":\"required name=search_term_string\"}],\"inLanguage\":\"es\"}]}<\/script>\n<!-- \/ Yoast SEO plugin. -->","yoast_head_json":{"title":"FETISH SEDUCTIONS EXPLORA EL MUNDO DEL FETISH - Tienda Er\u00f3tica","robots":{"index":"noindex","follow":"follow","max-snippet":"max-snippet:-1","max-image-preview":"max-image-preview:large","max-video-preview":"max-video-preview:-1"},"og_locale":"es_ES","og_type":"article","og_title":"FETISH SEDUCTIONS EXPLORA EL MUNDO DEL FETISH - Tienda Er\u00f3tica","og_description":"FETISH SEDUCTIONS EXPLORE THE WORLD OF FETISHES. Este juego ofrece una variedad de escenarios de fantas\u00eda fetichista junto con los","og_url":"https:\/\/demoweb.info\/sexshop001\/producto\/fetish-seductions-explora-el-mundo-del-fetish\/","og_site_name":"Tienda Er\u00f3tica","article_modified_time":"2022-01-22T11:13:57+00:00","og_image":[{"width":550,"height":550,"url":"https:\/\/demoweb.info\/sexshop001\/wp-content\/uploads\/2022\/01\/FETISH-SEDUCTIONS-EXPLORA-EL-MUNDO-DEL-FETISH.jpg","type":"image\/jpeg"}],"twitter_card":"summary_large_image","twitter_misc":{"Tiempo de lectura":"1 minuto"},"schema":{"@context":"https:\/\/schema.org","@graph":[{"@type":"WebPage","@id":"https:\/\/demoweb.info\/sexshop001\/producto\/fetish-seductions-explora-el-mundo-del-fetish\/","url":"https:\/\/demoweb.info\/sexshop001\/producto\/fetish-seductions-explora-el-mundo-del-fetish\/","name":"FETISH SEDUCTIONS EXPLORA EL MUNDO DEL FETISH - Tienda Er\u00f3tica","isPartOf":{"@id":"https:\/\/demoweb.info\/sexshop001\/#website"},"datePublished":"2022-01-22T11:13:51+00:00","dateModified":"2022-01-22T11:13:57+00:00","breadcrumb":{"@id":"https:\/\/demoweb.info\/sexshop001\/producto\/fetish-seductions-explora-el-mundo-del-fetish\/#breadcrumb"},"inLanguage":"es","potentialAction":[{"@type":"ReadAction","target":["https:\/\/demoweb.info\/sexshop001\/producto\/fetish-seductions-explora-el-mundo-del-fetish\/"]}]},{"@type":"BreadcrumbList","@id":"https:\/\/demoweb.info\/sexshop001\/producto\/fetish-seductions-explora-el-mundo-del-fetish\/#breadcrumb","itemListElement":[{"@type":"ListItem","position":1,"name":"Portada","item":"https:\/\/demoweb.info\/sexshop001\/"},{"@type":"ListItem","position":2,"name":"Tienda","item":"https:\/\/demoweb.info\/sexshop001\/tienda\/"},{"@type":"ListItem","position":3,"name":"FETISH SEDUCTIONS EXPLORA EL MUNDO DEL FETISH"}]},{"@type":"WebSite","@id":"https:\/\/demoweb.info\/sexshop001\/#website","url":"https:\/\/demoweb.info\/sexshop001\/","name":"Tienda Er\u00f3tica","description":"DEMOWEB SL","potentialAction":[{"@type":"SearchAction","target":{"@type":"EntryPoint","urlTemplate":"https:\/\/demoweb.info\/sexshop001\/?s={search_term_string}"},"query-input":"required name=search_term_string"}],"inLanguage":"es"}]}},"_links":{"self":[{"href":"https:\/\/demoweb.info\/sexshop001\/wp-json\/wp\/v3\/product\/27558","targetHints":{"allow":["GET"]}}],"collection":[{"href":"https:\/\/demoweb.info\/sexshop001\/wp-json\/wp\/v3\/product"}],"about":[{"href":"https:\/\/demoweb.info\/sexshop001\/wp-json\/wp\/v2\/types\/product"}],"replies":[{"embeddable":true,"href":"https:\/\/demoweb.info\/sexshop001\/wp-json\/wp\/v2\/comments?post=27558"}],"wp:featuredmedia":[{"embeddable":true,"href":"https:\/\/demoweb.info\/sexshop001\/wp-json\/wp\/v2\/media\/27559"}],"wp:attachment":[{"href":"https:\/\/demoweb.info\/sexshop001\/wp-json\/wp\/v2\/media?parent=27558"}],"wp:term":[{"taxonomy":"product_cat","embeddable":true,"href":"https:\/\/demoweb.info\/sexshop001\/wp-json\/wp\/v2\/product_cat?post=27558"},{"taxonomy":"product_tag","embeddable":true,"href":"https:\/\/demoweb.info\/sexshop001\/wp-json\/wp\/v2\/product_tag?post=27558"}],"curies":[{"name":"wp","href":"https:\/\/api.w.org\/{rel}","templated":true}]}}