{"id":27525,"date":"2022-01-22T12:13:40","date_gmt":"2022-01-22T11:13:40","guid":{"rendered":"https:\/\/demoweb.info\/sexshop001\/producto\/extase-sensuel-aceite-de-masaje-efecto-extra-fresh-hielo\/"},"modified":"2022-01-22T12:13:40","modified_gmt":"2022-01-22T11:13:40","slug":"extase-sensuel-aceite-de-masaje-efecto-extra-fresh-hielo","status":"publish","type":"product","link":"https:\/\/demoweb.info\/sexshop001\/producto\/extase-sensuel-aceite-de-masaje-efecto-extra-fresh-hielo\/","title":{"rendered":"EXTASE SENSUEL ACEITE DE MASAJE EFECTO EXTRA FRESH HIELO"},"content":{"rendered":"<p><font size=&quot;1&quot;><b>EXTASE SENSUEL HOT OIL EXTRA FRESH ICE<\/b><\/b>.<\/p>\n<p>La nueva gama de productos <b>Extase Sensuel <\/b>son afrodis\u00edacos naturales que<br \/>\ncontribuyen a crear un ambiente m\u00e1s adecuado para la relaci\u00f3n amorosa,<br \/>\ndespertando a\u00fan m\u00e1s la sensualidad y la atracci\u00f3n f\u00edsica mutua!<\/p>\n<p>Especialmente estimulando la mente y el cuerpo f\u00edsico, potenci\u00e1ndose los efectos<br \/>\nde atracci\u00f3n y magnetismo amorosos.<\/p>\n<p>Aceite de masaje afrodis\u00edaco espec\u00edfico para las particulares zonas er\u00f3genas y obtenci\u00f3n del ardiente placer, mediante el efecto Extra Fresh, el doble efecto fr\u00edo-calor. Penetra y absorbe r\u00e1pidamente,<br \/>\nnutriendo la piel, evitando dejar rastro sin manchar.<\/p>\n<p>Producto cosm\u00e9tico para uso externo.<\/p>\n<p>Ex\u00f3tico sabor a menta y eucaliptus.<\/p>\n<p>Contenido de<br \/>\n100 ml.<\/font><\/p>\n","protected":false},"excerpt":{"rendered":"<p>EXTASE SENSUEL HOT OIL EXTRA FRESH ICE. La nueva gama de productos Extase Sensuel son afrodis\u00edacos naturales que contribuyen a<\/p>\n","protected":false},"featured_media":27526,"comment_status":"open","ping_status":"open","template":"","meta":[],"product_cat":[684],"product_tag":[393],"class_list":["post-27525","product","type-product","status-publish","has-post-thumbnail","hentry","product_cat-san-valentin-regalos","product_tag-extase-sensuel"],"bundled_by":[],"bundle_stock_status":"instock","bundle_stock_quantity":22,"bundle_virtual":false,"bundle_layout":"","bundle_add_to_cart_form_location":"","bundle_editable_in_cart":false,"bundle_sold_individually_context":"","bundle_item_grouping":"","bundle_min_size":"","bundle_max_size":"","bundled_items":[],"yoast_head":"<!-- This site is optimized with the Yoast SEO plugin v20.6 - https:\/\/yoast.com\/wordpress\/plugins\/seo\/ -->\n<title>EXTASE SENSUEL ACEITE DE MASAJE EFECTO EXTRA FRESH HIELO - Tienda Er\u00f3tica<\/title>\n<meta name=\"robots\" content=\"noindex, follow, max-snippet:-1, max-image-preview:large, max-video-preview:-1\" \/>\n<meta property=\"og:locale\" content=\"es_ES\" \/>\n<meta property=\"og:type\" content=\"article\" \/>\n<meta property=\"og:title\" content=\"EXTASE SENSUEL ACEITE DE MASAJE EFECTO EXTRA FRESH HIELO - Tienda Er\u00f3tica\" \/>\n<meta property=\"og:description\" content=\"EXTASE SENSUEL HOT OIL EXTRA FRESH ICE. La nueva gama de productos Extase Sensuel son afrodis\u00edacos naturales que contribuyen a\" \/>\n<meta property=\"og:url\" content=\"https:\/\/demoweb.info\/sexshop001\/producto\/extase-sensuel-aceite-de-masaje-efecto-extra-fresh-hielo\/\" \/>\n<meta property=\"og:site_name\" content=\"Tienda Er\u00f3tica\" \/>\n<meta property=\"og:image\" content=\"https:\/\/demoweb.info\/sexshop001\/wp-content\/uploads\/2022\/01\/EXTASE-SENSUEL-ACEITE-DE-MASAJE-EFECTO-EXTRA-FRESH-HIELO.jpg\" \/>\n\t<meta property=\"og:image:width\" content=\"550\" \/>\n\t<meta property=\"og:image:height\" content=\"550\" \/>\n\t<meta property=\"og:image:type\" content=\"image\/jpeg\" \/>\n<meta name=\"twitter:card\" content=\"summary_large_image\" \/>\n<meta name=\"twitter:label1\" content=\"Tiempo de lectura\" \/>\n\t<meta name=\"twitter:data1\" content=\"1 minuto\" \/>\n<script type=\"application\/ld+json\" class=\"yoast-schema-graph\">{\"@context\":\"https:\/\/schema.org\",\"@graph\":[{\"@type\":\"WebPage\",\"@id\":\"https:\/\/demoweb.info\/sexshop001\/producto\/extase-sensuel-aceite-de-masaje-efecto-extra-fresh-hielo\/\",\"url\":\"https:\/\/demoweb.info\/sexshop001\/producto\/extase-sensuel-aceite-de-masaje-efecto-extra-fresh-hielo\/\",\"name\":\"EXTASE SENSUEL ACEITE DE MASAJE EFECTO EXTRA FRESH HIELO - Tienda Er\u00f3tica\",\"isPartOf\":{\"@id\":\"https:\/\/demoweb.info\/sexshop001\/#website\"},\"datePublished\":\"2022-01-22T11:13:40+00:00\",\"dateModified\":\"2022-01-22T11:13:40+00:00\",\"breadcrumb\":{\"@id\":\"https:\/\/demoweb.info\/sexshop001\/producto\/extase-sensuel-aceite-de-masaje-efecto-extra-fresh-hielo\/#breadcrumb\"},\"inLanguage\":\"es\",\"potentialAction\":[{\"@type\":\"ReadAction\",\"target\":[\"https:\/\/demoweb.info\/sexshop001\/producto\/extase-sensuel-aceite-de-masaje-efecto-extra-fresh-hielo\/\"]}]},{\"@type\":\"BreadcrumbList\",\"@id\":\"https:\/\/demoweb.info\/sexshop001\/producto\/extase-sensuel-aceite-de-masaje-efecto-extra-fresh-hielo\/#breadcrumb\",\"itemListElement\":[{\"@type\":\"ListItem\",\"position\":1,\"name\":\"Portada\",\"item\":\"https:\/\/demoweb.info\/sexshop001\/\"},{\"@type\":\"ListItem\",\"position\":2,\"name\":\"Tienda\",\"item\":\"https:\/\/demoweb.info\/sexshop001\/tienda\/\"},{\"@type\":\"ListItem\",\"position\":3,\"name\":\"EXTASE SENSUEL ACEITE DE MASAJE EFECTO EXTRA FRESH HIELO\"}]},{\"@type\":\"WebSite\",\"@id\":\"https:\/\/demoweb.info\/sexshop001\/#website\",\"url\":\"https:\/\/demoweb.info\/sexshop001\/\",\"name\":\"Tienda Er\u00f3tica\",\"description\":\"DEMOWEB SL\",\"potentialAction\":[{\"@type\":\"SearchAction\",\"target\":{\"@type\":\"EntryPoint\",\"urlTemplate\":\"https:\/\/demoweb.info\/sexshop001\/?s={search_term_string}\"},\"query-input\":\"required name=search_term_string\"}],\"inLanguage\":\"es\"}]}<\/script>\n<!-- \/ Yoast SEO plugin. -->","yoast_head_json":{"title":"EXTASE SENSUEL ACEITE DE MASAJE EFECTO EXTRA FRESH HIELO - Tienda Er\u00f3tica","robots":{"index":"noindex","follow":"follow","max-snippet":"max-snippet:-1","max-image-preview":"max-image-preview:large","max-video-preview":"max-video-preview:-1"},"og_locale":"es_ES","og_type":"article","og_title":"EXTASE SENSUEL ACEITE DE MASAJE EFECTO EXTRA FRESH HIELO - Tienda Er\u00f3tica","og_description":"EXTASE SENSUEL HOT OIL EXTRA FRESH ICE. La nueva gama de productos Extase Sensuel son afrodis\u00edacos naturales que contribuyen a","og_url":"https:\/\/demoweb.info\/sexshop001\/producto\/extase-sensuel-aceite-de-masaje-efecto-extra-fresh-hielo\/","og_site_name":"Tienda Er\u00f3tica","og_image":[{"width":550,"height":550,"url":"https:\/\/demoweb.info\/sexshop001\/wp-content\/uploads\/2022\/01\/EXTASE-SENSUEL-ACEITE-DE-MASAJE-EFECTO-EXTRA-FRESH-HIELO.jpg","type":"image\/jpeg"}],"twitter_card":"summary_large_image","twitter_misc":{"Tiempo de lectura":"1 minuto"},"schema":{"@context":"https:\/\/schema.org","@graph":[{"@type":"WebPage","@id":"https:\/\/demoweb.info\/sexshop001\/producto\/extase-sensuel-aceite-de-masaje-efecto-extra-fresh-hielo\/","url":"https:\/\/demoweb.info\/sexshop001\/producto\/extase-sensuel-aceite-de-masaje-efecto-extra-fresh-hielo\/","name":"EXTASE SENSUEL ACEITE DE MASAJE EFECTO EXTRA FRESH HIELO - Tienda Er\u00f3tica","isPartOf":{"@id":"https:\/\/demoweb.info\/sexshop001\/#website"},"datePublished":"2022-01-22T11:13:40+00:00","dateModified":"2022-01-22T11:13:40+00:00","breadcrumb":{"@id":"https:\/\/demoweb.info\/sexshop001\/producto\/extase-sensuel-aceite-de-masaje-efecto-extra-fresh-hielo\/#breadcrumb"},"inLanguage":"es","potentialAction":[{"@type":"ReadAction","target":["https:\/\/demoweb.info\/sexshop001\/producto\/extase-sensuel-aceite-de-masaje-efecto-extra-fresh-hielo\/"]}]},{"@type":"BreadcrumbList","@id":"https:\/\/demoweb.info\/sexshop001\/producto\/extase-sensuel-aceite-de-masaje-efecto-extra-fresh-hielo\/#breadcrumb","itemListElement":[{"@type":"ListItem","position":1,"name":"Portada","item":"https:\/\/demoweb.info\/sexshop001\/"},{"@type":"ListItem","position":2,"name":"Tienda","item":"https:\/\/demoweb.info\/sexshop001\/tienda\/"},{"@type":"ListItem","position":3,"name":"EXTASE SENSUEL ACEITE DE MASAJE EFECTO EXTRA FRESH HIELO"}]},{"@type":"WebSite","@id":"https:\/\/demoweb.info\/sexshop001\/#website","url":"https:\/\/demoweb.info\/sexshop001\/","name":"Tienda Er\u00f3tica","description":"DEMOWEB SL","potentialAction":[{"@type":"SearchAction","target":{"@type":"EntryPoint","urlTemplate":"https:\/\/demoweb.info\/sexshop001\/?s={search_term_string}"},"query-input":"required name=search_term_string"}],"inLanguage":"es"}]}},"_links":{"self":[{"href":"https:\/\/demoweb.info\/sexshop001\/wp-json\/wp\/v3\/product\/27525","targetHints":{"allow":["GET"]}}],"collection":[{"href":"https:\/\/demoweb.info\/sexshop001\/wp-json\/wp\/v3\/product"}],"about":[{"href":"https:\/\/demoweb.info\/sexshop001\/wp-json\/wp\/v2\/types\/product"}],"replies":[{"embeddable":true,"href":"https:\/\/demoweb.info\/sexshop001\/wp-json\/wp\/v2\/comments?post=27525"}],"wp:featuredmedia":[{"embeddable":true,"href":"https:\/\/demoweb.info\/sexshop001\/wp-json\/wp\/v2\/media\/27526"}],"wp:attachment":[{"href":"https:\/\/demoweb.info\/sexshop001\/wp-json\/wp\/v2\/media?parent=27525"}],"wp:term":[{"taxonomy":"product_cat","embeddable":true,"href":"https:\/\/demoweb.info\/sexshop001\/wp-json\/wp\/v2\/product_cat?post=27525"},{"taxonomy":"product_tag","embeddable":true,"href":"https:\/\/demoweb.info\/sexshop001\/wp-json\/wp\/v2\/product_tag?post=27525"}],"curies":[{"name":"wp","href":"https:\/\/api.w.org\/{rel}","templated":true}]}}