{"id":27457,"date":"2022-01-22T12:12:56","date_gmt":"2022-01-22T11:12:56","guid":{"rendered":"https:\/\/demoweb.info\/sexshop001\/producto\/libres\/"},"modified":"2022-01-22T12:13:04","modified_gmt":"2022-01-22T11:13:04","slug":"libres","status":"publish","type":"product","link":"https:\/\/demoweb.info\/sexshop001\/producto\/libres\/","title":{"rendered":"LIBRES"},"content":{"rendered":"<p><strong>LIBRES<\/strong><\/p>\n<p>NOEMI CASQUET<\/p>\n<p><strong>Tras <\/strong><em><strong>Zorras <\/strong><\/em><strong>y <\/strong><em><strong>Malas<\/strong><\/em><strong>, llega <\/strong><em><strong>Libres<\/strong><\/em><strong>, la \u00faltima entrega de la trilog\u00eda que ha reinventado la novela er\u00f3tica.<\/strong><\/p>\n<p>Solo cuando nos equivocamos muchas veces, cuando experimentamos con nuestro placer hasta no dejar ning\u00fan rinc\u00f3n por descubrir, solo entonces podemos fluir. Las tres chicas deciden cumplir la \u00faltima fantas\u00eda de Emily -un viaje a Cap d&#39;Agde, la capital del nudismo y el swinging &#8211; antes de que Diana tome una gran decisi\u00f3n y Alicia se atreva a afrontar su relaci\u00f3n poliamorosa con Ricardo y Leo. Porque la libertad tiene consecuencias y a veces implica dejar marchar; porque el poder del sexo es el comienzo de la expansi\u00f3n personal; porque amar a quien es libre puede ser dif\u00edcil, pero tambien es mucho m\u00e1s real.<\/p>\n<p><em>Nos miramos a los ojos en ese momento. Ese puto momento. Estamos presentes, siendo humanos, naturales. Siendo uni\u00f3n. Colapsando los ritmos del universo. Vibrando tan alto que casi no toco el suelo. Y el deseo se personifica cabalgando encima de su cuerpo. Gritamos, gemimos, sudamos. As\u00ed es el sexo, un arma de revoluci\u00f3n masiva de emociones y sentimientos. Y ese es el lugar donde me encuentro libre.<\/em><\/p>\n<p><strong>Somos zorras, malas, libres. Pero sobre todo somos nuestras.<\/strong><\/p>\n<ul>\n<li>N&ordm; de p\u00e1ginas: 336 p\u00e1gs.<\/li>\n<li>Encuadernaci\u00f3n: Tapa blanda<\/li>\n<li>A\u00f1o de edici\u00f3n: 2020<\/li>\n<\/ul>\n","protected":false},"excerpt":{"rendered":"<p>LIBRES NOEMI CASQUET Tras Zorras y Malas, llega Libres, la \u00faltima entrega de la trilog\u00eda que ha reinventado la novela<\/p>\n","protected":false},"featured_media":27458,"comment_status":"open","ping_status":"open","template":"","meta":[],"product_cat":[414],"product_tag":[945],"class_list":["post-27457","product","type-product","status-publish","has-post-thumbnail","hentry","product_cat-libros","product_tag-ediciones-b"],"bundled_by":[],"bundle_stock_status":"instock","bundle_stock_quantity":18,"bundle_virtual":false,"bundle_layout":"","bundle_add_to_cart_form_location":"","bundle_editable_in_cart":false,"bundle_sold_individually_context":"","bundle_item_grouping":"","bundle_min_size":"","bundle_max_size":"","bundled_items":[],"yoast_head":"<!-- This site is optimized with the Yoast SEO plugin v20.6 - https:\/\/yoast.com\/wordpress\/plugins\/seo\/ -->\n<title>LIBRES - Tienda Er\u00f3tica<\/title>\n<meta name=\"robots\" content=\"noindex, follow, max-snippet:-1, max-image-preview:large, max-video-preview:-1\" \/>\n<meta property=\"og:locale\" content=\"es_ES\" \/>\n<meta property=\"og:type\" content=\"article\" \/>\n<meta property=\"og:title\" content=\"LIBRES - Tienda Er\u00f3tica\" \/>\n<meta property=\"og:description\" content=\"LIBRES NOEMI CASQUET Tras Zorras y Malas, llega Libres, la \u00faltima entrega de la trilog\u00eda que ha reinventado la novela\" \/>\n<meta property=\"og:url\" content=\"https:\/\/demoweb.info\/sexshop001\/producto\/libres\/\" \/>\n<meta property=\"og:site_name\" content=\"Tienda Er\u00f3tica\" \/>\n<meta property=\"article:modified_time\" content=\"2022-01-22T11:13:04+00:00\" \/>\n<meta property=\"og:image\" content=\"https:\/\/demoweb.info\/sexshop001\/wp-content\/uploads\/2022\/01\/LIBRES.jpg\" \/>\n\t<meta property=\"og:image:width\" content=\"550\" \/>\n\t<meta property=\"og:image:height\" content=\"550\" \/>\n\t<meta property=\"og:image:type\" content=\"image\/jpeg\" \/>\n<meta name=\"twitter:card\" content=\"summary_large_image\" \/>\n<meta name=\"twitter:label1\" content=\"Tiempo de lectura\" \/>\n\t<meta name=\"twitter:data1\" content=\"1 minuto\" \/>\n<script type=\"application\/ld+json\" class=\"yoast-schema-graph\">{\"@context\":\"https:\/\/schema.org\",\"@graph\":[{\"@type\":\"WebPage\",\"@id\":\"https:\/\/demoweb.info\/sexshop001\/producto\/libres\/\",\"url\":\"https:\/\/demoweb.info\/sexshop001\/producto\/libres\/\",\"name\":\"LIBRES - Tienda Er\u00f3tica\",\"isPartOf\":{\"@id\":\"https:\/\/demoweb.info\/sexshop001\/#website\"},\"datePublished\":\"2022-01-22T11:12:56+00:00\",\"dateModified\":\"2022-01-22T11:13:04+00:00\",\"breadcrumb\":{\"@id\":\"https:\/\/demoweb.info\/sexshop001\/producto\/libres\/#breadcrumb\"},\"inLanguage\":\"es\",\"potentialAction\":[{\"@type\":\"ReadAction\",\"target\":[\"https:\/\/demoweb.info\/sexshop001\/producto\/libres\/\"]}]},{\"@type\":\"BreadcrumbList\",\"@id\":\"https:\/\/demoweb.info\/sexshop001\/producto\/libres\/#breadcrumb\",\"itemListElement\":[{\"@type\":\"ListItem\",\"position\":1,\"name\":\"Portada\",\"item\":\"https:\/\/demoweb.info\/sexshop001\/\"},{\"@type\":\"ListItem\",\"position\":2,\"name\":\"Tienda\",\"item\":\"https:\/\/demoweb.info\/sexshop001\/tienda\/\"},{\"@type\":\"ListItem\",\"position\":3,\"name\":\"LIBRES\"}]},{\"@type\":\"WebSite\",\"@id\":\"https:\/\/demoweb.info\/sexshop001\/#website\",\"url\":\"https:\/\/demoweb.info\/sexshop001\/\",\"name\":\"Tienda Er\u00f3tica\",\"description\":\"DEMOWEB SL\",\"potentialAction\":[{\"@type\":\"SearchAction\",\"target\":{\"@type\":\"EntryPoint\",\"urlTemplate\":\"https:\/\/demoweb.info\/sexshop001\/?s={search_term_string}\"},\"query-input\":\"required name=search_term_string\"}],\"inLanguage\":\"es\"}]}<\/script>\n<!-- \/ Yoast SEO plugin. -->","yoast_head_json":{"title":"LIBRES - Tienda Er\u00f3tica","robots":{"index":"noindex","follow":"follow","max-snippet":"max-snippet:-1","max-image-preview":"max-image-preview:large","max-video-preview":"max-video-preview:-1"},"og_locale":"es_ES","og_type":"article","og_title":"LIBRES - Tienda Er\u00f3tica","og_description":"LIBRES NOEMI CASQUET Tras Zorras y Malas, llega Libres, la \u00faltima entrega de la trilog\u00eda que ha reinventado la novela","og_url":"https:\/\/demoweb.info\/sexshop001\/producto\/libres\/","og_site_name":"Tienda Er\u00f3tica","article_modified_time":"2022-01-22T11:13:04+00:00","og_image":[{"width":550,"height":550,"url":"https:\/\/demoweb.info\/sexshop001\/wp-content\/uploads\/2022\/01\/LIBRES.jpg","type":"image\/jpeg"}],"twitter_card":"summary_large_image","twitter_misc":{"Tiempo de lectura":"1 minuto"},"schema":{"@context":"https:\/\/schema.org","@graph":[{"@type":"WebPage","@id":"https:\/\/demoweb.info\/sexshop001\/producto\/libres\/","url":"https:\/\/demoweb.info\/sexshop001\/producto\/libres\/","name":"LIBRES - Tienda Er\u00f3tica","isPartOf":{"@id":"https:\/\/demoweb.info\/sexshop001\/#website"},"datePublished":"2022-01-22T11:12:56+00:00","dateModified":"2022-01-22T11:13:04+00:00","breadcrumb":{"@id":"https:\/\/demoweb.info\/sexshop001\/producto\/libres\/#breadcrumb"},"inLanguage":"es","potentialAction":[{"@type":"ReadAction","target":["https:\/\/demoweb.info\/sexshop001\/producto\/libres\/"]}]},{"@type":"BreadcrumbList","@id":"https:\/\/demoweb.info\/sexshop001\/producto\/libres\/#breadcrumb","itemListElement":[{"@type":"ListItem","position":1,"name":"Portada","item":"https:\/\/demoweb.info\/sexshop001\/"},{"@type":"ListItem","position":2,"name":"Tienda","item":"https:\/\/demoweb.info\/sexshop001\/tienda\/"},{"@type":"ListItem","position":3,"name":"LIBRES"}]},{"@type":"WebSite","@id":"https:\/\/demoweb.info\/sexshop001\/#website","url":"https:\/\/demoweb.info\/sexshop001\/","name":"Tienda Er\u00f3tica","description":"DEMOWEB SL","potentialAction":[{"@type":"SearchAction","target":{"@type":"EntryPoint","urlTemplate":"https:\/\/demoweb.info\/sexshop001\/?s={search_term_string}"},"query-input":"required name=search_term_string"}],"inLanguage":"es"}]}},"_links":{"self":[{"href":"https:\/\/demoweb.info\/sexshop001\/wp-json\/wp\/v3\/product\/27457","targetHints":{"allow":["GET"]}}],"collection":[{"href":"https:\/\/demoweb.info\/sexshop001\/wp-json\/wp\/v3\/product"}],"about":[{"href":"https:\/\/demoweb.info\/sexshop001\/wp-json\/wp\/v2\/types\/product"}],"replies":[{"embeddable":true,"href":"https:\/\/demoweb.info\/sexshop001\/wp-json\/wp\/v2\/comments?post=27457"}],"wp:featuredmedia":[{"embeddable":true,"href":"https:\/\/demoweb.info\/sexshop001\/wp-json\/wp\/v2\/media\/27458"}],"wp:attachment":[{"href":"https:\/\/demoweb.info\/sexshop001\/wp-json\/wp\/v2\/media?parent=27457"}],"wp:term":[{"taxonomy":"product_cat","embeddable":true,"href":"https:\/\/demoweb.info\/sexshop001\/wp-json\/wp\/v2\/product_cat?post=27457"},{"taxonomy":"product_tag","embeddable":true,"href":"https:\/\/demoweb.info\/sexshop001\/wp-json\/wp\/v2\/product_tag?post=27457"}],"curies":[{"name":"wp","href":"https:\/\/api.w.org\/{rel}","templated":true}]}}