{"id":27389,"date":"2022-01-22T12:12:29","date_gmt":"2022-01-22T11:12:29","guid":{"rendered":"https:\/\/demoweb.info\/sexshop001\/producto\/earthly-body-jabon-manos-semillas-de-canamo-8oz-236-ml\/"},"modified":"2022-01-22T12:12:30","modified_gmt":"2022-01-22T11:12:30","slug":"earthly-body-jabon-manos-semillas-de-canamo-8oz-236-ml","status":"publish","type":"product","link":"https:\/\/demoweb.info\/sexshop001\/producto\/earthly-body-jabon-manos-semillas-de-canamo-8oz-236-ml\/","title":{"rendered":"EARTHLY BODY -JABON MANOS SEMILLAS DE C\u00c1\u00d1AMO- 8OZ \/ 236 ML"},"content":{"rendered":"<p><strong>HEMP SEED HAND WASH &#8211; 8OZ \/ 236 ML<\/strong><\/p>\n<p>Sum\u00e9rjase en una refrescante experiencia de lavado de manos con nuestro exfoliante Hemp Seed Hand Wash que llena la habitaci\u00f3n con aromas frescos de piel de naranja, eucalipto y t\u00e9 verde.<\/p>\n<p>Con esta sensaci\u00f3n edificante, veinte segundos nunca m\u00e1s tendr\u00e1 que sentirse como una tarea.<\/p>\n<ul>\n<li>Libre de ftalato    S\u00ed<\/li>\n<li>Los ingredientes    Water (Aqua), Disodium Laureth Sulfosuccinate, Cocamidopropyl Betaine, Acrylates Copolymer, Sodium Lauroyl Methyl Isethionate, Glycerin, Pumice, Aurantium Dulcis (Orange) Peel Oil, Eucalyptus Globulus (Eucalyptus) Leaf Oil, Cannabis Sativa (Hemp) Seed Oil, Argania Spinosa (Argan) Kernel Oil, Melaleuca Alternifolia (Tea Tree) Leaf Oil, Camellia Sinensis(Green Tea) Leaf Extract, Tocopheryl Acetate, Aloe Barbadensis Leaf Juice, Sodium PCA, Hydrolyzed Wheat Protein, Panthenol, PEG-150 Distearate, Sodium Hydroxide, Ethylhexylglycerin, Phenoxyethanol, Fragrance (Parfum), Geraniol, Hexyl Cinnamal,<\/li>\n<\/ul>\n","protected":false},"excerpt":{"rendered":"<p>HEMP SEED HAND WASH &#8211; 8OZ \/ 236 ML Sum\u00e9rjase en una refrescante experiencia de lavado de manos con nuestro<\/p>\n","protected":false},"featured_media":27390,"comment_status":"open","ping_status":"open","template":"","meta":[],"product_cat":[516],"product_tag":[790,511],"class_list":["post-27389","product","type-product","status-publish","has-post-thumbnail","hentry","product_cat-linea-bio-aceites-y-lubricantes","product_tag-cbd-daily","product_tag-earthly-body"],"bundled_by":[],"bundle_stock_status":"instock","bundle_stock_quantity":2,"bundle_virtual":false,"bundle_layout":"","bundle_add_to_cart_form_location":"","bundle_editable_in_cart":false,"bundle_sold_individually_context":"","bundle_item_grouping":"","bundle_min_size":"","bundle_max_size":"","bundled_items":[],"yoast_head":"<!-- This site is optimized with the Yoast SEO plugin v20.6 - https:\/\/yoast.com\/wordpress\/plugins\/seo\/ -->\n<title>EARTHLY BODY -JABON MANOS SEMILLAS DE C\u00c1\u00d1AMO- 8OZ \/ 236 ML - Tienda Er\u00f3tica<\/title>\n<meta name=\"robots\" content=\"noindex, follow, max-snippet:-1, max-image-preview:large, max-video-preview:-1\" \/>\n<meta property=\"og:locale\" content=\"es_ES\" \/>\n<meta property=\"og:type\" content=\"article\" \/>\n<meta property=\"og:title\" content=\"EARTHLY BODY -JABON MANOS SEMILLAS DE C\u00c1\u00d1AMO- 8OZ \/ 236 ML - Tienda Er\u00f3tica\" \/>\n<meta property=\"og:description\" content=\"HEMP SEED HAND WASH &#8211; 8OZ \/ 236 ML Sum\u00e9rjase en una refrescante experiencia de lavado de manos con nuestro\" \/>\n<meta property=\"og:url\" content=\"https:\/\/demoweb.info\/sexshop001\/producto\/earthly-body-jabon-manos-semillas-de-canamo-8oz-236-ml\/\" \/>\n<meta property=\"og:site_name\" content=\"Tienda Er\u00f3tica\" \/>\n<meta property=\"article:modified_time\" content=\"2022-01-22T11:12:30+00:00\" \/>\n<meta property=\"og:image\" content=\"https:\/\/demoweb.info\/sexshop001\/wp-content\/uploads\/2022\/01\/EARTHLY-BODY-JABON-MANOS-SEMILLAS-DE-CANAMO-8OZ-236-ML.jpg\" \/>\n\t<meta property=\"og:image:width\" content=\"550\" \/>\n\t<meta property=\"og:image:height\" content=\"550\" \/>\n\t<meta property=\"og:image:type\" content=\"image\/jpeg\" \/>\n<meta name=\"twitter:card\" content=\"summary_large_image\" \/>\n<meta name=\"twitter:label1\" content=\"Tiempo de lectura\" \/>\n\t<meta name=\"twitter:data1\" content=\"1 minuto\" \/>\n<script type=\"application\/ld+json\" class=\"yoast-schema-graph\">{\"@context\":\"https:\/\/schema.org\",\"@graph\":[{\"@type\":\"WebPage\",\"@id\":\"https:\/\/demoweb.info\/sexshop001\/producto\/earthly-body-jabon-manos-semillas-de-canamo-8oz-236-ml\/\",\"url\":\"https:\/\/demoweb.info\/sexshop001\/producto\/earthly-body-jabon-manos-semillas-de-canamo-8oz-236-ml\/\",\"name\":\"EARTHLY BODY -JABON MANOS SEMILLAS DE C\u00c1\u00d1AMO- 8OZ \/ 236 ML - Tienda Er\u00f3tica\",\"isPartOf\":{\"@id\":\"https:\/\/demoweb.info\/sexshop001\/#website\"},\"datePublished\":\"2022-01-22T11:12:29+00:00\",\"dateModified\":\"2022-01-22T11:12:30+00:00\",\"breadcrumb\":{\"@id\":\"https:\/\/demoweb.info\/sexshop001\/producto\/earthly-body-jabon-manos-semillas-de-canamo-8oz-236-ml\/#breadcrumb\"},\"inLanguage\":\"es\",\"potentialAction\":[{\"@type\":\"ReadAction\",\"target\":[\"https:\/\/demoweb.info\/sexshop001\/producto\/earthly-body-jabon-manos-semillas-de-canamo-8oz-236-ml\/\"]}]},{\"@type\":\"BreadcrumbList\",\"@id\":\"https:\/\/demoweb.info\/sexshop001\/producto\/earthly-body-jabon-manos-semillas-de-canamo-8oz-236-ml\/#breadcrumb\",\"itemListElement\":[{\"@type\":\"ListItem\",\"position\":1,\"name\":\"Portada\",\"item\":\"https:\/\/demoweb.info\/sexshop001\/\"},{\"@type\":\"ListItem\",\"position\":2,\"name\":\"Tienda\",\"item\":\"https:\/\/demoweb.info\/sexshop001\/tienda\/\"},{\"@type\":\"ListItem\",\"position\":3,\"name\":\"EARTHLY BODY -JABON MANOS SEMILLAS DE C\u00c1\u00d1AMO- 8OZ \/ 236 ML\"}]},{\"@type\":\"WebSite\",\"@id\":\"https:\/\/demoweb.info\/sexshop001\/#website\",\"url\":\"https:\/\/demoweb.info\/sexshop001\/\",\"name\":\"Tienda Er\u00f3tica\",\"description\":\"DEMOWEB SL\",\"potentialAction\":[{\"@type\":\"SearchAction\",\"target\":{\"@type\":\"EntryPoint\",\"urlTemplate\":\"https:\/\/demoweb.info\/sexshop001\/?s={search_term_string}\"},\"query-input\":\"required name=search_term_string\"}],\"inLanguage\":\"es\"}]}<\/script>\n<!-- \/ Yoast SEO plugin. -->","yoast_head_json":{"title":"EARTHLY BODY -JABON MANOS SEMILLAS DE C\u00c1\u00d1AMO- 8OZ \/ 236 ML - Tienda Er\u00f3tica","robots":{"index":"noindex","follow":"follow","max-snippet":"max-snippet:-1","max-image-preview":"max-image-preview:large","max-video-preview":"max-video-preview:-1"},"og_locale":"es_ES","og_type":"article","og_title":"EARTHLY BODY -JABON MANOS SEMILLAS DE C\u00c1\u00d1AMO- 8OZ \/ 236 ML - Tienda Er\u00f3tica","og_description":"HEMP SEED HAND WASH &#8211; 8OZ \/ 236 ML Sum\u00e9rjase en una refrescante experiencia de lavado de manos con nuestro","og_url":"https:\/\/demoweb.info\/sexshop001\/producto\/earthly-body-jabon-manos-semillas-de-canamo-8oz-236-ml\/","og_site_name":"Tienda Er\u00f3tica","article_modified_time":"2022-01-22T11:12:30+00:00","og_image":[{"width":550,"height":550,"url":"https:\/\/demoweb.info\/sexshop001\/wp-content\/uploads\/2022\/01\/EARTHLY-BODY-JABON-MANOS-SEMILLAS-DE-CANAMO-8OZ-236-ML.jpg","type":"image\/jpeg"}],"twitter_card":"summary_large_image","twitter_misc":{"Tiempo de lectura":"1 minuto"},"schema":{"@context":"https:\/\/schema.org","@graph":[{"@type":"WebPage","@id":"https:\/\/demoweb.info\/sexshop001\/producto\/earthly-body-jabon-manos-semillas-de-canamo-8oz-236-ml\/","url":"https:\/\/demoweb.info\/sexshop001\/producto\/earthly-body-jabon-manos-semillas-de-canamo-8oz-236-ml\/","name":"EARTHLY BODY -JABON MANOS SEMILLAS DE C\u00c1\u00d1AMO- 8OZ \/ 236 ML - Tienda Er\u00f3tica","isPartOf":{"@id":"https:\/\/demoweb.info\/sexshop001\/#website"},"datePublished":"2022-01-22T11:12:29+00:00","dateModified":"2022-01-22T11:12:30+00:00","breadcrumb":{"@id":"https:\/\/demoweb.info\/sexshop001\/producto\/earthly-body-jabon-manos-semillas-de-canamo-8oz-236-ml\/#breadcrumb"},"inLanguage":"es","potentialAction":[{"@type":"ReadAction","target":["https:\/\/demoweb.info\/sexshop001\/producto\/earthly-body-jabon-manos-semillas-de-canamo-8oz-236-ml\/"]}]},{"@type":"BreadcrumbList","@id":"https:\/\/demoweb.info\/sexshop001\/producto\/earthly-body-jabon-manos-semillas-de-canamo-8oz-236-ml\/#breadcrumb","itemListElement":[{"@type":"ListItem","position":1,"name":"Portada","item":"https:\/\/demoweb.info\/sexshop001\/"},{"@type":"ListItem","position":2,"name":"Tienda","item":"https:\/\/demoweb.info\/sexshop001\/tienda\/"},{"@type":"ListItem","position":3,"name":"EARTHLY BODY -JABON MANOS SEMILLAS DE C\u00c1\u00d1AMO- 8OZ \/ 236 ML"}]},{"@type":"WebSite","@id":"https:\/\/demoweb.info\/sexshop001\/#website","url":"https:\/\/demoweb.info\/sexshop001\/","name":"Tienda Er\u00f3tica","description":"DEMOWEB SL","potentialAction":[{"@type":"SearchAction","target":{"@type":"EntryPoint","urlTemplate":"https:\/\/demoweb.info\/sexshop001\/?s={search_term_string}"},"query-input":"required name=search_term_string"}],"inLanguage":"es"}]}},"_links":{"self":[{"href":"https:\/\/demoweb.info\/sexshop001\/wp-json\/wp\/v3\/product\/27389","targetHints":{"allow":["GET"]}}],"collection":[{"href":"https:\/\/demoweb.info\/sexshop001\/wp-json\/wp\/v3\/product"}],"about":[{"href":"https:\/\/demoweb.info\/sexshop001\/wp-json\/wp\/v2\/types\/product"}],"replies":[{"embeddable":true,"href":"https:\/\/demoweb.info\/sexshop001\/wp-json\/wp\/v2\/comments?post=27389"}],"wp:featuredmedia":[{"embeddable":true,"href":"https:\/\/demoweb.info\/sexshop001\/wp-json\/wp\/v2\/media\/27390"}],"wp:attachment":[{"href":"https:\/\/demoweb.info\/sexshop001\/wp-json\/wp\/v2\/media?parent=27389"}],"wp:term":[{"taxonomy":"product_cat","embeddable":true,"href":"https:\/\/demoweb.info\/sexshop001\/wp-json\/wp\/v2\/product_cat?post=27389"},{"taxonomy":"product_tag","embeddable":true,"href":"https:\/\/demoweb.info\/sexshop001\/wp-json\/wp\/v2\/product_tag?post=27389"}],"curies":[{"name":"wp","href":"https:\/\/api.w.org\/{rel}","templated":true}]}}