{"id":27214,"date":"2022-01-22T12:10:47","date_gmt":"2022-01-22T11:10:47","guid":{"rendered":"https:\/\/demoweb.info\/sexshop001\/producto\/keep-me-caged-conjunto-negro-4\/"},"modified":"2022-01-22T12:10:47","modified_gmt":"2022-01-22T11:10:47","slug":"keep-me-caged-conjunto-negro-4","status":"publish","type":"product","link":"https:\/\/demoweb.info\/sexshop001\/producto\/keep-me-caged-conjunto-negro-4\/","title":{"rendered":"KEEP ME CAGED  CONJUNTO- NEGRO"},"content":{"rendered":"<p>KEEP ME CAGED NET BALCONY LINGERIE SET &#8211; BLACK<\/p>\n<p>El juego de lencer\u00eda de dos piezas Keep Me Caged presenta una red con detalles de dise\u00f1o tipo jaula con ribete el\u00e1stico, un sujetador con aros de balc\u00f3n con pantis de pierna alta a combinaci\u00f3n y correas atadas al liguero.<\/p>\n<p>Este producto viene en una caja.<\/p>\n<ul>\n<li>Materiales 95% Poli\u00e9ster, 5% Elastano<\/li>\n<\/ul>\n","protected":false},"excerpt":{"rendered":"<p>KEEP ME CAGED NET BALCONY LINGERIE SET &#8211; BLACK El juego de lencer\u00eda de dos piezas Keep Me Caged presenta<\/p>\n","protected":false},"featured_media":27215,"comment_status":"open","ping_status":"open","template":"","meta":[],"product_cat":[349],"product_tag":[343],"class_list":["post-27214","product","type-product","status-publish","has-post-thumbnail","hentry","product_cat-conjuntos-lenceria","product_tag-forplay"],"bundled_by":[],"bundle_stock_status":"instock","bundle_stock_quantity":1,"bundle_virtual":false,"bundle_layout":"","bundle_add_to_cart_form_location":"","bundle_editable_in_cart":false,"bundle_sold_individually_context":"","bundle_item_grouping":"","bundle_min_size":"","bundle_max_size":"","bundled_items":[],"yoast_head":"<!-- This site is optimized with the Yoast SEO plugin v20.6 - https:\/\/yoast.com\/wordpress\/plugins\/seo\/ -->\n<title>KEEP ME CAGED CONJUNTO- NEGRO - Tienda Er\u00f3tica<\/title>\n<meta name=\"robots\" content=\"noindex, follow, max-snippet:-1, max-image-preview:large, max-video-preview:-1\" \/>\n<meta property=\"og:locale\" content=\"es_ES\" \/>\n<meta property=\"og:type\" content=\"article\" \/>\n<meta property=\"og:title\" content=\"KEEP ME CAGED CONJUNTO- NEGRO - Tienda Er\u00f3tica\" \/>\n<meta property=\"og:description\" content=\"KEEP ME CAGED NET BALCONY LINGERIE SET &#8211; BLACK El juego de lencer\u00eda de dos piezas Keep Me Caged presenta\" \/>\n<meta property=\"og:url\" content=\"https:\/\/demoweb.info\/sexshop001\/producto\/keep-me-caged-conjunto-negro-4\/\" \/>\n<meta property=\"og:site_name\" content=\"Tienda Er\u00f3tica\" \/>\n<meta property=\"og:image\" content=\"https:\/\/demoweb.info\/sexshop001\/wp-content\/uploads\/2022\/01\/KEEP-ME-CAGED-CONJUNTO-NEGRO-5.jpg\" \/>\n\t<meta property=\"og:image:width\" content=\"550\" \/>\n\t<meta property=\"og:image:height\" content=\"550\" \/>\n\t<meta property=\"og:image:type\" content=\"image\/jpeg\" \/>\n<meta name=\"twitter:card\" content=\"summary_large_image\" \/>\n<script type=\"application\/ld+json\" class=\"yoast-schema-graph\">{\"@context\":\"https:\/\/schema.org\",\"@graph\":[{\"@type\":\"WebPage\",\"@id\":\"https:\/\/demoweb.info\/sexshop001\/producto\/keep-me-caged-conjunto-negro-4\/\",\"url\":\"https:\/\/demoweb.info\/sexshop001\/producto\/keep-me-caged-conjunto-negro-4\/\",\"name\":\"KEEP ME CAGED CONJUNTO- NEGRO - Tienda Er\u00f3tica\",\"isPartOf\":{\"@id\":\"https:\/\/demoweb.info\/sexshop001\/#website\"},\"datePublished\":\"2022-01-22T11:10:47+00:00\",\"dateModified\":\"2022-01-22T11:10:47+00:00\",\"breadcrumb\":{\"@id\":\"https:\/\/demoweb.info\/sexshop001\/producto\/keep-me-caged-conjunto-negro-4\/#breadcrumb\"},\"inLanguage\":\"es\",\"potentialAction\":[{\"@type\":\"ReadAction\",\"target\":[\"https:\/\/demoweb.info\/sexshop001\/producto\/keep-me-caged-conjunto-negro-4\/\"]}]},{\"@type\":\"BreadcrumbList\",\"@id\":\"https:\/\/demoweb.info\/sexshop001\/producto\/keep-me-caged-conjunto-negro-4\/#breadcrumb\",\"itemListElement\":[{\"@type\":\"ListItem\",\"position\":1,\"name\":\"Portada\",\"item\":\"https:\/\/demoweb.info\/sexshop001\/\"},{\"@type\":\"ListItem\",\"position\":2,\"name\":\"Tienda\",\"item\":\"https:\/\/demoweb.info\/sexshop001\/tienda\/\"},{\"@type\":\"ListItem\",\"position\":3,\"name\":\"KEEP ME CAGED CONJUNTO- NEGRO\"}]},{\"@type\":\"WebSite\",\"@id\":\"https:\/\/demoweb.info\/sexshop001\/#website\",\"url\":\"https:\/\/demoweb.info\/sexshop001\/\",\"name\":\"Tienda Er\u00f3tica\",\"description\":\"DEMOWEB SL\",\"potentialAction\":[{\"@type\":\"SearchAction\",\"target\":{\"@type\":\"EntryPoint\",\"urlTemplate\":\"https:\/\/demoweb.info\/sexshop001\/?s={search_term_string}\"},\"query-input\":\"required name=search_term_string\"}],\"inLanguage\":\"es\"}]}<\/script>\n<!-- \/ Yoast SEO plugin. -->","yoast_head_json":{"title":"KEEP ME CAGED CONJUNTO- NEGRO - Tienda Er\u00f3tica","robots":{"index":"noindex","follow":"follow","max-snippet":"max-snippet:-1","max-image-preview":"max-image-preview:large","max-video-preview":"max-video-preview:-1"},"og_locale":"es_ES","og_type":"article","og_title":"KEEP ME CAGED CONJUNTO- NEGRO - Tienda Er\u00f3tica","og_description":"KEEP ME CAGED NET BALCONY LINGERIE SET &#8211; BLACK El juego de lencer\u00eda de dos piezas Keep Me Caged presenta","og_url":"https:\/\/demoweb.info\/sexshop001\/producto\/keep-me-caged-conjunto-negro-4\/","og_site_name":"Tienda Er\u00f3tica","og_image":[{"width":550,"height":550,"url":"https:\/\/demoweb.info\/sexshop001\/wp-content\/uploads\/2022\/01\/KEEP-ME-CAGED-CONJUNTO-NEGRO-5.jpg","type":"image\/jpeg"}],"twitter_card":"summary_large_image","schema":{"@context":"https:\/\/schema.org","@graph":[{"@type":"WebPage","@id":"https:\/\/demoweb.info\/sexshop001\/producto\/keep-me-caged-conjunto-negro-4\/","url":"https:\/\/demoweb.info\/sexshop001\/producto\/keep-me-caged-conjunto-negro-4\/","name":"KEEP ME CAGED CONJUNTO- NEGRO - Tienda Er\u00f3tica","isPartOf":{"@id":"https:\/\/demoweb.info\/sexshop001\/#website"},"datePublished":"2022-01-22T11:10:47+00:00","dateModified":"2022-01-22T11:10:47+00:00","breadcrumb":{"@id":"https:\/\/demoweb.info\/sexshop001\/producto\/keep-me-caged-conjunto-negro-4\/#breadcrumb"},"inLanguage":"es","potentialAction":[{"@type":"ReadAction","target":["https:\/\/demoweb.info\/sexshop001\/producto\/keep-me-caged-conjunto-negro-4\/"]}]},{"@type":"BreadcrumbList","@id":"https:\/\/demoweb.info\/sexshop001\/producto\/keep-me-caged-conjunto-negro-4\/#breadcrumb","itemListElement":[{"@type":"ListItem","position":1,"name":"Portada","item":"https:\/\/demoweb.info\/sexshop001\/"},{"@type":"ListItem","position":2,"name":"Tienda","item":"https:\/\/demoweb.info\/sexshop001\/tienda\/"},{"@type":"ListItem","position":3,"name":"KEEP ME CAGED CONJUNTO- NEGRO"}]},{"@type":"WebSite","@id":"https:\/\/demoweb.info\/sexshop001\/#website","url":"https:\/\/demoweb.info\/sexshop001\/","name":"Tienda Er\u00f3tica","description":"DEMOWEB SL","potentialAction":[{"@type":"SearchAction","target":{"@type":"EntryPoint","urlTemplate":"https:\/\/demoweb.info\/sexshop001\/?s={search_term_string}"},"query-input":"required name=search_term_string"}],"inLanguage":"es"}]}},"_links":{"self":[{"href":"https:\/\/demoweb.info\/sexshop001\/wp-json\/wp\/v3\/product\/27214","targetHints":{"allow":["GET"]}}],"collection":[{"href":"https:\/\/demoweb.info\/sexshop001\/wp-json\/wp\/v3\/product"}],"about":[{"href":"https:\/\/demoweb.info\/sexshop001\/wp-json\/wp\/v2\/types\/product"}],"replies":[{"embeddable":true,"href":"https:\/\/demoweb.info\/sexshop001\/wp-json\/wp\/v2\/comments?post=27214"}],"wp:featuredmedia":[{"embeddable":true,"href":"https:\/\/demoweb.info\/sexshop001\/wp-json\/wp\/v2\/media\/27215"}],"wp:attachment":[{"href":"https:\/\/demoweb.info\/sexshop001\/wp-json\/wp\/v2\/media?parent=27214"}],"wp:term":[{"taxonomy":"product_cat","embeddable":true,"href":"https:\/\/demoweb.info\/sexshop001\/wp-json\/wp\/v2\/product_cat?post=27214"},{"taxonomy":"product_tag","embeddable":true,"href":"https:\/\/demoweb.info\/sexshop001\/wp-json\/wp\/v2\/product_tag?post=27214"}],"curies":[{"name":"wp","href":"https:\/\/api.w.org\/{rel}","templated":true}]}}