{"id":26953,"date":"2022-01-22T12:08:01","date_gmt":"2022-01-22T11:08:01","guid":{"rendered":"https:\/\/demoweb.info\/sexshop001\/producto\/seamless-open-blind-short-black-one-size\/"},"modified":"2022-01-22T12:08:13","modified_gmt":"2022-01-22T11:08:13","slug":"seamless-open-blind-short-black-one-size","status":"publish","type":"product","link":"https:\/\/demoweb.info\/sexshop001\/producto\/seamless-open-blind-short-black-one-size\/","title":{"rendered":"SEAMLESS OPEN BLIND SHORT &#8211; BLACK &#8211; ONE SIZE"},"content":{"rendered":"<p><strong>SEAMLESS OPEN BLIND SHORT &#8211; BLACK &#8211; ONE SIZE<\/strong><\/p>\n<p>De la colecci\u00f3n Seamless de Male Power, este estilo incluye: Un mini short con listones recortados alrededor de las caderas para ofrecer un efecto de peek-a-boo.<\/p>\n<p>Tejido sin costuras totalmente el\u00e1stico y de \u00faltima generaci\u00f3n para un ajuste y una comodidad excelentes.<\/p><\/p>\n","protected":false},"excerpt":{"rendered":"<p>SEAMLESS OPEN BLIND SHORT &#8211; BLACK &#8211; ONE SIZE De la colecci\u00f3n Seamless de Male Power, este estilo incluye: Un<\/p>\n","protected":false},"featured_media":26954,"comment_status":"open","ping_status":"open","template":"","meta":[],"product_cat":[979],"product_tag":[1105],"class_list":["post-26953","product","type-product","status-publish","has-post-thumbnail","hentry","product_cat-boxers-para-el-lenceria","product_tag-male-power"],"bundled_by":[],"bundle_stock_status":"outofstock","bundle_stock_quantity":0,"bundle_virtual":false,"bundle_layout":"","bundle_add_to_cart_form_location":"","bundle_editable_in_cart":false,"bundle_sold_individually_context":"","bundle_item_grouping":"","bundle_min_size":"","bundle_max_size":"","bundled_items":[],"yoast_head":"<!-- This site is optimized with the Yoast SEO plugin v20.6 - https:\/\/yoast.com\/wordpress\/plugins\/seo\/ -->\n<title>SEAMLESS OPEN BLIND SHORT - BLACK - ONE SIZE - Tienda Er\u00f3tica<\/title>\n<meta name=\"robots\" content=\"noindex, follow, max-snippet:-1, max-image-preview:large, max-video-preview:-1\" \/>\n<meta property=\"og:locale\" content=\"es_ES\" \/>\n<meta property=\"og:type\" content=\"article\" \/>\n<meta property=\"og:title\" content=\"SEAMLESS OPEN BLIND SHORT - BLACK - ONE SIZE - Tienda Er\u00f3tica\" \/>\n<meta property=\"og:description\" content=\"SEAMLESS OPEN BLIND SHORT &#8211; BLACK &#8211; ONE SIZE De la colecci\u00f3n Seamless de Male Power, este estilo incluye: Un\" \/>\n<meta property=\"og:url\" content=\"https:\/\/demoweb.info\/sexshop001\/producto\/seamless-open-blind-short-black-one-size\/\" \/>\n<meta property=\"og:site_name\" content=\"Tienda Er\u00f3tica\" \/>\n<meta property=\"article:modified_time\" content=\"2022-01-22T11:08:13+00:00\" \/>\n<meta property=\"og:image\" content=\"https:\/\/demoweb.info\/sexshop001\/wp-content\/uploads\/2022\/01\/SEAMLESS-OPEN-BLIND-SHORT-BLACK-ONE-SIZE.jpg\" \/>\n\t<meta property=\"og:image:width\" content=\"550\" \/>\n\t<meta property=\"og:image:height\" content=\"550\" \/>\n\t<meta property=\"og:image:type\" content=\"image\/jpeg\" \/>\n<meta name=\"twitter:card\" content=\"summary_large_image\" \/>\n<script type=\"application\/ld+json\" class=\"yoast-schema-graph\">{\"@context\":\"https:\/\/schema.org\",\"@graph\":[{\"@type\":\"WebPage\",\"@id\":\"https:\/\/demoweb.info\/sexshop001\/producto\/seamless-open-blind-short-black-one-size\/\",\"url\":\"https:\/\/demoweb.info\/sexshop001\/producto\/seamless-open-blind-short-black-one-size\/\",\"name\":\"SEAMLESS OPEN BLIND SHORT - BLACK - ONE SIZE - Tienda Er\u00f3tica\",\"isPartOf\":{\"@id\":\"https:\/\/demoweb.info\/sexshop001\/#website\"},\"datePublished\":\"2022-01-22T11:08:01+00:00\",\"dateModified\":\"2022-01-22T11:08:13+00:00\",\"breadcrumb\":{\"@id\":\"https:\/\/demoweb.info\/sexshop001\/producto\/seamless-open-blind-short-black-one-size\/#breadcrumb\"},\"inLanguage\":\"es\",\"potentialAction\":[{\"@type\":\"ReadAction\",\"target\":[\"https:\/\/demoweb.info\/sexshop001\/producto\/seamless-open-blind-short-black-one-size\/\"]}]},{\"@type\":\"BreadcrumbList\",\"@id\":\"https:\/\/demoweb.info\/sexshop001\/producto\/seamless-open-blind-short-black-one-size\/#breadcrumb\",\"itemListElement\":[{\"@type\":\"ListItem\",\"position\":1,\"name\":\"Portada\",\"item\":\"https:\/\/demoweb.info\/sexshop001\/\"},{\"@type\":\"ListItem\",\"position\":2,\"name\":\"Tienda\",\"item\":\"https:\/\/demoweb.info\/sexshop001\/tienda\/\"},{\"@type\":\"ListItem\",\"position\":3,\"name\":\"SEAMLESS OPEN BLIND SHORT &#8211; BLACK &#8211; ONE SIZE\"}]},{\"@type\":\"WebSite\",\"@id\":\"https:\/\/demoweb.info\/sexshop001\/#website\",\"url\":\"https:\/\/demoweb.info\/sexshop001\/\",\"name\":\"Tienda Er\u00f3tica\",\"description\":\"DEMOWEB SL\",\"potentialAction\":[{\"@type\":\"SearchAction\",\"target\":{\"@type\":\"EntryPoint\",\"urlTemplate\":\"https:\/\/demoweb.info\/sexshop001\/?s={search_term_string}\"},\"query-input\":\"required name=search_term_string\"}],\"inLanguage\":\"es\"}]}<\/script>\n<!-- \/ Yoast SEO plugin. -->","yoast_head_json":{"title":"SEAMLESS OPEN BLIND SHORT - BLACK - ONE SIZE - Tienda Er\u00f3tica","robots":{"index":"noindex","follow":"follow","max-snippet":"max-snippet:-1","max-image-preview":"max-image-preview:large","max-video-preview":"max-video-preview:-1"},"og_locale":"es_ES","og_type":"article","og_title":"SEAMLESS OPEN BLIND SHORT - BLACK - ONE SIZE - Tienda Er\u00f3tica","og_description":"SEAMLESS OPEN BLIND SHORT &#8211; BLACK &#8211; ONE SIZE De la colecci\u00f3n Seamless de Male Power, este estilo incluye: Un","og_url":"https:\/\/demoweb.info\/sexshop001\/producto\/seamless-open-blind-short-black-one-size\/","og_site_name":"Tienda Er\u00f3tica","article_modified_time":"2022-01-22T11:08:13+00:00","og_image":[{"width":550,"height":550,"url":"https:\/\/demoweb.info\/sexshop001\/wp-content\/uploads\/2022\/01\/SEAMLESS-OPEN-BLIND-SHORT-BLACK-ONE-SIZE.jpg","type":"image\/jpeg"}],"twitter_card":"summary_large_image","schema":{"@context":"https:\/\/schema.org","@graph":[{"@type":"WebPage","@id":"https:\/\/demoweb.info\/sexshop001\/producto\/seamless-open-blind-short-black-one-size\/","url":"https:\/\/demoweb.info\/sexshop001\/producto\/seamless-open-blind-short-black-one-size\/","name":"SEAMLESS OPEN BLIND SHORT - BLACK - ONE SIZE - Tienda Er\u00f3tica","isPartOf":{"@id":"https:\/\/demoweb.info\/sexshop001\/#website"},"datePublished":"2022-01-22T11:08:01+00:00","dateModified":"2022-01-22T11:08:13+00:00","breadcrumb":{"@id":"https:\/\/demoweb.info\/sexshop001\/producto\/seamless-open-blind-short-black-one-size\/#breadcrumb"},"inLanguage":"es","potentialAction":[{"@type":"ReadAction","target":["https:\/\/demoweb.info\/sexshop001\/producto\/seamless-open-blind-short-black-one-size\/"]}]},{"@type":"BreadcrumbList","@id":"https:\/\/demoweb.info\/sexshop001\/producto\/seamless-open-blind-short-black-one-size\/#breadcrumb","itemListElement":[{"@type":"ListItem","position":1,"name":"Portada","item":"https:\/\/demoweb.info\/sexshop001\/"},{"@type":"ListItem","position":2,"name":"Tienda","item":"https:\/\/demoweb.info\/sexshop001\/tienda\/"},{"@type":"ListItem","position":3,"name":"SEAMLESS OPEN BLIND SHORT &#8211; BLACK &#8211; ONE SIZE"}]},{"@type":"WebSite","@id":"https:\/\/demoweb.info\/sexshop001\/#website","url":"https:\/\/demoweb.info\/sexshop001\/","name":"Tienda Er\u00f3tica","description":"DEMOWEB SL","potentialAction":[{"@type":"SearchAction","target":{"@type":"EntryPoint","urlTemplate":"https:\/\/demoweb.info\/sexshop001\/?s={search_term_string}"},"query-input":"required name=search_term_string"}],"inLanguage":"es"}]}},"_links":{"self":[{"href":"https:\/\/demoweb.info\/sexshop001\/wp-json\/wp\/v3\/product\/26953","targetHints":{"allow":["GET"]}}],"collection":[{"href":"https:\/\/demoweb.info\/sexshop001\/wp-json\/wp\/v3\/product"}],"about":[{"href":"https:\/\/demoweb.info\/sexshop001\/wp-json\/wp\/v2\/types\/product"}],"replies":[{"embeddable":true,"href":"https:\/\/demoweb.info\/sexshop001\/wp-json\/wp\/v2\/comments?post=26953"}],"wp:featuredmedia":[{"embeddable":true,"href":"https:\/\/demoweb.info\/sexshop001\/wp-json\/wp\/v2\/media\/26954"}],"wp:attachment":[{"href":"https:\/\/demoweb.info\/sexshop001\/wp-json\/wp\/v2\/media?parent=26953"}],"wp:term":[{"taxonomy":"product_cat","embeddable":true,"href":"https:\/\/demoweb.info\/sexshop001\/wp-json\/wp\/v2\/product_cat?post=26953"},{"taxonomy":"product_tag","embeddable":true,"href":"https:\/\/demoweb.info\/sexshop001\/wp-json\/wp\/v2\/product_tag?post=26953"}],"curies":[{"name":"wp","href":"https:\/\/api.w.org\/{rel}","templated":true}]}}