{"id":26768,"date":"2022-01-22T12:06:06","date_gmt":"2022-01-22T11:06:06","guid":{"rendered":"https:\/\/demoweb.info\/sexshop001\/producto\/tanga-con-conrdones-estilo-moonshine-negro\/"},"modified":"2022-01-22T12:06:24","modified_gmt":"2022-01-22T11:06:24","slug":"tanga-con-conrdones-estilo-moonshine-negro","status":"publish","type":"product","link":"https:\/\/demoweb.info\/sexshop001\/producto\/tanga-con-conrdones-estilo-moonshine-negro\/","title":{"rendered":"TANGA CON CONRDONES ESTILO MOONSHINE &#8211; NEGRO"},"content":{"rendered":"<p><strong>LACE UP MOONSHINE &#8211; BLACK &#8211; S\/M<\/strong><\/p>\n<p>De la colecci\u00f3n Black Ice de Male Power, este estilo incluye: un suspensorio con un acabado brillante con una c\u00f3moda bolsa frontal, un recorte en la espalda con cordones decorativos entrecruzados adornados con ojales met\u00e1licos, cinturilla de felpa de dos pulgadas con un moderno Logotipo de Male Power entrelazado.<\/p>\n<p>\u00danico, sutil tejido de mezcla de poli\u00e9ster y spandex con patr\u00f3n de hielo agrietado con un acabado brillante y una cinturilla de felpa de dos pulgadas con la marca.<\/p>\n","protected":false},"excerpt":{"rendered":"<p>LACE UP MOONSHINE &#8211; BLACK &#8211; S\/M De la colecci\u00f3n Black Ice de Male Power, este estilo incluye: un suspensorio<\/p>\n","protected":false},"featured_media":26769,"comment_status":"open","ping_status":"open","template":"","meta":[],"product_cat":[1090],"product_tag":[1105],"class_list":["post-26768","product","type-product","status-publish","has-post-thumbnail","hentry","product_cat-tangas-para-el-lenceria","product_tag-male-power"],"bundled_by":[],"bundle_stock_status":"instock","bundle_stock_quantity":1,"bundle_virtual":false,"bundle_layout":"","bundle_add_to_cart_form_location":"","bundle_editable_in_cart":false,"bundle_sold_individually_context":"","bundle_item_grouping":"","bundle_min_size":"","bundle_max_size":"","bundled_items":[],"yoast_head":"<!-- This site is optimized with the Yoast SEO plugin v20.6 - https:\/\/yoast.com\/wordpress\/plugins\/seo\/ -->\n<title>TANGA CON CONRDONES ESTILO MOONSHINE - NEGRO - Tienda Er\u00f3tica<\/title>\n<meta name=\"robots\" content=\"noindex, follow, max-snippet:-1, max-image-preview:large, max-video-preview:-1\" \/>\n<meta property=\"og:locale\" content=\"es_ES\" \/>\n<meta property=\"og:type\" content=\"article\" \/>\n<meta property=\"og:title\" content=\"TANGA CON CONRDONES ESTILO MOONSHINE - NEGRO - Tienda Er\u00f3tica\" \/>\n<meta property=\"og:description\" content=\"LACE UP MOONSHINE &#8211; BLACK &#8211; S\/M De la colecci\u00f3n Black Ice de Male Power, este estilo incluye: un suspensorio\" \/>\n<meta property=\"og:url\" content=\"https:\/\/demoweb.info\/sexshop001\/producto\/tanga-con-conrdones-estilo-moonshine-negro\/\" \/>\n<meta property=\"og:site_name\" content=\"Tienda Er\u00f3tica\" \/>\n<meta property=\"article:modified_time\" content=\"2022-01-22T11:06:24+00:00\" \/>\n<meta property=\"og:image\" content=\"https:\/\/demoweb.info\/sexshop001\/wp-content\/uploads\/2022\/01\/TANGA-CON-CONRDONES-ESTILO-MOONSHINE-NEGRO.jpg\" \/>\n\t<meta property=\"og:image:width\" content=\"550\" \/>\n\t<meta property=\"og:image:height\" content=\"550\" \/>\n\t<meta property=\"og:image:type\" content=\"image\/jpeg\" \/>\n<meta name=\"twitter:card\" content=\"summary_large_image\" \/>\n<script type=\"application\/ld+json\" class=\"yoast-schema-graph\">{\"@context\":\"https:\/\/schema.org\",\"@graph\":[{\"@type\":\"WebPage\",\"@id\":\"https:\/\/demoweb.info\/sexshop001\/producto\/tanga-con-conrdones-estilo-moonshine-negro\/\",\"url\":\"https:\/\/demoweb.info\/sexshop001\/producto\/tanga-con-conrdones-estilo-moonshine-negro\/\",\"name\":\"TANGA CON CONRDONES ESTILO MOONSHINE - NEGRO - Tienda Er\u00f3tica\",\"isPartOf\":{\"@id\":\"https:\/\/demoweb.info\/sexshop001\/#website\"},\"datePublished\":\"2022-01-22T11:06:06+00:00\",\"dateModified\":\"2022-01-22T11:06:24+00:00\",\"breadcrumb\":{\"@id\":\"https:\/\/demoweb.info\/sexshop001\/producto\/tanga-con-conrdones-estilo-moonshine-negro\/#breadcrumb\"},\"inLanguage\":\"es\",\"potentialAction\":[{\"@type\":\"ReadAction\",\"target\":[\"https:\/\/demoweb.info\/sexshop001\/producto\/tanga-con-conrdones-estilo-moonshine-negro\/\"]}]},{\"@type\":\"BreadcrumbList\",\"@id\":\"https:\/\/demoweb.info\/sexshop001\/producto\/tanga-con-conrdones-estilo-moonshine-negro\/#breadcrumb\",\"itemListElement\":[{\"@type\":\"ListItem\",\"position\":1,\"name\":\"Portada\",\"item\":\"https:\/\/demoweb.info\/sexshop001\/\"},{\"@type\":\"ListItem\",\"position\":2,\"name\":\"Tienda\",\"item\":\"https:\/\/demoweb.info\/sexshop001\/tienda\/\"},{\"@type\":\"ListItem\",\"position\":3,\"name\":\"TANGA CON CONRDONES ESTILO MOONSHINE &#8211; NEGRO\"}]},{\"@type\":\"WebSite\",\"@id\":\"https:\/\/demoweb.info\/sexshop001\/#website\",\"url\":\"https:\/\/demoweb.info\/sexshop001\/\",\"name\":\"Tienda Er\u00f3tica\",\"description\":\"DEMOWEB SL\",\"potentialAction\":[{\"@type\":\"SearchAction\",\"target\":{\"@type\":\"EntryPoint\",\"urlTemplate\":\"https:\/\/demoweb.info\/sexshop001\/?s={search_term_string}\"},\"query-input\":\"required name=search_term_string\"}],\"inLanguage\":\"es\"}]}<\/script>\n<!-- \/ Yoast SEO plugin. -->","yoast_head_json":{"title":"TANGA CON CONRDONES ESTILO MOONSHINE - NEGRO - Tienda Er\u00f3tica","robots":{"index":"noindex","follow":"follow","max-snippet":"max-snippet:-1","max-image-preview":"max-image-preview:large","max-video-preview":"max-video-preview:-1"},"og_locale":"es_ES","og_type":"article","og_title":"TANGA CON CONRDONES ESTILO MOONSHINE - NEGRO - Tienda Er\u00f3tica","og_description":"LACE UP MOONSHINE &#8211; BLACK &#8211; S\/M De la colecci\u00f3n Black Ice de Male Power, este estilo incluye: un suspensorio","og_url":"https:\/\/demoweb.info\/sexshop001\/producto\/tanga-con-conrdones-estilo-moonshine-negro\/","og_site_name":"Tienda Er\u00f3tica","article_modified_time":"2022-01-22T11:06:24+00:00","og_image":[{"width":550,"height":550,"url":"https:\/\/demoweb.info\/sexshop001\/wp-content\/uploads\/2022\/01\/TANGA-CON-CONRDONES-ESTILO-MOONSHINE-NEGRO.jpg","type":"image\/jpeg"}],"twitter_card":"summary_large_image","schema":{"@context":"https:\/\/schema.org","@graph":[{"@type":"WebPage","@id":"https:\/\/demoweb.info\/sexshop001\/producto\/tanga-con-conrdones-estilo-moonshine-negro\/","url":"https:\/\/demoweb.info\/sexshop001\/producto\/tanga-con-conrdones-estilo-moonshine-negro\/","name":"TANGA CON CONRDONES ESTILO MOONSHINE - NEGRO - Tienda Er\u00f3tica","isPartOf":{"@id":"https:\/\/demoweb.info\/sexshop001\/#website"},"datePublished":"2022-01-22T11:06:06+00:00","dateModified":"2022-01-22T11:06:24+00:00","breadcrumb":{"@id":"https:\/\/demoweb.info\/sexshop001\/producto\/tanga-con-conrdones-estilo-moonshine-negro\/#breadcrumb"},"inLanguage":"es","potentialAction":[{"@type":"ReadAction","target":["https:\/\/demoweb.info\/sexshop001\/producto\/tanga-con-conrdones-estilo-moonshine-negro\/"]}]},{"@type":"BreadcrumbList","@id":"https:\/\/demoweb.info\/sexshop001\/producto\/tanga-con-conrdones-estilo-moonshine-negro\/#breadcrumb","itemListElement":[{"@type":"ListItem","position":1,"name":"Portada","item":"https:\/\/demoweb.info\/sexshop001\/"},{"@type":"ListItem","position":2,"name":"Tienda","item":"https:\/\/demoweb.info\/sexshop001\/tienda\/"},{"@type":"ListItem","position":3,"name":"TANGA CON CONRDONES ESTILO MOONSHINE &#8211; NEGRO"}]},{"@type":"WebSite","@id":"https:\/\/demoweb.info\/sexshop001\/#website","url":"https:\/\/demoweb.info\/sexshop001\/","name":"Tienda Er\u00f3tica","description":"DEMOWEB SL","potentialAction":[{"@type":"SearchAction","target":{"@type":"EntryPoint","urlTemplate":"https:\/\/demoweb.info\/sexshop001\/?s={search_term_string}"},"query-input":"required name=search_term_string"}],"inLanguage":"es"}]}},"_links":{"self":[{"href":"https:\/\/demoweb.info\/sexshop001\/wp-json\/wp\/v3\/product\/26768","targetHints":{"allow":["GET"]}}],"collection":[{"href":"https:\/\/demoweb.info\/sexshop001\/wp-json\/wp\/v3\/product"}],"about":[{"href":"https:\/\/demoweb.info\/sexshop001\/wp-json\/wp\/v2\/types\/product"}],"replies":[{"embeddable":true,"href":"https:\/\/demoweb.info\/sexshop001\/wp-json\/wp\/v2\/comments?post=26768"}],"wp:featuredmedia":[{"embeddable":true,"href":"https:\/\/demoweb.info\/sexshop001\/wp-json\/wp\/v2\/media\/26769"}],"wp:attachment":[{"href":"https:\/\/demoweb.info\/sexshop001\/wp-json\/wp\/v2\/media?parent=26768"}],"wp:term":[{"taxonomy":"product_cat","embeddable":true,"href":"https:\/\/demoweb.info\/sexshop001\/wp-json\/wp\/v2\/product_cat?post=26768"},{"taxonomy":"product_tag","embeddable":true,"href":"https:\/\/demoweb.info\/sexshop001\/wp-json\/wp\/v2\/product_tag?post=26768"}],"curies":[{"name":"wp","href":"https:\/\/api.w.org\/{rel}","templated":true}]}}