{"id":26683,"date":"2022-01-22T12:05:34","date_gmt":"2022-01-22T11:05:34","guid":{"rendered":"https:\/\/demoweb.info\/sexshop001\/producto\/fetish-fantasy-pinzas-para-pezones-con-anillo-para-pene\/"},"modified":"2022-01-22T12:05:37","modified_gmt":"2022-01-22T11:05:37","slug":"fetish-fantasy-pinzas-para-pezones-con-anillo-para-pene","status":"publish","type":"product","link":"https:\/\/demoweb.info\/sexshop001\/producto\/fetish-fantasy-pinzas-para-pezones-con-anillo-para-pene\/","title":{"rendered":"FETISH FANTASY PINZAS PARA PEZONES CON ANILLO PARA PENE"},"content":{"rendered":"<p><font size=&quot;1&quot;><b>FETISH FANTASY NIPPLE CLAMPS AND COCKRING SET<\/b>.<\/p>\n<p>Haz que tus pezones disfruten con el placer que les ofrecer\u00e1 este incre\u00edble set de pinzas para pezones y anillo para el pene de 50 mm. Las pinzas en forma de cocodrilo van unidas por cadenas a un anillo para el pene que te ayudar\u00e1 a prolongar las erecciones y retrasar la eyaculaci\u00f3n. Con cada movimiento de las cadenas, las pinzas estimular\u00e1n tus pezones mientras que el anillo te dar\u00e1 energ\u00eda suficiente para aguantar sobradamente tu ronda sexual particular. Las pinzas est\u00e1n recubierta de goma permitiendo que con la acci\u00f3n del momento no se deslicen y permanezcan en su lugar. Adem\u00e1s, disponen de un tornillo para ajustar la presi\u00f3n que se aplica sobre los pezones, as\u00ed como la holgura hacia el anillo se puede ajustar con una correa. Escoge la tensi\u00f3n deseada en las pinzas y disfruta de tus fantas\u00edas fetichistas!<br \/>\n<\/font><\/p>\n","protected":false},"excerpt":{"rendered":"<p>FETISH FANTASY NIPPLE CLAMPS AND COCKRING SET. Haz que tus pezones disfruten con el placer que les ofrecer\u00e1 este incre\u00edble<\/p>\n","protected":false},"featured_media":26684,"comment_status":"open","ping_status":"open","template":"","meta":[],"product_cat":[282],"product_tag":[260,259],"class_list":["post-26683","product","type-product","status-publish","has-post-thumbnail","hentry","product_cat-pinzas-pezones","product_tag-fetish-fantasy-series","product_tag-pipedream"],"bundled_by":[],"bundle_stock_status":"outofstock","bundle_stock_quantity":0,"bundle_virtual":false,"bundle_layout":"","bundle_add_to_cart_form_location":"","bundle_editable_in_cart":false,"bundle_sold_individually_context":"","bundle_item_grouping":"","bundle_min_size":"","bundle_max_size":"","bundled_items":[],"yoast_head":"<!-- This site is optimized with the Yoast SEO plugin v20.6 - https:\/\/yoast.com\/wordpress\/plugins\/seo\/ -->\n<title>FETISH FANTASY PINZAS PARA PEZONES CON ANILLO PARA PENE - Tienda Er\u00f3tica<\/title>\n<meta name=\"robots\" content=\"noindex, follow, max-snippet:-1, max-image-preview:large, max-video-preview:-1\" \/>\n<meta property=\"og:locale\" content=\"es_ES\" \/>\n<meta property=\"og:type\" content=\"article\" \/>\n<meta property=\"og:title\" content=\"FETISH FANTASY PINZAS PARA PEZONES CON ANILLO PARA PENE - Tienda Er\u00f3tica\" \/>\n<meta property=\"og:description\" content=\"FETISH FANTASY NIPPLE CLAMPS AND COCKRING SET. Haz que tus pezones disfruten con el placer que les ofrecer\u00e1 este incre\u00edble\" \/>\n<meta property=\"og:url\" content=\"https:\/\/demoweb.info\/sexshop001\/producto\/fetish-fantasy-pinzas-para-pezones-con-anillo-para-pene\/\" \/>\n<meta property=\"og:site_name\" content=\"Tienda Er\u00f3tica\" \/>\n<meta property=\"article:modified_time\" content=\"2022-01-22T11:05:37+00:00\" \/>\n<meta property=\"og:image\" content=\"https:\/\/demoweb.info\/sexshop001\/wp-content\/uploads\/2022\/01\/FETISH-FANTASY-PINZAS-PARA-PEZONES-CON-ANILLO-PARA-PENE.jpg\" \/>\n\t<meta property=\"og:image:width\" content=\"550\" \/>\n\t<meta property=\"og:image:height\" content=\"550\" \/>\n\t<meta property=\"og:image:type\" content=\"image\/jpeg\" \/>\n<meta name=\"twitter:card\" content=\"summary_large_image\" \/>\n<meta name=\"twitter:label1\" content=\"Tiempo de lectura\" \/>\n\t<meta name=\"twitter:data1\" content=\"1 minuto\" \/>\n<script type=\"application\/ld+json\" class=\"yoast-schema-graph\">{\"@context\":\"https:\/\/schema.org\",\"@graph\":[{\"@type\":\"WebPage\",\"@id\":\"https:\/\/demoweb.info\/sexshop001\/producto\/fetish-fantasy-pinzas-para-pezones-con-anillo-para-pene\/\",\"url\":\"https:\/\/demoweb.info\/sexshop001\/producto\/fetish-fantasy-pinzas-para-pezones-con-anillo-para-pene\/\",\"name\":\"FETISH FANTASY PINZAS PARA PEZONES CON ANILLO PARA PENE - Tienda Er\u00f3tica\",\"isPartOf\":{\"@id\":\"https:\/\/demoweb.info\/sexshop001\/#website\"},\"datePublished\":\"2022-01-22T11:05:34+00:00\",\"dateModified\":\"2022-01-22T11:05:37+00:00\",\"breadcrumb\":{\"@id\":\"https:\/\/demoweb.info\/sexshop001\/producto\/fetish-fantasy-pinzas-para-pezones-con-anillo-para-pene\/#breadcrumb\"},\"inLanguage\":\"es\",\"potentialAction\":[{\"@type\":\"ReadAction\",\"target\":[\"https:\/\/demoweb.info\/sexshop001\/producto\/fetish-fantasy-pinzas-para-pezones-con-anillo-para-pene\/\"]}]},{\"@type\":\"BreadcrumbList\",\"@id\":\"https:\/\/demoweb.info\/sexshop001\/producto\/fetish-fantasy-pinzas-para-pezones-con-anillo-para-pene\/#breadcrumb\",\"itemListElement\":[{\"@type\":\"ListItem\",\"position\":1,\"name\":\"Portada\",\"item\":\"https:\/\/demoweb.info\/sexshop001\/\"},{\"@type\":\"ListItem\",\"position\":2,\"name\":\"Tienda\",\"item\":\"https:\/\/demoweb.info\/sexshop001\/tienda\/\"},{\"@type\":\"ListItem\",\"position\":3,\"name\":\"FETISH FANTASY PINZAS PARA PEZONES CON ANILLO PARA PENE\"}]},{\"@type\":\"WebSite\",\"@id\":\"https:\/\/demoweb.info\/sexshop001\/#website\",\"url\":\"https:\/\/demoweb.info\/sexshop001\/\",\"name\":\"Tienda Er\u00f3tica\",\"description\":\"DEMOWEB SL\",\"potentialAction\":[{\"@type\":\"SearchAction\",\"target\":{\"@type\":\"EntryPoint\",\"urlTemplate\":\"https:\/\/demoweb.info\/sexshop001\/?s={search_term_string}\"},\"query-input\":\"required name=search_term_string\"}],\"inLanguage\":\"es\"}]}<\/script>\n<!-- \/ Yoast SEO plugin. -->","yoast_head_json":{"title":"FETISH FANTASY PINZAS PARA PEZONES CON ANILLO PARA PENE - Tienda Er\u00f3tica","robots":{"index":"noindex","follow":"follow","max-snippet":"max-snippet:-1","max-image-preview":"max-image-preview:large","max-video-preview":"max-video-preview:-1"},"og_locale":"es_ES","og_type":"article","og_title":"FETISH FANTASY PINZAS PARA PEZONES CON ANILLO PARA PENE - Tienda Er\u00f3tica","og_description":"FETISH FANTASY NIPPLE CLAMPS AND COCKRING SET. Haz que tus pezones disfruten con el placer que les ofrecer\u00e1 este incre\u00edble","og_url":"https:\/\/demoweb.info\/sexshop001\/producto\/fetish-fantasy-pinzas-para-pezones-con-anillo-para-pene\/","og_site_name":"Tienda Er\u00f3tica","article_modified_time":"2022-01-22T11:05:37+00:00","og_image":[{"width":550,"height":550,"url":"https:\/\/demoweb.info\/sexshop001\/wp-content\/uploads\/2022\/01\/FETISH-FANTASY-PINZAS-PARA-PEZONES-CON-ANILLO-PARA-PENE.jpg","type":"image\/jpeg"}],"twitter_card":"summary_large_image","twitter_misc":{"Tiempo de lectura":"1 minuto"},"schema":{"@context":"https:\/\/schema.org","@graph":[{"@type":"WebPage","@id":"https:\/\/demoweb.info\/sexshop001\/producto\/fetish-fantasy-pinzas-para-pezones-con-anillo-para-pene\/","url":"https:\/\/demoweb.info\/sexshop001\/producto\/fetish-fantasy-pinzas-para-pezones-con-anillo-para-pene\/","name":"FETISH FANTASY PINZAS PARA PEZONES CON ANILLO PARA PENE - Tienda Er\u00f3tica","isPartOf":{"@id":"https:\/\/demoweb.info\/sexshop001\/#website"},"datePublished":"2022-01-22T11:05:34+00:00","dateModified":"2022-01-22T11:05:37+00:00","breadcrumb":{"@id":"https:\/\/demoweb.info\/sexshop001\/producto\/fetish-fantasy-pinzas-para-pezones-con-anillo-para-pene\/#breadcrumb"},"inLanguage":"es","potentialAction":[{"@type":"ReadAction","target":["https:\/\/demoweb.info\/sexshop001\/producto\/fetish-fantasy-pinzas-para-pezones-con-anillo-para-pene\/"]}]},{"@type":"BreadcrumbList","@id":"https:\/\/demoweb.info\/sexshop001\/producto\/fetish-fantasy-pinzas-para-pezones-con-anillo-para-pene\/#breadcrumb","itemListElement":[{"@type":"ListItem","position":1,"name":"Portada","item":"https:\/\/demoweb.info\/sexshop001\/"},{"@type":"ListItem","position":2,"name":"Tienda","item":"https:\/\/demoweb.info\/sexshop001\/tienda\/"},{"@type":"ListItem","position":3,"name":"FETISH FANTASY PINZAS PARA PEZONES CON ANILLO PARA PENE"}]},{"@type":"WebSite","@id":"https:\/\/demoweb.info\/sexshop001\/#website","url":"https:\/\/demoweb.info\/sexshop001\/","name":"Tienda Er\u00f3tica","description":"DEMOWEB SL","potentialAction":[{"@type":"SearchAction","target":{"@type":"EntryPoint","urlTemplate":"https:\/\/demoweb.info\/sexshop001\/?s={search_term_string}"},"query-input":"required name=search_term_string"}],"inLanguage":"es"}]}},"_links":{"self":[{"href":"https:\/\/demoweb.info\/sexshop001\/wp-json\/wp\/v3\/product\/26683","targetHints":{"allow":["GET"]}}],"collection":[{"href":"https:\/\/demoweb.info\/sexshop001\/wp-json\/wp\/v3\/product"}],"about":[{"href":"https:\/\/demoweb.info\/sexshop001\/wp-json\/wp\/v2\/types\/product"}],"replies":[{"embeddable":true,"href":"https:\/\/demoweb.info\/sexshop001\/wp-json\/wp\/v2\/comments?post=26683"}],"wp:featuredmedia":[{"embeddable":true,"href":"https:\/\/demoweb.info\/sexshop001\/wp-json\/wp\/v2\/media\/26684"}],"wp:attachment":[{"href":"https:\/\/demoweb.info\/sexshop001\/wp-json\/wp\/v2\/media?parent=26683"}],"wp:term":[{"taxonomy":"product_cat","embeddable":true,"href":"https:\/\/demoweb.info\/sexshop001\/wp-json\/wp\/v2\/product_cat?post=26683"},{"taxonomy":"product_tag","embeddable":true,"href":"https:\/\/demoweb.info\/sexshop001\/wp-json\/wp\/v2\/product_tag?post=26683"}],"curies":[{"name":"wp","href":"https:\/\/api.w.org\/{rel}","templated":true}]}}