{"id":26427,"date":"2022-01-22T12:03:08","date_gmt":"2022-01-22T11:03:08","guid":{"rendered":"https:\/\/demoweb.info\/sexshop001\/producto\/pene-con-testiculos-22-cm-silicona-control-remoto-vibrante-fles\/"},"modified":"2022-01-22T12:03:08","modified_gmt":"2022-01-22T11:03:08","slug":"pene-con-testiculos-22-cm-silicona-control-remoto-vibrante-fles","status":"publish","type":"product","link":"https:\/\/demoweb.info\/sexshop001\/producto\/pene-con-testiculos-22-cm-silicona-control-remoto-vibrante-fles\/","title":{"rendered":"PENE CON TESTICULOS 22 CM  SILICONA CONTROL REMOTO VIBRANTE &#8211; FLES"},"content":{"rendered":"<p><strong>9 INCH VIBRATING REMOTE CONTROL SILICONE DILDO WITH BALLS &#8211; FLES<\/strong><\/p>\n<p>\u00a1Sum\u00e9rjase con un consolador vibrador a control remoto que es realmente el paquete completo!<\/p>\n<p>La cabeza f\u00e1lica, el eje esculpido y el escroto alegre se ven y se sienten como si fueran reales, mientras que 7 patrones vibran en 3 niveles de fuerza, \u00a1para un total de 21 funciones de vibraci\u00f3n!<\/p>\n<p>\u00daselo con o sin el control remoto, que brinda m\u00e1s comodidad durante el juego en solitario y una din\u00e1mica de poder emocionante durante el juego en pareja.<\/p>\n<p>La base fuerte de la ventosa le permite montarlo en una superficie lisa y dura y llevarlo a dar un paseo, pero tambi\u00e9n es compatible con arn\u00e9s para jugar con correa.<\/p>\n<p>\u00a1La herramienta de placer impermeable se puede llevar incluso a la ba\u00f1era o la ducha para disfrutar de una diversi\u00f3n h\u00fameda y llena de vapor!<\/p>\n<p>Este material premium no es poroso y no contiene ftalatos para brindar una experiencia segura para el cuerpo, pero no es compatible con lubricantes de silicona.<\/p>\n<p>Curve Toys es conocida por su f\u00f3rmula de piel biol\u00f3gica ultra realista que se utiliza para crear los mejores consoladores y juguetes para adultos del mundo. Fabrican sus r\u00e9plicas de productos para adultos en los EE. UU.<\/p>\n<p>Con materiales de primera calidad, libres de ftalatos y respetuosos con el cuerpo. Su mezcla patentada de bio-piel se mezcla internamente, lo que los convierte en l\u00edderes en salud sexual.<\/p>\n<p>Todos los productos son inspeccionados para una funcionalidad superior de modo que representen el valor, la calidad y la innovaci\u00f3n desde la f\u00e1brica hasta el dormitorio. Integrado por expertos con m\u00e1s de 60 a\u00f1os acumulados en la fabricaci\u00f3n de adultos, Curve Toys es la combinaci\u00f3n perfecta de pasi\u00f3n, creatividad y experiencia; en resumen, conocemos el placer.<\/p>\n<ul>\n<li>Longitud insertable 17,8 cm<\/li>\n<li>Cantidad de motores 1<\/li>\n<li>Tipos de velocidad 7<\/li>\n<li>Velocidad m\u00faltiple S\u00ed<\/li>\n<li>Se requieren bater\u00edas 1<\/li>\n<li>Tipo de bater\u00edas CR2032<\/li>\n<li>Bater\u00edas incluidas S\u00ed<\/li>\n<li>S\u00ed Recargable<\/li>\n<li>Tiempo de recarga 120 min<\/li>\n<li>Vida de la recarga de las bater\u00edas 50 min<\/li>\n<li>A prueba de agua S\u00ed<\/li>\n<li>A prueba de salpicaduras S\u00ed<\/li>\n<li>Libre de ftalato S\u00ed<\/li>\n<li>Materiales Silicona <\/li>\n<\/ul>\n","protected":false},"excerpt":{"rendered":"<p>9 INCH VIBRATING REMOTE CONTROL SILICONE DILDO WITH BALLS &#8211; FLES \u00a1Sum\u00e9rjase con un consolador vibrador a control remoto que<\/p>\n","protected":false},"featured_media":26428,"comment_status":"open","ping_status":"open","template":"","meta":[],"product_cat":[317],"product_tag":[857],"class_list":["post-26427","product","type-product","status-publish","has-post-thumbnail","hentry","product_cat-con-vibrador","product_tag-curve-toys"],"bundled_by":[],"bundle_stock_status":"instock","bundle_stock_quantity":1,"bundle_virtual":false,"bundle_layout":"","bundle_add_to_cart_form_location":"","bundle_editable_in_cart":false,"bundle_sold_individually_context":"","bundle_item_grouping":"","bundle_min_size":"","bundle_max_size":"","bundled_items":[],"yoast_head":"<!-- This site is optimized with the Yoast SEO plugin v20.6 - https:\/\/yoast.com\/wordpress\/plugins\/seo\/ -->\n<title>PENE CON TESTICULOS 22 CM SILICONA CONTROL REMOTO VIBRANTE - FLES - Tienda Er\u00f3tica<\/title>\n<meta name=\"robots\" content=\"noindex, follow, max-snippet:-1, max-image-preview:large, max-video-preview:-1\" \/>\n<meta property=\"og:locale\" content=\"es_ES\" \/>\n<meta property=\"og:type\" content=\"article\" \/>\n<meta property=\"og:title\" content=\"PENE CON TESTICULOS 22 CM SILICONA CONTROL REMOTO VIBRANTE - FLES - Tienda Er\u00f3tica\" \/>\n<meta property=\"og:description\" content=\"9 INCH VIBRATING REMOTE CONTROL SILICONE DILDO WITH BALLS &#8211; FLES \u00a1Sum\u00e9rjase con un consolador vibrador a control remoto que\" \/>\n<meta property=\"og:url\" content=\"https:\/\/demoweb.info\/sexshop001\/producto\/pene-con-testiculos-22-cm-silicona-control-remoto-vibrante-fles\/\" \/>\n<meta property=\"og:site_name\" content=\"Tienda Er\u00f3tica\" \/>\n<meta property=\"og:image\" content=\"https:\/\/demoweb.info\/sexshop001\/wp-content\/uploads\/2022\/01\/PENE-CON-TESTICULOS-22-CM-SILICONA-CONTROL-REMOTO-VIBRANTE-FLES.jpg\" \/>\n\t<meta property=\"og:image:width\" content=\"550\" \/>\n\t<meta property=\"og:image:height\" content=\"550\" \/>\n\t<meta property=\"og:image:type\" content=\"image\/jpeg\" \/>\n<meta name=\"twitter:card\" content=\"summary_large_image\" \/>\n<meta name=\"twitter:label1\" content=\"Tiempo de lectura\" \/>\n\t<meta name=\"twitter:data1\" content=\"2 minutos\" \/>\n<script type=\"application\/ld+json\" class=\"yoast-schema-graph\">{\"@context\":\"https:\/\/schema.org\",\"@graph\":[{\"@type\":\"WebPage\",\"@id\":\"https:\/\/demoweb.info\/sexshop001\/producto\/pene-con-testiculos-22-cm-silicona-control-remoto-vibrante-fles\/\",\"url\":\"https:\/\/demoweb.info\/sexshop001\/producto\/pene-con-testiculos-22-cm-silicona-control-remoto-vibrante-fles\/\",\"name\":\"PENE CON TESTICULOS 22 CM SILICONA CONTROL REMOTO VIBRANTE - FLES - Tienda Er\u00f3tica\",\"isPartOf\":{\"@id\":\"https:\/\/demoweb.info\/sexshop001\/#website\"},\"datePublished\":\"2022-01-22T11:03:08+00:00\",\"dateModified\":\"2022-01-22T11:03:08+00:00\",\"breadcrumb\":{\"@id\":\"https:\/\/demoweb.info\/sexshop001\/producto\/pene-con-testiculos-22-cm-silicona-control-remoto-vibrante-fles\/#breadcrumb\"},\"inLanguage\":\"es\",\"potentialAction\":[{\"@type\":\"ReadAction\",\"target\":[\"https:\/\/demoweb.info\/sexshop001\/producto\/pene-con-testiculos-22-cm-silicona-control-remoto-vibrante-fles\/\"]}]},{\"@type\":\"BreadcrumbList\",\"@id\":\"https:\/\/demoweb.info\/sexshop001\/producto\/pene-con-testiculos-22-cm-silicona-control-remoto-vibrante-fles\/#breadcrumb\",\"itemListElement\":[{\"@type\":\"ListItem\",\"position\":1,\"name\":\"Portada\",\"item\":\"https:\/\/demoweb.info\/sexshop001\/\"},{\"@type\":\"ListItem\",\"position\":2,\"name\":\"Tienda\",\"item\":\"https:\/\/demoweb.info\/sexshop001\/tienda\/\"},{\"@type\":\"ListItem\",\"position\":3,\"name\":\"PENE CON TESTICULOS 22 CM SILICONA CONTROL REMOTO VIBRANTE &#8211; FLES\"}]},{\"@type\":\"WebSite\",\"@id\":\"https:\/\/demoweb.info\/sexshop001\/#website\",\"url\":\"https:\/\/demoweb.info\/sexshop001\/\",\"name\":\"Tienda Er\u00f3tica\",\"description\":\"DEMOWEB SL\",\"potentialAction\":[{\"@type\":\"SearchAction\",\"target\":{\"@type\":\"EntryPoint\",\"urlTemplate\":\"https:\/\/demoweb.info\/sexshop001\/?s={search_term_string}\"},\"query-input\":\"required name=search_term_string\"}],\"inLanguage\":\"es\"}]}<\/script>\n<!-- \/ Yoast SEO plugin. -->","yoast_head_json":{"title":"PENE CON TESTICULOS 22 CM SILICONA CONTROL REMOTO VIBRANTE - FLES - Tienda Er\u00f3tica","robots":{"index":"noindex","follow":"follow","max-snippet":"max-snippet:-1","max-image-preview":"max-image-preview:large","max-video-preview":"max-video-preview:-1"},"og_locale":"es_ES","og_type":"article","og_title":"PENE CON TESTICULOS 22 CM SILICONA CONTROL REMOTO VIBRANTE - FLES - Tienda Er\u00f3tica","og_description":"9 INCH VIBRATING REMOTE CONTROL SILICONE DILDO WITH BALLS &#8211; FLES \u00a1Sum\u00e9rjase con un consolador vibrador a control remoto que","og_url":"https:\/\/demoweb.info\/sexshop001\/producto\/pene-con-testiculos-22-cm-silicona-control-remoto-vibrante-fles\/","og_site_name":"Tienda Er\u00f3tica","og_image":[{"width":550,"height":550,"url":"https:\/\/demoweb.info\/sexshop001\/wp-content\/uploads\/2022\/01\/PENE-CON-TESTICULOS-22-CM-SILICONA-CONTROL-REMOTO-VIBRANTE-FLES.jpg","type":"image\/jpeg"}],"twitter_card":"summary_large_image","twitter_misc":{"Tiempo de lectura":"2 minutos"},"schema":{"@context":"https:\/\/schema.org","@graph":[{"@type":"WebPage","@id":"https:\/\/demoweb.info\/sexshop001\/producto\/pene-con-testiculos-22-cm-silicona-control-remoto-vibrante-fles\/","url":"https:\/\/demoweb.info\/sexshop001\/producto\/pene-con-testiculos-22-cm-silicona-control-remoto-vibrante-fles\/","name":"PENE CON TESTICULOS 22 CM SILICONA CONTROL REMOTO VIBRANTE - FLES - Tienda Er\u00f3tica","isPartOf":{"@id":"https:\/\/demoweb.info\/sexshop001\/#website"},"datePublished":"2022-01-22T11:03:08+00:00","dateModified":"2022-01-22T11:03:08+00:00","breadcrumb":{"@id":"https:\/\/demoweb.info\/sexshop001\/producto\/pene-con-testiculos-22-cm-silicona-control-remoto-vibrante-fles\/#breadcrumb"},"inLanguage":"es","potentialAction":[{"@type":"ReadAction","target":["https:\/\/demoweb.info\/sexshop001\/producto\/pene-con-testiculos-22-cm-silicona-control-remoto-vibrante-fles\/"]}]},{"@type":"BreadcrumbList","@id":"https:\/\/demoweb.info\/sexshop001\/producto\/pene-con-testiculos-22-cm-silicona-control-remoto-vibrante-fles\/#breadcrumb","itemListElement":[{"@type":"ListItem","position":1,"name":"Portada","item":"https:\/\/demoweb.info\/sexshop001\/"},{"@type":"ListItem","position":2,"name":"Tienda","item":"https:\/\/demoweb.info\/sexshop001\/tienda\/"},{"@type":"ListItem","position":3,"name":"PENE CON TESTICULOS 22 CM SILICONA CONTROL REMOTO VIBRANTE &#8211; FLES"}]},{"@type":"WebSite","@id":"https:\/\/demoweb.info\/sexshop001\/#website","url":"https:\/\/demoweb.info\/sexshop001\/","name":"Tienda Er\u00f3tica","description":"DEMOWEB SL","potentialAction":[{"@type":"SearchAction","target":{"@type":"EntryPoint","urlTemplate":"https:\/\/demoweb.info\/sexshop001\/?s={search_term_string}"},"query-input":"required name=search_term_string"}],"inLanguage":"es"}]}},"_links":{"self":[{"href":"https:\/\/demoweb.info\/sexshop001\/wp-json\/wp\/v3\/product\/26427","targetHints":{"allow":["GET"]}}],"collection":[{"href":"https:\/\/demoweb.info\/sexshop001\/wp-json\/wp\/v3\/product"}],"about":[{"href":"https:\/\/demoweb.info\/sexshop001\/wp-json\/wp\/v2\/types\/product"}],"replies":[{"embeddable":true,"href":"https:\/\/demoweb.info\/sexshop001\/wp-json\/wp\/v2\/comments?post=26427"}],"wp:featuredmedia":[{"embeddable":true,"href":"https:\/\/demoweb.info\/sexshop001\/wp-json\/wp\/v2\/media\/26428"}],"wp:attachment":[{"href":"https:\/\/demoweb.info\/sexshop001\/wp-json\/wp\/v2\/media?parent=26427"}],"wp:term":[{"taxonomy":"product_cat","embeddable":true,"href":"https:\/\/demoweb.info\/sexshop001\/wp-json\/wp\/v2\/product_cat?post=26427"},{"taxonomy":"product_tag","embeddable":true,"href":"https:\/\/demoweb.info\/sexshop001\/wp-json\/wp\/v2\/product_tag?post=26427"}],"curies":[{"name":"wp","href":"https:\/\/api.w.org\/{rel}","templated":true}]}}