{"id":26377,"date":"2022-01-22T12:02:39","date_gmt":"2022-01-22T11:02:39","guid":{"rendered":"https:\/\/demoweb.info\/sexshop001\/producto\/maddie-vibrador-estilo-misionero-vanilla\/"},"modified":"2022-01-22T12:02:41","modified_gmt":"2022-01-22T11:02:41","slug":"maddie-vibrador-estilo-misionero-vanilla","status":"publish","type":"product","link":"https:\/\/demoweb.info\/sexshop001\/producto\/maddie-vibrador-estilo-misionero-vanilla\/","title":{"rendered":"MADDIE VIBRADOR ESTILO MISIONERO &#8211; VANILLA"},"content":{"rendered":"<p><strong>MADDIE VIBRATING BUTT MISSIONARY &#8211; VANILLA<\/strong><\/p>\n<p>La vagina detallada y pintada a mano tiene un agarre firme y tiene una textura interna protuberante para una sensaci\u00f3n intensa. \u00a1La entrada realista se siente como si fuera real! <br \/>\nLa piel s\u00faper suave y flexible sin ftalatos ni l\u00e1tex se fabrica en los EE. UU. Con materiales de calidad. Se incluye un huevo vibrador de 10 funciones para una sensaci\u00f3n de chisporroteo a\u00fan mayor. El dise\u00f1o abierto facilita la limpieza. \n <\/p>\n<p>Curve Toys es conocido por su f\u00f3rmula de piel biol\u00f3gica ultrarrealista que se utiliza para crear los mejores consoladores y juguetes para adultos del mundo. Fabrican sus r\u00e9plicas de productos para adultos en los EE. UU. Con materiales de primera calidad, libres de ftalatos y respetuosos con el cuerpo. Su mezcla patentada de bio-piel se mezcla internamente, lo que los convierte en l\u00edderes en salud sexual. Todos los productos son inspeccionados para una funcionalidad superior de modo que representen el valor, la calidad y la innovaci\u00f3n desde la f\u00e1brica hasta el dormitorio. Integrado por expertos con m\u00e1s de 60 a\u00f1os acumulados en la fabricaci\u00f3n de adultos, Curve Toys es la combinaci\u00f3n perfecta de pasi\u00f3n, creatividad y experiencia; en resumen, conocemos el placer.<\/p>\n","protected":false},"excerpt":{"rendered":"<p>MADDIE VIBRATING BUTT MISSIONARY &#8211; VANILLA La vagina detallada y pintada a mano tiene un agarre firme y tiene una<\/p>\n","protected":false},"featured_media":26378,"comment_status":"open","ping_status":"open","template":"","meta":[],"product_cat":[560],"product_tag":[857],"class_list":["post-26377","product","type-product","status-publish","has-post-thumbnail","hentry","product_cat-vaginas-y-anos","product_tag-curve-toys"],"bundled_by":[],"bundle_stock_status":"instock","bundle_stock_quantity":1,"bundle_virtual":false,"bundle_layout":"","bundle_add_to_cart_form_location":"","bundle_editable_in_cart":false,"bundle_sold_individually_context":"","bundle_item_grouping":"","bundle_min_size":"","bundle_max_size":"","bundled_items":[],"yoast_head":"<!-- This site is optimized with the Yoast SEO plugin v20.6 - https:\/\/yoast.com\/wordpress\/plugins\/seo\/ -->\n<title>MADDIE VIBRADOR ESTILO MISIONERO - VANILLA - Tienda Er\u00f3tica<\/title>\n<meta name=\"robots\" content=\"noindex, follow, max-snippet:-1, max-image-preview:large, max-video-preview:-1\" \/>\n<meta property=\"og:locale\" content=\"es_ES\" \/>\n<meta property=\"og:type\" content=\"article\" \/>\n<meta property=\"og:title\" content=\"MADDIE VIBRADOR ESTILO MISIONERO - VANILLA - Tienda Er\u00f3tica\" \/>\n<meta property=\"og:description\" content=\"MADDIE VIBRATING BUTT MISSIONARY &#8211; VANILLA La vagina detallada y pintada a mano tiene un agarre firme y tiene una\" \/>\n<meta property=\"og:url\" content=\"https:\/\/demoweb.info\/sexshop001\/producto\/maddie-vibrador-estilo-misionero-vanilla\/\" \/>\n<meta property=\"og:site_name\" content=\"Tienda Er\u00f3tica\" \/>\n<meta property=\"article:modified_time\" content=\"2022-01-22T11:02:41+00:00\" \/>\n<meta property=\"og:image\" content=\"https:\/\/demoweb.info\/sexshop001\/wp-content\/uploads\/2022\/01\/MADDIE-VIBRADOR-ESTILO-MISIONERO-VANILLA.jpg\" \/>\n\t<meta property=\"og:image:width\" content=\"550\" \/>\n\t<meta property=\"og:image:height\" content=\"550\" \/>\n\t<meta property=\"og:image:type\" content=\"image\/jpeg\" \/>\n<meta name=\"twitter:card\" content=\"summary_large_image\" \/>\n<meta name=\"twitter:label1\" content=\"Tiempo de lectura\" \/>\n\t<meta name=\"twitter:data1\" content=\"1 minuto\" \/>\n<script type=\"application\/ld+json\" class=\"yoast-schema-graph\">{\"@context\":\"https:\/\/schema.org\",\"@graph\":[{\"@type\":\"WebPage\",\"@id\":\"https:\/\/demoweb.info\/sexshop001\/producto\/maddie-vibrador-estilo-misionero-vanilla\/\",\"url\":\"https:\/\/demoweb.info\/sexshop001\/producto\/maddie-vibrador-estilo-misionero-vanilla\/\",\"name\":\"MADDIE VIBRADOR ESTILO MISIONERO - VANILLA - Tienda Er\u00f3tica\",\"isPartOf\":{\"@id\":\"https:\/\/demoweb.info\/sexshop001\/#website\"},\"datePublished\":\"2022-01-22T11:02:39+00:00\",\"dateModified\":\"2022-01-22T11:02:41+00:00\",\"breadcrumb\":{\"@id\":\"https:\/\/demoweb.info\/sexshop001\/producto\/maddie-vibrador-estilo-misionero-vanilla\/#breadcrumb\"},\"inLanguage\":\"es\",\"potentialAction\":[{\"@type\":\"ReadAction\",\"target\":[\"https:\/\/demoweb.info\/sexshop001\/producto\/maddie-vibrador-estilo-misionero-vanilla\/\"]}]},{\"@type\":\"BreadcrumbList\",\"@id\":\"https:\/\/demoweb.info\/sexshop001\/producto\/maddie-vibrador-estilo-misionero-vanilla\/#breadcrumb\",\"itemListElement\":[{\"@type\":\"ListItem\",\"position\":1,\"name\":\"Portada\",\"item\":\"https:\/\/demoweb.info\/sexshop001\/\"},{\"@type\":\"ListItem\",\"position\":2,\"name\":\"Tienda\",\"item\":\"https:\/\/demoweb.info\/sexshop001\/tienda\/\"},{\"@type\":\"ListItem\",\"position\":3,\"name\":\"MADDIE VIBRADOR ESTILO MISIONERO &#8211; VANILLA\"}]},{\"@type\":\"WebSite\",\"@id\":\"https:\/\/demoweb.info\/sexshop001\/#website\",\"url\":\"https:\/\/demoweb.info\/sexshop001\/\",\"name\":\"Tienda Er\u00f3tica\",\"description\":\"DEMOWEB SL\",\"potentialAction\":[{\"@type\":\"SearchAction\",\"target\":{\"@type\":\"EntryPoint\",\"urlTemplate\":\"https:\/\/demoweb.info\/sexshop001\/?s={search_term_string}\"},\"query-input\":\"required name=search_term_string\"}],\"inLanguage\":\"es\"}]}<\/script>\n<!-- \/ Yoast SEO plugin. -->","yoast_head_json":{"title":"MADDIE VIBRADOR ESTILO MISIONERO - VANILLA - Tienda Er\u00f3tica","robots":{"index":"noindex","follow":"follow","max-snippet":"max-snippet:-1","max-image-preview":"max-image-preview:large","max-video-preview":"max-video-preview:-1"},"og_locale":"es_ES","og_type":"article","og_title":"MADDIE VIBRADOR ESTILO MISIONERO - VANILLA - Tienda Er\u00f3tica","og_description":"MADDIE VIBRATING BUTT MISSIONARY &#8211; VANILLA La vagina detallada y pintada a mano tiene un agarre firme y tiene una","og_url":"https:\/\/demoweb.info\/sexshop001\/producto\/maddie-vibrador-estilo-misionero-vanilla\/","og_site_name":"Tienda Er\u00f3tica","article_modified_time":"2022-01-22T11:02:41+00:00","og_image":[{"width":550,"height":550,"url":"https:\/\/demoweb.info\/sexshop001\/wp-content\/uploads\/2022\/01\/MADDIE-VIBRADOR-ESTILO-MISIONERO-VANILLA.jpg","type":"image\/jpeg"}],"twitter_card":"summary_large_image","twitter_misc":{"Tiempo de lectura":"1 minuto"},"schema":{"@context":"https:\/\/schema.org","@graph":[{"@type":"WebPage","@id":"https:\/\/demoweb.info\/sexshop001\/producto\/maddie-vibrador-estilo-misionero-vanilla\/","url":"https:\/\/demoweb.info\/sexshop001\/producto\/maddie-vibrador-estilo-misionero-vanilla\/","name":"MADDIE VIBRADOR ESTILO MISIONERO - VANILLA - Tienda Er\u00f3tica","isPartOf":{"@id":"https:\/\/demoweb.info\/sexshop001\/#website"},"datePublished":"2022-01-22T11:02:39+00:00","dateModified":"2022-01-22T11:02:41+00:00","breadcrumb":{"@id":"https:\/\/demoweb.info\/sexshop001\/producto\/maddie-vibrador-estilo-misionero-vanilla\/#breadcrumb"},"inLanguage":"es","potentialAction":[{"@type":"ReadAction","target":["https:\/\/demoweb.info\/sexshop001\/producto\/maddie-vibrador-estilo-misionero-vanilla\/"]}]},{"@type":"BreadcrumbList","@id":"https:\/\/demoweb.info\/sexshop001\/producto\/maddie-vibrador-estilo-misionero-vanilla\/#breadcrumb","itemListElement":[{"@type":"ListItem","position":1,"name":"Portada","item":"https:\/\/demoweb.info\/sexshop001\/"},{"@type":"ListItem","position":2,"name":"Tienda","item":"https:\/\/demoweb.info\/sexshop001\/tienda\/"},{"@type":"ListItem","position":3,"name":"MADDIE VIBRADOR ESTILO MISIONERO &#8211; VANILLA"}]},{"@type":"WebSite","@id":"https:\/\/demoweb.info\/sexshop001\/#website","url":"https:\/\/demoweb.info\/sexshop001\/","name":"Tienda Er\u00f3tica","description":"DEMOWEB SL","potentialAction":[{"@type":"SearchAction","target":{"@type":"EntryPoint","urlTemplate":"https:\/\/demoweb.info\/sexshop001\/?s={search_term_string}"},"query-input":"required name=search_term_string"}],"inLanguage":"es"}]}},"_links":{"self":[{"href":"https:\/\/demoweb.info\/sexshop001\/wp-json\/wp\/v3\/product\/26377","targetHints":{"allow":["GET"]}}],"collection":[{"href":"https:\/\/demoweb.info\/sexshop001\/wp-json\/wp\/v3\/product"}],"about":[{"href":"https:\/\/demoweb.info\/sexshop001\/wp-json\/wp\/v2\/types\/product"}],"replies":[{"embeddable":true,"href":"https:\/\/demoweb.info\/sexshop001\/wp-json\/wp\/v2\/comments?post=26377"}],"wp:featuredmedia":[{"embeddable":true,"href":"https:\/\/demoweb.info\/sexshop001\/wp-json\/wp\/v2\/media\/26378"}],"wp:attachment":[{"href":"https:\/\/demoweb.info\/sexshop001\/wp-json\/wp\/v2\/media?parent=26377"}],"wp:term":[{"taxonomy":"product_cat","embeddable":true,"href":"https:\/\/demoweb.info\/sexshop001\/wp-json\/wp\/v2\/product_cat?post=26377"},{"taxonomy":"product_tag","embeddable":true,"href":"https:\/\/demoweb.info\/sexshop001\/wp-json\/wp\/v2\/product_tag?post=26377"}],"curies":[{"name":"wp","href":"https:\/\/api.w.org\/{rel}","templated":true}]}}