{"id":26278,"date":"2022-01-22T12:01:23","date_gmt":"2022-01-22T11:01:23","guid":{"rendered":"https:\/\/demoweb.info\/sexshop001\/producto\/20-cm-bareskin-dildo-oscuro\/"},"modified":"2022-01-22T12:01:28","modified_gmt":"2022-01-22T11:01:28","slug":"20-cm-bareskin-dildo-oscuro","status":"publish","type":"product","link":"https:\/\/demoweb.info\/sexshop001\/producto\/20-cm-bareskin-dildo-oscuro\/","title":{"rendered":"20 CM  BARESKIN DILDO &#8211; OSCURO"},"content":{"rendered":"<p><strong>8 INCH BARESKIN DILDO &#8211; DARK<\/strong><\/p>\n<p>Este consolador ultra realista es suave, firme, ultraduradero y est\u00e1 listo para cualquier cosa que puedas arrojarle. \u00a1El material Bareskin de primera calidad est\u00e1 meticulosamente elaborado a mano y formulado para imitar la textura y la firmeza reales de lo real! \u00bfCrees que puedes tomar los 20cm de este chico carnoso?<\/p>\n<p>Inserta este dong en su agujero y apri\u00e9telo contra su textura realista, cabeza definida y eje perfectamente firme. La fuerte base de la ventosa hace que sea f\u00e1cil de montar en una superficie plana y lisa o en su correa favorita en el arn\u00e9s para que pueda conectar a su pareja con algo casi mejor que una polla real.<\/p>\n<p>Satisface su ansia de una buen pene de confianza: los Dildo de Bareskin est\u00e1n hechos con materiales completamente libres de ftalatos y seguros para el cuerpo que se obtienen de manera responsable en los EE. UU., Para que pueda jugar con tranquilidad. \u00a1Estos dongs realistas tambi\u00e9n est\u00e1n libres de l\u00e1tex para aquellos con sensibilidad al l\u00e1tex!<\/p>\n<p>Curve Toys es conocido por su f\u00f3rmula de piel biol\u00f3gica ultrarrealista que se utiliza para crear los mejores consoladores y juguetes para adultos del mundo. Fabrican sus r\u00e9plicas de productos para adultos solo con materiales de origen estadounidense, sin ftalatos y respetuosos con el cuerpo. Su propiedad BioSkin los convierte en l\u00edderes en salud sexual. Todos los productos son inspeccionados para una funcionalidad superior de modo que representen el valor, la calidad y la innovaci\u00f3n desde la f\u00e1brica hasta el dormitorio. Integrado por expertos con m\u00e1s de 60 a\u00f1os acumulados en la fabricaci\u00f3n de adultos, Curve Toys es la combinaci\u00f3n perfecta de pasi\u00f3n, creatividad y experiencia; en resumen, conocemos el placer.<\/p>\n","protected":false},"excerpt":{"rendered":"<p>8 INCH BARESKIN DILDO &#8211; DARK Este consolador ultra realista es suave, firme, ultraduradero y est\u00e1 listo para cualquier cosa<\/p>\n","protected":false},"featured_media":26279,"comment_status":"open","ping_status":"open","template":"","meta":[],"product_cat":[340],"product_tag":[857],"class_list":["post-26278","product","type-product","status-publish","has-post-thumbnail","hentry","product_cat-silicona-dildos","product_tag-curve-toys"],"bundled_by":[],"bundle_stock_status":"instock","bundle_stock_quantity":1,"bundle_virtual":false,"bundle_layout":"","bundle_add_to_cart_form_location":"","bundle_editable_in_cart":false,"bundle_sold_individually_context":"","bundle_item_grouping":"","bundle_min_size":"","bundle_max_size":"","bundled_items":[],"yoast_head":"<!-- This site is optimized with the Yoast SEO plugin v20.6 - https:\/\/yoast.com\/wordpress\/plugins\/seo\/ -->\n<title>20 CM BARESKIN DILDO - OSCURO - Tienda Er\u00f3tica<\/title>\n<meta name=\"robots\" content=\"noindex, follow, max-snippet:-1, max-image-preview:large, max-video-preview:-1\" \/>\n<meta property=\"og:locale\" content=\"es_ES\" \/>\n<meta property=\"og:type\" content=\"article\" \/>\n<meta property=\"og:title\" content=\"20 CM BARESKIN DILDO - OSCURO - Tienda Er\u00f3tica\" \/>\n<meta property=\"og:description\" content=\"8 INCH BARESKIN DILDO &#8211; DARK Este consolador ultra realista es suave, firme, ultraduradero y est\u00e1 listo para cualquier cosa\" \/>\n<meta property=\"og:url\" content=\"https:\/\/demoweb.info\/sexshop001\/producto\/20-cm-bareskin-dildo-oscuro\/\" \/>\n<meta property=\"og:site_name\" content=\"Tienda Er\u00f3tica\" \/>\n<meta property=\"article:modified_time\" content=\"2022-01-22T11:01:28+00:00\" \/>\n<meta property=\"og:image\" content=\"https:\/\/demoweb.info\/sexshop001\/wp-content\/uploads\/2022\/01\/20-CM-BARESKIN-DILDO-OSCURO.jpg\" \/>\n\t<meta property=\"og:image:width\" content=\"550\" \/>\n\t<meta property=\"og:image:height\" content=\"550\" \/>\n\t<meta property=\"og:image:type\" content=\"image\/jpeg\" \/>\n<meta name=\"twitter:card\" content=\"summary_large_image\" \/>\n<meta name=\"twitter:label1\" content=\"Tiempo de lectura\" \/>\n\t<meta name=\"twitter:data1\" content=\"2 minutos\" \/>\n<script type=\"application\/ld+json\" class=\"yoast-schema-graph\">{\"@context\":\"https:\/\/schema.org\",\"@graph\":[{\"@type\":\"WebPage\",\"@id\":\"https:\/\/demoweb.info\/sexshop001\/producto\/20-cm-bareskin-dildo-oscuro\/\",\"url\":\"https:\/\/demoweb.info\/sexshop001\/producto\/20-cm-bareskin-dildo-oscuro\/\",\"name\":\"20 CM BARESKIN DILDO - OSCURO - Tienda Er\u00f3tica\",\"isPartOf\":{\"@id\":\"https:\/\/demoweb.info\/sexshop001\/#website\"},\"datePublished\":\"2022-01-22T11:01:23+00:00\",\"dateModified\":\"2022-01-22T11:01:28+00:00\",\"breadcrumb\":{\"@id\":\"https:\/\/demoweb.info\/sexshop001\/producto\/20-cm-bareskin-dildo-oscuro\/#breadcrumb\"},\"inLanguage\":\"es\",\"potentialAction\":[{\"@type\":\"ReadAction\",\"target\":[\"https:\/\/demoweb.info\/sexshop001\/producto\/20-cm-bareskin-dildo-oscuro\/\"]}]},{\"@type\":\"BreadcrumbList\",\"@id\":\"https:\/\/demoweb.info\/sexshop001\/producto\/20-cm-bareskin-dildo-oscuro\/#breadcrumb\",\"itemListElement\":[{\"@type\":\"ListItem\",\"position\":1,\"name\":\"Portada\",\"item\":\"https:\/\/demoweb.info\/sexshop001\/\"},{\"@type\":\"ListItem\",\"position\":2,\"name\":\"Tienda\",\"item\":\"https:\/\/demoweb.info\/sexshop001\/tienda\/\"},{\"@type\":\"ListItem\",\"position\":3,\"name\":\"20 CM BARESKIN DILDO &#8211; OSCURO\"}]},{\"@type\":\"WebSite\",\"@id\":\"https:\/\/demoweb.info\/sexshop001\/#website\",\"url\":\"https:\/\/demoweb.info\/sexshop001\/\",\"name\":\"Tienda Er\u00f3tica\",\"description\":\"DEMOWEB SL\",\"potentialAction\":[{\"@type\":\"SearchAction\",\"target\":{\"@type\":\"EntryPoint\",\"urlTemplate\":\"https:\/\/demoweb.info\/sexshop001\/?s={search_term_string}\"},\"query-input\":\"required name=search_term_string\"}],\"inLanguage\":\"es\"}]}<\/script>\n<!-- \/ Yoast SEO plugin. -->","yoast_head_json":{"title":"20 CM BARESKIN DILDO - OSCURO - Tienda Er\u00f3tica","robots":{"index":"noindex","follow":"follow","max-snippet":"max-snippet:-1","max-image-preview":"max-image-preview:large","max-video-preview":"max-video-preview:-1"},"og_locale":"es_ES","og_type":"article","og_title":"20 CM BARESKIN DILDO - OSCURO - Tienda Er\u00f3tica","og_description":"8 INCH BARESKIN DILDO &#8211; DARK Este consolador ultra realista es suave, firme, ultraduradero y est\u00e1 listo para cualquier cosa","og_url":"https:\/\/demoweb.info\/sexshop001\/producto\/20-cm-bareskin-dildo-oscuro\/","og_site_name":"Tienda Er\u00f3tica","article_modified_time":"2022-01-22T11:01:28+00:00","og_image":[{"width":550,"height":550,"url":"https:\/\/demoweb.info\/sexshop001\/wp-content\/uploads\/2022\/01\/20-CM-BARESKIN-DILDO-OSCURO.jpg","type":"image\/jpeg"}],"twitter_card":"summary_large_image","twitter_misc":{"Tiempo de lectura":"2 minutos"},"schema":{"@context":"https:\/\/schema.org","@graph":[{"@type":"WebPage","@id":"https:\/\/demoweb.info\/sexshop001\/producto\/20-cm-bareskin-dildo-oscuro\/","url":"https:\/\/demoweb.info\/sexshop001\/producto\/20-cm-bareskin-dildo-oscuro\/","name":"20 CM BARESKIN DILDO - OSCURO - Tienda Er\u00f3tica","isPartOf":{"@id":"https:\/\/demoweb.info\/sexshop001\/#website"},"datePublished":"2022-01-22T11:01:23+00:00","dateModified":"2022-01-22T11:01:28+00:00","breadcrumb":{"@id":"https:\/\/demoweb.info\/sexshop001\/producto\/20-cm-bareskin-dildo-oscuro\/#breadcrumb"},"inLanguage":"es","potentialAction":[{"@type":"ReadAction","target":["https:\/\/demoweb.info\/sexshop001\/producto\/20-cm-bareskin-dildo-oscuro\/"]}]},{"@type":"BreadcrumbList","@id":"https:\/\/demoweb.info\/sexshop001\/producto\/20-cm-bareskin-dildo-oscuro\/#breadcrumb","itemListElement":[{"@type":"ListItem","position":1,"name":"Portada","item":"https:\/\/demoweb.info\/sexshop001\/"},{"@type":"ListItem","position":2,"name":"Tienda","item":"https:\/\/demoweb.info\/sexshop001\/tienda\/"},{"@type":"ListItem","position":3,"name":"20 CM BARESKIN DILDO &#8211; OSCURO"}]},{"@type":"WebSite","@id":"https:\/\/demoweb.info\/sexshop001\/#website","url":"https:\/\/demoweb.info\/sexshop001\/","name":"Tienda Er\u00f3tica","description":"DEMOWEB SL","potentialAction":[{"@type":"SearchAction","target":{"@type":"EntryPoint","urlTemplate":"https:\/\/demoweb.info\/sexshop001\/?s={search_term_string}"},"query-input":"required name=search_term_string"}],"inLanguage":"es"}]}},"_links":{"self":[{"href":"https:\/\/demoweb.info\/sexshop001\/wp-json\/wp\/v3\/product\/26278","targetHints":{"allow":["GET"]}}],"collection":[{"href":"https:\/\/demoweb.info\/sexshop001\/wp-json\/wp\/v3\/product"}],"about":[{"href":"https:\/\/demoweb.info\/sexshop001\/wp-json\/wp\/v2\/types\/product"}],"replies":[{"embeddable":true,"href":"https:\/\/demoweb.info\/sexshop001\/wp-json\/wp\/v2\/comments?post=26278"}],"wp:featuredmedia":[{"embeddable":true,"href":"https:\/\/demoweb.info\/sexshop001\/wp-json\/wp\/v2\/media\/26279"}],"wp:attachment":[{"href":"https:\/\/demoweb.info\/sexshop001\/wp-json\/wp\/v2\/media?parent=26278"}],"wp:term":[{"taxonomy":"product_cat","embeddable":true,"href":"https:\/\/demoweb.info\/sexshop001\/wp-json\/wp\/v2\/product_cat?post=26278"},{"taxonomy":"product_tag","embeddable":true,"href":"https:\/\/demoweb.info\/sexshop001\/wp-json\/wp\/v2\/product_tag?post=26278"}],"curies":[{"name":"wp","href":"https:\/\/api.w.org\/{rel}","templated":true}]}}