{"id":26200,"date":"2022-01-22T12:00:36","date_gmt":"2022-01-22T11:00:36","guid":{"rendered":"https:\/\/demoweb.info\/sexshop001\/producto\/dong-de-22-cm-con-testiculos-flesh\/"},"modified":"2022-01-22T12:00:46","modified_gmt":"2022-01-22T11:00:46","slug":"dong-de-22-cm-con-testiculos-flesh","status":"publish","type":"product","link":"https:\/\/demoweb.info\/sexshop001\/producto\/dong-de-22-cm-con-testiculos-flesh\/","title":{"rendered":"DONG DE 22 CM CON TEST\u00cdCULOS &#8211; FLESH"},"content":{"rendered":"<p><strong>9 INCH DONG WITH BALLS &#8211; FLESH<\/strong><\/p>\n<p>Este grande pene de 22cm tiene un aspecto realista, desde la cabeza realista, pasando por el eje densamente veteado, hasta las bolas redondas y firmes.<\/p>\n<p>Hecho de PVC mejorado sin ftalatos ni l\u00e1tex.<\/p>\n<p>El material es firme con una ligera cantidad de elasticidad, para una sensaci\u00f3n semi-flexible que hace que sea f\u00e1cil de deslizar en su lugar.<\/p>\n<p>La base fuerte de la ventosa se adhiere a cualquier superficie plana y lisa que deja sus manos libres para otros placeres.<\/p>\n<p>Durable, f\u00e1cil de mantener y f\u00e1cil de limpiar, \u00a1disfruta de esta simple pero significativa polla dura como una roca!<\/p>\n<p>Curve Toys es conocida por su f\u00f3rmula de piel biol\u00f3gica ultra realista que se utiliza para crear los mejores consoladores y juguetes para adultos del mundo.<\/p>\n<p>Fabrican sus r\u00e9plicas de productos para adultos solo con materiales de origen estadounidense, sin ftalatos y respetuosos con el cuerpo.<\/p>\n<p>Su propiedad BioSkin los convierte en l\u00edderes en salud sexual.<\/p>\n<p>Todos los productos son inspeccionados para una funcionalidad superior de modo que representen el valor, la calidad y la innovaci\u00f3n desde la f\u00e1brica hasta el dormitorio. Integrado por expertos con m\u00e1s de 60 a\u00f1os acumulados en la fabricaci\u00f3n de adultos, Curve Toys es la combinaci\u00f3n perfecta de pasi\u00f3n, creatividad y experiencia; en resumen, conocemos el placer.<\/p>\n<ul>\n<li>Peso del producto: 674 gramos<\/li>\n<li>Longitud insertable: 20,4 cm<\/li>\n<li>A prueba de agua: S\u00ed<\/li>\n<li>A prueba de salpicaduras S\u00ed<\/li>\n<li>Materiales PVC<\/li>\n<\/ul>\n","protected":false},"excerpt":{"rendered":"<p>9 INCH DONG WITH BALLS &#8211; FLESH Este grande pene de 22cm tiene un aspecto realista, desde la cabeza realista,<\/p>\n","protected":false},"featured_media":26201,"comment_status":"open","ping_status":"open","template":"","meta":[],"product_cat":[386],"product_tag":[857],"class_list":["post-26200","product","type-product","status-publish","has-post-thumbnail","hentry","product_cat-realisticos","product_tag-curve-toys"],"bundled_by":[],"bundle_stock_status":"instock","bundle_stock_quantity":2,"bundle_virtual":false,"bundle_layout":"","bundle_add_to_cart_form_location":"","bundle_editable_in_cart":false,"bundle_sold_individually_context":"","bundle_item_grouping":"","bundle_min_size":"","bundle_max_size":"","bundled_items":[],"yoast_head":"<!-- This site is optimized with the Yoast SEO plugin v20.6 - https:\/\/yoast.com\/wordpress\/plugins\/seo\/ -->\n<title>DONG DE 22 CM CON TEST\u00cdCULOS - FLESH - Tienda Er\u00f3tica<\/title>\n<meta name=\"robots\" content=\"noindex, follow, max-snippet:-1, max-image-preview:large, max-video-preview:-1\" \/>\n<meta property=\"og:locale\" content=\"es_ES\" \/>\n<meta property=\"og:type\" content=\"article\" \/>\n<meta property=\"og:title\" content=\"DONG DE 22 CM CON TEST\u00cdCULOS - FLESH - Tienda Er\u00f3tica\" \/>\n<meta property=\"og:description\" content=\"9 INCH DONG WITH BALLS &#8211; FLESH Este grande pene de 22cm tiene un aspecto realista, desde la cabeza realista,\" \/>\n<meta property=\"og:url\" content=\"https:\/\/demoweb.info\/sexshop001\/producto\/dong-de-22-cm-con-testiculos-flesh\/\" \/>\n<meta property=\"og:site_name\" content=\"Tienda Er\u00f3tica\" \/>\n<meta property=\"article:modified_time\" content=\"2022-01-22T11:00:46+00:00\" \/>\n<meta property=\"og:image\" content=\"https:\/\/demoweb.info\/sexshop001\/wp-content\/uploads\/2022\/01\/DONG-DE-22-CM-CON-TESTICULOS-FLESH.jpg\" \/>\n\t<meta property=\"og:image:width\" content=\"550\" \/>\n\t<meta property=\"og:image:height\" content=\"550\" \/>\n\t<meta property=\"og:image:type\" content=\"image\/jpeg\" \/>\n<meta name=\"twitter:card\" content=\"summary_large_image\" \/>\n<meta name=\"twitter:label1\" content=\"Tiempo de lectura\" \/>\n\t<meta name=\"twitter:data1\" content=\"1 minuto\" \/>\n<script type=\"application\/ld+json\" class=\"yoast-schema-graph\">{\"@context\":\"https:\/\/schema.org\",\"@graph\":[{\"@type\":\"WebPage\",\"@id\":\"https:\/\/demoweb.info\/sexshop001\/producto\/dong-de-22-cm-con-testiculos-flesh\/\",\"url\":\"https:\/\/demoweb.info\/sexshop001\/producto\/dong-de-22-cm-con-testiculos-flesh\/\",\"name\":\"DONG DE 22 CM CON TEST\u00cdCULOS - FLESH - Tienda Er\u00f3tica\",\"isPartOf\":{\"@id\":\"https:\/\/demoweb.info\/sexshop001\/#website\"},\"datePublished\":\"2022-01-22T11:00:36+00:00\",\"dateModified\":\"2022-01-22T11:00:46+00:00\",\"breadcrumb\":{\"@id\":\"https:\/\/demoweb.info\/sexshop001\/producto\/dong-de-22-cm-con-testiculos-flesh\/#breadcrumb\"},\"inLanguage\":\"es\",\"potentialAction\":[{\"@type\":\"ReadAction\",\"target\":[\"https:\/\/demoweb.info\/sexshop001\/producto\/dong-de-22-cm-con-testiculos-flesh\/\"]}]},{\"@type\":\"BreadcrumbList\",\"@id\":\"https:\/\/demoweb.info\/sexshop001\/producto\/dong-de-22-cm-con-testiculos-flesh\/#breadcrumb\",\"itemListElement\":[{\"@type\":\"ListItem\",\"position\":1,\"name\":\"Portada\",\"item\":\"https:\/\/demoweb.info\/sexshop001\/\"},{\"@type\":\"ListItem\",\"position\":2,\"name\":\"Tienda\",\"item\":\"https:\/\/demoweb.info\/sexshop001\/tienda\/\"},{\"@type\":\"ListItem\",\"position\":3,\"name\":\"DONG DE 22 CM CON TEST\u00cdCULOS &#8211; FLESH\"}]},{\"@type\":\"WebSite\",\"@id\":\"https:\/\/demoweb.info\/sexshop001\/#website\",\"url\":\"https:\/\/demoweb.info\/sexshop001\/\",\"name\":\"Tienda Er\u00f3tica\",\"description\":\"DEMOWEB SL\",\"potentialAction\":[{\"@type\":\"SearchAction\",\"target\":{\"@type\":\"EntryPoint\",\"urlTemplate\":\"https:\/\/demoweb.info\/sexshop001\/?s={search_term_string}\"},\"query-input\":\"required name=search_term_string\"}],\"inLanguage\":\"es\"}]}<\/script>\n<!-- \/ Yoast SEO plugin. -->","yoast_head_json":{"title":"DONG DE 22 CM CON TEST\u00cdCULOS - FLESH - Tienda Er\u00f3tica","robots":{"index":"noindex","follow":"follow","max-snippet":"max-snippet:-1","max-image-preview":"max-image-preview:large","max-video-preview":"max-video-preview:-1"},"og_locale":"es_ES","og_type":"article","og_title":"DONG DE 22 CM CON TEST\u00cdCULOS - FLESH - Tienda Er\u00f3tica","og_description":"9 INCH DONG WITH BALLS &#8211; FLESH Este grande pene de 22cm tiene un aspecto realista, desde la cabeza realista,","og_url":"https:\/\/demoweb.info\/sexshop001\/producto\/dong-de-22-cm-con-testiculos-flesh\/","og_site_name":"Tienda Er\u00f3tica","article_modified_time":"2022-01-22T11:00:46+00:00","og_image":[{"width":550,"height":550,"url":"https:\/\/demoweb.info\/sexshop001\/wp-content\/uploads\/2022\/01\/DONG-DE-22-CM-CON-TESTICULOS-FLESH.jpg","type":"image\/jpeg"}],"twitter_card":"summary_large_image","twitter_misc":{"Tiempo de lectura":"1 minuto"},"schema":{"@context":"https:\/\/schema.org","@graph":[{"@type":"WebPage","@id":"https:\/\/demoweb.info\/sexshop001\/producto\/dong-de-22-cm-con-testiculos-flesh\/","url":"https:\/\/demoweb.info\/sexshop001\/producto\/dong-de-22-cm-con-testiculos-flesh\/","name":"DONG DE 22 CM CON TEST\u00cdCULOS - FLESH - Tienda Er\u00f3tica","isPartOf":{"@id":"https:\/\/demoweb.info\/sexshop001\/#website"},"datePublished":"2022-01-22T11:00:36+00:00","dateModified":"2022-01-22T11:00:46+00:00","breadcrumb":{"@id":"https:\/\/demoweb.info\/sexshop001\/producto\/dong-de-22-cm-con-testiculos-flesh\/#breadcrumb"},"inLanguage":"es","potentialAction":[{"@type":"ReadAction","target":["https:\/\/demoweb.info\/sexshop001\/producto\/dong-de-22-cm-con-testiculos-flesh\/"]}]},{"@type":"BreadcrumbList","@id":"https:\/\/demoweb.info\/sexshop001\/producto\/dong-de-22-cm-con-testiculos-flesh\/#breadcrumb","itemListElement":[{"@type":"ListItem","position":1,"name":"Portada","item":"https:\/\/demoweb.info\/sexshop001\/"},{"@type":"ListItem","position":2,"name":"Tienda","item":"https:\/\/demoweb.info\/sexshop001\/tienda\/"},{"@type":"ListItem","position":3,"name":"DONG DE 22 CM CON TEST\u00cdCULOS &#8211; FLESH"}]},{"@type":"WebSite","@id":"https:\/\/demoweb.info\/sexshop001\/#website","url":"https:\/\/demoweb.info\/sexshop001\/","name":"Tienda Er\u00f3tica","description":"DEMOWEB SL","potentialAction":[{"@type":"SearchAction","target":{"@type":"EntryPoint","urlTemplate":"https:\/\/demoweb.info\/sexshop001\/?s={search_term_string}"},"query-input":"required name=search_term_string"}],"inLanguage":"es"}]}},"_links":{"self":[{"href":"https:\/\/demoweb.info\/sexshop001\/wp-json\/wp\/v3\/product\/26200","targetHints":{"allow":["GET"]}}],"collection":[{"href":"https:\/\/demoweb.info\/sexshop001\/wp-json\/wp\/v3\/product"}],"about":[{"href":"https:\/\/demoweb.info\/sexshop001\/wp-json\/wp\/v2\/types\/product"}],"replies":[{"embeddable":true,"href":"https:\/\/demoweb.info\/sexshop001\/wp-json\/wp\/v2\/comments?post=26200"}],"wp:featuredmedia":[{"embeddable":true,"href":"https:\/\/demoweb.info\/sexshop001\/wp-json\/wp\/v2\/media\/26201"}],"wp:attachment":[{"href":"https:\/\/demoweb.info\/sexshop001\/wp-json\/wp\/v2\/media?parent=26200"}],"wp:term":[{"taxonomy":"product_cat","embeddable":true,"href":"https:\/\/demoweb.info\/sexshop001\/wp-json\/wp\/v2\/product_cat?post=26200"},{"taxonomy":"product_tag","embeddable":true,"href":"https:\/\/demoweb.info\/sexshop001\/wp-json\/wp\/v2\/product_tag?post=26200"}],"curies":[{"name":"wp","href":"https:\/\/api.w.org\/{rel}","templated":true}]}}