{"id":26171,"date":"2022-01-22T12:00:03","date_gmt":"2022-01-22T11:00:03","guid":{"rendered":"https:\/\/demoweb.info\/sexshop001\/producto\/karla-vibrating-trasero-misionero-latte\/"},"modified":"2022-01-22T12:00:29","modified_gmt":"2022-01-22T11:00:29","slug":"karla-vibrating-trasero-misionero-latte","status":"publish","type":"product","link":"https:\/\/demoweb.info\/sexshop001\/producto\/karla-vibrating-trasero-misionero-latte\/","title":{"rendered":"KARLA VIBRATING TRASERO MISIONERO &#8211; LATTE"},"content":{"rendered":"<p><strong>KARLA VIBRATING BUTT MISSIONARY &#8211; LATTE<\/strong><\/p>\n<p>\u00a1Karla te ruega que la hagas gemir con su Masturbador de vajina y ano Latte Misionero!<\/p>\n<p>La vagina detallada y pintada a mano tiene un agarre firme y tiene una textura interna protuberante para una sensaci\u00f3n intensa.<\/p>\n<p>\u00a1La entrada realista se siente como si fuera real!<\/p>\n<p>Tambi\u00e9n hay un t\u00fanel anal estrecho para exploraciones de puerta trasera.<\/p>\n<p>La piel s\u00faper suave y flexible sin ftalatos ni l\u00e1tex se fabrica con orgullo en los EE. UU. Con materiales de calidad. Se incluye un huevo vibrador de 10 funciones para una sensaci\u00f3n de chisporroteo a\u00fan mayor.<\/p>\n<p>El dise\u00f1o abierto facilita la limpieza. \u00a1Trae a Mistress Karla a casa hoy!<\/p>\n<p>Curve Toys es conocida por su f\u00f3rmula de piel biol\u00f3gica ultra realista que se utiliza para crear los mejores consoladores y juguetes para adultos del mundo.<\/p>\n<p>Fabrican sus r\u00e9plicas de productos para adultos en los EE. UU. Con materiales de primera calidad, sin ftalatos y respetuosos con el cuerpo.<\/p>\n<p>Su mezcla patentada de bio-piel se mezcla internamente, lo que los convierte en l\u00edderes en salud sexual. Todos los productos son inspeccionados para una funcionalidad superior de modo que representen el valor, la calidad y la innovaci\u00f3n desde la f\u00e1brica hasta el dormitorio.<\/p>\n<p>Integrado por expertos con m\u00e1s de 60 a\u00f1os acumulados en la fabricaci\u00f3n de adultos, Curve Toys es la combinaci\u00f3n perfecta de pasi\u00f3n, creatividad y experiencia; en resumen, conocemos el placer.<\/p>\n<\/p>\n<ul>\n<li>Dimensiones del producto 9 x 18,5 x 18 cm<\/li>\n<li>Peso del producto 1796 gramos<\/li>\n<li>Cantidad de motores 1<\/li>\n<li>Tipos de velocidad 10<\/li>\n<li>Se requieren bater\u00edas 3<\/li>\n<li>Tipo de bater\u00edas AAA<\/li>\n<li>Bater\u00edas incluidas No<\/li>\n<li>A prueba de agua S\u00ed<\/li>\n<li>A prueba de salpicaduras S\u00ed<\/li>\n<li>Libre de ftalato S\u00ed<\/li>\n<li>Materiales TPE<\/li>\n<\/ul>\n","protected":false},"excerpt":{"rendered":"<p>KARLA VIBRATING BUTT MISSIONARY &#8211; LATTE \u00a1Karla te ruega que la hagas gemir con su Masturbador de vajina y ano<\/p>\n","protected":false},"featured_media":26172,"comment_status":"open","ping_status":"open","template":"","meta":[],"product_cat":[541],"product_tag":[857],"class_list":["post-26171","product","type-product","status-publish","has-post-thumbnail","hentry","product_cat-vaginas","product_tag-curve-toys"],"bundled_by":[],"bundle_stock_status":"instock","bundle_stock_quantity":1,"bundle_virtual":false,"bundle_layout":"","bundle_add_to_cart_form_location":"","bundle_editable_in_cart":false,"bundle_sold_individually_context":"","bundle_item_grouping":"","bundle_min_size":"","bundle_max_size":"","bundled_items":[],"yoast_head":"<!-- This site is optimized with the Yoast SEO plugin v20.6 - https:\/\/yoast.com\/wordpress\/plugins\/seo\/ -->\n<title>KARLA VIBRATING TRASERO MISIONERO - LATTE - Tienda Er\u00f3tica<\/title>\n<meta name=\"robots\" content=\"noindex, follow, max-snippet:-1, max-image-preview:large, max-video-preview:-1\" \/>\n<meta property=\"og:locale\" content=\"es_ES\" \/>\n<meta property=\"og:type\" content=\"article\" \/>\n<meta property=\"og:title\" content=\"KARLA VIBRATING TRASERO MISIONERO - LATTE - Tienda Er\u00f3tica\" \/>\n<meta property=\"og:description\" content=\"KARLA VIBRATING BUTT MISSIONARY &#8211; LATTE \u00a1Karla te ruega que la hagas gemir con su Masturbador de vajina y ano\" \/>\n<meta property=\"og:url\" content=\"https:\/\/demoweb.info\/sexshop001\/producto\/karla-vibrating-trasero-misionero-latte\/\" \/>\n<meta property=\"og:site_name\" content=\"Tienda Er\u00f3tica\" \/>\n<meta property=\"article:modified_time\" content=\"2022-01-22T11:00:29+00:00\" \/>\n<meta property=\"og:image\" content=\"https:\/\/demoweb.info\/sexshop001\/wp-content\/uploads\/2022\/01\/KARLA-VIBRATING-TRASERO-MISIONERO-LATTE.jpg\" \/>\n\t<meta property=\"og:image:width\" content=\"550\" \/>\n\t<meta property=\"og:image:height\" content=\"550\" \/>\n\t<meta property=\"og:image:type\" content=\"image\/jpeg\" \/>\n<meta name=\"twitter:card\" content=\"summary_large_image\" \/>\n<meta name=\"twitter:label1\" content=\"Tiempo de lectura\" \/>\n\t<meta name=\"twitter:data1\" content=\"1 minuto\" \/>\n<script type=\"application\/ld+json\" class=\"yoast-schema-graph\">{\"@context\":\"https:\/\/schema.org\",\"@graph\":[{\"@type\":\"WebPage\",\"@id\":\"https:\/\/demoweb.info\/sexshop001\/producto\/karla-vibrating-trasero-misionero-latte\/\",\"url\":\"https:\/\/demoweb.info\/sexshop001\/producto\/karla-vibrating-trasero-misionero-latte\/\",\"name\":\"KARLA VIBRATING TRASERO MISIONERO - LATTE - Tienda Er\u00f3tica\",\"isPartOf\":{\"@id\":\"https:\/\/demoweb.info\/sexshop001\/#website\"},\"datePublished\":\"2022-01-22T11:00:03+00:00\",\"dateModified\":\"2022-01-22T11:00:29+00:00\",\"breadcrumb\":{\"@id\":\"https:\/\/demoweb.info\/sexshop001\/producto\/karla-vibrating-trasero-misionero-latte\/#breadcrumb\"},\"inLanguage\":\"es\",\"potentialAction\":[{\"@type\":\"ReadAction\",\"target\":[\"https:\/\/demoweb.info\/sexshop001\/producto\/karla-vibrating-trasero-misionero-latte\/\"]}]},{\"@type\":\"BreadcrumbList\",\"@id\":\"https:\/\/demoweb.info\/sexshop001\/producto\/karla-vibrating-trasero-misionero-latte\/#breadcrumb\",\"itemListElement\":[{\"@type\":\"ListItem\",\"position\":1,\"name\":\"Portada\",\"item\":\"https:\/\/demoweb.info\/sexshop001\/\"},{\"@type\":\"ListItem\",\"position\":2,\"name\":\"Tienda\",\"item\":\"https:\/\/demoweb.info\/sexshop001\/tienda\/\"},{\"@type\":\"ListItem\",\"position\":3,\"name\":\"KARLA VIBRATING TRASERO MISIONERO &#8211; LATTE\"}]},{\"@type\":\"WebSite\",\"@id\":\"https:\/\/demoweb.info\/sexshop001\/#website\",\"url\":\"https:\/\/demoweb.info\/sexshop001\/\",\"name\":\"Tienda Er\u00f3tica\",\"description\":\"DEMOWEB SL\",\"potentialAction\":[{\"@type\":\"SearchAction\",\"target\":{\"@type\":\"EntryPoint\",\"urlTemplate\":\"https:\/\/demoweb.info\/sexshop001\/?s={search_term_string}\"},\"query-input\":\"required name=search_term_string\"}],\"inLanguage\":\"es\"}]}<\/script>\n<!-- \/ Yoast SEO plugin. -->","yoast_head_json":{"title":"KARLA VIBRATING TRASERO MISIONERO - LATTE - Tienda Er\u00f3tica","robots":{"index":"noindex","follow":"follow","max-snippet":"max-snippet:-1","max-image-preview":"max-image-preview:large","max-video-preview":"max-video-preview:-1"},"og_locale":"es_ES","og_type":"article","og_title":"KARLA VIBRATING TRASERO MISIONERO - LATTE - Tienda Er\u00f3tica","og_description":"KARLA VIBRATING BUTT MISSIONARY &#8211; LATTE \u00a1Karla te ruega que la hagas gemir con su Masturbador de vajina y ano","og_url":"https:\/\/demoweb.info\/sexshop001\/producto\/karla-vibrating-trasero-misionero-latte\/","og_site_name":"Tienda Er\u00f3tica","article_modified_time":"2022-01-22T11:00:29+00:00","og_image":[{"width":550,"height":550,"url":"https:\/\/demoweb.info\/sexshop001\/wp-content\/uploads\/2022\/01\/KARLA-VIBRATING-TRASERO-MISIONERO-LATTE.jpg","type":"image\/jpeg"}],"twitter_card":"summary_large_image","twitter_misc":{"Tiempo de lectura":"1 minuto"},"schema":{"@context":"https:\/\/schema.org","@graph":[{"@type":"WebPage","@id":"https:\/\/demoweb.info\/sexshop001\/producto\/karla-vibrating-trasero-misionero-latte\/","url":"https:\/\/demoweb.info\/sexshop001\/producto\/karla-vibrating-trasero-misionero-latte\/","name":"KARLA VIBRATING TRASERO MISIONERO - LATTE - Tienda Er\u00f3tica","isPartOf":{"@id":"https:\/\/demoweb.info\/sexshop001\/#website"},"datePublished":"2022-01-22T11:00:03+00:00","dateModified":"2022-01-22T11:00:29+00:00","breadcrumb":{"@id":"https:\/\/demoweb.info\/sexshop001\/producto\/karla-vibrating-trasero-misionero-latte\/#breadcrumb"},"inLanguage":"es","potentialAction":[{"@type":"ReadAction","target":["https:\/\/demoweb.info\/sexshop001\/producto\/karla-vibrating-trasero-misionero-latte\/"]}]},{"@type":"BreadcrumbList","@id":"https:\/\/demoweb.info\/sexshop001\/producto\/karla-vibrating-trasero-misionero-latte\/#breadcrumb","itemListElement":[{"@type":"ListItem","position":1,"name":"Portada","item":"https:\/\/demoweb.info\/sexshop001\/"},{"@type":"ListItem","position":2,"name":"Tienda","item":"https:\/\/demoweb.info\/sexshop001\/tienda\/"},{"@type":"ListItem","position":3,"name":"KARLA VIBRATING TRASERO MISIONERO &#8211; LATTE"}]},{"@type":"WebSite","@id":"https:\/\/demoweb.info\/sexshop001\/#website","url":"https:\/\/demoweb.info\/sexshop001\/","name":"Tienda Er\u00f3tica","description":"DEMOWEB SL","potentialAction":[{"@type":"SearchAction","target":{"@type":"EntryPoint","urlTemplate":"https:\/\/demoweb.info\/sexshop001\/?s={search_term_string}"},"query-input":"required name=search_term_string"}],"inLanguage":"es"}]}},"_links":{"self":[{"href":"https:\/\/demoweb.info\/sexshop001\/wp-json\/wp\/v3\/product\/26171","targetHints":{"allow":["GET"]}}],"collection":[{"href":"https:\/\/demoweb.info\/sexshop001\/wp-json\/wp\/v3\/product"}],"about":[{"href":"https:\/\/demoweb.info\/sexshop001\/wp-json\/wp\/v2\/types\/product"}],"replies":[{"embeddable":true,"href":"https:\/\/demoweb.info\/sexshop001\/wp-json\/wp\/v2\/comments?post=26171"}],"wp:featuredmedia":[{"embeddable":true,"href":"https:\/\/demoweb.info\/sexshop001\/wp-json\/wp\/v2\/media\/26172"}],"wp:attachment":[{"href":"https:\/\/demoweb.info\/sexshop001\/wp-json\/wp\/v2\/media?parent=26171"}],"wp:term":[{"taxonomy":"product_cat","embeddable":true,"href":"https:\/\/demoweb.info\/sexshop001\/wp-json\/wp\/v2\/product_cat?post=26171"},{"taxonomy":"product_tag","embeddable":true,"href":"https:\/\/demoweb.info\/sexshop001\/wp-json\/wp\/v2\/product_tag?post=26171"}],"curies":[{"name":"wp","href":"https:\/\/api.w.org\/{rel}","templated":true}]}}