{"id":26168,"date":"2022-01-22T12:00:03","date_gmt":"2022-01-22T11:00:03","guid":{"rendered":"https:\/\/demoweb.info\/sexshop001\/producto\/masturbador-paris-butt-doggie-style-vibrante-marron\/"},"modified":"2022-01-22T12:00:28","modified_gmt":"2022-01-22T11:00:28","slug":"masturbador-paris-butt-doggie-style-vibrante-marron","status":"publish","type":"product","link":"https:\/\/demoweb.info\/sexshop001\/producto\/masturbador-paris-butt-doggie-style-vibrante-marron\/","title":{"rendered":"MASTURBADOR PARIS BUTT DOGGIE STYLE VIBRANTE &#8211; MARRON"},"content":{"rendered":"<p><strong>PARIS VIBRATING BUTT DOGGIE STYLE &#8211; BROWN<\/strong><\/p>\n<p>\u00a1Consigue un chocolate dulce, por detr\u00e1s con el culo vibrante estilo perrito de Par\u00eds!<\/p>\n<p>Este masturbador realista de co\u00f1o y culo est\u00e1 pintado a mano de forma realista, con un aspecto y una sensaci\u00f3n naturales para penetracion perfecta.<\/p>\n<p>El estrecho t\u00fanel interior tiene nervaduras para mayor placer.<\/p>\n<p>Agarre las mejillas suaves y el\u00e1sticas, el material s\u00faper suave pero firme no contiene ftalatos ni l\u00e1tex y proporciona un excelente agarre para un buen golpe fuerte.<\/p>\n<p>Un dise\u00f1o abierto facilita la limpieza.<\/p>\n<p>El huevo extra\u00edble tiene 10 funciones.<\/p>\n<p>Fabricado con orgullo en los Estados Unidos.<\/p>\n<p>Curve Toys es conocida por su f\u00f3rmula de piel biol\u00f3gica ultra realista que se utiliza para crear los mejores consoladores y juguetes para adultos del mundo.<\/p>\n<p>Fabrican sus r\u00e9plicas de productos para adultos en los EE. UU. Con materiales de primera calidad, libres de ftalatos y respetuosos con el cuerpo.<\/p>\n<p>Su mezcla patentada de bio-piel se mezcla internamente, lo que los convierte en l\u00edderes en salud sexual.<\/p>\n<p>Todos los productos son inspeccionados para una funcionalidad superior de modo que representen el valor, la calidad y la innovaci\u00f3n desde la f\u00e1brica hasta el dormitorio. Integrado por expertos con m\u00e1s de 60 a\u00f1os acumulados en la fabricaci\u00f3n de adultos, Curve Toys es la combinaci\u00f3n perfecta de pasi\u00f3n, creatividad y experiencia; en resumen, conocemos el placer.<\/p>\n<ul>\n<li>Peso del producto 1996 gramos<\/li>\n<li>Cantidad de motores 1<\/li>\n<li>Tipos de velocidad 10<\/li>\n<li>Se requieren bater\u00edas 3<\/li>\n<li>Tipo de bater\u00edas AAA<\/li>\n<li>Bater\u00edas incluidas No<\/li>\n<li>A prueba de agua S\u00ed<\/li>\n<li>A prueba de salpicaduras S\u00ed<\/li>\n<li>Libre de ftalato S\u00ed<\/li>\n<li>Materiales TPE<\/li>\n<\/ul>\n","protected":false},"excerpt":{"rendered":"<p>PARIS VIBRATING BUTT DOGGIE STYLE &#8211; BROWN \u00a1Consigue un chocolate dulce, por detr\u00e1s con el culo vibrante estilo perrito de<\/p>\n","protected":false},"featured_media":26169,"comment_status":"open","ping_status":"open","template":"","meta":[],"product_cat":[560],"product_tag":[857],"class_list":["post-26168","product","type-product","status-publish","has-post-thumbnail","hentry","product_cat-vaginas-y-anos","product_tag-curve-toys"],"bundled_by":[],"bundle_stock_status":"outofstock","bundle_stock_quantity":0,"bundle_virtual":false,"bundle_layout":"","bundle_add_to_cart_form_location":"","bundle_editable_in_cart":false,"bundle_sold_individually_context":"","bundle_item_grouping":"","bundle_min_size":"","bundle_max_size":"","bundled_items":[],"yoast_head":"<!-- This site is optimized with the Yoast SEO plugin v20.6 - https:\/\/yoast.com\/wordpress\/plugins\/seo\/ -->\n<title>MASTURBADOR PARIS BUTT DOGGIE STYLE VIBRANTE - MARRON - Tienda Er\u00f3tica<\/title>\n<meta name=\"robots\" content=\"noindex, follow, max-snippet:-1, max-image-preview:large, max-video-preview:-1\" \/>\n<meta property=\"og:locale\" content=\"es_ES\" \/>\n<meta property=\"og:type\" content=\"article\" \/>\n<meta property=\"og:title\" content=\"MASTURBADOR PARIS BUTT DOGGIE STYLE VIBRANTE - MARRON - Tienda Er\u00f3tica\" \/>\n<meta property=\"og:description\" content=\"PARIS VIBRATING BUTT DOGGIE STYLE &#8211; BROWN \u00a1Consigue un chocolate dulce, por detr\u00e1s con el culo vibrante estilo perrito de\" \/>\n<meta property=\"og:url\" content=\"https:\/\/demoweb.info\/sexshop001\/producto\/masturbador-paris-butt-doggie-style-vibrante-marron\/\" \/>\n<meta property=\"og:site_name\" content=\"Tienda Er\u00f3tica\" \/>\n<meta property=\"article:modified_time\" content=\"2022-01-22T11:00:28+00:00\" \/>\n<meta property=\"og:image\" content=\"https:\/\/demoweb.info\/sexshop001\/wp-content\/uploads\/2022\/01\/MASTURBADOR-PARIS-BUTT-DOGGIE-STYLE-VIBRANTE-MARRON.jpg\" \/>\n\t<meta property=\"og:image:width\" content=\"550\" \/>\n\t<meta property=\"og:image:height\" content=\"550\" \/>\n\t<meta property=\"og:image:type\" content=\"image\/jpeg\" \/>\n<meta name=\"twitter:card\" content=\"summary_large_image\" \/>\n<meta name=\"twitter:label1\" content=\"Tiempo de lectura\" \/>\n\t<meta name=\"twitter:data1\" content=\"1 minuto\" \/>\n<script type=\"application\/ld+json\" class=\"yoast-schema-graph\">{\"@context\":\"https:\/\/schema.org\",\"@graph\":[{\"@type\":\"WebPage\",\"@id\":\"https:\/\/demoweb.info\/sexshop001\/producto\/masturbador-paris-butt-doggie-style-vibrante-marron\/\",\"url\":\"https:\/\/demoweb.info\/sexshop001\/producto\/masturbador-paris-butt-doggie-style-vibrante-marron\/\",\"name\":\"MASTURBADOR PARIS BUTT DOGGIE STYLE VIBRANTE - MARRON - Tienda Er\u00f3tica\",\"isPartOf\":{\"@id\":\"https:\/\/demoweb.info\/sexshop001\/#website\"},\"datePublished\":\"2022-01-22T11:00:03+00:00\",\"dateModified\":\"2022-01-22T11:00:28+00:00\",\"breadcrumb\":{\"@id\":\"https:\/\/demoweb.info\/sexshop001\/producto\/masturbador-paris-butt-doggie-style-vibrante-marron\/#breadcrumb\"},\"inLanguage\":\"es\",\"potentialAction\":[{\"@type\":\"ReadAction\",\"target\":[\"https:\/\/demoweb.info\/sexshop001\/producto\/masturbador-paris-butt-doggie-style-vibrante-marron\/\"]}]},{\"@type\":\"BreadcrumbList\",\"@id\":\"https:\/\/demoweb.info\/sexshop001\/producto\/masturbador-paris-butt-doggie-style-vibrante-marron\/#breadcrumb\",\"itemListElement\":[{\"@type\":\"ListItem\",\"position\":1,\"name\":\"Portada\",\"item\":\"https:\/\/demoweb.info\/sexshop001\/\"},{\"@type\":\"ListItem\",\"position\":2,\"name\":\"Tienda\",\"item\":\"https:\/\/demoweb.info\/sexshop001\/tienda\/\"},{\"@type\":\"ListItem\",\"position\":3,\"name\":\"MASTURBADOR PARIS BUTT DOGGIE STYLE VIBRANTE &#8211; MARRON\"}]},{\"@type\":\"WebSite\",\"@id\":\"https:\/\/demoweb.info\/sexshop001\/#website\",\"url\":\"https:\/\/demoweb.info\/sexshop001\/\",\"name\":\"Tienda Er\u00f3tica\",\"description\":\"DEMOWEB SL\",\"potentialAction\":[{\"@type\":\"SearchAction\",\"target\":{\"@type\":\"EntryPoint\",\"urlTemplate\":\"https:\/\/demoweb.info\/sexshop001\/?s={search_term_string}\"},\"query-input\":\"required name=search_term_string\"}],\"inLanguage\":\"es\"}]}<\/script>\n<!-- \/ Yoast SEO plugin. -->","yoast_head_json":{"title":"MASTURBADOR PARIS BUTT DOGGIE STYLE VIBRANTE - MARRON - Tienda Er\u00f3tica","robots":{"index":"noindex","follow":"follow","max-snippet":"max-snippet:-1","max-image-preview":"max-image-preview:large","max-video-preview":"max-video-preview:-1"},"og_locale":"es_ES","og_type":"article","og_title":"MASTURBADOR PARIS BUTT DOGGIE STYLE VIBRANTE - MARRON - Tienda Er\u00f3tica","og_description":"PARIS VIBRATING BUTT DOGGIE STYLE &#8211; BROWN \u00a1Consigue un chocolate dulce, por detr\u00e1s con el culo vibrante estilo perrito de","og_url":"https:\/\/demoweb.info\/sexshop001\/producto\/masturbador-paris-butt-doggie-style-vibrante-marron\/","og_site_name":"Tienda Er\u00f3tica","article_modified_time":"2022-01-22T11:00:28+00:00","og_image":[{"width":550,"height":550,"url":"https:\/\/demoweb.info\/sexshop001\/wp-content\/uploads\/2022\/01\/MASTURBADOR-PARIS-BUTT-DOGGIE-STYLE-VIBRANTE-MARRON.jpg","type":"image\/jpeg"}],"twitter_card":"summary_large_image","twitter_misc":{"Tiempo de lectura":"1 minuto"},"schema":{"@context":"https:\/\/schema.org","@graph":[{"@type":"WebPage","@id":"https:\/\/demoweb.info\/sexshop001\/producto\/masturbador-paris-butt-doggie-style-vibrante-marron\/","url":"https:\/\/demoweb.info\/sexshop001\/producto\/masturbador-paris-butt-doggie-style-vibrante-marron\/","name":"MASTURBADOR PARIS BUTT DOGGIE STYLE VIBRANTE - MARRON - Tienda Er\u00f3tica","isPartOf":{"@id":"https:\/\/demoweb.info\/sexshop001\/#website"},"datePublished":"2022-01-22T11:00:03+00:00","dateModified":"2022-01-22T11:00:28+00:00","breadcrumb":{"@id":"https:\/\/demoweb.info\/sexshop001\/producto\/masturbador-paris-butt-doggie-style-vibrante-marron\/#breadcrumb"},"inLanguage":"es","potentialAction":[{"@type":"ReadAction","target":["https:\/\/demoweb.info\/sexshop001\/producto\/masturbador-paris-butt-doggie-style-vibrante-marron\/"]}]},{"@type":"BreadcrumbList","@id":"https:\/\/demoweb.info\/sexshop001\/producto\/masturbador-paris-butt-doggie-style-vibrante-marron\/#breadcrumb","itemListElement":[{"@type":"ListItem","position":1,"name":"Portada","item":"https:\/\/demoweb.info\/sexshop001\/"},{"@type":"ListItem","position":2,"name":"Tienda","item":"https:\/\/demoweb.info\/sexshop001\/tienda\/"},{"@type":"ListItem","position":3,"name":"MASTURBADOR PARIS BUTT DOGGIE STYLE VIBRANTE &#8211; MARRON"}]},{"@type":"WebSite","@id":"https:\/\/demoweb.info\/sexshop001\/#website","url":"https:\/\/demoweb.info\/sexshop001\/","name":"Tienda Er\u00f3tica","description":"DEMOWEB SL","potentialAction":[{"@type":"SearchAction","target":{"@type":"EntryPoint","urlTemplate":"https:\/\/demoweb.info\/sexshop001\/?s={search_term_string}"},"query-input":"required name=search_term_string"}],"inLanguage":"es"}]}},"_links":{"self":[{"href":"https:\/\/demoweb.info\/sexshop001\/wp-json\/wp\/v3\/product\/26168","targetHints":{"allow":["GET"]}}],"collection":[{"href":"https:\/\/demoweb.info\/sexshop001\/wp-json\/wp\/v3\/product"}],"about":[{"href":"https:\/\/demoweb.info\/sexshop001\/wp-json\/wp\/v2\/types\/product"}],"replies":[{"embeddable":true,"href":"https:\/\/demoweb.info\/sexshop001\/wp-json\/wp\/v2\/comments?post=26168"}],"wp:featuredmedia":[{"embeddable":true,"href":"https:\/\/demoweb.info\/sexshop001\/wp-json\/wp\/v2\/media\/26169"}],"wp:attachment":[{"href":"https:\/\/demoweb.info\/sexshop001\/wp-json\/wp\/v2\/media?parent=26168"}],"wp:term":[{"taxonomy":"product_cat","embeddable":true,"href":"https:\/\/demoweb.info\/sexshop001\/wp-json\/wp\/v2\/product_cat?post=26168"},{"taxonomy":"product_tag","embeddable":true,"href":"https:\/\/demoweb.info\/sexshop001\/wp-json\/wp\/v2\/product_tag?post=26168"}],"curies":[{"name":"wp","href":"https:\/\/api.w.org\/{rel}","templated":true}]}}