{"id":26137,"date":"2022-01-22T12:00:03","date_gmt":"2022-01-22T11:00:03","guid":{"rendered":"https:\/\/demoweb.info\/sexshop001\/producto\/huevo-vibrador-de-silicona-10x-negro\/"},"modified":"2022-01-22T12:00:12","modified_gmt":"2022-01-22T11:00:12","slug":"huevo-vibrador-de-silicona-10x-negro","status":"publish","type":"product","link":"https:\/\/demoweb.info\/sexshop001\/producto\/huevo-vibrador-de-silicona-10x-negro\/","title":{"rendered":"HUEVO VIBRADOR DE SILICONA 10X &#8211; NEGRO"},"content":{"rendered":"<p><strong>10X SILICONE VIBRATING EGG &#8211; BLACK<\/strong><\/p>\n<p>\u00a1Este poderoso huevo vibrador presenta una hendidura profunda para proporcionar un borde satisfactorio destinado a mejorar el fuerte zumbido de esta delicia suave y sedosa!<\/p>\n<p>Disfrute de 10 potentes funciones de vibraci\u00f3n, controlables con el control remoto inal\u00e1mbrico incluido. El peque\u00f1o tama\u00f1o de este ambiente esconde su notable fuerza,<\/p>\n<p>\u00a1perfecto para una sesi\u00f3n en solitario para terminar el d\u00eda o con tu amante para agregar un toque emocionante a tus momentos \u00edntimos juntos!<\/p>\n<p>El control remoto inal\u00e1mbrico incluido te permite jugar desde la distancia: llena los pantalones de tus socios con este huevo aterciopelado y p\u00e1salos cuando menos lo esperen. Juega en casa, en el coche o incluso en p\u00fablico si te atreves.<\/p>\n<p>El controlador inal\u00e1mbrico te permite controlar el huevo durante el sexo con facilidad, e incluso hace que jugar solo sea muy f\u00e1cil si eres solo t\u00fa esta noche.<\/p>\n<p>\u00a1Seguro y conveniente, este huevo de silicona de Bang! cuenta con un cord\u00f3n de tracci\u00f3n resistente para una f\u00e1cil recuperaci\u00f3n y est\u00e1 construido con silicona libre de ftalatos para una experiencia segura para el cuerpo.<\/p>\n<p>El dise\u00f1o impermeable IPX5 tambi\u00e9n hace que esta ducha de huevos sea amigable y f\u00e1cil de limpiar con agua tibia y un jab\u00f3n suave.<\/p>\n<p>USB recargable para que la diversi\u00f3n nunca termine: conecte el cable de carga USB incluido para una carga r\u00e1pida y pueda jugar tan pronto como le apetezca.<\/p>\n<ul>\n<li>Peso del producto 61 gramos<\/li>\n<li>Longitud insertable 6,2 cm<\/li>\n<li>Se requieren bater\u00edas 2<\/li>\n<li>Tipo de bater\u00edas AAA<\/li>\n<li>Bater\u00edas incluidas S\u00ed<\/li>\n<li>S\u00ed Recargable<\/li>\n<li>Tiempo de recarga 60 min<\/li>\n<li>Vida de la recarga de las bater\u00edas 35 min<\/li>\n<li>A prueba de salpicaduras S\u00ed<\/li>\n<li>Libre de ftalato S\u00ed<\/li>\n<li>Materiales Silicona, Pl\u00e1stico ABS<\/li>\n<\/ul>\n","protected":false},"excerpt":{"rendered":"<p>10X SILICONE VIBRATING EGG &#8211; BLACK \u00a1Este poderoso huevo vibrador presenta una hendidura profunda para proporcionar un borde satisfactorio destinado<\/p>\n","protected":false},"featured_media":26138,"comment_status":"open","ping_status":"open","template":"","meta":[],"product_cat":[322],"product_tag":[1104,274],"class_list":["post-26137","product","type-product","status-publish","has-post-thumbnail","hentry","product_cat-con-mando","product_tag-bang","product_tag-xr-brands"],"bundled_by":[],"bundle_stock_status":"outofstock","bundle_stock_quantity":0,"bundle_virtual":false,"bundle_layout":"","bundle_add_to_cart_form_location":"","bundle_editable_in_cart":false,"bundle_sold_individually_context":"","bundle_item_grouping":"","bundle_min_size":"","bundle_max_size":"","bundled_items":[],"yoast_head":"<!-- This site is optimized with the Yoast SEO plugin v20.6 - https:\/\/yoast.com\/wordpress\/plugins\/seo\/ -->\n<title>HUEVO VIBRADOR DE SILICONA 10X - NEGRO - Tienda Er\u00f3tica<\/title>\n<meta name=\"robots\" content=\"noindex, follow, max-snippet:-1, max-image-preview:large, max-video-preview:-1\" \/>\n<meta property=\"og:locale\" content=\"es_ES\" \/>\n<meta property=\"og:type\" content=\"article\" \/>\n<meta property=\"og:title\" content=\"HUEVO VIBRADOR DE SILICONA 10X - NEGRO - Tienda Er\u00f3tica\" \/>\n<meta property=\"og:description\" content=\"10X SILICONE VIBRATING EGG &#8211; BLACK \u00a1Este poderoso huevo vibrador presenta una hendidura profunda para proporcionar un borde satisfactorio destinado\" \/>\n<meta property=\"og:url\" content=\"https:\/\/demoweb.info\/sexshop001\/producto\/huevo-vibrador-de-silicona-10x-negro\/\" \/>\n<meta property=\"og:site_name\" content=\"Tienda Er\u00f3tica\" \/>\n<meta property=\"article:modified_time\" content=\"2022-01-22T11:00:12+00:00\" \/>\n<meta property=\"og:image\" content=\"https:\/\/demoweb.info\/sexshop001\/wp-content\/uploads\/2022\/01\/HUEVO-VIBRADOR-DE-SILICONA-10X-NEGRO.jpg\" \/>\n\t<meta property=\"og:image:width\" content=\"550\" \/>\n\t<meta property=\"og:image:height\" content=\"550\" \/>\n\t<meta property=\"og:image:type\" content=\"image\/jpeg\" \/>\n<meta name=\"twitter:card\" content=\"summary_large_image\" \/>\n<meta name=\"twitter:label1\" content=\"Tiempo de lectura\" \/>\n\t<meta name=\"twitter:data1\" content=\"2 minutos\" \/>\n<script type=\"application\/ld+json\" class=\"yoast-schema-graph\">{\"@context\":\"https:\/\/schema.org\",\"@graph\":[{\"@type\":\"WebPage\",\"@id\":\"https:\/\/demoweb.info\/sexshop001\/producto\/huevo-vibrador-de-silicona-10x-negro\/\",\"url\":\"https:\/\/demoweb.info\/sexshop001\/producto\/huevo-vibrador-de-silicona-10x-negro\/\",\"name\":\"HUEVO VIBRADOR DE SILICONA 10X - NEGRO - Tienda Er\u00f3tica\",\"isPartOf\":{\"@id\":\"https:\/\/demoweb.info\/sexshop001\/#website\"},\"datePublished\":\"2022-01-22T11:00:03+00:00\",\"dateModified\":\"2022-01-22T11:00:12+00:00\",\"breadcrumb\":{\"@id\":\"https:\/\/demoweb.info\/sexshop001\/producto\/huevo-vibrador-de-silicona-10x-negro\/#breadcrumb\"},\"inLanguage\":\"es\",\"potentialAction\":[{\"@type\":\"ReadAction\",\"target\":[\"https:\/\/demoweb.info\/sexshop001\/producto\/huevo-vibrador-de-silicona-10x-negro\/\"]}]},{\"@type\":\"BreadcrumbList\",\"@id\":\"https:\/\/demoweb.info\/sexshop001\/producto\/huevo-vibrador-de-silicona-10x-negro\/#breadcrumb\",\"itemListElement\":[{\"@type\":\"ListItem\",\"position\":1,\"name\":\"Portada\",\"item\":\"https:\/\/demoweb.info\/sexshop001\/\"},{\"@type\":\"ListItem\",\"position\":2,\"name\":\"Tienda\",\"item\":\"https:\/\/demoweb.info\/sexshop001\/tienda\/\"},{\"@type\":\"ListItem\",\"position\":3,\"name\":\"HUEVO VIBRADOR DE SILICONA 10X &#8211; NEGRO\"}]},{\"@type\":\"WebSite\",\"@id\":\"https:\/\/demoweb.info\/sexshop001\/#website\",\"url\":\"https:\/\/demoweb.info\/sexshop001\/\",\"name\":\"Tienda Er\u00f3tica\",\"description\":\"DEMOWEB SL\",\"potentialAction\":[{\"@type\":\"SearchAction\",\"target\":{\"@type\":\"EntryPoint\",\"urlTemplate\":\"https:\/\/demoweb.info\/sexshop001\/?s={search_term_string}\"},\"query-input\":\"required name=search_term_string\"}],\"inLanguage\":\"es\"}]}<\/script>\n<!-- \/ Yoast SEO plugin. -->","yoast_head_json":{"title":"HUEVO VIBRADOR DE SILICONA 10X - NEGRO - Tienda Er\u00f3tica","robots":{"index":"noindex","follow":"follow","max-snippet":"max-snippet:-1","max-image-preview":"max-image-preview:large","max-video-preview":"max-video-preview:-1"},"og_locale":"es_ES","og_type":"article","og_title":"HUEVO VIBRADOR DE SILICONA 10X - NEGRO - Tienda Er\u00f3tica","og_description":"10X SILICONE VIBRATING EGG &#8211; BLACK \u00a1Este poderoso huevo vibrador presenta una hendidura profunda para proporcionar un borde satisfactorio destinado","og_url":"https:\/\/demoweb.info\/sexshop001\/producto\/huevo-vibrador-de-silicona-10x-negro\/","og_site_name":"Tienda Er\u00f3tica","article_modified_time":"2022-01-22T11:00:12+00:00","og_image":[{"width":550,"height":550,"url":"https:\/\/demoweb.info\/sexshop001\/wp-content\/uploads\/2022\/01\/HUEVO-VIBRADOR-DE-SILICONA-10X-NEGRO.jpg","type":"image\/jpeg"}],"twitter_card":"summary_large_image","twitter_misc":{"Tiempo de lectura":"2 minutos"},"schema":{"@context":"https:\/\/schema.org","@graph":[{"@type":"WebPage","@id":"https:\/\/demoweb.info\/sexshop001\/producto\/huevo-vibrador-de-silicona-10x-negro\/","url":"https:\/\/demoweb.info\/sexshop001\/producto\/huevo-vibrador-de-silicona-10x-negro\/","name":"HUEVO VIBRADOR DE SILICONA 10X - NEGRO - Tienda Er\u00f3tica","isPartOf":{"@id":"https:\/\/demoweb.info\/sexshop001\/#website"},"datePublished":"2022-01-22T11:00:03+00:00","dateModified":"2022-01-22T11:00:12+00:00","breadcrumb":{"@id":"https:\/\/demoweb.info\/sexshop001\/producto\/huevo-vibrador-de-silicona-10x-negro\/#breadcrumb"},"inLanguage":"es","potentialAction":[{"@type":"ReadAction","target":["https:\/\/demoweb.info\/sexshop001\/producto\/huevo-vibrador-de-silicona-10x-negro\/"]}]},{"@type":"BreadcrumbList","@id":"https:\/\/demoweb.info\/sexshop001\/producto\/huevo-vibrador-de-silicona-10x-negro\/#breadcrumb","itemListElement":[{"@type":"ListItem","position":1,"name":"Portada","item":"https:\/\/demoweb.info\/sexshop001\/"},{"@type":"ListItem","position":2,"name":"Tienda","item":"https:\/\/demoweb.info\/sexshop001\/tienda\/"},{"@type":"ListItem","position":3,"name":"HUEVO VIBRADOR DE SILICONA 10X &#8211; NEGRO"}]},{"@type":"WebSite","@id":"https:\/\/demoweb.info\/sexshop001\/#website","url":"https:\/\/demoweb.info\/sexshop001\/","name":"Tienda Er\u00f3tica","description":"DEMOWEB SL","potentialAction":[{"@type":"SearchAction","target":{"@type":"EntryPoint","urlTemplate":"https:\/\/demoweb.info\/sexshop001\/?s={search_term_string}"},"query-input":"required name=search_term_string"}],"inLanguage":"es"}]}},"_links":{"self":[{"href":"https:\/\/demoweb.info\/sexshop001\/wp-json\/wp\/v3\/product\/26137","targetHints":{"allow":["GET"]}}],"collection":[{"href":"https:\/\/demoweb.info\/sexshop001\/wp-json\/wp\/v3\/product"}],"about":[{"href":"https:\/\/demoweb.info\/sexshop001\/wp-json\/wp\/v2\/types\/product"}],"replies":[{"embeddable":true,"href":"https:\/\/demoweb.info\/sexshop001\/wp-json\/wp\/v2\/comments?post=26137"}],"wp:featuredmedia":[{"embeddable":true,"href":"https:\/\/demoweb.info\/sexshop001\/wp-json\/wp\/v2\/media\/26138"}],"wp:attachment":[{"href":"https:\/\/demoweb.info\/sexshop001\/wp-json\/wp\/v2\/media?parent=26137"}],"wp:term":[{"taxonomy":"product_cat","embeddable":true,"href":"https:\/\/demoweb.info\/sexshop001\/wp-json\/wp\/v2\/product_cat?post=26137"},{"taxonomy":"product_tag","embeddable":true,"href":"https:\/\/demoweb.info\/sexshop001\/wp-json\/wp\/v2\/product_tag?post=26137"}],"curies":[{"name":"wp","href":"https:\/\/api.w.org\/{rel}","templated":true}]}}