{"id":25995,"date":"2022-01-22T11:58:22","date_gmt":"2022-01-22T10:58:22","guid":{"rendered":"https:\/\/demoweb.info\/sexshop001\/producto\/b-stroker-masajeador-unisex-control-remoto-con-exclusivo-rimming-bea\/"},"modified":"2022-01-22T11:58:39","modified_gmt":"2022-01-22T10:58:39","slug":"b-stroker-masajeador-unisex-control-remoto-con-exclusivo-rimming-bea","status":"publish","type":"product","link":"https:\/\/demoweb.info\/sexshop001\/producto\/b-stroker-masajeador-unisex-control-remoto-con-exclusivo-rimming-bea\/","title":{"rendered":"B-STROKER MASAJEADOR UNISEX CONTROL REMOTO CON EXCLUSIVO RIMMING BEA"},"content":{"rendered":"<p><strong>B-STROKER REMOTE CONTROL UNISEX MASSAGER WITH UNIQUE RIMMING BEA<\/strong><\/p>\n<p>Nexus B Stroker es un juguete \u00fanico y vers\u00e1til que puede utilizarse para estimular el ano o la vagina.<\/p>\n<p>La base del mango cuenta con peque\u00f1as perlas masajeadoras que suben y bajan para proporcionarte placer, mientras que al mismo tiempo las vibraciones de la base te llevar\u00e1n a un mundo nuevo de sensaciones.<\/p>\n<p>Sean cuales sean tus gustos, Nexus B Stroker encontrar\u00e1 la manera de satisfacerte.<\/p>\n<ul>\n<li>Di\u00e1metro del producto 4,0 cm<\/li>\n<li>Longitud insertable 11,0 cm<\/li>\n<li>N\u00famero de motores 1<\/li>\n<li>Varias velocidades S\u00ed<\/li>\n<li>Recargable si<\/li>\n<li>Tiempo de recarga 150 min<\/li>\n<li>Duraci\u00f3n de la recarga de la bater\u00eda 210 min<\/li>\n<li>Resistente al agua si<\/li>\n<li>A prueba de salpicaduras S\u00ed<\/li>\n<li>Sin ftalatos S\u00ed<\/li>\n<li>Materiales de silicona<\/li>\n<\/ul>\n","protected":false},"excerpt":{"rendered":"<p>B-STROKER REMOTE CONTROL UNISEX MASSAGER WITH UNIQUE RIMMING BEA Nexus B Stroker es un juguete \u00fanico y vers\u00e1til que puede<\/p>\n","protected":false},"featured_media":25996,"comment_status":"open","ping_status":"open","template":"","meta":[],"product_cat":[439],"product_tag":[296],"class_list":["post-25995","product","type-product","status-publish","has-post-thumbnail","hentry","product_cat-punto-p-plugs","product_tag-nexus"],"bundled_by":[],"bundle_stock_status":"instock","bundle_stock_quantity":1,"bundle_virtual":false,"bundle_layout":"","bundle_add_to_cart_form_location":"","bundle_editable_in_cart":false,"bundle_sold_individually_context":"","bundle_item_grouping":"","bundle_min_size":"","bundle_max_size":"","bundled_items":[],"yoast_head":"<!-- This site is optimized with the Yoast SEO plugin v20.6 - https:\/\/yoast.com\/wordpress\/plugins\/seo\/ -->\n<title>B-STROKER MASAJEADOR UNISEX CONTROL REMOTO CON EXCLUSIVO RIMMING BEA - Tienda Er\u00f3tica<\/title>\n<meta name=\"robots\" content=\"noindex, follow, max-snippet:-1, max-image-preview:large, max-video-preview:-1\" \/>\n<meta property=\"og:locale\" content=\"es_ES\" \/>\n<meta property=\"og:type\" content=\"article\" \/>\n<meta property=\"og:title\" content=\"B-STROKER MASAJEADOR UNISEX CONTROL REMOTO CON EXCLUSIVO RIMMING BEA - Tienda Er\u00f3tica\" \/>\n<meta property=\"og:description\" content=\"B-STROKER REMOTE CONTROL UNISEX MASSAGER WITH UNIQUE RIMMING BEA Nexus B Stroker es un juguete \u00fanico y vers\u00e1til que puede\" \/>\n<meta property=\"og:url\" content=\"https:\/\/demoweb.info\/sexshop001\/producto\/b-stroker-masajeador-unisex-control-remoto-con-exclusivo-rimming-bea\/\" \/>\n<meta property=\"og:site_name\" content=\"Tienda Er\u00f3tica\" \/>\n<meta property=\"article:modified_time\" content=\"2022-01-22T10:58:39+00:00\" \/>\n<meta property=\"og:image\" content=\"https:\/\/demoweb.info\/sexshop001\/wp-content\/uploads\/2022\/01\/B-STROKER-MASAJEADOR-UNISEX-CONTROL-REMOTO-CON-EXCLUSIVO-RIMMING-BEA.jpg\" \/>\n\t<meta property=\"og:image:width\" content=\"550\" \/>\n\t<meta property=\"og:image:height\" content=\"550\" \/>\n\t<meta property=\"og:image:type\" content=\"image\/jpeg\" \/>\n<meta name=\"twitter:card\" content=\"summary_large_image\" \/>\n<meta name=\"twitter:label1\" content=\"Tiempo de lectura\" \/>\n\t<meta name=\"twitter:data1\" content=\"1 minuto\" \/>\n<script type=\"application\/ld+json\" class=\"yoast-schema-graph\">{\"@context\":\"https:\/\/schema.org\",\"@graph\":[{\"@type\":\"WebPage\",\"@id\":\"https:\/\/demoweb.info\/sexshop001\/producto\/b-stroker-masajeador-unisex-control-remoto-con-exclusivo-rimming-bea\/\",\"url\":\"https:\/\/demoweb.info\/sexshop001\/producto\/b-stroker-masajeador-unisex-control-remoto-con-exclusivo-rimming-bea\/\",\"name\":\"B-STROKER MASAJEADOR UNISEX CONTROL REMOTO CON EXCLUSIVO RIMMING BEA - Tienda Er\u00f3tica\",\"isPartOf\":{\"@id\":\"https:\/\/demoweb.info\/sexshop001\/#website\"},\"datePublished\":\"2022-01-22T10:58:22+00:00\",\"dateModified\":\"2022-01-22T10:58:39+00:00\",\"breadcrumb\":{\"@id\":\"https:\/\/demoweb.info\/sexshop001\/producto\/b-stroker-masajeador-unisex-control-remoto-con-exclusivo-rimming-bea\/#breadcrumb\"},\"inLanguage\":\"es\",\"potentialAction\":[{\"@type\":\"ReadAction\",\"target\":[\"https:\/\/demoweb.info\/sexshop001\/producto\/b-stroker-masajeador-unisex-control-remoto-con-exclusivo-rimming-bea\/\"]}]},{\"@type\":\"BreadcrumbList\",\"@id\":\"https:\/\/demoweb.info\/sexshop001\/producto\/b-stroker-masajeador-unisex-control-remoto-con-exclusivo-rimming-bea\/#breadcrumb\",\"itemListElement\":[{\"@type\":\"ListItem\",\"position\":1,\"name\":\"Portada\",\"item\":\"https:\/\/demoweb.info\/sexshop001\/\"},{\"@type\":\"ListItem\",\"position\":2,\"name\":\"Tienda\",\"item\":\"https:\/\/demoweb.info\/sexshop001\/tienda\/\"},{\"@type\":\"ListItem\",\"position\":3,\"name\":\"B-STROKER MASAJEADOR UNISEX CONTROL REMOTO CON EXCLUSIVO RIMMING BEA\"}]},{\"@type\":\"WebSite\",\"@id\":\"https:\/\/demoweb.info\/sexshop001\/#website\",\"url\":\"https:\/\/demoweb.info\/sexshop001\/\",\"name\":\"Tienda Er\u00f3tica\",\"description\":\"DEMOWEB SL\",\"potentialAction\":[{\"@type\":\"SearchAction\",\"target\":{\"@type\":\"EntryPoint\",\"urlTemplate\":\"https:\/\/demoweb.info\/sexshop001\/?s={search_term_string}\"},\"query-input\":\"required name=search_term_string\"}],\"inLanguage\":\"es\"}]}<\/script>\n<!-- \/ Yoast SEO plugin. -->","yoast_head_json":{"title":"B-STROKER MASAJEADOR UNISEX CONTROL REMOTO CON EXCLUSIVO RIMMING BEA - Tienda Er\u00f3tica","robots":{"index":"noindex","follow":"follow","max-snippet":"max-snippet:-1","max-image-preview":"max-image-preview:large","max-video-preview":"max-video-preview:-1"},"og_locale":"es_ES","og_type":"article","og_title":"B-STROKER MASAJEADOR UNISEX CONTROL REMOTO CON EXCLUSIVO RIMMING BEA - Tienda Er\u00f3tica","og_description":"B-STROKER REMOTE CONTROL UNISEX MASSAGER WITH UNIQUE RIMMING BEA Nexus B Stroker es un juguete \u00fanico y vers\u00e1til que puede","og_url":"https:\/\/demoweb.info\/sexshop001\/producto\/b-stroker-masajeador-unisex-control-remoto-con-exclusivo-rimming-bea\/","og_site_name":"Tienda Er\u00f3tica","article_modified_time":"2022-01-22T10:58:39+00:00","og_image":[{"width":550,"height":550,"url":"https:\/\/demoweb.info\/sexshop001\/wp-content\/uploads\/2022\/01\/B-STROKER-MASAJEADOR-UNISEX-CONTROL-REMOTO-CON-EXCLUSIVO-RIMMING-BEA.jpg","type":"image\/jpeg"}],"twitter_card":"summary_large_image","twitter_misc":{"Tiempo de lectura":"1 minuto"},"schema":{"@context":"https:\/\/schema.org","@graph":[{"@type":"WebPage","@id":"https:\/\/demoweb.info\/sexshop001\/producto\/b-stroker-masajeador-unisex-control-remoto-con-exclusivo-rimming-bea\/","url":"https:\/\/demoweb.info\/sexshop001\/producto\/b-stroker-masajeador-unisex-control-remoto-con-exclusivo-rimming-bea\/","name":"B-STROKER MASAJEADOR UNISEX CONTROL REMOTO CON EXCLUSIVO RIMMING BEA - Tienda Er\u00f3tica","isPartOf":{"@id":"https:\/\/demoweb.info\/sexshop001\/#website"},"datePublished":"2022-01-22T10:58:22+00:00","dateModified":"2022-01-22T10:58:39+00:00","breadcrumb":{"@id":"https:\/\/demoweb.info\/sexshop001\/producto\/b-stroker-masajeador-unisex-control-remoto-con-exclusivo-rimming-bea\/#breadcrumb"},"inLanguage":"es","potentialAction":[{"@type":"ReadAction","target":["https:\/\/demoweb.info\/sexshop001\/producto\/b-stroker-masajeador-unisex-control-remoto-con-exclusivo-rimming-bea\/"]}]},{"@type":"BreadcrumbList","@id":"https:\/\/demoweb.info\/sexshop001\/producto\/b-stroker-masajeador-unisex-control-remoto-con-exclusivo-rimming-bea\/#breadcrumb","itemListElement":[{"@type":"ListItem","position":1,"name":"Portada","item":"https:\/\/demoweb.info\/sexshop001\/"},{"@type":"ListItem","position":2,"name":"Tienda","item":"https:\/\/demoweb.info\/sexshop001\/tienda\/"},{"@type":"ListItem","position":3,"name":"B-STROKER MASAJEADOR UNISEX CONTROL REMOTO CON EXCLUSIVO RIMMING BEA"}]},{"@type":"WebSite","@id":"https:\/\/demoweb.info\/sexshop001\/#website","url":"https:\/\/demoweb.info\/sexshop001\/","name":"Tienda Er\u00f3tica","description":"DEMOWEB SL","potentialAction":[{"@type":"SearchAction","target":{"@type":"EntryPoint","urlTemplate":"https:\/\/demoweb.info\/sexshop001\/?s={search_term_string}"},"query-input":"required name=search_term_string"}],"inLanguage":"es"}]}},"_links":{"self":[{"href":"https:\/\/demoweb.info\/sexshop001\/wp-json\/wp\/v3\/product\/25995","targetHints":{"allow":["GET"]}}],"collection":[{"href":"https:\/\/demoweb.info\/sexshop001\/wp-json\/wp\/v3\/product"}],"about":[{"href":"https:\/\/demoweb.info\/sexshop001\/wp-json\/wp\/v2\/types\/product"}],"replies":[{"embeddable":true,"href":"https:\/\/demoweb.info\/sexshop001\/wp-json\/wp\/v2\/comments?post=25995"}],"wp:featuredmedia":[{"embeddable":true,"href":"https:\/\/demoweb.info\/sexshop001\/wp-json\/wp\/v2\/media\/25996"}],"wp:attachment":[{"href":"https:\/\/demoweb.info\/sexshop001\/wp-json\/wp\/v2\/media?parent=25995"}],"wp:term":[{"taxonomy":"product_cat","embeddable":true,"href":"https:\/\/demoweb.info\/sexshop001\/wp-json\/wp\/v2\/product_cat?post=25995"},{"taxonomy":"product_tag","embeddable":true,"href":"https:\/\/demoweb.info\/sexshop001\/wp-json\/wp\/v2\/product_tag?post=25995"}],"curies":[{"name":"wp","href":"https:\/\/api.w.org\/{rel}","templated":true}]}}