{"id":25990,"date":"2022-01-22T11:58:22","date_gmt":"2022-01-22T10:58:22","guid":{"rendered":"https:\/\/demoweb.info\/sexshop001\/producto\/juego-de-velas-de-masaje-3-piezas-feromonas-vainilla-y-rosa-scente\/"},"modified":"2022-01-22T11:58:34","modified_gmt":"2022-01-22T10:58:34","slug":"juego-de-velas-de-masaje-3-piezas-feromonas-vainilla-y-rosa-scente","status":"publish","type":"product","link":"https:\/\/demoweb.info\/sexshop001\/producto\/juego-de-velas-de-masaje-3-piezas-feromonas-vainilla-y-rosa-scente\/","title":{"rendered":"JUEGO DE VELAS DE MASAJE &#8211; 3 PIEZAS &#8211; FEROMONAS, VAINILLA Y ROSA SCENTE"},"content":{"rendered":"<p><strong>MASSAGE CANDLE SET &#8211; 3 PIECES &#8211; PHEROMONE, VANILLA &#038; ROSE SCENTE<\/strong><\/p>\n<p>\u00a1Simplemente encienda la vela para crear un estado de \u00e1nimo sensual y luego masajee a su pareja hasta el para\u00edso!<\/p>\n<p>A medida que la fragancia sensual llena la habitaci\u00f3n, la cera c\u00e1lida har\u00e1 su magia en la piel de tu amante.<\/p>\n<p>\u00a1Este juego de velas de triple cera es el paquete completo para llevar los juegos previos hasta el juego sexual!<\/p>\n<p>Con 3 aromas sensuales, feromonas, vainilla y rosa<\/p>\n<p>\u00a1tu amante estar\u00e1 en el placer de su vida!<\/p>\n<p>Las 3 velas vienen en una taza negra y pesan 60 gramos (2,12 oz) cada una.<\/p>\n<ul>\n<li>Peso embalaje 330 gramos<\/li>\n<li>Dimensiones del producto 4 x 6 x 6 cm<\/li>\n<li>Peso del producto 60 gramos<\/li>\n<li>Los ingredientes cera de soja, cera de coco, aceite esencial<\/li>\n<\/ul>\n","protected":false},"excerpt":{"rendered":"<p>MASSAGE CANDLE SET &#8211; 3 PIECES &#8211; PHEROMONE, VANILLA &#038; ROSE SCENTE \u00a1Simplemente encienda la vela para crear un estado<\/p>\n","protected":false},"featured_media":25991,"comment_status":"open","ping_status":"open","template":"","meta":[],"product_cat":[730],"product_tag":[302],"class_list":["post-25990","product","type-product","status-publish","has-post-thumbnail","hentry","product_cat-velas-eroticas","product_tag-shots"],"bundled_by":[],"bundle_stock_status":"instock","bundle_stock_quantity":2,"bundle_virtual":false,"bundle_layout":"","bundle_add_to_cart_form_location":"","bundle_editable_in_cart":false,"bundle_sold_individually_context":"","bundle_item_grouping":"","bundle_min_size":"","bundle_max_size":"","bundled_items":[],"yoast_head":"<!-- This site is optimized with the Yoast SEO plugin v20.6 - https:\/\/yoast.com\/wordpress\/plugins\/seo\/ -->\n<title>JUEGO DE VELAS DE MASAJE - 3 PIEZAS - FEROMONAS, VAINILLA Y ROSA SCENTE - Tienda Er\u00f3tica<\/title>\n<meta name=\"robots\" content=\"noindex, follow, max-snippet:-1, max-image-preview:large, max-video-preview:-1\" \/>\n<meta property=\"og:locale\" content=\"es_ES\" \/>\n<meta property=\"og:type\" content=\"article\" \/>\n<meta property=\"og:title\" content=\"JUEGO DE VELAS DE MASAJE - 3 PIEZAS - FEROMONAS, VAINILLA Y ROSA SCENTE - Tienda Er\u00f3tica\" \/>\n<meta property=\"og:description\" content=\"MASSAGE CANDLE SET &#8211; 3 PIECES &#8211; PHEROMONE, VANILLA &#038; ROSE SCENTE \u00a1Simplemente encienda la vela para crear un estado\" \/>\n<meta property=\"og:url\" content=\"https:\/\/demoweb.info\/sexshop001\/producto\/juego-de-velas-de-masaje-3-piezas-feromonas-vainilla-y-rosa-scente\/\" \/>\n<meta property=\"og:site_name\" content=\"Tienda Er\u00f3tica\" \/>\n<meta property=\"article:modified_time\" content=\"2022-01-22T10:58:34+00:00\" \/>\n<meta property=\"og:image\" content=\"https:\/\/demoweb.info\/sexshop001\/wp-content\/uploads\/2022\/01\/JUEGO-DE-VELAS-DE-MASAJE-3-PIEZAS-FEROMONAS-VAINILLA-Y-ROSA-SCENTE.jpg\" \/>\n\t<meta property=\"og:image:width\" content=\"550\" \/>\n\t<meta property=\"og:image:height\" content=\"550\" \/>\n\t<meta property=\"og:image:type\" content=\"image\/jpeg\" \/>\n<meta name=\"twitter:card\" content=\"summary_large_image\" \/>\n<meta name=\"twitter:label1\" content=\"Tiempo de lectura\" \/>\n\t<meta name=\"twitter:data1\" content=\"1 minuto\" \/>\n<script type=\"application\/ld+json\" class=\"yoast-schema-graph\">{\"@context\":\"https:\/\/schema.org\",\"@graph\":[{\"@type\":\"WebPage\",\"@id\":\"https:\/\/demoweb.info\/sexshop001\/producto\/juego-de-velas-de-masaje-3-piezas-feromonas-vainilla-y-rosa-scente\/\",\"url\":\"https:\/\/demoweb.info\/sexshop001\/producto\/juego-de-velas-de-masaje-3-piezas-feromonas-vainilla-y-rosa-scente\/\",\"name\":\"JUEGO DE VELAS DE MASAJE - 3 PIEZAS - FEROMONAS, VAINILLA Y ROSA SCENTE - Tienda Er\u00f3tica\",\"isPartOf\":{\"@id\":\"https:\/\/demoweb.info\/sexshop001\/#website\"},\"datePublished\":\"2022-01-22T10:58:22+00:00\",\"dateModified\":\"2022-01-22T10:58:34+00:00\",\"breadcrumb\":{\"@id\":\"https:\/\/demoweb.info\/sexshop001\/producto\/juego-de-velas-de-masaje-3-piezas-feromonas-vainilla-y-rosa-scente\/#breadcrumb\"},\"inLanguage\":\"es\",\"potentialAction\":[{\"@type\":\"ReadAction\",\"target\":[\"https:\/\/demoweb.info\/sexshop001\/producto\/juego-de-velas-de-masaje-3-piezas-feromonas-vainilla-y-rosa-scente\/\"]}]},{\"@type\":\"BreadcrumbList\",\"@id\":\"https:\/\/demoweb.info\/sexshop001\/producto\/juego-de-velas-de-masaje-3-piezas-feromonas-vainilla-y-rosa-scente\/#breadcrumb\",\"itemListElement\":[{\"@type\":\"ListItem\",\"position\":1,\"name\":\"Portada\",\"item\":\"https:\/\/demoweb.info\/sexshop001\/\"},{\"@type\":\"ListItem\",\"position\":2,\"name\":\"Tienda\",\"item\":\"https:\/\/demoweb.info\/sexshop001\/tienda\/\"},{\"@type\":\"ListItem\",\"position\":3,\"name\":\"JUEGO DE VELAS DE MASAJE &#8211; 3 PIEZAS &#8211; FEROMONAS, VAINILLA Y ROSA SCENTE\"}]},{\"@type\":\"WebSite\",\"@id\":\"https:\/\/demoweb.info\/sexshop001\/#website\",\"url\":\"https:\/\/demoweb.info\/sexshop001\/\",\"name\":\"Tienda Er\u00f3tica\",\"description\":\"DEMOWEB SL\",\"potentialAction\":[{\"@type\":\"SearchAction\",\"target\":{\"@type\":\"EntryPoint\",\"urlTemplate\":\"https:\/\/demoweb.info\/sexshop001\/?s={search_term_string}\"},\"query-input\":\"required name=search_term_string\"}],\"inLanguage\":\"es\"}]}<\/script>\n<!-- \/ Yoast SEO plugin. -->","yoast_head_json":{"title":"JUEGO DE VELAS DE MASAJE - 3 PIEZAS - FEROMONAS, VAINILLA Y ROSA SCENTE - Tienda Er\u00f3tica","robots":{"index":"noindex","follow":"follow","max-snippet":"max-snippet:-1","max-image-preview":"max-image-preview:large","max-video-preview":"max-video-preview:-1"},"og_locale":"es_ES","og_type":"article","og_title":"JUEGO DE VELAS DE MASAJE - 3 PIEZAS - FEROMONAS, VAINILLA Y ROSA SCENTE - Tienda Er\u00f3tica","og_description":"MASSAGE CANDLE SET &#8211; 3 PIECES &#8211; PHEROMONE, VANILLA &#038; ROSE SCENTE \u00a1Simplemente encienda la vela para crear un estado","og_url":"https:\/\/demoweb.info\/sexshop001\/producto\/juego-de-velas-de-masaje-3-piezas-feromonas-vainilla-y-rosa-scente\/","og_site_name":"Tienda Er\u00f3tica","article_modified_time":"2022-01-22T10:58:34+00:00","og_image":[{"width":550,"height":550,"url":"https:\/\/demoweb.info\/sexshop001\/wp-content\/uploads\/2022\/01\/JUEGO-DE-VELAS-DE-MASAJE-3-PIEZAS-FEROMONAS-VAINILLA-Y-ROSA-SCENTE.jpg","type":"image\/jpeg"}],"twitter_card":"summary_large_image","twitter_misc":{"Tiempo de lectura":"1 minuto"},"schema":{"@context":"https:\/\/schema.org","@graph":[{"@type":"WebPage","@id":"https:\/\/demoweb.info\/sexshop001\/producto\/juego-de-velas-de-masaje-3-piezas-feromonas-vainilla-y-rosa-scente\/","url":"https:\/\/demoweb.info\/sexshop001\/producto\/juego-de-velas-de-masaje-3-piezas-feromonas-vainilla-y-rosa-scente\/","name":"JUEGO DE VELAS DE MASAJE - 3 PIEZAS - FEROMONAS, VAINILLA Y ROSA SCENTE - Tienda Er\u00f3tica","isPartOf":{"@id":"https:\/\/demoweb.info\/sexshop001\/#website"},"datePublished":"2022-01-22T10:58:22+00:00","dateModified":"2022-01-22T10:58:34+00:00","breadcrumb":{"@id":"https:\/\/demoweb.info\/sexshop001\/producto\/juego-de-velas-de-masaje-3-piezas-feromonas-vainilla-y-rosa-scente\/#breadcrumb"},"inLanguage":"es","potentialAction":[{"@type":"ReadAction","target":["https:\/\/demoweb.info\/sexshop001\/producto\/juego-de-velas-de-masaje-3-piezas-feromonas-vainilla-y-rosa-scente\/"]}]},{"@type":"BreadcrumbList","@id":"https:\/\/demoweb.info\/sexshop001\/producto\/juego-de-velas-de-masaje-3-piezas-feromonas-vainilla-y-rosa-scente\/#breadcrumb","itemListElement":[{"@type":"ListItem","position":1,"name":"Portada","item":"https:\/\/demoweb.info\/sexshop001\/"},{"@type":"ListItem","position":2,"name":"Tienda","item":"https:\/\/demoweb.info\/sexshop001\/tienda\/"},{"@type":"ListItem","position":3,"name":"JUEGO DE VELAS DE MASAJE &#8211; 3 PIEZAS &#8211; FEROMONAS, VAINILLA Y ROSA SCENTE"}]},{"@type":"WebSite","@id":"https:\/\/demoweb.info\/sexshop001\/#website","url":"https:\/\/demoweb.info\/sexshop001\/","name":"Tienda Er\u00f3tica","description":"DEMOWEB SL","potentialAction":[{"@type":"SearchAction","target":{"@type":"EntryPoint","urlTemplate":"https:\/\/demoweb.info\/sexshop001\/?s={search_term_string}"},"query-input":"required name=search_term_string"}],"inLanguage":"es"}]}},"_links":{"self":[{"href":"https:\/\/demoweb.info\/sexshop001\/wp-json\/wp\/v3\/product\/25990","targetHints":{"allow":["GET"]}}],"collection":[{"href":"https:\/\/demoweb.info\/sexshop001\/wp-json\/wp\/v3\/product"}],"about":[{"href":"https:\/\/demoweb.info\/sexshop001\/wp-json\/wp\/v2\/types\/product"}],"replies":[{"embeddable":true,"href":"https:\/\/demoweb.info\/sexshop001\/wp-json\/wp\/v2\/comments?post=25990"}],"wp:featuredmedia":[{"embeddable":true,"href":"https:\/\/demoweb.info\/sexshop001\/wp-json\/wp\/v2\/media\/25991"}],"wp:attachment":[{"href":"https:\/\/demoweb.info\/sexshop001\/wp-json\/wp\/v2\/media?parent=25990"}],"wp:term":[{"taxonomy":"product_cat","embeddable":true,"href":"https:\/\/demoweb.info\/sexshop001\/wp-json\/wp\/v2\/product_cat?post=25990"},{"taxonomy":"product_tag","embeddable":true,"href":"https:\/\/demoweb.info\/sexshop001\/wp-json\/wp\/v2\/product_tag?post=25990"}],"curies":[{"name":"wp","href":"https:\/\/api.w.org\/{rel}","templated":true}]}}