{"id":25980,"date":"2022-01-22T11:58:22","date_gmt":"2022-01-22T10:58:22","guid":{"rendered":"https:\/\/demoweb.info\/sexshop001\/producto\/sex-dice-plata\/"},"modified":"2022-01-22T11:58:27","modified_gmt":"2022-01-22T10:58:27","slug":"sex-dice-plata","status":"publish","type":"product","link":"https:\/\/demoweb.info\/sexshop001\/producto\/sex-dice-plata\/","title":{"rendered":"SEX DICE &#8211; PLATA"},"content":{"rendered":"<p><strong>SEX DICE &#8211; SILVER<\/strong><\/p>\n<p>\n\u00a1Da rienda suelta a tu lado travieso con una tirada de dados!<\/p>\n<p>Estos juegos son una excelente opci\u00f3n er\u00f3tica tanto para los juegos previos como para las posiciones, por lo que puedes ponerle picante a tu vida sexual cuando y donde quieras.<\/p>\n<p>Los dados tambi\u00e9n son una fuente seductora de comunicaci\u00f3n y experimentaci\u00f3n.<\/p>\n<p>Deje que el azar y el lanzamiento de los dados decidan el destino de su amante, simplemente realice la combinaci\u00f3n de acciones sugeridas por los dados.<\/p>\n<p>Siga jugando y cambiando de posici\u00f3n hasta que ambos alcancen el orgasmo.<\/p>\n<p>Realmente, este es un juego donde no hay perdedores.<\/p>\n<p>\u00a1Qui\u00e9n se atreve gana cada vez!<\/p>\n<ul>\n<li>Peso embalaje: 14 gramos<\/li>\n<li>Dimensiones del producto. 1,6 x 1,6 x 1,6 cm<\/li>\n<li>Peso del producto: 8 gramos<\/li>\n<li>Materiales: ABS<\/li>\n<\/ul>\n","protected":false},"excerpt":{"rendered":"<p>SEX DICE &#8211; SILVER \u00a1Da rienda suelta a tu lado travieso con una tirada de dados! Estos juegos son una<\/p>\n","protected":false},"featured_media":25981,"comment_status":"open","ping_status":"open","template":"","meta":[],"product_cat":[382],"product_tag":[1084,302],"class_list":["post-25980","product","type-product","status-publish","has-post-thumbnail","hentry","product_cat-dados","product_tag-s-line","product_tag-shots"],"bundled_by":[],"bundle_stock_status":"instock","bundle_stock_quantity":2,"bundle_virtual":false,"bundle_layout":"","bundle_add_to_cart_form_location":"","bundle_editable_in_cart":false,"bundle_sold_individually_context":"","bundle_item_grouping":"","bundle_min_size":"","bundle_max_size":"","bundled_items":[],"yoast_head":"<!-- This site is optimized with the Yoast SEO plugin v20.6 - https:\/\/yoast.com\/wordpress\/plugins\/seo\/ -->\n<title>SEX DICE - PLATA - Tienda Er\u00f3tica<\/title>\n<meta name=\"robots\" content=\"noindex, follow, max-snippet:-1, max-image-preview:large, max-video-preview:-1\" \/>\n<meta property=\"og:locale\" content=\"es_ES\" \/>\n<meta property=\"og:type\" content=\"article\" \/>\n<meta property=\"og:title\" content=\"SEX DICE - PLATA - Tienda Er\u00f3tica\" \/>\n<meta property=\"og:description\" content=\"SEX DICE &#8211; SILVER \u00a1Da rienda suelta a tu lado travieso con una tirada de dados! Estos juegos son una\" \/>\n<meta property=\"og:url\" content=\"https:\/\/demoweb.info\/sexshop001\/producto\/sex-dice-plata\/\" \/>\n<meta property=\"og:site_name\" content=\"Tienda Er\u00f3tica\" \/>\n<meta property=\"article:modified_time\" content=\"2022-01-22T10:58:27+00:00\" \/>\n<meta property=\"og:image\" content=\"https:\/\/demoweb.info\/sexshop001\/wp-content\/uploads\/2022\/01\/SEX-DICE-PLATA.jpg\" \/>\n\t<meta property=\"og:image:width\" content=\"550\" \/>\n\t<meta property=\"og:image:height\" content=\"550\" \/>\n\t<meta property=\"og:image:type\" content=\"image\/jpeg\" \/>\n<meta name=\"twitter:card\" content=\"summary_large_image\" \/>\n<meta name=\"twitter:label1\" content=\"Tiempo de lectura\" \/>\n\t<meta name=\"twitter:data1\" content=\"1 minuto\" \/>\n<script type=\"application\/ld+json\" class=\"yoast-schema-graph\">{\"@context\":\"https:\/\/schema.org\",\"@graph\":[{\"@type\":\"WebPage\",\"@id\":\"https:\/\/demoweb.info\/sexshop001\/producto\/sex-dice-plata\/\",\"url\":\"https:\/\/demoweb.info\/sexshop001\/producto\/sex-dice-plata\/\",\"name\":\"SEX DICE - PLATA - Tienda Er\u00f3tica\",\"isPartOf\":{\"@id\":\"https:\/\/demoweb.info\/sexshop001\/#website\"},\"datePublished\":\"2022-01-22T10:58:22+00:00\",\"dateModified\":\"2022-01-22T10:58:27+00:00\",\"breadcrumb\":{\"@id\":\"https:\/\/demoweb.info\/sexshop001\/producto\/sex-dice-plata\/#breadcrumb\"},\"inLanguage\":\"es\",\"potentialAction\":[{\"@type\":\"ReadAction\",\"target\":[\"https:\/\/demoweb.info\/sexshop001\/producto\/sex-dice-plata\/\"]}]},{\"@type\":\"BreadcrumbList\",\"@id\":\"https:\/\/demoweb.info\/sexshop001\/producto\/sex-dice-plata\/#breadcrumb\",\"itemListElement\":[{\"@type\":\"ListItem\",\"position\":1,\"name\":\"Portada\",\"item\":\"https:\/\/demoweb.info\/sexshop001\/\"},{\"@type\":\"ListItem\",\"position\":2,\"name\":\"Tienda\",\"item\":\"https:\/\/demoweb.info\/sexshop001\/tienda\/\"},{\"@type\":\"ListItem\",\"position\":3,\"name\":\"SEX DICE &#8211; PLATA\"}]},{\"@type\":\"WebSite\",\"@id\":\"https:\/\/demoweb.info\/sexshop001\/#website\",\"url\":\"https:\/\/demoweb.info\/sexshop001\/\",\"name\":\"Tienda Er\u00f3tica\",\"description\":\"DEMOWEB SL\",\"potentialAction\":[{\"@type\":\"SearchAction\",\"target\":{\"@type\":\"EntryPoint\",\"urlTemplate\":\"https:\/\/demoweb.info\/sexshop001\/?s={search_term_string}\"},\"query-input\":\"required name=search_term_string\"}],\"inLanguage\":\"es\"}]}<\/script>\n<!-- \/ Yoast SEO plugin. -->","yoast_head_json":{"title":"SEX DICE - PLATA - Tienda Er\u00f3tica","robots":{"index":"noindex","follow":"follow","max-snippet":"max-snippet:-1","max-image-preview":"max-image-preview:large","max-video-preview":"max-video-preview:-1"},"og_locale":"es_ES","og_type":"article","og_title":"SEX DICE - PLATA - Tienda Er\u00f3tica","og_description":"SEX DICE &#8211; SILVER \u00a1Da rienda suelta a tu lado travieso con una tirada de dados! Estos juegos son una","og_url":"https:\/\/demoweb.info\/sexshop001\/producto\/sex-dice-plata\/","og_site_name":"Tienda Er\u00f3tica","article_modified_time":"2022-01-22T10:58:27+00:00","og_image":[{"width":550,"height":550,"url":"https:\/\/demoweb.info\/sexshop001\/wp-content\/uploads\/2022\/01\/SEX-DICE-PLATA.jpg","type":"image\/jpeg"}],"twitter_card":"summary_large_image","twitter_misc":{"Tiempo de lectura":"1 minuto"},"schema":{"@context":"https:\/\/schema.org","@graph":[{"@type":"WebPage","@id":"https:\/\/demoweb.info\/sexshop001\/producto\/sex-dice-plata\/","url":"https:\/\/demoweb.info\/sexshop001\/producto\/sex-dice-plata\/","name":"SEX DICE - PLATA - Tienda Er\u00f3tica","isPartOf":{"@id":"https:\/\/demoweb.info\/sexshop001\/#website"},"datePublished":"2022-01-22T10:58:22+00:00","dateModified":"2022-01-22T10:58:27+00:00","breadcrumb":{"@id":"https:\/\/demoweb.info\/sexshop001\/producto\/sex-dice-plata\/#breadcrumb"},"inLanguage":"es","potentialAction":[{"@type":"ReadAction","target":["https:\/\/demoweb.info\/sexshop001\/producto\/sex-dice-plata\/"]}]},{"@type":"BreadcrumbList","@id":"https:\/\/demoweb.info\/sexshop001\/producto\/sex-dice-plata\/#breadcrumb","itemListElement":[{"@type":"ListItem","position":1,"name":"Portada","item":"https:\/\/demoweb.info\/sexshop001\/"},{"@type":"ListItem","position":2,"name":"Tienda","item":"https:\/\/demoweb.info\/sexshop001\/tienda\/"},{"@type":"ListItem","position":3,"name":"SEX DICE &#8211; PLATA"}]},{"@type":"WebSite","@id":"https:\/\/demoweb.info\/sexshop001\/#website","url":"https:\/\/demoweb.info\/sexshop001\/","name":"Tienda Er\u00f3tica","description":"DEMOWEB SL","potentialAction":[{"@type":"SearchAction","target":{"@type":"EntryPoint","urlTemplate":"https:\/\/demoweb.info\/sexshop001\/?s={search_term_string}"},"query-input":"required name=search_term_string"}],"inLanguage":"es"}]}},"_links":{"self":[{"href":"https:\/\/demoweb.info\/sexshop001\/wp-json\/wp\/v3\/product\/25980","targetHints":{"allow":["GET"]}}],"collection":[{"href":"https:\/\/demoweb.info\/sexshop001\/wp-json\/wp\/v3\/product"}],"about":[{"href":"https:\/\/demoweb.info\/sexshop001\/wp-json\/wp\/v2\/types\/product"}],"replies":[{"embeddable":true,"href":"https:\/\/demoweb.info\/sexshop001\/wp-json\/wp\/v2\/comments?post=25980"}],"wp:featuredmedia":[{"embeddable":true,"href":"https:\/\/demoweb.info\/sexshop001\/wp-json\/wp\/v2\/media\/25981"}],"wp:attachment":[{"href":"https:\/\/demoweb.info\/sexshop001\/wp-json\/wp\/v2\/media?parent=25980"}],"wp:term":[{"taxonomy":"product_cat","embeddable":true,"href":"https:\/\/demoweb.info\/sexshop001\/wp-json\/wp\/v2\/product_cat?post=25980"},{"taxonomy":"product_tag","embeddable":true,"href":"https:\/\/demoweb.info\/sexshop001\/wp-json\/wp\/v2\/product_tag?post=25980"}],"curies":[{"name":"wp","href":"https:\/\/api.w.org\/{rel}","templated":true}]}}