{"id":25915,"date":"2022-01-22T11:57:37","date_gmt":"2022-01-22T10:57:37","guid":{"rendered":"https:\/\/demoweb.info\/sexshop001\/producto\/paleta-de-mezclilla-estilo-rugoso-negro\/"},"modified":"2022-01-22T11:57:47","modified_gmt":"2022-01-22T10:57:47","slug":"paleta-de-mezclilla-estilo-rugoso-negro","status":"publish","type":"product","link":"https:\/\/demoweb.info\/sexshop001\/producto\/paleta-de-mezclilla-estilo-rugoso-negro\/","title":{"rendered":"PALETA DE MEZCLILLA &#8211; ESTILO RUGOSO &#8211; NEGRO"},"content":{"rendered":"<p><strong>DENIM PADDLE &#8211; ROUGHEND DENIM STYLE<\/strong><\/p>\n<p>Lleva tu perverso juego a un nivel superior y descubre tu lado dominante o sumiso con este<\/p>\n<p>\u00a1Ouch de alta calidad! <\/p>\n<p>Puedes por favor, tomar el control y dominar tu amor con este perverso remo..<\/p>\n<p>Cuenta con una pulsera en el extremo de la paleta para su mu\u00f1eca para garantizar que permanezca en su mano durante el uso y la combinaci\u00f3n de materiales lo hace perfecto para principiantes y jugadores de esclavitud m\u00e1s profesionales<\/p>\n<ul>\n<li>Peso del producto: 60 gramos<\/li>\n<li>Libre de ftalato: S\u00ed<\/li>\n<li>Materiales: Denim, tela no tejida, felpa suave, acero<\/li>\n<\/ul>\n","protected":false},"excerpt":{"rendered":"<p>DENIM PADDLE &#8211; ROUGHEND DENIM STYLE Lleva tu perverso juego a un nivel superior y descubre tu lado dominante o<\/p>\n","protected":false},"featured_media":25916,"comment_status":"open","ping_status":"open","template":"","meta":[],"product_cat":[337],"product_tag":[307,302],"class_list":["post-25915","product","type-product","status-publish","has-post-thumbnail","hentry","product_cat-paletas","product_tag-ouch","product_tag-shots"],"bundled_by":[],"bundle_stock_status":"instock","bundle_stock_quantity":1,"bundle_virtual":false,"bundle_layout":"","bundle_add_to_cart_form_location":"","bundle_editable_in_cart":false,"bundle_sold_individually_context":"","bundle_item_grouping":"","bundle_min_size":"","bundle_max_size":"","bundled_items":[],"yoast_head":"<!-- This site is optimized with the Yoast SEO plugin v20.6 - https:\/\/yoast.com\/wordpress\/plugins\/seo\/ -->\n<title>PALETA DE MEZCLILLA - ESTILO RUGOSO - NEGRO - Tienda Er\u00f3tica<\/title>\n<meta name=\"robots\" content=\"noindex, follow, max-snippet:-1, max-image-preview:large, max-video-preview:-1\" \/>\n<meta property=\"og:locale\" content=\"es_ES\" \/>\n<meta property=\"og:type\" content=\"article\" \/>\n<meta property=\"og:title\" content=\"PALETA DE MEZCLILLA - ESTILO RUGOSO - NEGRO - Tienda Er\u00f3tica\" \/>\n<meta property=\"og:description\" content=\"DENIM PADDLE &#8211; ROUGHEND DENIM STYLE Lleva tu perverso juego a un nivel superior y descubre tu lado dominante o\" \/>\n<meta property=\"og:url\" content=\"https:\/\/demoweb.info\/sexshop001\/producto\/paleta-de-mezclilla-estilo-rugoso-negro\/\" \/>\n<meta property=\"og:site_name\" content=\"Tienda Er\u00f3tica\" \/>\n<meta property=\"article:modified_time\" content=\"2022-01-22T10:57:47+00:00\" \/>\n<meta property=\"og:image\" content=\"https:\/\/demoweb.info\/sexshop001\/wp-content\/uploads\/2022\/01\/PALETA-DE-MEZCLILLA-ESTILO-RUGOSO-NEGRO.jpg\" \/>\n\t<meta property=\"og:image:width\" content=\"550\" \/>\n\t<meta property=\"og:image:height\" content=\"550\" \/>\n\t<meta property=\"og:image:type\" content=\"image\/jpeg\" \/>\n<meta name=\"twitter:card\" content=\"summary_large_image\" \/>\n<script type=\"application\/ld+json\" class=\"yoast-schema-graph\">{\"@context\":\"https:\/\/schema.org\",\"@graph\":[{\"@type\":\"WebPage\",\"@id\":\"https:\/\/demoweb.info\/sexshop001\/producto\/paleta-de-mezclilla-estilo-rugoso-negro\/\",\"url\":\"https:\/\/demoweb.info\/sexshop001\/producto\/paleta-de-mezclilla-estilo-rugoso-negro\/\",\"name\":\"PALETA DE MEZCLILLA - ESTILO RUGOSO - NEGRO - Tienda Er\u00f3tica\",\"isPartOf\":{\"@id\":\"https:\/\/demoweb.info\/sexshop001\/#website\"},\"datePublished\":\"2022-01-22T10:57:37+00:00\",\"dateModified\":\"2022-01-22T10:57:47+00:00\",\"breadcrumb\":{\"@id\":\"https:\/\/demoweb.info\/sexshop001\/producto\/paleta-de-mezclilla-estilo-rugoso-negro\/#breadcrumb\"},\"inLanguage\":\"es\",\"potentialAction\":[{\"@type\":\"ReadAction\",\"target\":[\"https:\/\/demoweb.info\/sexshop001\/producto\/paleta-de-mezclilla-estilo-rugoso-negro\/\"]}]},{\"@type\":\"BreadcrumbList\",\"@id\":\"https:\/\/demoweb.info\/sexshop001\/producto\/paleta-de-mezclilla-estilo-rugoso-negro\/#breadcrumb\",\"itemListElement\":[{\"@type\":\"ListItem\",\"position\":1,\"name\":\"Portada\",\"item\":\"https:\/\/demoweb.info\/sexshop001\/\"},{\"@type\":\"ListItem\",\"position\":2,\"name\":\"Tienda\",\"item\":\"https:\/\/demoweb.info\/sexshop001\/tienda\/\"},{\"@type\":\"ListItem\",\"position\":3,\"name\":\"PALETA DE MEZCLILLA &#8211; ESTILO RUGOSO &#8211; NEGRO\"}]},{\"@type\":\"WebSite\",\"@id\":\"https:\/\/demoweb.info\/sexshop001\/#website\",\"url\":\"https:\/\/demoweb.info\/sexshop001\/\",\"name\":\"Tienda Er\u00f3tica\",\"description\":\"DEMOWEB SL\",\"potentialAction\":[{\"@type\":\"SearchAction\",\"target\":{\"@type\":\"EntryPoint\",\"urlTemplate\":\"https:\/\/demoweb.info\/sexshop001\/?s={search_term_string}\"},\"query-input\":\"required name=search_term_string\"}],\"inLanguage\":\"es\"}]}<\/script>\n<!-- \/ Yoast SEO plugin. -->","yoast_head_json":{"title":"PALETA DE MEZCLILLA - ESTILO RUGOSO - NEGRO - Tienda Er\u00f3tica","robots":{"index":"noindex","follow":"follow","max-snippet":"max-snippet:-1","max-image-preview":"max-image-preview:large","max-video-preview":"max-video-preview:-1"},"og_locale":"es_ES","og_type":"article","og_title":"PALETA DE MEZCLILLA - ESTILO RUGOSO - NEGRO - Tienda Er\u00f3tica","og_description":"DENIM PADDLE &#8211; ROUGHEND DENIM STYLE Lleva tu perverso juego a un nivel superior y descubre tu lado dominante o","og_url":"https:\/\/demoweb.info\/sexshop001\/producto\/paleta-de-mezclilla-estilo-rugoso-negro\/","og_site_name":"Tienda Er\u00f3tica","article_modified_time":"2022-01-22T10:57:47+00:00","og_image":[{"width":550,"height":550,"url":"https:\/\/demoweb.info\/sexshop001\/wp-content\/uploads\/2022\/01\/PALETA-DE-MEZCLILLA-ESTILO-RUGOSO-NEGRO.jpg","type":"image\/jpeg"}],"twitter_card":"summary_large_image","schema":{"@context":"https:\/\/schema.org","@graph":[{"@type":"WebPage","@id":"https:\/\/demoweb.info\/sexshop001\/producto\/paleta-de-mezclilla-estilo-rugoso-negro\/","url":"https:\/\/demoweb.info\/sexshop001\/producto\/paleta-de-mezclilla-estilo-rugoso-negro\/","name":"PALETA DE MEZCLILLA - ESTILO RUGOSO - NEGRO - Tienda Er\u00f3tica","isPartOf":{"@id":"https:\/\/demoweb.info\/sexshop001\/#website"},"datePublished":"2022-01-22T10:57:37+00:00","dateModified":"2022-01-22T10:57:47+00:00","breadcrumb":{"@id":"https:\/\/demoweb.info\/sexshop001\/producto\/paleta-de-mezclilla-estilo-rugoso-negro\/#breadcrumb"},"inLanguage":"es","potentialAction":[{"@type":"ReadAction","target":["https:\/\/demoweb.info\/sexshop001\/producto\/paleta-de-mezclilla-estilo-rugoso-negro\/"]}]},{"@type":"BreadcrumbList","@id":"https:\/\/demoweb.info\/sexshop001\/producto\/paleta-de-mezclilla-estilo-rugoso-negro\/#breadcrumb","itemListElement":[{"@type":"ListItem","position":1,"name":"Portada","item":"https:\/\/demoweb.info\/sexshop001\/"},{"@type":"ListItem","position":2,"name":"Tienda","item":"https:\/\/demoweb.info\/sexshop001\/tienda\/"},{"@type":"ListItem","position":3,"name":"PALETA DE MEZCLILLA &#8211; ESTILO RUGOSO &#8211; NEGRO"}]},{"@type":"WebSite","@id":"https:\/\/demoweb.info\/sexshop001\/#website","url":"https:\/\/demoweb.info\/sexshop001\/","name":"Tienda Er\u00f3tica","description":"DEMOWEB SL","potentialAction":[{"@type":"SearchAction","target":{"@type":"EntryPoint","urlTemplate":"https:\/\/demoweb.info\/sexshop001\/?s={search_term_string}"},"query-input":"required name=search_term_string"}],"inLanguage":"es"}]}},"_links":{"self":[{"href":"https:\/\/demoweb.info\/sexshop001\/wp-json\/wp\/v3\/product\/25915","targetHints":{"allow":["GET"]}}],"collection":[{"href":"https:\/\/demoweb.info\/sexshop001\/wp-json\/wp\/v3\/product"}],"about":[{"href":"https:\/\/demoweb.info\/sexshop001\/wp-json\/wp\/v2\/types\/product"}],"replies":[{"embeddable":true,"href":"https:\/\/demoweb.info\/sexshop001\/wp-json\/wp\/v2\/comments?post=25915"}],"wp:featuredmedia":[{"embeddable":true,"href":"https:\/\/demoweb.info\/sexshop001\/wp-json\/wp\/v2\/media\/25916"}],"wp:attachment":[{"href":"https:\/\/demoweb.info\/sexshop001\/wp-json\/wp\/v2\/media?parent=25915"}],"wp:term":[{"taxonomy":"product_cat","embeddable":true,"href":"https:\/\/demoweb.info\/sexshop001\/wp-json\/wp\/v2\/product_cat?post=25915"},{"taxonomy":"product_tag","embeddable":true,"href":"https:\/\/demoweb.info\/sexshop001\/wp-json\/wp\/v2\/product_tag?post=25915"}],"curies":[{"name":"wp","href":"https:\/\/api.w.org\/{rel}","templated":true}]}}