{"id":25902,"date":"2022-01-22T11:57:37","date_gmt":"2022-01-22T10:57:37","guid":{"rendered":"https:\/\/demoweb.info\/sexshop001\/producto\/esposas-de-metal-azul\/"},"modified":"2022-01-22T11:57:40","modified_gmt":"2022-01-22T10:57:40","slug":"esposas-de-metal-azul","status":"publish","type":"product","link":"https:\/\/demoweb.info\/sexshop001\/producto\/esposas-de-metal-azul\/","title":{"rendered":"ESPOSAS DE METAL &#8211; AZUL"},"content":{"rendered":"<p><strong>DENIM METAL HANDCUFFS &#8211; ROUGHEND DENIM STYLE <\/strong><\/p>\n<p>Estar esposado puede ser una experiencia profundamente er\u00f3tica en el ambiente adecuado.<\/p>\n<p>Asegure las mu\u00f1ecas de su sumiso o amante y suj\u00e9telas a la cama o en cualquier otro lugar que pueda disfrutar.<\/p>\n<p>Descubra la emoci\u00f3n del bondage suave y la moderaci\u00f3n con estas esposas de metal \/ mezclilla y convi\u00e9rtalo en el juego previo perfecto para otras cosas por venir.<\/p>\n<p>El \u00e1rea de metal de las esposas tiene un di\u00e1metro que var\u00eda de 4,5 cm a 5,8 cm.<\/p>\n<p>La cadena que conecta los pu\u00f1os mide 7 cm.<\/p>\n<p>Las esposas tienen un peso total de 60 gramos<\/p>\n<ul>\n<li>Peso del producto 60 gramos<\/li>\n<li>Libre de ftalato S\u00ed<\/li>\n<li>Materiales Denim, Metal<\/li>\n<\/ul>\n","protected":false},"excerpt":{"rendered":"<p>DENIM METAL HANDCUFFS &#8211; ROUGHEND DENIM STYLE Estar esposado puede ser una experiencia profundamente er\u00f3tica en el ambiente adecuado. Asegure<\/p>\n","protected":false},"featured_media":25903,"comment_status":"open","ping_status":"open","template":"","meta":[],"product_cat":[563],"product_tag":[307,302],"class_list":["post-25902","product","type-product","status-publish","has-post-thumbnail","hentry","product_cat-metal-esposas","product_tag-ouch","product_tag-shots"],"bundled_by":[],"bundle_stock_status":"instock","bundle_stock_quantity":1,"bundle_virtual":false,"bundle_layout":"","bundle_add_to_cart_form_location":"","bundle_editable_in_cart":false,"bundle_sold_individually_context":"","bundle_item_grouping":"","bundle_min_size":"","bundle_max_size":"","bundled_items":[],"yoast_head":"<!-- This site is optimized with the Yoast SEO plugin v20.6 - https:\/\/yoast.com\/wordpress\/plugins\/seo\/ -->\n<title>ESPOSAS DE METAL - AZUL - Tienda Er\u00f3tica<\/title>\n<meta name=\"robots\" content=\"noindex, follow, max-snippet:-1, max-image-preview:large, max-video-preview:-1\" \/>\n<meta property=\"og:locale\" content=\"es_ES\" \/>\n<meta property=\"og:type\" content=\"article\" \/>\n<meta property=\"og:title\" content=\"ESPOSAS DE METAL - AZUL - Tienda Er\u00f3tica\" \/>\n<meta property=\"og:description\" content=\"DENIM METAL HANDCUFFS &#8211; ROUGHEND DENIM STYLE Estar esposado puede ser una experiencia profundamente er\u00f3tica en el ambiente adecuado. Asegure\" \/>\n<meta property=\"og:url\" content=\"https:\/\/demoweb.info\/sexshop001\/producto\/esposas-de-metal-azul\/\" \/>\n<meta property=\"og:site_name\" content=\"Tienda Er\u00f3tica\" \/>\n<meta property=\"article:modified_time\" content=\"2022-01-22T10:57:40+00:00\" \/>\n<meta property=\"og:image\" content=\"https:\/\/demoweb.info\/sexshop001\/wp-content\/uploads\/2022\/01\/ESPOSAS-DE-METAL-AZUL.jpg\" \/>\n\t<meta property=\"og:image:width\" content=\"550\" \/>\n\t<meta property=\"og:image:height\" content=\"550\" \/>\n\t<meta property=\"og:image:type\" content=\"image\/jpeg\" \/>\n<meta name=\"twitter:card\" content=\"summary_large_image\" \/>\n<meta name=\"twitter:label1\" content=\"Tiempo de lectura\" \/>\n\t<meta name=\"twitter:data1\" content=\"1 minuto\" \/>\n<script type=\"application\/ld+json\" class=\"yoast-schema-graph\">{\"@context\":\"https:\/\/schema.org\",\"@graph\":[{\"@type\":\"WebPage\",\"@id\":\"https:\/\/demoweb.info\/sexshop001\/producto\/esposas-de-metal-azul\/\",\"url\":\"https:\/\/demoweb.info\/sexshop001\/producto\/esposas-de-metal-azul\/\",\"name\":\"ESPOSAS DE METAL - AZUL - Tienda Er\u00f3tica\",\"isPartOf\":{\"@id\":\"https:\/\/demoweb.info\/sexshop001\/#website\"},\"datePublished\":\"2022-01-22T10:57:37+00:00\",\"dateModified\":\"2022-01-22T10:57:40+00:00\",\"breadcrumb\":{\"@id\":\"https:\/\/demoweb.info\/sexshop001\/producto\/esposas-de-metal-azul\/#breadcrumb\"},\"inLanguage\":\"es\",\"potentialAction\":[{\"@type\":\"ReadAction\",\"target\":[\"https:\/\/demoweb.info\/sexshop001\/producto\/esposas-de-metal-azul\/\"]}]},{\"@type\":\"BreadcrumbList\",\"@id\":\"https:\/\/demoweb.info\/sexshop001\/producto\/esposas-de-metal-azul\/#breadcrumb\",\"itemListElement\":[{\"@type\":\"ListItem\",\"position\":1,\"name\":\"Portada\",\"item\":\"https:\/\/demoweb.info\/sexshop001\/\"},{\"@type\":\"ListItem\",\"position\":2,\"name\":\"Tienda\",\"item\":\"https:\/\/demoweb.info\/sexshop001\/tienda\/\"},{\"@type\":\"ListItem\",\"position\":3,\"name\":\"ESPOSAS DE METAL &#8211; AZUL\"}]},{\"@type\":\"WebSite\",\"@id\":\"https:\/\/demoweb.info\/sexshop001\/#website\",\"url\":\"https:\/\/demoweb.info\/sexshop001\/\",\"name\":\"Tienda Er\u00f3tica\",\"description\":\"DEMOWEB SL\",\"potentialAction\":[{\"@type\":\"SearchAction\",\"target\":{\"@type\":\"EntryPoint\",\"urlTemplate\":\"https:\/\/demoweb.info\/sexshop001\/?s={search_term_string}\"},\"query-input\":\"required name=search_term_string\"}],\"inLanguage\":\"es\"}]}<\/script>\n<!-- \/ Yoast SEO plugin. -->","yoast_head_json":{"title":"ESPOSAS DE METAL - AZUL - Tienda Er\u00f3tica","robots":{"index":"noindex","follow":"follow","max-snippet":"max-snippet:-1","max-image-preview":"max-image-preview:large","max-video-preview":"max-video-preview:-1"},"og_locale":"es_ES","og_type":"article","og_title":"ESPOSAS DE METAL - AZUL - Tienda Er\u00f3tica","og_description":"DENIM METAL HANDCUFFS &#8211; ROUGHEND DENIM STYLE Estar esposado puede ser una experiencia profundamente er\u00f3tica en el ambiente adecuado. Asegure","og_url":"https:\/\/demoweb.info\/sexshop001\/producto\/esposas-de-metal-azul\/","og_site_name":"Tienda Er\u00f3tica","article_modified_time":"2022-01-22T10:57:40+00:00","og_image":[{"width":550,"height":550,"url":"https:\/\/demoweb.info\/sexshop001\/wp-content\/uploads\/2022\/01\/ESPOSAS-DE-METAL-AZUL.jpg","type":"image\/jpeg"}],"twitter_card":"summary_large_image","twitter_misc":{"Tiempo de lectura":"1 minuto"},"schema":{"@context":"https:\/\/schema.org","@graph":[{"@type":"WebPage","@id":"https:\/\/demoweb.info\/sexshop001\/producto\/esposas-de-metal-azul\/","url":"https:\/\/demoweb.info\/sexshop001\/producto\/esposas-de-metal-azul\/","name":"ESPOSAS DE METAL - AZUL - Tienda Er\u00f3tica","isPartOf":{"@id":"https:\/\/demoweb.info\/sexshop001\/#website"},"datePublished":"2022-01-22T10:57:37+00:00","dateModified":"2022-01-22T10:57:40+00:00","breadcrumb":{"@id":"https:\/\/demoweb.info\/sexshop001\/producto\/esposas-de-metal-azul\/#breadcrumb"},"inLanguage":"es","potentialAction":[{"@type":"ReadAction","target":["https:\/\/demoweb.info\/sexshop001\/producto\/esposas-de-metal-azul\/"]}]},{"@type":"BreadcrumbList","@id":"https:\/\/demoweb.info\/sexshop001\/producto\/esposas-de-metal-azul\/#breadcrumb","itemListElement":[{"@type":"ListItem","position":1,"name":"Portada","item":"https:\/\/demoweb.info\/sexshop001\/"},{"@type":"ListItem","position":2,"name":"Tienda","item":"https:\/\/demoweb.info\/sexshop001\/tienda\/"},{"@type":"ListItem","position":3,"name":"ESPOSAS DE METAL &#8211; AZUL"}]},{"@type":"WebSite","@id":"https:\/\/demoweb.info\/sexshop001\/#website","url":"https:\/\/demoweb.info\/sexshop001\/","name":"Tienda Er\u00f3tica","description":"DEMOWEB SL","potentialAction":[{"@type":"SearchAction","target":{"@type":"EntryPoint","urlTemplate":"https:\/\/demoweb.info\/sexshop001\/?s={search_term_string}"},"query-input":"required name=search_term_string"}],"inLanguage":"es"}]}},"_links":{"self":[{"href":"https:\/\/demoweb.info\/sexshop001\/wp-json\/wp\/v3\/product\/25902","targetHints":{"allow":["GET"]}}],"collection":[{"href":"https:\/\/demoweb.info\/sexshop001\/wp-json\/wp\/v3\/product"}],"about":[{"href":"https:\/\/demoweb.info\/sexshop001\/wp-json\/wp\/v2\/types\/product"}],"replies":[{"embeddable":true,"href":"https:\/\/demoweb.info\/sexshop001\/wp-json\/wp\/v2\/comments?post=25902"}],"wp:featuredmedia":[{"embeddable":true,"href":"https:\/\/demoweb.info\/sexshop001\/wp-json\/wp\/v2\/media\/25903"}],"wp:attachment":[{"href":"https:\/\/demoweb.info\/sexshop001\/wp-json\/wp\/v2\/media?parent=25902"}],"wp:term":[{"taxonomy":"product_cat","embeddable":true,"href":"https:\/\/demoweb.info\/sexshop001\/wp-json\/wp\/v2\/product_cat?post=25902"},{"taxonomy":"product_tag","embeddable":true,"href":"https:\/\/demoweb.info\/sexshop001\/wp-json\/wp\/v2\/product_tag?post=25902"}],"curies":[{"name":"wp","href":"https:\/\/api.w.org\/{rel}","templated":true}]}}