{"id":25887,"date":"2022-01-22T11:56:55","date_gmt":"2022-01-22T10:56:55","guid":{"rendered":"https:\/\/demoweb.info\/sexshop001\/producto\/esposas-tobillos-cuffs-denim-style-negro\/"},"modified":"2022-01-22T11:57:29","modified_gmt":"2022-01-22T10:57:29","slug":"esposas-tobillos-cuffs-denim-style-negro","status":"publish","type":"product","link":"https:\/\/demoweb.info\/sexshop001\/producto\/esposas-tobillos-cuffs-denim-style-negro\/","title":{"rendered":"ESPOSAS TOBILLOS CUFFS &#8211; DENIM STYLE &#8211; NEGRO"},"content":{"rendered":"<p><strong>DENIM ANKLE CUFFS &#8211; ROUGHEND DENIM STYLE <\/strong><\/p>\n<p>Coloque a su amante o sumiso en el lugar correcto con estas suavemente acolchonadas y no intimidantes esposas de tobillo.<\/p>\n<p>\u00a1Elegantes y sofisticadas son las palabras clave para estas bellezas que se ver\u00e1n bien en cualquier colecci\u00f3n sadomasoquista!<\/p>\n<p>Ejecutados con 2 filas de 4 botones, los esposas de tobillos se pueden ajustar a 4 tama\u00f1os diferentes que van desde un di\u00e1metro m\u00e1s peque\u00f1o de 5,5 cm hasta el m\u00e1s grande de 7,5 cm, por lo que un tama\u00f1o se adapta a la mayor\u00eda .<\/p>\n<p>Los resistentes aros en D de acero est\u00e1n conectados con una cadena de acero inoxidable de 15 cm. Las esposas tienen una longitud total de 29 cm y un ancho de 5,5 cm, cada una.<\/p>\n<ul>\n<li>Dimensiones del producto 29 x 5,5 x 0,3 cm<\/li>\n<li>Peso del producto 98 gram<\/li>\n<li>Libre de ftalato S\u00ed<\/li>\n<li>Materiales Denim, Metal<\/li>\n<\/ul>\n","protected":false},"excerpt":{"rendered":"<p>DENIM ANKLE CUFFS &#8211; ROUGHEND DENIM STYLE Coloque a su amante o sumiso en el lugar correcto con estas suavemente<\/p>\n","protected":false},"featured_media":25888,"comment_status":"open","ping_status":"open","template":"","meta":[],"product_cat":[563],"product_tag":[307,302],"class_list":["post-25887","product","type-product","status-publish","has-post-thumbnail","hentry","product_cat-metal-esposas","product_tag-ouch","product_tag-shots"],"bundled_by":[],"bundle_stock_status":"instock","bundle_stock_quantity":1,"bundle_virtual":false,"bundle_layout":"","bundle_add_to_cart_form_location":"","bundle_editable_in_cart":false,"bundle_sold_individually_context":"","bundle_item_grouping":"","bundle_min_size":"","bundle_max_size":"","bundled_items":[],"yoast_head":"<!-- This site is optimized with the Yoast SEO plugin v20.6 - https:\/\/yoast.com\/wordpress\/plugins\/seo\/ -->\n<title>ESPOSAS TOBILLOS CUFFS - DENIM STYLE - NEGRO - Tienda Er\u00f3tica<\/title>\n<meta name=\"robots\" content=\"noindex, follow, max-snippet:-1, max-image-preview:large, max-video-preview:-1\" \/>\n<meta property=\"og:locale\" content=\"es_ES\" \/>\n<meta property=\"og:type\" content=\"article\" \/>\n<meta property=\"og:title\" content=\"ESPOSAS TOBILLOS CUFFS - DENIM STYLE - NEGRO - Tienda Er\u00f3tica\" \/>\n<meta property=\"og:description\" content=\"DENIM ANKLE CUFFS &#8211; ROUGHEND DENIM STYLE Coloque a su amante o sumiso en el lugar correcto con estas suavemente\" \/>\n<meta property=\"og:url\" content=\"https:\/\/demoweb.info\/sexshop001\/producto\/esposas-tobillos-cuffs-denim-style-negro\/\" \/>\n<meta property=\"og:site_name\" content=\"Tienda Er\u00f3tica\" \/>\n<meta property=\"article:modified_time\" content=\"2022-01-22T10:57:29+00:00\" \/>\n<meta property=\"og:image\" content=\"https:\/\/demoweb.info\/sexshop001\/wp-content\/uploads\/2022\/01\/ESPOSAS-TOBILLOS-CUFFS-DENIM-STYLE-NEGRO.jpg\" \/>\n\t<meta property=\"og:image:width\" content=\"550\" \/>\n\t<meta property=\"og:image:height\" content=\"550\" \/>\n\t<meta property=\"og:image:type\" content=\"image\/jpeg\" \/>\n<meta name=\"twitter:card\" content=\"summary_large_image\" \/>\n<meta name=\"twitter:label1\" content=\"Tiempo de lectura\" \/>\n\t<meta name=\"twitter:data1\" content=\"1 minuto\" \/>\n<script type=\"application\/ld+json\" class=\"yoast-schema-graph\">{\"@context\":\"https:\/\/schema.org\",\"@graph\":[{\"@type\":\"WebPage\",\"@id\":\"https:\/\/demoweb.info\/sexshop001\/producto\/esposas-tobillos-cuffs-denim-style-negro\/\",\"url\":\"https:\/\/demoweb.info\/sexshop001\/producto\/esposas-tobillos-cuffs-denim-style-negro\/\",\"name\":\"ESPOSAS TOBILLOS CUFFS - DENIM STYLE - NEGRO - Tienda Er\u00f3tica\",\"isPartOf\":{\"@id\":\"https:\/\/demoweb.info\/sexshop001\/#website\"},\"datePublished\":\"2022-01-22T10:56:55+00:00\",\"dateModified\":\"2022-01-22T10:57:29+00:00\",\"breadcrumb\":{\"@id\":\"https:\/\/demoweb.info\/sexshop001\/producto\/esposas-tobillos-cuffs-denim-style-negro\/#breadcrumb\"},\"inLanguage\":\"es\",\"potentialAction\":[{\"@type\":\"ReadAction\",\"target\":[\"https:\/\/demoweb.info\/sexshop001\/producto\/esposas-tobillos-cuffs-denim-style-negro\/\"]}]},{\"@type\":\"BreadcrumbList\",\"@id\":\"https:\/\/demoweb.info\/sexshop001\/producto\/esposas-tobillos-cuffs-denim-style-negro\/#breadcrumb\",\"itemListElement\":[{\"@type\":\"ListItem\",\"position\":1,\"name\":\"Portada\",\"item\":\"https:\/\/demoweb.info\/sexshop001\/\"},{\"@type\":\"ListItem\",\"position\":2,\"name\":\"Tienda\",\"item\":\"https:\/\/demoweb.info\/sexshop001\/tienda\/\"},{\"@type\":\"ListItem\",\"position\":3,\"name\":\"ESPOSAS TOBILLOS CUFFS &#8211; DENIM STYLE &#8211; NEGRO\"}]},{\"@type\":\"WebSite\",\"@id\":\"https:\/\/demoweb.info\/sexshop001\/#website\",\"url\":\"https:\/\/demoweb.info\/sexshop001\/\",\"name\":\"Tienda Er\u00f3tica\",\"description\":\"DEMOWEB SL\",\"potentialAction\":[{\"@type\":\"SearchAction\",\"target\":{\"@type\":\"EntryPoint\",\"urlTemplate\":\"https:\/\/demoweb.info\/sexshop001\/?s={search_term_string}\"},\"query-input\":\"required name=search_term_string\"}],\"inLanguage\":\"es\"}]}<\/script>\n<!-- \/ Yoast SEO plugin. -->","yoast_head_json":{"title":"ESPOSAS TOBILLOS CUFFS - DENIM STYLE - NEGRO - Tienda Er\u00f3tica","robots":{"index":"noindex","follow":"follow","max-snippet":"max-snippet:-1","max-image-preview":"max-image-preview:large","max-video-preview":"max-video-preview:-1"},"og_locale":"es_ES","og_type":"article","og_title":"ESPOSAS TOBILLOS CUFFS - DENIM STYLE - NEGRO - Tienda Er\u00f3tica","og_description":"DENIM ANKLE CUFFS &#8211; ROUGHEND DENIM STYLE Coloque a su amante o sumiso en el lugar correcto con estas suavemente","og_url":"https:\/\/demoweb.info\/sexshop001\/producto\/esposas-tobillos-cuffs-denim-style-negro\/","og_site_name":"Tienda Er\u00f3tica","article_modified_time":"2022-01-22T10:57:29+00:00","og_image":[{"width":550,"height":550,"url":"https:\/\/demoweb.info\/sexshop001\/wp-content\/uploads\/2022\/01\/ESPOSAS-TOBILLOS-CUFFS-DENIM-STYLE-NEGRO.jpg","type":"image\/jpeg"}],"twitter_card":"summary_large_image","twitter_misc":{"Tiempo de lectura":"1 minuto"},"schema":{"@context":"https:\/\/schema.org","@graph":[{"@type":"WebPage","@id":"https:\/\/demoweb.info\/sexshop001\/producto\/esposas-tobillos-cuffs-denim-style-negro\/","url":"https:\/\/demoweb.info\/sexshop001\/producto\/esposas-tobillos-cuffs-denim-style-negro\/","name":"ESPOSAS TOBILLOS CUFFS - DENIM STYLE - NEGRO - Tienda Er\u00f3tica","isPartOf":{"@id":"https:\/\/demoweb.info\/sexshop001\/#website"},"datePublished":"2022-01-22T10:56:55+00:00","dateModified":"2022-01-22T10:57:29+00:00","breadcrumb":{"@id":"https:\/\/demoweb.info\/sexshop001\/producto\/esposas-tobillos-cuffs-denim-style-negro\/#breadcrumb"},"inLanguage":"es","potentialAction":[{"@type":"ReadAction","target":["https:\/\/demoweb.info\/sexshop001\/producto\/esposas-tobillos-cuffs-denim-style-negro\/"]}]},{"@type":"BreadcrumbList","@id":"https:\/\/demoweb.info\/sexshop001\/producto\/esposas-tobillos-cuffs-denim-style-negro\/#breadcrumb","itemListElement":[{"@type":"ListItem","position":1,"name":"Portada","item":"https:\/\/demoweb.info\/sexshop001\/"},{"@type":"ListItem","position":2,"name":"Tienda","item":"https:\/\/demoweb.info\/sexshop001\/tienda\/"},{"@type":"ListItem","position":3,"name":"ESPOSAS TOBILLOS CUFFS &#8211; DENIM STYLE &#8211; NEGRO"}]},{"@type":"WebSite","@id":"https:\/\/demoweb.info\/sexshop001\/#website","url":"https:\/\/demoweb.info\/sexshop001\/","name":"Tienda Er\u00f3tica","description":"DEMOWEB SL","potentialAction":[{"@type":"SearchAction","target":{"@type":"EntryPoint","urlTemplate":"https:\/\/demoweb.info\/sexshop001\/?s={search_term_string}"},"query-input":"required name=search_term_string"}],"inLanguage":"es"}]}},"_links":{"self":[{"href":"https:\/\/demoweb.info\/sexshop001\/wp-json\/wp\/v3\/product\/25887","targetHints":{"allow":["GET"]}}],"collection":[{"href":"https:\/\/demoweb.info\/sexshop001\/wp-json\/wp\/v3\/product"}],"about":[{"href":"https:\/\/demoweb.info\/sexshop001\/wp-json\/wp\/v2\/types\/product"}],"replies":[{"embeddable":true,"href":"https:\/\/demoweb.info\/sexshop001\/wp-json\/wp\/v2\/comments?post=25887"}],"wp:featuredmedia":[{"embeddable":true,"href":"https:\/\/demoweb.info\/sexshop001\/wp-json\/wp\/v2\/media\/25888"}],"wp:attachment":[{"href":"https:\/\/demoweb.info\/sexshop001\/wp-json\/wp\/v2\/media?parent=25887"}],"wp:term":[{"taxonomy":"product_cat","embeddable":true,"href":"https:\/\/demoweb.info\/sexshop001\/wp-json\/wp\/v2\/product_cat?post=25887"},{"taxonomy":"product_tag","embeddable":true,"href":"https:\/\/demoweb.info\/sexshop001\/wp-json\/wp\/v2\/product_tag?post=25887"}],"curies":[{"name":"wp","href":"https:\/\/api.w.org\/{rel}","templated":true}]}}