{"id":25822,"date":"2022-01-22T11:56:55","date_gmt":"2022-01-22T10:56:55","guid":{"rendered":"https:\/\/demoweb.info\/sexshop001\/producto\/mascarillas-sutra-mask\/"},"modified":"2022-01-22T11:56:55","modified_gmt":"2022-01-22T10:56:55","slug":"mascarillas-sutra-mask","status":"publish","type":"product","link":"https:\/\/demoweb.info\/sexshop001\/producto\/mascarillas-sutra-mask\/","title":{"rendered":"MASCARILLAS &#8211; SUTRA MASK"},"content":{"rendered":"<p><strong>SUTRA MASK<\/strong><\/p>\n<p>Ponte tu mejor rostro con nuestra moderna gama de mascarillas faciales sexys y f\u00e1ciles de usar.<\/p>\n<p>Confeccionados con tejidos de alta calidad en diferentes patrones y dise\u00f1os, son perfectos para combinar con un atuendo o alegrar tu d\u00eda.<\/p>\n<p>\u00a1El hecho de que no puedas mostrar tu cara no significa que no puedas ser sexy! Estas telas de algod\u00f3n superior se pueden lavar y reutilizar f\u00e1cilmente, \u00a1y seguramente agregar\u00e1n una declaraci\u00f3n sexy a tu guardarropa!<\/p>\n<p>Tambi\u00e9n te ofrecen un divertido accesorio de moda para guardar en tu bolso o bolsillo cuando lo necesites. La m\u00e1scara ha sido dise\u00f1ada para brindarle un ajuste perfecto sobre la nariz y debajo del ment\u00f3n.<\/p>\n<p>La pieza de la nariz contiene un peque\u00f1o hilo de metal que le permite colocar la mascarilla en el puente de la nariz, haci\u00e9ndola un ajuste perfecto para todos. Las correas para las orejas son ajustables y se adaptan a la mayor\u00eda de los tama\u00f1os.<\/p>\n<p>La m\u00e1scara viene con 2 filtros desechables adicionales para mayor protecci\u00f3n, despu\u00e9s de su uso, cualquier filtro regular se ajustar\u00e1. Si alguien se acerca lo suficiente como para cuestionar tu dise\u00f1o perverso, \u00a1diles que deben retroceder!<\/p>\n<ul>\n<li>Materiales Mascarilla: 3 capas de tela de algod\u00f3n (40% algod\u00f3n + 60% poli\u00e9ster), 1 capa de algod\u00f3n termosellable.<\/li>\n<li>Filtro: 4 capas de telas no tejidas, 1 capa de carb\u00f3n activado.<\/li>\n<\/ul>\n","protected":false},"excerpt":{"rendered":"<p>SUTRA MASK Ponte tu mejor rostro con nuestra moderna gama de mascarillas faciales sexys y f\u00e1ciles de usar. Confeccionados con<\/p>\n","protected":false},"featured_media":25823,"comment_status":"open","ping_status":"open","template":"","meta":[],"product_cat":[1101],"product_tag":[1102,302],"class_list":["post-25822","product","type-product","status-publish","has-post-thumbnail","hentry","product_cat-mascarillas","product_tag-sexy-masks","product_tag-shots"],"bundled_by":[],"bundle_stock_status":"instock","bundle_stock_quantity":5,"bundle_virtual":false,"bundle_layout":"","bundle_add_to_cart_form_location":"","bundle_editable_in_cart":false,"bundle_sold_individually_context":"","bundle_item_grouping":"","bundle_min_size":"","bundle_max_size":"","bundled_items":[],"yoast_head":"<!-- This site is optimized with the Yoast SEO plugin v20.6 - https:\/\/yoast.com\/wordpress\/plugins\/seo\/ -->\n<title>MASCARILLAS - SUTRA MASK - Tienda Er\u00f3tica<\/title>\n<meta name=\"robots\" content=\"noindex, follow, max-snippet:-1, max-image-preview:large, max-video-preview:-1\" \/>\n<meta property=\"og:locale\" content=\"es_ES\" \/>\n<meta property=\"og:type\" content=\"article\" \/>\n<meta property=\"og:title\" content=\"MASCARILLAS - SUTRA MASK - Tienda Er\u00f3tica\" \/>\n<meta property=\"og:description\" content=\"SUTRA MASK Ponte tu mejor rostro con nuestra moderna gama de mascarillas faciales sexys y f\u00e1ciles de usar. Confeccionados con\" \/>\n<meta property=\"og:url\" content=\"https:\/\/demoweb.info\/sexshop001\/producto\/mascarillas-sutra-mask\/\" \/>\n<meta property=\"og:site_name\" content=\"Tienda Er\u00f3tica\" \/>\n<meta property=\"og:image\" content=\"https:\/\/demoweb.info\/sexshop001\/wp-content\/uploads\/2022\/01\/MASCARILLAS-SUTRA-MASK.jpg\" \/>\n\t<meta property=\"og:image:width\" content=\"550\" \/>\n\t<meta property=\"og:image:height\" content=\"550\" \/>\n\t<meta property=\"og:image:type\" content=\"image\/jpeg\" \/>\n<meta name=\"twitter:card\" content=\"summary_large_image\" \/>\n<meta name=\"twitter:label1\" content=\"Tiempo de lectura\" \/>\n\t<meta name=\"twitter:data1\" content=\"1 minuto\" \/>\n<script type=\"application\/ld+json\" class=\"yoast-schema-graph\">{\"@context\":\"https:\/\/schema.org\",\"@graph\":[{\"@type\":\"WebPage\",\"@id\":\"https:\/\/demoweb.info\/sexshop001\/producto\/mascarillas-sutra-mask\/\",\"url\":\"https:\/\/demoweb.info\/sexshop001\/producto\/mascarillas-sutra-mask\/\",\"name\":\"MASCARILLAS - SUTRA MASK - Tienda Er\u00f3tica\",\"isPartOf\":{\"@id\":\"https:\/\/demoweb.info\/sexshop001\/#website\"},\"datePublished\":\"2022-01-22T10:56:55+00:00\",\"dateModified\":\"2022-01-22T10:56:55+00:00\",\"breadcrumb\":{\"@id\":\"https:\/\/demoweb.info\/sexshop001\/producto\/mascarillas-sutra-mask\/#breadcrumb\"},\"inLanguage\":\"es\",\"potentialAction\":[{\"@type\":\"ReadAction\",\"target\":[\"https:\/\/demoweb.info\/sexshop001\/producto\/mascarillas-sutra-mask\/\"]}]},{\"@type\":\"BreadcrumbList\",\"@id\":\"https:\/\/demoweb.info\/sexshop001\/producto\/mascarillas-sutra-mask\/#breadcrumb\",\"itemListElement\":[{\"@type\":\"ListItem\",\"position\":1,\"name\":\"Portada\",\"item\":\"https:\/\/demoweb.info\/sexshop001\/\"},{\"@type\":\"ListItem\",\"position\":2,\"name\":\"Tienda\",\"item\":\"https:\/\/demoweb.info\/sexshop001\/tienda\/\"},{\"@type\":\"ListItem\",\"position\":3,\"name\":\"MASCARILLAS &#8211; SUTRA MASK\"}]},{\"@type\":\"WebSite\",\"@id\":\"https:\/\/demoweb.info\/sexshop001\/#website\",\"url\":\"https:\/\/demoweb.info\/sexshop001\/\",\"name\":\"Tienda Er\u00f3tica\",\"description\":\"DEMOWEB SL\",\"potentialAction\":[{\"@type\":\"SearchAction\",\"target\":{\"@type\":\"EntryPoint\",\"urlTemplate\":\"https:\/\/demoweb.info\/sexshop001\/?s={search_term_string}\"},\"query-input\":\"required name=search_term_string\"}],\"inLanguage\":\"es\"}]}<\/script>\n<!-- \/ Yoast SEO plugin. -->","yoast_head_json":{"title":"MASCARILLAS - SUTRA MASK - Tienda Er\u00f3tica","robots":{"index":"noindex","follow":"follow","max-snippet":"max-snippet:-1","max-image-preview":"max-image-preview:large","max-video-preview":"max-video-preview:-1"},"og_locale":"es_ES","og_type":"article","og_title":"MASCARILLAS - SUTRA MASK - Tienda Er\u00f3tica","og_description":"SUTRA MASK Ponte tu mejor rostro con nuestra moderna gama de mascarillas faciales sexys y f\u00e1ciles de usar. Confeccionados con","og_url":"https:\/\/demoweb.info\/sexshop001\/producto\/mascarillas-sutra-mask\/","og_site_name":"Tienda Er\u00f3tica","og_image":[{"width":550,"height":550,"url":"https:\/\/demoweb.info\/sexshop001\/wp-content\/uploads\/2022\/01\/MASCARILLAS-SUTRA-MASK.jpg","type":"image\/jpeg"}],"twitter_card":"summary_large_image","twitter_misc":{"Tiempo de lectura":"1 minuto"},"schema":{"@context":"https:\/\/schema.org","@graph":[{"@type":"WebPage","@id":"https:\/\/demoweb.info\/sexshop001\/producto\/mascarillas-sutra-mask\/","url":"https:\/\/demoweb.info\/sexshop001\/producto\/mascarillas-sutra-mask\/","name":"MASCARILLAS - SUTRA MASK - Tienda Er\u00f3tica","isPartOf":{"@id":"https:\/\/demoweb.info\/sexshop001\/#website"},"datePublished":"2022-01-22T10:56:55+00:00","dateModified":"2022-01-22T10:56:55+00:00","breadcrumb":{"@id":"https:\/\/demoweb.info\/sexshop001\/producto\/mascarillas-sutra-mask\/#breadcrumb"},"inLanguage":"es","potentialAction":[{"@type":"ReadAction","target":["https:\/\/demoweb.info\/sexshop001\/producto\/mascarillas-sutra-mask\/"]}]},{"@type":"BreadcrumbList","@id":"https:\/\/demoweb.info\/sexshop001\/producto\/mascarillas-sutra-mask\/#breadcrumb","itemListElement":[{"@type":"ListItem","position":1,"name":"Portada","item":"https:\/\/demoweb.info\/sexshop001\/"},{"@type":"ListItem","position":2,"name":"Tienda","item":"https:\/\/demoweb.info\/sexshop001\/tienda\/"},{"@type":"ListItem","position":3,"name":"MASCARILLAS &#8211; SUTRA MASK"}]},{"@type":"WebSite","@id":"https:\/\/demoweb.info\/sexshop001\/#website","url":"https:\/\/demoweb.info\/sexshop001\/","name":"Tienda Er\u00f3tica","description":"DEMOWEB SL","potentialAction":[{"@type":"SearchAction","target":{"@type":"EntryPoint","urlTemplate":"https:\/\/demoweb.info\/sexshop001\/?s={search_term_string}"},"query-input":"required name=search_term_string"}],"inLanguage":"es"}]}},"_links":{"self":[{"href":"https:\/\/demoweb.info\/sexshop001\/wp-json\/wp\/v3\/product\/25822","targetHints":{"allow":["GET"]}}],"collection":[{"href":"https:\/\/demoweb.info\/sexshop001\/wp-json\/wp\/v3\/product"}],"about":[{"href":"https:\/\/demoweb.info\/sexshop001\/wp-json\/wp\/v2\/types\/product"}],"replies":[{"embeddable":true,"href":"https:\/\/demoweb.info\/sexshop001\/wp-json\/wp\/v2\/comments?post=25822"}],"wp:featuredmedia":[{"embeddable":true,"href":"https:\/\/demoweb.info\/sexshop001\/wp-json\/wp\/v2\/media\/25823"}],"wp:attachment":[{"href":"https:\/\/demoweb.info\/sexshop001\/wp-json\/wp\/v2\/media?parent=25822"}],"wp:term":[{"taxonomy":"product_cat","embeddable":true,"href":"https:\/\/demoweb.info\/sexshop001\/wp-json\/wp\/v2\/product_cat?post=25822"},{"taxonomy":"product_tag","embeddable":true,"href":"https:\/\/demoweb.info\/sexshop001\/wp-json\/wp\/v2\/product_tag?post=25822"}],"curies":[{"name":"wp","href":"https:\/\/api.w.org\/{rel}","templated":true}]}}