{"id":25797,"date":"2022-01-22T11:56:05","date_gmt":"2022-01-22T10:56:05","guid":{"rendered":"https:\/\/demoweb.info\/sexshop001\/producto\/bolas-de-geisha-negro\/"},"modified":"2022-01-22T11:56:31","modified_gmt":"2022-01-22T10:56:31","slug":"bolas-de-geisha-negro","status":"publish","type":"product","link":"https:\/\/demoweb.info\/sexshop001\/producto\/bolas-de-geisha-negro\/","title":{"rendered":"BOLAS DE GEISHA &#8211; NEGRO"},"content":{"rendered":"<p><strong>GEISHA BALLS <\/strong><\/p>\n<p>Con la presentaci\u00f3n de nuestra marca PLACER NATURAL, estamos haciendo nuestra parte para contribuir a un entorno menos derrochador con una l\u00ednea de productos BIO-DEGRADABLE.<\/p>\n<p>Todos nuestros dispositivos (aparte de los motores) est\u00e1n fabricados con pl\u00e1sticos ecol\u00f3gicos, 100% reciclados, ecol\u00f3gicos y seguros para el cuerpo.<\/p>\n<p>El embalaje est\u00e1 hecho de cart\u00f3n y papel, tambi\u00e9n 100% reciclado.<\/p>\n<p>Son super lisos, completamente no porosos, libres de, flalatos, l\u00e1tex y sin olor. Una vez desechados, estos productos se descomponen naturalmente en una instalaci\u00f3n de compostaje comercial.<\/p>\n<p>Con su aspecto moteado y ecol\u00f3gico, estos hermosos portadores de Placer Natural lo satisfacer\u00e1n y a su vez mantendr\u00e1n feliz al medio ambiente.<\/p>\n<p>Disfrute del rollo org\u00e1smico de dos pesas de desplazamiento libre que complacen tu Punto-G, mientras tonifica simult\u00e1neamente los m\u00fasculos del piso p\u00e9lvico.<\/p>\n<p>Una peque\u00f1a bola alojada dentro de cada esfera que mueve cuando usted se mueve, lo que resulta en una estimulaci\u00f3n sensacional y un placer desenfrenado.<\/p>\n<p>Simplemente cubra las bolas con lubricante a base de agua e inserte una bola a la vez dejando afuera la cuerda de recuperaci\u00f3n de silicona lisa.<\/p>\n<p>Las bolas Geisha son impermeables y tienen un di\u00e1metro de 3,6 cm.<\/p>\n<ul>\n<li>Dimensiones del producto 22 x 3,9 x 3,9 cm<\/li>\n<li>Peso del producto 66gramos<\/li>\n<li>Di\u00e1metro del producto 3,6 cm<\/li>\n<li>A prueba de agua S\u00ed<\/li>\n<li>Libre de ftalato S\u00ed<\/li>\n<li>Materiales: Pl\u00e1sticos reciclados de base biol\u00f3gica<\/li>\n<\/ul>\n","protected":false},"excerpt":{"rendered":"<p>GEISHA BALLS Con la presentaci\u00f3n de nuestra marca PLACER NATURAL, estamos haciendo nuestra parte para contribuir a un entorno menos<\/p>\n","protected":false},"featured_media":25798,"comment_status":"open","ping_status":"open","template":"","meta":[],"product_cat":[1036],"product_tag":[1100,302],"class_list":["post-25797","product","type-product","status-publish","has-post-thumbnail","hentry","product_cat-basicas-bolas-y-huevos","product_tag-natural-pleasure","product_tag-shots"],"bundled_by":[],"bundle_stock_status":"instock","bundle_stock_quantity":6,"bundle_virtual":false,"bundle_layout":"","bundle_add_to_cart_form_location":"","bundle_editable_in_cart":false,"bundle_sold_individually_context":"","bundle_item_grouping":"","bundle_min_size":"","bundle_max_size":"","bundled_items":[],"yoast_head":"<!-- This site is optimized with the Yoast SEO plugin v20.6 - https:\/\/yoast.com\/wordpress\/plugins\/seo\/ -->\n<title>BOLAS DE GEISHA - NEGRO - Tienda Er\u00f3tica<\/title>\n<meta name=\"robots\" content=\"noindex, follow, max-snippet:-1, max-image-preview:large, max-video-preview:-1\" \/>\n<meta property=\"og:locale\" content=\"es_ES\" \/>\n<meta property=\"og:type\" content=\"article\" \/>\n<meta property=\"og:title\" content=\"BOLAS DE GEISHA - NEGRO - Tienda Er\u00f3tica\" \/>\n<meta property=\"og:description\" content=\"GEISHA BALLS Con la presentaci\u00f3n de nuestra marca PLACER NATURAL, estamos haciendo nuestra parte para contribuir a un entorno menos\" \/>\n<meta property=\"og:url\" content=\"https:\/\/demoweb.info\/sexshop001\/producto\/bolas-de-geisha-negro\/\" \/>\n<meta property=\"og:site_name\" content=\"Tienda Er\u00f3tica\" \/>\n<meta property=\"article:modified_time\" content=\"2022-01-22T10:56:31+00:00\" \/>\n<meta property=\"og:image\" content=\"https:\/\/demoweb.info\/sexshop001\/wp-content\/uploads\/2022\/01\/BOLAS-DE-GEISHA-NEGRO.jpg\" \/>\n\t<meta property=\"og:image:width\" content=\"550\" \/>\n\t<meta property=\"og:image:height\" content=\"550\" \/>\n\t<meta property=\"og:image:type\" content=\"image\/jpeg\" \/>\n<meta name=\"twitter:card\" content=\"summary_large_image\" \/>\n<meta name=\"twitter:label1\" content=\"Tiempo de lectura\" \/>\n\t<meta name=\"twitter:data1\" content=\"1 minuto\" \/>\n<script type=\"application\/ld+json\" class=\"yoast-schema-graph\">{\"@context\":\"https:\/\/schema.org\",\"@graph\":[{\"@type\":\"WebPage\",\"@id\":\"https:\/\/demoweb.info\/sexshop001\/producto\/bolas-de-geisha-negro\/\",\"url\":\"https:\/\/demoweb.info\/sexshop001\/producto\/bolas-de-geisha-negro\/\",\"name\":\"BOLAS DE GEISHA - NEGRO - Tienda Er\u00f3tica\",\"isPartOf\":{\"@id\":\"https:\/\/demoweb.info\/sexshop001\/#website\"},\"datePublished\":\"2022-01-22T10:56:05+00:00\",\"dateModified\":\"2022-01-22T10:56:31+00:00\",\"breadcrumb\":{\"@id\":\"https:\/\/demoweb.info\/sexshop001\/producto\/bolas-de-geisha-negro\/#breadcrumb\"},\"inLanguage\":\"es\",\"potentialAction\":[{\"@type\":\"ReadAction\",\"target\":[\"https:\/\/demoweb.info\/sexshop001\/producto\/bolas-de-geisha-negro\/\"]}]},{\"@type\":\"BreadcrumbList\",\"@id\":\"https:\/\/demoweb.info\/sexshop001\/producto\/bolas-de-geisha-negro\/#breadcrumb\",\"itemListElement\":[{\"@type\":\"ListItem\",\"position\":1,\"name\":\"Portada\",\"item\":\"https:\/\/demoweb.info\/sexshop001\/\"},{\"@type\":\"ListItem\",\"position\":2,\"name\":\"Tienda\",\"item\":\"https:\/\/demoweb.info\/sexshop001\/tienda\/\"},{\"@type\":\"ListItem\",\"position\":3,\"name\":\"BOLAS DE GEISHA &#8211; NEGRO\"}]},{\"@type\":\"WebSite\",\"@id\":\"https:\/\/demoweb.info\/sexshop001\/#website\",\"url\":\"https:\/\/demoweb.info\/sexshop001\/\",\"name\":\"Tienda Er\u00f3tica\",\"description\":\"DEMOWEB SL\",\"potentialAction\":[{\"@type\":\"SearchAction\",\"target\":{\"@type\":\"EntryPoint\",\"urlTemplate\":\"https:\/\/demoweb.info\/sexshop001\/?s={search_term_string}\"},\"query-input\":\"required name=search_term_string\"}],\"inLanguage\":\"es\"}]}<\/script>\n<!-- \/ Yoast SEO plugin. -->","yoast_head_json":{"title":"BOLAS DE GEISHA - NEGRO - Tienda Er\u00f3tica","robots":{"index":"noindex","follow":"follow","max-snippet":"max-snippet:-1","max-image-preview":"max-image-preview:large","max-video-preview":"max-video-preview:-1"},"og_locale":"es_ES","og_type":"article","og_title":"BOLAS DE GEISHA - NEGRO - Tienda Er\u00f3tica","og_description":"GEISHA BALLS Con la presentaci\u00f3n de nuestra marca PLACER NATURAL, estamos haciendo nuestra parte para contribuir a un entorno menos","og_url":"https:\/\/demoweb.info\/sexshop001\/producto\/bolas-de-geisha-negro\/","og_site_name":"Tienda Er\u00f3tica","article_modified_time":"2022-01-22T10:56:31+00:00","og_image":[{"width":550,"height":550,"url":"https:\/\/demoweb.info\/sexshop001\/wp-content\/uploads\/2022\/01\/BOLAS-DE-GEISHA-NEGRO.jpg","type":"image\/jpeg"}],"twitter_card":"summary_large_image","twitter_misc":{"Tiempo de lectura":"1 minuto"},"schema":{"@context":"https:\/\/schema.org","@graph":[{"@type":"WebPage","@id":"https:\/\/demoweb.info\/sexshop001\/producto\/bolas-de-geisha-negro\/","url":"https:\/\/demoweb.info\/sexshop001\/producto\/bolas-de-geisha-negro\/","name":"BOLAS DE GEISHA - NEGRO - Tienda Er\u00f3tica","isPartOf":{"@id":"https:\/\/demoweb.info\/sexshop001\/#website"},"datePublished":"2022-01-22T10:56:05+00:00","dateModified":"2022-01-22T10:56:31+00:00","breadcrumb":{"@id":"https:\/\/demoweb.info\/sexshop001\/producto\/bolas-de-geisha-negro\/#breadcrumb"},"inLanguage":"es","potentialAction":[{"@type":"ReadAction","target":["https:\/\/demoweb.info\/sexshop001\/producto\/bolas-de-geisha-negro\/"]}]},{"@type":"BreadcrumbList","@id":"https:\/\/demoweb.info\/sexshop001\/producto\/bolas-de-geisha-negro\/#breadcrumb","itemListElement":[{"@type":"ListItem","position":1,"name":"Portada","item":"https:\/\/demoweb.info\/sexshop001\/"},{"@type":"ListItem","position":2,"name":"Tienda","item":"https:\/\/demoweb.info\/sexshop001\/tienda\/"},{"@type":"ListItem","position":3,"name":"BOLAS DE GEISHA &#8211; NEGRO"}]},{"@type":"WebSite","@id":"https:\/\/demoweb.info\/sexshop001\/#website","url":"https:\/\/demoweb.info\/sexshop001\/","name":"Tienda Er\u00f3tica","description":"DEMOWEB SL","potentialAction":[{"@type":"SearchAction","target":{"@type":"EntryPoint","urlTemplate":"https:\/\/demoweb.info\/sexshop001\/?s={search_term_string}"},"query-input":"required name=search_term_string"}],"inLanguage":"es"}]}},"_links":{"self":[{"href":"https:\/\/demoweb.info\/sexshop001\/wp-json\/wp\/v3\/product\/25797","targetHints":{"allow":["GET"]}}],"collection":[{"href":"https:\/\/demoweb.info\/sexshop001\/wp-json\/wp\/v3\/product"}],"about":[{"href":"https:\/\/demoweb.info\/sexshop001\/wp-json\/wp\/v2\/types\/product"}],"replies":[{"embeddable":true,"href":"https:\/\/demoweb.info\/sexshop001\/wp-json\/wp\/v2\/comments?post=25797"}],"wp:featuredmedia":[{"embeddable":true,"href":"https:\/\/demoweb.info\/sexshop001\/wp-json\/wp\/v2\/media\/25798"}],"wp:attachment":[{"href":"https:\/\/demoweb.info\/sexshop001\/wp-json\/wp\/v2\/media?parent=25797"}],"wp:term":[{"taxonomy":"product_cat","embeddable":true,"href":"https:\/\/demoweb.info\/sexshop001\/wp-json\/wp\/v2\/product_cat?post=25797"},{"taxonomy":"product_tag","embeddable":true,"href":"https:\/\/demoweb.info\/sexshop001\/wp-json\/wp\/v2\/product_tag?post=25797"}],"curies":[{"name":"wp","href":"https:\/\/api.w.org\/{rel}","templated":true}]}}