{"id":25709,"date":"2022-01-22T11:55:20","date_gmt":"2022-01-22T10:55:20","guid":{"rendered":"https:\/\/demoweb.info\/sexshop001\/producto\/el-ouch-baile-poste\/"},"modified":"2022-01-22T11:55:40","modified_gmt":"2022-01-22T10:55:40","slug":"el-ouch-baile-poste","status":"publish","type":"product","link":"https:\/\/demoweb.info\/sexshop001\/producto\/el-ouch-baile-poste\/","title":{"rendered":"\u00a1EL OUCH! BAILE POSTE"},"content":{"rendered":"<p><strong>OUCH! DANCE POLE &#8211; BLACK<\/strong><\/p>\n<p>Invite a su amante a un espect\u00e1culo de striptease deslumbrante convirtiendo su dormitorio o sala de estar en su propio escenario de baile privado.<\/p>\n<p>\u00a1El Ouch! Baile Poste le har\u00e1 alarde de su stripper interior en muy poco<br \/>\ntiempo.<\/p>\n<p>Simplemente instale el poste en cualquier lugar de su hogar y transforme instant\u00e1neamente cualquier habitaci\u00f3n en su estudio de baile de Poste de fantas\u00eda.<\/p>\n<p>El Baile Poste del \u00a1Ouch! es f\u00e1cil y seguro de ajustar y puede<br \/>\nextenderse entre 215 cm y 297 cm desde el piso hasta el techo.<\/p>\n<p>Para ajustar la longitud del poste, solo gire la parte superior y tire, \u00a1simple! \u00a1Ahora eres la estrella y tu habitaci\u00f3n es el escenario para que act\u00fae sus fantas\u00edas mas<br \/>\ner\u00f3ticas del Baile Poste!<\/p>\n<ul>\n<li>Peso embalaje: 25000gram<\/li>\n<li>Dimensiones del producto:  297 x 13 x 13 cm<\/li>\n<li>Peso del producto:  4200 gram<\/li>\n<li>Di\u00e1metro del producto: 5,1 cm<\/li>\n<li>Materiales: Plastic, Iron, Steel<\/li>\n<\/ul>\n","protected":false},"excerpt":{"rendered":"<p>OUCH! DANCE POLE &#8211; BLACK Invite a su amante a un espect\u00e1culo de striptease deslumbrante convirtiendo su dormitorio o sala<\/p>\n","protected":false},"featured_media":25710,"comment_status":"open","ping_status":"open","template":"","meta":[],"product_cat":[1097],"product_tag":[307,302],"class_list":["post-25709","product","type-product","status-publish","has-post-thumbnail","hentry","product_cat-barras-de-baile","product_tag-ouch","product_tag-shots"],"bundled_by":[],"bundle_stock_status":"instock","bundle_stock_quantity":1,"bundle_virtual":false,"bundle_layout":"","bundle_add_to_cart_form_location":"","bundle_editable_in_cart":false,"bundle_sold_individually_context":"","bundle_item_grouping":"","bundle_min_size":"","bundle_max_size":"","bundled_items":[],"yoast_head":"<!-- This site is optimized with the Yoast SEO plugin v20.6 - https:\/\/yoast.com\/wordpress\/plugins\/seo\/ -->\n<title>\u00a1EL OUCH! BAILE POSTE - Tienda Er\u00f3tica<\/title>\n<meta name=\"robots\" content=\"noindex, follow, max-snippet:-1, max-image-preview:large, max-video-preview:-1\" \/>\n<meta property=\"og:locale\" content=\"es_ES\" \/>\n<meta property=\"og:type\" content=\"article\" \/>\n<meta property=\"og:title\" content=\"\u00a1EL OUCH! BAILE POSTE - Tienda Er\u00f3tica\" \/>\n<meta property=\"og:description\" content=\"OUCH! DANCE POLE &#8211; BLACK Invite a su amante a un espect\u00e1culo de striptease deslumbrante convirtiendo su dormitorio o sala\" \/>\n<meta property=\"og:url\" content=\"https:\/\/demoweb.info\/sexshop001\/producto\/el-ouch-baile-poste\/\" \/>\n<meta property=\"og:site_name\" content=\"Tienda Er\u00f3tica\" \/>\n<meta property=\"article:modified_time\" content=\"2022-01-22T10:55:40+00:00\" \/>\n<meta property=\"og:image\" content=\"https:\/\/demoweb.info\/sexshop001\/wp-content\/uploads\/2022\/01\/\u00a1EL-OUCH-BAILE-POSTE.jpg\" \/>\n\t<meta property=\"og:image:width\" content=\"550\" \/>\n\t<meta property=\"og:image:height\" content=\"550\" \/>\n\t<meta property=\"og:image:type\" content=\"image\/jpeg\" \/>\n<meta name=\"twitter:card\" content=\"summary_large_image\" \/>\n<meta name=\"twitter:label1\" content=\"Tiempo de lectura\" \/>\n\t<meta name=\"twitter:data1\" content=\"1 minuto\" \/>\n<script type=\"application\/ld+json\" class=\"yoast-schema-graph\">{\"@context\":\"https:\/\/schema.org\",\"@graph\":[{\"@type\":\"WebPage\",\"@id\":\"https:\/\/demoweb.info\/sexshop001\/producto\/el-ouch-baile-poste\/\",\"url\":\"https:\/\/demoweb.info\/sexshop001\/producto\/el-ouch-baile-poste\/\",\"name\":\"\u00a1EL OUCH! BAILE POSTE - Tienda Er\u00f3tica\",\"isPartOf\":{\"@id\":\"https:\/\/demoweb.info\/sexshop001\/#website\"},\"datePublished\":\"2022-01-22T10:55:20+00:00\",\"dateModified\":\"2022-01-22T10:55:40+00:00\",\"breadcrumb\":{\"@id\":\"https:\/\/demoweb.info\/sexshop001\/producto\/el-ouch-baile-poste\/#breadcrumb\"},\"inLanguage\":\"es\",\"potentialAction\":[{\"@type\":\"ReadAction\",\"target\":[\"https:\/\/demoweb.info\/sexshop001\/producto\/el-ouch-baile-poste\/\"]}]},{\"@type\":\"BreadcrumbList\",\"@id\":\"https:\/\/demoweb.info\/sexshop001\/producto\/el-ouch-baile-poste\/#breadcrumb\",\"itemListElement\":[{\"@type\":\"ListItem\",\"position\":1,\"name\":\"Portada\",\"item\":\"https:\/\/demoweb.info\/sexshop001\/\"},{\"@type\":\"ListItem\",\"position\":2,\"name\":\"Tienda\",\"item\":\"https:\/\/demoweb.info\/sexshop001\/tienda\/\"},{\"@type\":\"ListItem\",\"position\":3,\"name\":\"\u00a1EL OUCH! BAILE POSTE\"}]},{\"@type\":\"WebSite\",\"@id\":\"https:\/\/demoweb.info\/sexshop001\/#website\",\"url\":\"https:\/\/demoweb.info\/sexshop001\/\",\"name\":\"Tienda Er\u00f3tica\",\"description\":\"DEMOWEB SL\",\"potentialAction\":[{\"@type\":\"SearchAction\",\"target\":{\"@type\":\"EntryPoint\",\"urlTemplate\":\"https:\/\/demoweb.info\/sexshop001\/?s={search_term_string}\"},\"query-input\":\"required name=search_term_string\"}],\"inLanguage\":\"es\"}]}<\/script>\n<!-- \/ Yoast SEO plugin. -->","yoast_head_json":{"title":"\u00a1EL OUCH! BAILE POSTE - Tienda Er\u00f3tica","robots":{"index":"noindex","follow":"follow","max-snippet":"max-snippet:-1","max-image-preview":"max-image-preview:large","max-video-preview":"max-video-preview:-1"},"og_locale":"es_ES","og_type":"article","og_title":"\u00a1EL OUCH! BAILE POSTE - Tienda Er\u00f3tica","og_description":"OUCH! DANCE POLE &#8211; BLACK Invite a su amante a un espect\u00e1culo de striptease deslumbrante convirtiendo su dormitorio o sala","og_url":"https:\/\/demoweb.info\/sexshop001\/producto\/el-ouch-baile-poste\/","og_site_name":"Tienda Er\u00f3tica","article_modified_time":"2022-01-22T10:55:40+00:00","og_image":[{"width":550,"height":550,"url":"https:\/\/demoweb.info\/sexshop001\/wp-content\/uploads\/2022\/01\/\u00a1EL-OUCH-BAILE-POSTE.jpg","type":"image\/jpeg"}],"twitter_card":"summary_large_image","twitter_misc":{"Tiempo de lectura":"1 minuto"},"schema":{"@context":"https:\/\/schema.org","@graph":[{"@type":"WebPage","@id":"https:\/\/demoweb.info\/sexshop001\/producto\/el-ouch-baile-poste\/","url":"https:\/\/demoweb.info\/sexshop001\/producto\/el-ouch-baile-poste\/","name":"\u00a1EL OUCH! BAILE POSTE - Tienda Er\u00f3tica","isPartOf":{"@id":"https:\/\/demoweb.info\/sexshop001\/#website"},"datePublished":"2022-01-22T10:55:20+00:00","dateModified":"2022-01-22T10:55:40+00:00","breadcrumb":{"@id":"https:\/\/demoweb.info\/sexshop001\/producto\/el-ouch-baile-poste\/#breadcrumb"},"inLanguage":"es","potentialAction":[{"@type":"ReadAction","target":["https:\/\/demoweb.info\/sexshop001\/producto\/el-ouch-baile-poste\/"]}]},{"@type":"BreadcrumbList","@id":"https:\/\/demoweb.info\/sexshop001\/producto\/el-ouch-baile-poste\/#breadcrumb","itemListElement":[{"@type":"ListItem","position":1,"name":"Portada","item":"https:\/\/demoweb.info\/sexshop001\/"},{"@type":"ListItem","position":2,"name":"Tienda","item":"https:\/\/demoweb.info\/sexshop001\/tienda\/"},{"@type":"ListItem","position":3,"name":"\u00a1EL OUCH! BAILE POSTE"}]},{"@type":"WebSite","@id":"https:\/\/demoweb.info\/sexshop001\/#website","url":"https:\/\/demoweb.info\/sexshop001\/","name":"Tienda Er\u00f3tica","description":"DEMOWEB SL","potentialAction":[{"@type":"SearchAction","target":{"@type":"EntryPoint","urlTemplate":"https:\/\/demoweb.info\/sexshop001\/?s={search_term_string}"},"query-input":"required name=search_term_string"}],"inLanguage":"es"}]}},"_links":{"self":[{"href":"https:\/\/demoweb.info\/sexshop001\/wp-json\/wp\/v3\/product\/25709","targetHints":{"allow":["GET"]}}],"collection":[{"href":"https:\/\/demoweb.info\/sexshop001\/wp-json\/wp\/v3\/product"}],"about":[{"href":"https:\/\/demoweb.info\/sexshop001\/wp-json\/wp\/v2\/types\/product"}],"replies":[{"embeddable":true,"href":"https:\/\/demoweb.info\/sexshop001\/wp-json\/wp\/v2\/comments?post=25709"}],"wp:featuredmedia":[{"embeddable":true,"href":"https:\/\/demoweb.info\/sexshop001\/wp-json\/wp\/v2\/media\/25710"}],"wp:attachment":[{"href":"https:\/\/demoweb.info\/sexshop001\/wp-json\/wp\/v2\/media?parent=25709"}],"wp:term":[{"taxonomy":"product_cat","embeddable":true,"href":"https:\/\/demoweb.info\/sexshop001\/wp-json\/wp\/v2\/product_cat?post=25709"},{"taxonomy":"product_tag","embeddable":true,"href":"https:\/\/demoweb.info\/sexshop001\/wp-json\/wp\/v2\/product_tag?post=25709"}],"curies":[{"name":"wp","href":"https:\/\/api.w.org\/{rel}","templated":true}]}}