{"id":25379,"date":"2022-01-22T11:52:22","date_gmt":"2022-01-22T10:52:22","guid":{"rendered":"https:\/\/demoweb.info\/sexshop001\/producto\/conjunto-de-piel-sintetica-negro\/"},"modified":"2022-01-22T11:52:27","modified_gmt":"2022-01-22T10:52:27","slug":"conjunto-de-piel-sintetica-negro","status":"publish","type":"product","link":"https:\/\/demoweb.info\/sexshop001\/producto\/conjunto-de-piel-sintetica-negro\/","title":{"rendered":"CONJUNTO DE PIEL SINT\u00c9TICA &#8211; NEGRO"},"content":{"rendered":"<p><strong>FAUX-LEATHER SHELF BRA SET &#8211; BLACK<\/strong><\/p>\n<p>Conjunto de sujetador y tanga de piel sint\u00e9tica el\u00e1stica.<\/p>\n<p>Copas con aros y sujetador con soporte de espuma.<\/p>\n<p>Detalle de cremallera.<\/p>\n<p>Tirantes de piel sint\u00e9tica con tirantes ajustables y cierre de gancho y ojo en la espalda.<\/p>\n<p>Tanga de piel sint\u00e9tico el\u00e1stico a juego con cremallera y detalle de espalda abierta.<\/p>\n<p>Materiales<\/p>\n<ul>\n<li>Sujetador de repisa: Microfibra revestida: 97% nailon, 3% elastano<\/li>\n<li>Copas de sujetador: 100% poliuretano;<\/li>\n<li>Tanga: Microfibra revestida: 97% nailon, 3% elastano<\/li>\n<\/ul>\n","protected":false},"excerpt":{"rendered":"<p>FAUX-LEATHER SHELF BRA SET &#8211; BLACK Conjunto de sujetador y tanga de piel sint\u00e9tica el\u00e1stica. Copas con aros y sujetador<\/p>\n","protected":false},"featured_media":25380,"comment_status":"open","ping_status":"open","template":"","meta":[],"product_cat":[1095],"product_tag":[863],"class_list":["post-25379","product","type-product","status-publish","has-post-thumbnail","hentry","product_cat-conjuntos-para-ella","product_tag-dreamgirl"],"bundled_by":[],"bundle_stock_status":"outofstock","bundle_stock_quantity":0,"bundle_virtual":false,"bundle_layout":"","bundle_add_to_cart_form_location":"","bundle_editable_in_cart":false,"bundle_sold_individually_context":"","bundle_item_grouping":"","bundle_min_size":"","bundle_max_size":"","bundled_items":[],"yoast_head":"<!-- This site is optimized with the Yoast SEO plugin v20.6 - https:\/\/yoast.com\/wordpress\/plugins\/seo\/ -->\n<title>CONJUNTO DE PIEL SINT\u00c9TICA - NEGRO - Tienda Er\u00f3tica<\/title>\n<meta name=\"robots\" content=\"noindex, follow, max-snippet:-1, max-image-preview:large, max-video-preview:-1\" \/>\n<meta property=\"og:locale\" content=\"es_ES\" \/>\n<meta property=\"og:type\" content=\"article\" \/>\n<meta property=\"og:title\" content=\"CONJUNTO DE PIEL SINT\u00c9TICA - NEGRO - Tienda Er\u00f3tica\" \/>\n<meta property=\"og:description\" content=\"FAUX-LEATHER SHELF BRA SET &#8211; BLACK Conjunto de sujetador y tanga de piel sint\u00e9tica el\u00e1stica. Copas con aros y sujetador\" \/>\n<meta property=\"og:url\" content=\"https:\/\/demoweb.info\/sexshop001\/producto\/conjunto-de-piel-sintetica-negro\/\" \/>\n<meta property=\"og:site_name\" content=\"Tienda Er\u00f3tica\" \/>\n<meta property=\"article:modified_time\" content=\"2022-01-22T10:52:27+00:00\" \/>\n<meta property=\"og:image\" content=\"https:\/\/demoweb.info\/sexshop001\/wp-content\/uploads\/2022\/01\/CONJUNTO-DE-PIEL-SINTETICA-NEGRO.jpg\" \/>\n\t<meta property=\"og:image:width\" content=\"550\" \/>\n\t<meta property=\"og:image:height\" content=\"550\" \/>\n\t<meta property=\"og:image:type\" content=\"image\/jpeg\" \/>\n<meta name=\"twitter:card\" content=\"summary_large_image\" \/>\n<script type=\"application\/ld+json\" class=\"yoast-schema-graph\">{\"@context\":\"https:\/\/schema.org\",\"@graph\":[{\"@type\":\"WebPage\",\"@id\":\"https:\/\/demoweb.info\/sexshop001\/producto\/conjunto-de-piel-sintetica-negro\/\",\"url\":\"https:\/\/demoweb.info\/sexshop001\/producto\/conjunto-de-piel-sintetica-negro\/\",\"name\":\"CONJUNTO DE PIEL SINT\u00c9TICA - NEGRO - Tienda Er\u00f3tica\",\"isPartOf\":{\"@id\":\"https:\/\/demoweb.info\/sexshop001\/#website\"},\"datePublished\":\"2022-01-22T10:52:22+00:00\",\"dateModified\":\"2022-01-22T10:52:27+00:00\",\"breadcrumb\":{\"@id\":\"https:\/\/demoweb.info\/sexshop001\/producto\/conjunto-de-piel-sintetica-negro\/#breadcrumb\"},\"inLanguage\":\"es\",\"potentialAction\":[{\"@type\":\"ReadAction\",\"target\":[\"https:\/\/demoweb.info\/sexshop001\/producto\/conjunto-de-piel-sintetica-negro\/\"]}]},{\"@type\":\"BreadcrumbList\",\"@id\":\"https:\/\/demoweb.info\/sexshop001\/producto\/conjunto-de-piel-sintetica-negro\/#breadcrumb\",\"itemListElement\":[{\"@type\":\"ListItem\",\"position\":1,\"name\":\"Portada\",\"item\":\"https:\/\/demoweb.info\/sexshop001\/\"},{\"@type\":\"ListItem\",\"position\":2,\"name\":\"Tienda\",\"item\":\"https:\/\/demoweb.info\/sexshop001\/tienda\/\"},{\"@type\":\"ListItem\",\"position\":3,\"name\":\"CONJUNTO DE PIEL SINT\u00c9TICA &#8211; NEGRO\"}]},{\"@type\":\"WebSite\",\"@id\":\"https:\/\/demoweb.info\/sexshop001\/#website\",\"url\":\"https:\/\/demoweb.info\/sexshop001\/\",\"name\":\"Tienda Er\u00f3tica\",\"description\":\"DEMOWEB SL\",\"potentialAction\":[{\"@type\":\"SearchAction\",\"target\":{\"@type\":\"EntryPoint\",\"urlTemplate\":\"https:\/\/demoweb.info\/sexshop001\/?s={search_term_string}\"},\"query-input\":\"required name=search_term_string\"}],\"inLanguage\":\"es\"}]}<\/script>\n<!-- \/ Yoast SEO plugin. -->","yoast_head_json":{"title":"CONJUNTO DE PIEL SINT\u00c9TICA - NEGRO - Tienda Er\u00f3tica","robots":{"index":"noindex","follow":"follow","max-snippet":"max-snippet:-1","max-image-preview":"max-image-preview:large","max-video-preview":"max-video-preview:-1"},"og_locale":"es_ES","og_type":"article","og_title":"CONJUNTO DE PIEL SINT\u00c9TICA - NEGRO - Tienda Er\u00f3tica","og_description":"FAUX-LEATHER SHELF BRA SET &#8211; BLACK Conjunto de sujetador y tanga de piel sint\u00e9tica el\u00e1stica. Copas con aros y sujetador","og_url":"https:\/\/demoweb.info\/sexshop001\/producto\/conjunto-de-piel-sintetica-negro\/","og_site_name":"Tienda Er\u00f3tica","article_modified_time":"2022-01-22T10:52:27+00:00","og_image":[{"width":550,"height":550,"url":"https:\/\/demoweb.info\/sexshop001\/wp-content\/uploads\/2022\/01\/CONJUNTO-DE-PIEL-SINTETICA-NEGRO.jpg","type":"image\/jpeg"}],"twitter_card":"summary_large_image","schema":{"@context":"https:\/\/schema.org","@graph":[{"@type":"WebPage","@id":"https:\/\/demoweb.info\/sexshop001\/producto\/conjunto-de-piel-sintetica-negro\/","url":"https:\/\/demoweb.info\/sexshop001\/producto\/conjunto-de-piel-sintetica-negro\/","name":"CONJUNTO DE PIEL SINT\u00c9TICA - NEGRO - Tienda Er\u00f3tica","isPartOf":{"@id":"https:\/\/demoweb.info\/sexshop001\/#website"},"datePublished":"2022-01-22T10:52:22+00:00","dateModified":"2022-01-22T10:52:27+00:00","breadcrumb":{"@id":"https:\/\/demoweb.info\/sexshop001\/producto\/conjunto-de-piel-sintetica-negro\/#breadcrumb"},"inLanguage":"es","potentialAction":[{"@type":"ReadAction","target":["https:\/\/demoweb.info\/sexshop001\/producto\/conjunto-de-piel-sintetica-negro\/"]}]},{"@type":"BreadcrumbList","@id":"https:\/\/demoweb.info\/sexshop001\/producto\/conjunto-de-piel-sintetica-negro\/#breadcrumb","itemListElement":[{"@type":"ListItem","position":1,"name":"Portada","item":"https:\/\/demoweb.info\/sexshop001\/"},{"@type":"ListItem","position":2,"name":"Tienda","item":"https:\/\/demoweb.info\/sexshop001\/tienda\/"},{"@type":"ListItem","position":3,"name":"CONJUNTO DE PIEL SINT\u00c9TICA &#8211; NEGRO"}]},{"@type":"WebSite","@id":"https:\/\/demoweb.info\/sexshop001\/#website","url":"https:\/\/demoweb.info\/sexshop001\/","name":"Tienda Er\u00f3tica","description":"DEMOWEB SL","potentialAction":[{"@type":"SearchAction","target":{"@type":"EntryPoint","urlTemplate":"https:\/\/demoweb.info\/sexshop001\/?s={search_term_string}"},"query-input":"required name=search_term_string"}],"inLanguage":"es"}]}},"_links":{"self":[{"href":"https:\/\/demoweb.info\/sexshop001\/wp-json\/wp\/v3\/product\/25379","targetHints":{"allow":["GET"]}}],"collection":[{"href":"https:\/\/demoweb.info\/sexshop001\/wp-json\/wp\/v3\/product"}],"about":[{"href":"https:\/\/demoweb.info\/sexshop001\/wp-json\/wp\/v2\/types\/product"}],"replies":[{"embeddable":true,"href":"https:\/\/demoweb.info\/sexshop001\/wp-json\/wp\/v2\/comments?post=25379"}],"wp:featuredmedia":[{"embeddable":true,"href":"https:\/\/demoweb.info\/sexshop001\/wp-json\/wp\/v2\/media\/25380"}],"wp:attachment":[{"href":"https:\/\/demoweb.info\/sexshop001\/wp-json\/wp\/v2\/media?parent=25379"}],"wp:term":[{"taxonomy":"product_cat","embeddable":true,"href":"https:\/\/demoweb.info\/sexshop001\/wp-json\/wp\/v2\/product_cat?post=25379"},{"taxonomy":"product_tag","embeddable":true,"href":"https:\/\/demoweb.info\/sexshop001\/wp-json\/wp\/v2\/product_tag?post=25379"}],"curies":[{"name":"wp","href":"https:\/\/api.w.org\/{rel}","templated":true}]}}