{"id":24942,"date":"2022-01-22T11:47:47","date_gmt":"2022-01-22T10:47:47","guid":{"rendered":"https:\/\/demoweb.info\/sexshop001\/producto\/andropeyronie-morado\/"},"modified":"2022-01-22T11:48:16","modified_gmt":"2022-01-22T10:48:16","slug":"andropeyronie-morado","status":"publish","type":"product","link":"https:\/\/demoweb.info\/sexshop001\/producto\/andropeyronie-morado\/","title":{"rendered":"ANDROPEYRONIE &#8211; MORADO"},"content":{"rendered":"<p><strong>ANDROPEYRONIE &#8211; PURPLE<\/strong><\/p>\n<p><strong>\u00bfPor qu\u00e9 Andropeyronie\u00ae?<\/strong><\/p>\n<p>&#8211; Reduce el pene curvado en un 60% y reduce el dolor.<br \/>\n&#8211; Aumenta la longitud del pene en 1,5 cm o 0,6 &Prime;.<br \/>\n&#8211; Proporciona resultados m\u00e1s seguros y mejora la funci\u00f3n sexual.<br \/>\n&#8211; Los resultados se basan en estudios cl\u00ednicos<\/p>\n<p><strong>\u00bfQu\u00e9 es un dispositivo de tracci\u00f3n del pene?<\/strong><\/p>\n<p>En 2018 todos los extensores de pene de Andromedical\u00ae incluyen la banda patentada Androcomfort\u00ae que distribuye la presi\u00f3n sobre el glande sobre un \u00e1rea m\u00e1s grande, facilitando el tratamiento para el paciente. Esta es la tercera generaci\u00f3n del extensor m\u00e9dico n. \u00b0 1.<\/p>\n<p>Se estima que entre el 1% y el 3% de los hombres sufren de curvatura del pene, seg\u00fan los estudios cient\u00edficos de Mayo Clinic. En los Estados Unidos, hay 1,4 millones de hombres que padecen la enfermedad de Peyronie. La causa m\u00e1s com\u00fan de un pene curvo es la enfermedad de Peyronie.<\/p>\n","protected":false},"excerpt":{"rendered":"<p>ANDROPEYRONIE &#8211; PURPLE \u00bfPor qu\u00e9 Andropeyronie\u00ae? &#8211; Reduce el pene curvado en un 60% y reduce el dolor. &#8211; Aumenta<\/p>\n","protected":false},"featured_media":24943,"comment_status":"open","ping_status":"open","template":"","meta":[],"product_cat":[985],"product_tag":[1094],"class_list":["post-24942","product","type-product","status-publish","has-post-thumbnail","hentry","product_cat-extensores","product_tag-andromedical"],"bundled_by":[],"bundle_stock_status":"outofstock","bundle_stock_quantity":0,"bundle_virtual":false,"bundle_layout":"","bundle_add_to_cart_form_location":"","bundle_editable_in_cart":false,"bundle_sold_individually_context":"","bundle_item_grouping":"","bundle_min_size":"","bundle_max_size":"","bundled_items":[],"yoast_head":"<!-- This site is optimized with the Yoast SEO plugin v20.6 - https:\/\/yoast.com\/wordpress\/plugins\/seo\/ -->\n<title>ANDROPEYRONIE - MORADO - Tienda Er\u00f3tica<\/title>\n<meta name=\"robots\" content=\"noindex, follow, max-snippet:-1, max-image-preview:large, max-video-preview:-1\" \/>\n<meta property=\"og:locale\" content=\"es_ES\" \/>\n<meta property=\"og:type\" content=\"article\" \/>\n<meta property=\"og:title\" content=\"ANDROPEYRONIE - MORADO - Tienda Er\u00f3tica\" \/>\n<meta property=\"og:description\" content=\"ANDROPEYRONIE &#8211; PURPLE \u00bfPor qu\u00e9 Andropeyronie\u00ae? &#8211; Reduce el pene curvado en un 60% y reduce el dolor. &#8211; Aumenta\" \/>\n<meta property=\"og:url\" content=\"https:\/\/demoweb.info\/sexshop001\/producto\/andropeyronie-morado\/\" \/>\n<meta property=\"og:site_name\" content=\"Tienda Er\u00f3tica\" \/>\n<meta property=\"article:modified_time\" content=\"2022-01-22T10:48:16+00:00\" \/>\n<meta property=\"og:image\" content=\"https:\/\/demoweb.info\/sexshop001\/wp-content\/uploads\/2022\/01\/ANDROPEYRONIE-MORADO.jpg\" \/>\n\t<meta property=\"og:image:width\" content=\"550\" \/>\n\t<meta property=\"og:image:height\" content=\"550\" \/>\n\t<meta property=\"og:image:type\" content=\"image\/jpeg\" \/>\n<meta name=\"twitter:card\" content=\"summary_large_image\" \/>\n<meta name=\"twitter:label1\" content=\"Tiempo de lectura\" \/>\n\t<meta name=\"twitter:data1\" content=\"1 minuto\" \/>\n<script type=\"application\/ld+json\" class=\"yoast-schema-graph\">{\"@context\":\"https:\/\/schema.org\",\"@graph\":[{\"@type\":\"WebPage\",\"@id\":\"https:\/\/demoweb.info\/sexshop001\/producto\/andropeyronie-morado\/\",\"url\":\"https:\/\/demoweb.info\/sexshop001\/producto\/andropeyronie-morado\/\",\"name\":\"ANDROPEYRONIE - MORADO - Tienda Er\u00f3tica\",\"isPartOf\":{\"@id\":\"https:\/\/demoweb.info\/sexshop001\/#website\"},\"datePublished\":\"2022-01-22T10:47:47+00:00\",\"dateModified\":\"2022-01-22T10:48:16+00:00\",\"breadcrumb\":{\"@id\":\"https:\/\/demoweb.info\/sexshop001\/producto\/andropeyronie-morado\/#breadcrumb\"},\"inLanguage\":\"es\",\"potentialAction\":[{\"@type\":\"ReadAction\",\"target\":[\"https:\/\/demoweb.info\/sexshop001\/producto\/andropeyronie-morado\/\"]}]},{\"@type\":\"BreadcrumbList\",\"@id\":\"https:\/\/demoweb.info\/sexshop001\/producto\/andropeyronie-morado\/#breadcrumb\",\"itemListElement\":[{\"@type\":\"ListItem\",\"position\":1,\"name\":\"Portada\",\"item\":\"https:\/\/demoweb.info\/sexshop001\/\"},{\"@type\":\"ListItem\",\"position\":2,\"name\":\"Tienda\",\"item\":\"https:\/\/demoweb.info\/sexshop001\/tienda\/\"},{\"@type\":\"ListItem\",\"position\":3,\"name\":\"ANDROPEYRONIE &#8211; MORADO\"}]},{\"@type\":\"WebSite\",\"@id\":\"https:\/\/demoweb.info\/sexshop001\/#website\",\"url\":\"https:\/\/demoweb.info\/sexshop001\/\",\"name\":\"Tienda Er\u00f3tica\",\"description\":\"DEMOWEB SL\",\"potentialAction\":[{\"@type\":\"SearchAction\",\"target\":{\"@type\":\"EntryPoint\",\"urlTemplate\":\"https:\/\/demoweb.info\/sexshop001\/?s={search_term_string}\"},\"query-input\":\"required name=search_term_string\"}],\"inLanguage\":\"es\"}]}<\/script>\n<!-- \/ Yoast SEO plugin. -->","yoast_head_json":{"title":"ANDROPEYRONIE - MORADO - Tienda Er\u00f3tica","robots":{"index":"noindex","follow":"follow","max-snippet":"max-snippet:-1","max-image-preview":"max-image-preview:large","max-video-preview":"max-video-preview:-1"},"og_locale":"es_ES","og_type":"article","og_title":"ANDROPEYRONIE - MORADO - Tienda Er\u00f3tica","og_description":"ANDROPEYRONIE &#8211; PURPLE \u00bfPor qu\u00e9 Andropeyronie\u00ae? &#8211; Reduce el pene curvado en un 60% y reduce el dolor. &#8211; Aumenta","og_url":"https:\/\/demoweb.info\/sexshop001\/producto\/andropeyronie-morado\/","og_site_name":"Tienda Er\u00f3tica","article_modified_time":"2022-01-22T10:48:16+00:00","og_image":[{"width":550,"height":550,"url":"https:\/\/demoweb.info\/sexshop001\/wp-content\/uploads\/2022\/01\/ANDROPEYRONIE-MORADO.jpg","type":"image\/jpeg"}],"twitter_card":"summary_large_image","twitter_misc":{"Tiempo de lectura":"1 minuto"},"schema":{"@context":"https:\/\/schema.org","@graph":[{"@type":"WebPage","@id":"https:\/\/demoweb.info\/sexshop001\/producto\/andropeyronie-morado\/","url":"https:\/\/demoweb.info\/sexshop001\/producto\/andropeyronie-morado\/","name":"ANDROPEYRONIE - MORADO - Tienda Er\u00f3tica","isPartOf":{"@id":"https:\/\/demoweb.info\/sexshop001\/#website"},"datePublished":"2022-01-22T10:47:47+00:00","dateModified":"2022-01-22T10:48:16+00:00","breadcrumb":{"@id":"https:\/\/demoweb.info\/sexshop001\/producto\/andropeyronie-morado\/#breadcrumb"},"inLanguage":"es","potentialAction":[{"@type":"ReadAction","target":["https:\/\/demoweb.info\/sexshop001\/producto\/andropeyronie-morado\/"]}]},{"@type":"BreadcrumbList","@id":"https:\/\/demoweb.info\/sexshop001\/producto\/andropeyronie-morado\/#breadcrumb","itemListElement":[{"@type":"ListItem","position":1,"name":"Portada","item":"https:\/\/demoweb.info\/sexshop001\/"},{"@type":"ListItem","position":2,"name":"Tienda","item":"https:\/\/demoweb.info\/sexshop001\/tienda\/"},{"@type":"ListItem","position":3,"name":"ANDROPEYRONIE &#8211; MORADO"}]},{"@type":"WebSite","@id":"https:\/\/demoweb.info\/sexshop001\/#website","url":"https:\/\/demoweb.info\/sexshop001\/","name":"Tienda Er\u00f3tica","description":"DEMOWEB SL","potentialAction":[{"@type":"SearchAction","target":{"@type":"EntryPoint","urlTemplate":"https:\/\/demoweb.info\/sexshop001\/?s={search_term_string}"},"query-input":"required name=search_term_string"}],"inLanguage":"es"}]}},"_links":{"self":[{"href":"https:\/\/demoweb.info\/sexshop001\/wp-json\/wp\/v3\/product\/24942","targetHints":{"allow":["GET"]}}],"collection":[{"href":"https:\/\/demoweb.info\/sexshop001\/wp-json\/wp\/v3\/product"}],"about":[{"href":"https:\/\/demoweb.info\/sexshop001\/wp-json\/wp\/v2\/types\/product"}],"replies":[{"embeddable":true,"href":"https:\/\/demoweb.info\/sexshop001\/wp-json\/wp\/v2\/comments?post=24942"}],"wp:featuredmedia":[{"embeddable":true,"href":"https:\/\/demoweb.info\/sexshop001\/wp-json\/wp\/v2\/media\/24943"}],"wp:attachment":[{"href":"https:\/\/demoweb.info\/sexshop001\/wp-json\/wp\/v2\/media?parent=24942"}],"wp:term":[{"taxonomy":"product_cat","embeddable":true,"href":"https:\/\/demoweb.info\/sexshop001\/wp-json\/wp\/v2\/product_cat?post=24942"},{"taxonomy":"product_tag","embeddable":true,"href":"https:\/\/demoweb.info\/sexshop001\/wp-json\/wp\/v2\/product_tag?post=24942"}],"curies":[{"name":"wp","href":"https:\/\/api.w.org\/{rel}","templated":true}]}}