{"id":24676,"date":"2022-01-22T11:45:30","date_gmt":"2022-01-22T10:45:30","guid":{"rendered":"https:\/\/demoweb.info\/sexshop001\/producto\/tampones-originales-mini-3-unid\/"},"modified":"2022-01-22T11:45:36","modified_gmt":"2022-01-22T10:45:36","slug":"tampones-originales-mini-3-unid","status":"publish","type":"product","link":"https:\/\/demoweb.info\/sexshop001\/producto\/tampones-originales-mini-3-unid\/","title":{"rendered":"TAMPONES ORIGINALES MINI (3 Unid)"},"content":{"rendered":"<p><font size=&quot;1&quot;><b>ORIGINAL SOFT-TAMPONS MINI<\/b>, tampones higi\u00e9nicos <b>de f\u00e1cil aplicaci\u00f3n sin hilo<\/b>, especialmente dise\u00f1ados para proporcionar la m\u00e1xima<br \/>\nprotecci\u00f3n, comodidad y discreci\u00f3n. <\/p>\n<p>Los tampones han sido desarrollados conforme a los m\u00e1s modernos conocimientos de la ginecolog\u00eda para el uso en la sauna, durante el deporte, nataci\u00f3n&#8230;<br \/>\nas\u00ed como para la higiene en las relaciones \u00edntimas durante la menstruaci\u00f3n.<\/p>\n<p>&#8211; Confortables.<br \/>\n&#8211; Agradables de llevar.<br \/>\n&#8211; Probados dermatol\u00f3gica y cl\u00ednicamente.<br \/>\n&#8211; Gran capacidad de absorci\u00f3n (alta capacidad absorbedora de l\u00edquido).<br \/>\n&#8211; <b>No son perceptibles por el compa\u00f1ero en las relaciones sexuales<\/b>.<\/p>\n<p>Ahora con  una forma anat\u00f3micamente dise\u00f1ada, facilita la inserci\u00f3n y el aro integrado asegura una extracci\u00f3n a\u00fan m\u00e1s c\u00f3moda y segura.<\/p>\n<p>Tama\u00f1o mini. Caja de 3 tampones.<\/font><\/p>\n","protected":false},"excerpt":{"rendered":"<p>ORIGINAL SOFT-TAMPONS MINI, tampones higi\u00e9nicos de f\u00e1cil aplicaci\u00f3n sin hilo, especialmente dise\u00f1ados para proporcionar la m\u00e1xima protecci\u00f3n, comodidad y discreci\u00f3n.<\/p>\n","protected":false},"featured_media":24677,"comment_status":"open","ping_status":"open","template":"","meta":[],"product_cat":[718],"product_tag":[725,735],"class_list":["post-24676","product","type-product","status-publish","has-post-thumbnail","hentry","product_cat-tampones","product_tag-joydivision","product_tag-soft-tampons"],"bundled_by":[],"bundle_stock_status":"outofstock","bundle_stock_quantity":0,"bundle_virtual":false,"bundle_layout":"","bundle_add_to_cart_form_location":"","bundle_editable_in_cart":false,"bundle_sold_individually_context":"","bundle_item_grouping":"","bundle_min_size":"","bundle_max_size":"","bundled_items":[],"yoast_head":"<!-- This site is optimized with the Yoast SEO plugin v20.6 - https:\/\/yoast.com\/wordpress\/plugins\/seo\/ -->\n<title>TAMPONES ORIGINALES MINI (3 Unid) - Tienda Er\u00f3tica<\/title>\n<meta name=\"robots\" content=\"noindex, follow, max-snippet:-1, max-image-preview:large, max-video-preview:-1\" \/>\n<meta property=\"og:locale\" content=\"es_ES\" \/>\n<meta property=\"og:type\" content=\"article\" \/>\n<meta property=\"og:title\" content=\"TAMPONES ORIGINALES MINI (3 Unid) - Tienda Er\u00f3tica\" \/>\n<meta property=\"og:description\" content=\"ORIGINAL SOFT-TAMPONS MINI, tampones higi\u00e9nicos de f\u00e1cil aplicaci\u00f3n sin hilo, especialmente dise\u00f1ados para proporcionar la m\u00e1xima protecci\u00f3n, comodidad y discreci\u00f3n.\" \/>\n<meta property=\"og:url\" content=\"https:\/\/demoweb.info\/sexshop001\/producto\/tampones-originales-mini-3-unid\/\" \/>\n<meta property=\"og:site_name\" content=\"Tienda Er\u00f3tica\" \/>\n<meta property=\"article:modified_time\" content=\"2022-01-22T10:45:36+00:00\" \/>\n<meta property=\"og:image\" content=\"https:\/\/demoweb.info\/sexshop001\/wp-content\/uploads\/2022\/01\/TAMPONES-ORIGINALES-MINI-3-Unid.jpg\" \/>\n\t<meta property=\"og:image:width\" content=\"550\" \/>\n\t<meta property=\"og:image:height\" content=\"550\" \/>\n\t<meta property=\"og:image:type\" content=\"image\/jpeg\" \/>\n<meta name=\"twitter:card\" content=\"summary_large_image\" \/>\n<meta name=\"twitter:label1\" content=\"Tiempo de lectura\" \/>\n\t<meta name=\"twitter:data1\" content=\"1 minuto\" \/>\n<script type=\"application\/ld+json\" class=\"yoast-schema-graph\">{\"@context\":\"https:\/\/schema.org\",\"@graph\":[{\"@type\":\"WebPage\",\"@id\":\"https:\/\/demoweb.info\/sexshop001\/producto\/tampones-originales-mini-3-unid\/\",\"url\":\"https:\/\/demoweb.info\/sexshop001\/producto\/tampones-originales-mini-3-unid\/\",\"name\":\"TAMPONES ORIGINALES MINI (3 Unid) - Tienda Er\u00f3tica\",\"isPartOf\":{\"@id\":\"https:\/\/demoweb.info\/sexshop001\/#website\"},\"datePublished\":\"2022-01-22T10:45:30+00:00\",\"dateModified\":\"2022-01-22T10:45:36+00:00\",\"breadcrumb\":{\"@id\":\"https:\/\/demoweb.info\/sexshop001\/producto\/tampones-originales-mini-3-unid\/#breadcrumb\"},\"inLanguage\":\"es\",\"potentialAction\":[{\"@type\":\"ReadAction\",\"target\":[\"https:\/\/demoweb.info\/sexshop001\/producto\/tampones-originales-mini-3-unid\/\"]}]},{\"@type\":\"BreadcrumbList\",\"@id\":\"https:\/\/demoweb.info\/sexshop001\/producto\/tampones-originales-mini-3-unid\/#breadcrumb\",\"itemListElement\":[{\"@type\":\"ListItem\",\"position\":1,\"name\":\"Portada\",\"item\":\"https:\/\/demoweb.info\/sexshop001\/\"},{\"@type\":\"ListItem\",\"position\":2,\"name\":\"Tienda\",\"item\":\"https:\/\/demoweb.info\/sexshop001\/tienda\/\"},{\"@type\":\"ListItem\",\"position\":3,\"name\":\"TAMPONES ORIGINALES MINI (3 Unid)\"}]},{\"@type\":\"WebSite\",\"@id\":\"https:\/\/demoweb.info\/sexshop001\/#website\",\"url\":\"https:\/\/demoweb.info\/sexshop001\/\",\"name\":\"Tienda Er\u00f3tica\",\"description\":\"DEMOWEB SL\",\"potentialAction\":[{\"@type\":\"SearchAction\",\"target\":{\"@type\":\"EntryPoint\",\"urlTemplate\":\"https:\/\/demoweb.info\/sexshop001\/?s={search_term_string}\"},\"query-input\":\"required name=search_term_string\"}],\"inLanguage\":\"es\"}]}<\/script>\n<!-- \/ Yoast SEO plugin. -->","yoast_head_json":{"title":"TAMPONES ORIGINALES MINI (3 Unid) - Tienda Er\u00f3tica","robots":{"index":"noindex","follow":"follow","max-snippet":"max-snippet:-1","max-image-preview":"max-image-preview:large","max-video-preview":"max-video-preview:-1"},"og_locale":"es_ES","og_type":"article","og_title":"TAMPONES ORIGINALES MINI (3 Unid) - Tienda Er\u00f3tica","og_description":"ORIGINAL SOFT-TAMPONS MINI, tampones higi\u00e9nicos de f\u00e1cil aplicaci\u00f3n sin hilo, especialmente dise\u00f1ados para proporcionar la m\u00e1xima protecci\u00f3n, comodidad y discreci\u00f3n.","og_url":"https:\/\/demoweb.info\/sexshop001\/producto\/tampones-originales-mini-3-unid\/","og_site_name":"Tienda Er\u00f3tica","article_modified_time":"2022-01-22T10:45:36+00:00","og_image":[{"width":550,"height":550,"url":"https:\/\/demoweb.info\/sexshop001\/wp-content\/uploads\/2022\/01\/TAMPONES-ORIGINALES-MINI-3-Unid.jpg","type":"image\/jpeg"}],"twitter_card":"summary_large_image","twitter_misc":{"Tiempo de lectura":"1 minuto"},"schema":{"@context":"https:\/\/schema.org","@graph":[{"@type":"WebPage","@id":"https:\/\/demoweb.info\/sexshop001\/producto\/tampones-originales-mini-3-unid\/","url":"https:\/\/demoweb.info\/sexshop001\/producto\/tampones-originales-mini-3-unid\/","name":"TAMPONES ORIGINALES MINI (3 Unid) - Tienda Er\u00f3tica","isPartOf":{"@id":"https:\/\/demoweb.info\/sexshop001\/#website"},"datePublished":"2022-01-22T10:45:30+00:00","dateModified":"2022-01-22T10:45:36+00:00","breadcrumb":{"@id":"https:\/\/demoweb.info\/sexshop001\/producto\/tampones-originales-mini-3-unid\/#breadcrumb"},"inLanguage":"es","potentialAction":[{"@type":"ReadAction","target":["https:\/\/demoweb.info\/sexshop001\/producto\/tampones-originales-mini-3-unid\/"]}]},{"@type":"BreadcrumbList","@id":"https:\/\/demoweb.info\/sexshop001\/producto\/tampones-originales-mini-3-unid\/#breadcrumb","itemListElement":[{"@type":"ListItem","position":1,"name":"Portada","item":"https:\/\/demoweb.info\/sexshop001\/"},{"@type":"ListItem","position":2,"name":"Tienda","item":"https:\/\/demoweb.info\/sexshop001\/tienda\/"},{"@type":"ListItem","position":3,"name":"TAMPONES ORIGINALES MINI (3 Unid)"}]},{"@type":"WebSite","@id":"https:\/\/demoweb.info\/sexshop001\/#website","url":"https:\/\/demoweb.info\/sexshop001\/","name":"Tienda Er\u00f3tica","description":"DEMOWEB SL","potentialAction":[{"@type":"SearchAction","target":{"@type":"EntryPoint","urlTemplate":"https:\/\/demoweb.info\/sexshop001\/?s={search_term_string}"},"query-input":"required name=search_term_string"}],"inLanguage":"es"}]}},"_links":{"self":[{"href":"https:\/\/demoweb.info\/sexshop001\/wp-json\/wp\/v3\/product\/24676","targetHints":{"allow":["GET"]}}],"collection":[{"href":"https:\/\/demoweb.info\/sexshop001\/wp-json\/wp\/v3\/product"}],"about":[{"href":"https:\/\/demoweb.info\/sexshop001\/wp-json\/wp\/v2\/types\/product"}],"replies":[{"embeddable":true,"href":"https:\/\/demoweb.info\/sexshop001\/wp-json\/wp\/v2\/comments?post=24676"}],"wp:featuredmedia":[{"embeddable":true,"href":"https:\/\/demoweb.info\/sexshop001\/wp-json\/wp\/v2\/media\/24677"}],"wp:attachment":[{"href":"https:\/\/demoweb.info\/sexshop001\/wp-json\/wp\/v2\/media?parent=24676"}],"wp:term":[{"taxonomy":"product_cat","embeddable":true,"href":"https:\/\/demoweb.info\/sexshop001\/wp-json\/wp\/v2\/product_cat?post=24676"},{"taxonomy":"product_tag","embeddable":true,"href":"https:\/\/demoweb.info\/sexshop001\/wp-json\/wp\/v2\/product_tag?post=24676"}],"curies":[{"name":"wp","href":"https:\/\/api.w.org\/{rel}","templated":true}]}}