{"id":24457,"date":"2022-01-22T11:43:14","date_gmt":"2022-01-22T10:43:14","guid":{"rendered":"https:\/\/demoweb.info\/sexshop001\/producto\/touche-guante-de-bano-touche-con-esposa-gris\/"},"modified":"2022-01-22T11:43:22","modified_gmt":"2022-01-22T10:43:22","slug":"touche-guante-de-bano-touche-con-esposa-gris","status":"publish","type":"product","link":"https:\/\/demoweb.info\/sexshop001\/producto\/touche-guante-de-bano-touche-con-esposa-gris\/","title":{"rendered":"TOUCH\u00c9 -GUANTE DE BA\u00d1O TOUCH\u00c9 CON ESPOSA &#8211; GRIS"},"content":{"rendered":"<p>CUFF BATH GLOVE &#8211; TAUPE<\/p>\n<p>El guante de ba\u00f1o Touch\u00e9 con esposa, permanecer\u00e1 seguro en su mu\u00f1eca incluso durante la sesi\u00f3n de exfoliaci\u00f3n m\u00e1s vigorosa.<\/p>\n<p>\nCon un lado suave como la seda y un lado medio exfoliante \/ suave, \u00a1no tendr\u00e1 ninguna dificultad para restregar o eliminar el estr\u00e9s del d\u00eda!<\/p>\n<p>Las fibras naturales de lino y c\u00e1\u00f1amo son ideales para exfoliar y brindan un brillo saludable en toda la piel.<\/p>\n<p>El componente de carb\u00f3n ayuda a extraer las impurezas diarias y elimina suavemente la acumulaci\u00f3n de suciedad y toxinas de los poros.<\/p>\n<p>Simplemente deslice en su mano y agregue su limpiador o exfoliante corporal preferido, y estar\u00e1 listo para restaurar su piel a su vibrante brillo natural.<\/p>\n<p>El guante viene con un peque\u00f1o gancho para colgarlo para secar.<\/p>\n<ul>\n<li>Materiales Bamb\u00fa, carb\u00f3n, lino, c\u00e1\u00f1amo y poli\u00e9ster<\/li>\n<\/ul>\n","protected":false},"excerpt":{"rendered":"<p>CUFF BATH GLOVE &#8211; TAUPE El guante de ba\u00f1o Touch\u00e9 con esposa, permanecer\u00e1 seguro en su mu\u00f1eca incluso durante la<\/p>\n","protected":false},"featured_media":24458,"comment_status":"open","ping_status":"open","template":"","meta":[],"product_cat":[1086],"product_tag":[302,711],"class_list":["post-24457","product","type-product","status-publish","has-post-thumbnail","hentry","product_cat-complementos-linea-bio-aceites-y-lubricantes","product_tag-shots","product_tag-touche"],"bundled_by":[],"bundle_stock_status":"instock","bundle_stock_quantity":1,"bundle_virtual":false,"bundle_layout":"","bundle_add_to_cart_form_location":"","bundle_editable_in_cart":false,"bundle_sold_individually_context":"","bundle_item_grouping":"","bundle_min_size":"","bundle_max_size":"","bundled_items":[],"yoast_head":"<!-- This site is optimized with the Yoast SEO plugin v20.6 - https:\/\/yoast.com\/wordpress\/plugins\/seo\/ -->\n<title>TOUCH\u00c9 -GUANTE DE BA\u00d1O TOUCH\u00c9 CON ESPOSA - GRIS - Tienda Er\u00f3tica<\/title>\n<meta name=\"robots\" content=\"noindex, follow, max-snippet:-1, max-image-preview:large, max-video-preview:-1\" \/>\n<meta property=\"og:locale\" content=\"es_ES\" \/>\n<meta property=\"og:type\" content=\"article\" \/>\n<meta property=\"og:title\" content=\"TOUCH\u00c9 -GUANTE DE BA\u00d1O TOUCH\u00c9 CON ESPOSA - GRIS - Tienda Er\u00f3tica\" \/>\n<meta property=\"og:description\" content=\"CUFF BATH GLOVE &#8211; TAUPE El guante de ba\u00f1o Touch\u00e9 con esposa, permanecer\u00e1 seguro en su mu\u00f1eca incluso durante la\" \/>\n<meta property=\"og:url\" content=\"https:\/\/demoweb.info\/sexshop001\/producto\/touche-guante-de-bano-touche-con-esposa-gris\/\" \/>\n<meta property=\"og:site_name\" content=\"Tienda Er\u00f3tica\" \/>\n<meta property=\"article:modified_time\" content=\"2022-01-22T10:43:22+00:00\" \/>\n<meta property=\"og:image\" content=\"https:\/\/demoweb.info\/sexshop001\/wp-content\/uploads\/2022\/01\/TOUCHE-GUANTE-DE-BANO-TOUCHE-CON-ESPOSA-GRIS.jpg\" \/>\n\t<meta property=\"og:image:width\" content=\"550\" \/>\n\t<meta property=\"og:image:height\" content=\"550\" \/>\n\t<meta property=\"og:image:type\" content=\"image\/jpeg\" \/>\n<meta name=\"twitter:card\" content=\"summary_large_image\" \/>\n<meta name=\"twitter:label1\" content=\"Tiempo de lectura\" \/>\n\t<meta name=\"twitter:data1\" content=\"1 minuto\" \/>\n<script type=\"application\/ld+json\" class=\"yoast-schema-graph\">{\"@context\":\"https:\/\/schema.org\",\"@graph\":[{\"@type\":\"WebPage\",\"@id\":\"https:\/\/demoweb.info\/sexshop001\/producto\/touche-guante-de-bano-touche-con-esposa-gris\/\",\"url\":\"https:\/\/demoweb.info\/sexshop001\/producto\/touche-guante-de-bano-touche-con-esposa-gris\/\",\"name\":\"TOUCH\u00c9 -GUANTE DE BA\u00d1O TOUCH\u00c9 CON ESPOSA - GRIS - Tienda Er\u00f3tica\",\"isPartOf\":{\"@id\":\"https:\/\/demoweb.info\/sexshop001\/#website\"},\"datePublished\":\"2022-01-22T10:43:14+00:00\",\"dateModified\":\"2022-01-22T10:43:22+00:00\",\"breadcrumb\":{\"@id\":\"https:\/\/demoweb.info\/sexshop001\/producto\/touche-guante-de-bano-touche-con-esposa-gris\/#breadcrumb\"},\"inLanguage\":\"es\",\"potentialAction\":[{\"@type\":\"ReadAction\",\"target\":[\"https:\/\/demoweb.info\/sexshop001\/producto\/touche-guante-de-bano-touche-con-esposa-gris\/\"]}]},{\"@type\":\"BreadcrumbList\",\"@id\":\"https:\/\/demoweb.info\/sexshop001\/producto\/touche-guante-de-bano-touche-con-esposa-gris\/#breadcrumb\",\"itemListElement\":[{\"@type\":\"ListItem\",\"position\":1,\"name\":\"Portada\",\"item\":\"https:\/\/demoweb.info\/sexshop001\/\"},{\"@type\":\"ListItem\",\"position\":2,\"name\":\"Tienda\",\"item\":\"https:\/\/demoweb.info\/sexshop001\/tienda\/\"},{\"@type\":\"ListItem\",\"position\":3,\"name\":\"TOUCH\u00c9 -GUANTE DE BA\u00d1O TOUCH\u00c9 CON ESPOSA &#8211; GRIS\"}]},{\"@type\":\"WebSite\",\"@id\":\"https:\/\/demoweb.info\/sexshop001\/#website\",\"url\":\"https:\/\/demoweb.info\/sexshop001\/\",\"name\":\"Tienda Er\u00f3tica\",\"description\":\"DEMOWEB SL\",\"potentialAction\":[{\"@type\":\"SearchAction\",\"target\":{\"@type\":\"EntryPoint\",\"urlTemplate\":\"https:\/\/demoweb.info\/sexshop001\/?s={search_term_string}\"},\"query-input\":\"required name=search_term_string\"}],\"inLanguage\":\"es\"}]}<\/script>\n<!-- \/ Yoast SEO plugin. -->","yoast_head_json":{"title":"TOUCH\u00c9 -GUANTE DE BA\u00d1O TOUCH\u00c9 CON ESPOSA - GRIS - Tienda Er\u00f3tica","robots":{"index":"noindex","follow":"follow","max-snippet":"max-snippet:-1","max-image-preview":"max-image-preview:large","max-video-preview":"max-video-preview:-1"},"og_locale":"es_ES","og_type":"article","og_title":"TOUCH\u00c9 -GUANTE DE BA\u00d1O TOUCH\u00c9 CON ESPOSA - GRIS - Tienda Er\u00f3tica","og_description":"CUFF BATH GLOVE &#8211; TAUPE El guante de ba\u00f1o Touch\u00e9 con esposa, permanecer\u00e1 seguro en su mu\u00f1eca incluso durante la","og_url":"https:\/\/demoweb.info\/sexshop001\/producto\/touche-guante-de-bano-touche-con-esposa-gris\/","og_site_name":"Tienda Er\u00f3tica","article_modified_time":"2022-01-22T10:43:22+00:00","og_image":[{"width":550,"height":550,"url":"https:\/\/demoweb.info\/sexshop001\/wp-content\/uploads\/2022\/01\/TOUCHE-GUANTE-DE-BANO-TOUCHE-CON-ESPOSA-GRIS.jpg","type":"image\/jpeg"}],"twitter_card":"summary_large_image","twitter_misc":{"Tiempo de lectura":"1 minuto"},"schema":{"@context":"https:\/\/schema.org","@graph":[{"@type":"WebPage","@id":"https:\/\/demoweb.info\/sexshop001\/producto\/touche-guante-de-bano-touche-con-esposa-gris\/","url":"https:\/\/demoweb.info\/sexshop001\/producto\/touche-guante-de-bano-touche-con-esposa-gris\/","name":"TOUCH\u00c9 -GUANTE DE BA\u00d1O TOUCH\u00c9 CON ESPOSA - GRIS - Tienda Er\u00f3tica","isPartOf":{"@id":"https:\/\/demoweb.info\/sexshop001\/#website"},"datePublished":"2022-01-22T10:43:14+00:00","dateModified":"2022-01-22T10:43:22+00:00","breadcrumb":{"@id":"https:\/\/demoweb.info\/sexshop001\/producto\/touche-guante-de-bano-touche-con-esposa-gris\/#breadcrumb"},"inLanguage":"es","potentialAction":[{"@type":"ReadAction","target":["https:\/\/demoweb.info\/sexshop001\/producto\/touche-guante-de-bano-touche-con-esposa-gris\/"]}]},{"@type":"BreadcrumbList","@id":"https:\/\/demoweb.info\/sexshop001\/producto\/touche-guante-de-bano-touche-con-esposa-gris\/#breadcrumb","itemListElement":[{"@type":"ListItem","position":1,"name":"Portada","item":"https:\/\/demoweb.info\/sexshop001\/"},{"@type":"ListItem","position":2,"name":"Tienda","item":"https:\/\/demoweb.info\/sexshop001\/tienda\/"},{"@type":"ListItem","position":3,"name":"TOUCH\u00c9 -GUANTE DE BA\u00d1O TOUCH\u00c9 CON ESPOSA &#8211; GRIS"}]},{"@type":"WebSite","@id":"https:\/\/demoweb.info\/sexshop001\/#website","url":"https:\/\/demoweb.info\/sexshop001\/","name":"Tienda Er\u00f3tica","description":"DEMOWEB SL","potentialAction":[{"@type":"SearchAction","target":{"@type":"EntryPoint","urlTemplate":"https:\/\/demoweb.info\/sexshop001\/?s={search_term_string}"},"query-input":"required name=search_term_string"}],"inLanguage":"es"}]}},"_links":{"self":[{"href":"https:\/\/demoweb.info\/sexshop001\/wp-json\/wp\/v3\/product\/24457","targetHints":{"allow":["GET"]}}],"collection":[{"href":"https:\/\/demoweb.info\/sexshop001\/wp-json\/wp\/v3\/product"}],"about":[{"href":"https:\/\/demoweb.info\/sexshop001\/wp-json\/wp\/v2\/types\/product"}],"replies":[{"embeddable":true,"href":"https:\/\/demoweb.info\/sexshop001\/wp-json\/wp\/v2\/comments?post=24457"}],"wp:featuredmedia":[{"embeddable":true,"href":"https:\/\/demoweb.info\/sexshop001\/wp-json\/wp\/v2\/media\/24458"}],"wp:attachment":[{"href":"https:\/\/demoweb.info\/sexshop001\/wp-json\/wp\/v2\/media?parent=24457"}],"wp:term":[{"taxonomy":"product_cat","embeddable":true,"href":"https:\/\/demoweb.info\/sexshop001\/wp-json\/wp\/v2\/product_cat?post=24457"},{"taxonomy":"product_tag","embeddable":true,"href":"https:\/\/demoweb.info\/sexshop001\/wp-json\/wp\/v2\/product_tag?post=24457"}],"curies":[{"name":"wp","href":"https:\/\/api.w.org\/{rel}","templated":true}]}}