{"id":24388,"date":"2022-01-22T11:42:37","date_gmt":"2022-01-22T10:42:37","guid":{"rendered":"https:\/\/demoweb.info\/sexshop001\/producto\/esposas-con-asas-estilo-tattoo-negro\/"},"modified":"2022-01-22T11:42:44","modified_gmt":"2022-01-22T10:42:44","slug":"esposas-con-asas-estilo-tattoo-negro","status":"publish","type":"product","link":"https:\/\/demoweb.info\/sexshop001\/producto\/esposas-con-asas-estilo-tattoo-negro\/","title":{"rendered":"ESPOSAS CON ASAS ESTILO TATTOO &#8211; NEGRO"},"content":{"rendered":"<p><strong>PRINTED HANDCUFFS WITH HANDLE &#8211; OLD SCHOOL TATTOO STYLE &#8211; BLACK<\/strong><\/p>\n<p>\u00bfBuscas unas esposas con asa para juegos intensos? No busque m\u00e1s. Las esposas de cuero ajustables con asa de Ouch! son c\u00f3modas pero incre\u00edblemente seguras con correas de cuero de calidad y una tela suave en el interior.<\/p>\n<p>Con las correas ajustables de los pu\u00f1os, cambiar el tama\u00f1o es muy sencillo y significa que se ajustan a la mayor\u00eda de las mu\u00f1ecas. El asa facilita sujetar a su compa\u00f1ero por detr\u00e1s.<\/p><\/p>\n","protected":false},"excerpt":{"rendered":"<p>PRINTED HANDCUFFS WITH HANDLE &#8211; OLD SCHOOL TATTOO STYLE &#8211; BLACK \u00bfBuscas unas esposas con asa para juegos intensos? No<\/p>\n","protected":false},"featured_media":24389,"comment_status":"open","ping_status":"open","template":"","meta":[],"product_cat":[508],"product_tag":[307,302],"class_list":["post-24388","product","type-product","status-publish","has-post-thumbnail","hentry","product_cat-cuero","product_tag-ouch","product_tag-shots"],"bundled_by":[],"bundle_stock_status":"outofstock","bundle_stock_quantity":0,"bundle_virtual":false,"bundle_layout":"","bundle_add_to_cart_form_location":"","bundle_editable_in_cart":false,"bundle_sold_individually_context":"","bundle_item_grouping":"","bundle_min_size":"","bundle_max_size":"","bundled_items":[],"yoast_head":"<!-- This site is optimized with the Yoast SEO plugin v20.6 - https:\/\/yoast.com\/wordpress\/plugins\/seo\/ -->\n<title>ESPOSAS CON ASAS ESTILO TATTOO - NEGRO - Tienda Er\u00f3tica<\/title>\n<meta name=\"robots\" content=\"noindex, follow, max-snippet:-1, max-image-preview:large, max-video-preview:-1\" \/>\n<meta property=\"og:locale\" content=\"es_ES\" \/>\n<meta property=\"og:type\" content=\"article\" \/>\n<meta property=\"og:title\" content=\"ESPOSAS CON ASAS ESTILO TATTOO - NEGRO - Tienda Er\u00f3tica\" \/>\n<meta property=\"og:description\" content=\"PRINTED HANDCUFFS WITH HANDLE &#8211; OLD SCHOOL TATTOO STYLE &#8211; BLACK \u00bfBuscas unas esposas con asa para juegos intensos? No\" \/>\n<meta property=\"og:url\" content=\"https:\/\/demoweb.info\/sexshop001\/producto\/esposas-con-asas-estilo-tattoo-negro\/\" \/>\n<meta property=\"og:site_name\" content=\"Tienda Er\u00f3tica\" \/>\n<meta property=\"article:modified_time\" content=\"2022-01-22T10:42:44+00:00\" \/>\n<meta property=\"og:image\" content=\"https:\/\/demoweb.info\/sexshop001\/wp-content\/uploads\/2022\/01\/ESPOSAS-CON-ASAS-ESTILO-TATTOO-NEGRO.jpg\" \/>\n\t<meta property=\"og:image:width\" content=\"550\" \/>\n\t<meta property=\"og:image:height\" content=\"550\" \/>\n\t<meta property=\"og:image:type\" content=\"image\/jpeg\" \/>\n<meta name=\"twitter:card\" content=\"summary_large_image\" \/>\n<script type=\"application\/ld+json\" class=\"yoast-schema-graph\">{\"@context\":\"https:\/\/schema.org\",\"@graph\":[{\"@type\":\"WebPage\",\"@id\":\"https:\/\/demoweb.info\/sexshop001\/producto\/esposas-con-asas-estilo-tattoo-negro\/\",\"url\":\"https:\/\/demoweb.info\/sexshop001\/producto\/esposas-con-asas-estilo-tattoo-negro\/\",\"name\":\"ESPOSAS CON ASAS ESTILO TATTOO - NEGRO - Tienda Er\u00f3tica\",\"isPartOf\":{\"@id\":\"https:\/\/demoweb.info\/sexshop001\/#website\"},\"datePublished\":\"2022-01-22T10:42:37+00:00\",\"dateModified\":\"2022-01-22T10:42:44+00:00\",\"breadcrumb\":{\"@id\":\"https:\/\/demoweb.info\/sexshop001\/producto\/esposas-con-asas-estilo-tattoo-negro\/#breadcrumb\"},\"inLanguage\":\"es\",\"potentialAction\":[{\"@type\":\"ReadAction\",\"target\":[\"https:\/\/demoweb.info\/sexshop001\/producto\/esposas-con-asas-estilo-tattoo-negro\/\"]}]},{\"@type\":\"BreadcrumbList\",\"@id\":\"https:\/\/demoweb.info\/sexshop001\/producto\/esposas-con-asas-estilo-tattoo-negro\/#breadcrumb\",\"itemListElement\":[{\"@type\":\"ListItem\",\"position\":1,\"name\":\"Portada\",\"item\":\"https:\/\/demoweb.info\/sexshop001\/\"},{\"@type\":\"ListItem\",\"position\":2,\"name\":\"Tienda\",\"item\":\"https:\/\/demoweb.info\/sexshop001\/tienda\/\"},{\"@type\":\"ListItem\",\"position\":3,\"name\":\"ESPOSAS CON ASAS ESTILO TATTOO &#8211; NEGRO\"}]},{\"@type\":\"WebSite\",\"@id\":\"https:\/\/demoweb.info\/sexshop001\/#website\",\"url\":\"https:\/\/demoweb.info\/sexshop001\/\",\"name\":\"Tienda Er\u00f3tica\",\"description\":\"DEMOWEB SL\",\"potentialAction\":[{\"@type\":\"SearchAction\",\"target\":{\"@type\":\"EntryPoint\",\"urlTemplate\":\"https:\/\/demoweb.info\/sexshop001\/?s={search_term_string}\"},\"query-input\":\"required name=search_term_string\"}],\"inLanguage\":\"es\"}]}<\/script>\n<!-- \/ Yoast SEO plugin. -->","yoast_head_json":{"title":"ESPOSAS CON ASAS ESTILO TATTOO - NEGRO - Tienda Er\u00f3tica","robots":{"index":"noindex","follow":"follow","max-snippet":"max-snippet:-1","max-image-preview":"max-image-preview:large","max-video-preview":"max-video-preview:-1"},"og_locale":"es_ES","og_type":"article","og_title":"ESPOSAS CON ASAS ESTILO TATTOO - NEGRO - Tienda Er\u00f3tica","og_description":"PRINTED HANDCUFFS WITH HANDLE &#8211; OLD SCHOOL TATTOO STYLE &#8211; BLACK \u00bfBuscas unas esposas con asa para juegos intensos? No","og_url":"https:\/\/demoweb.info\/sexshop001\/producto\/esposas-con-asas-estilo-tattoo-negro\/","og_site_name":"Tienda Er\u00f3tica","article_modified_time":"2022-01-22T10:42:44+00:00","og_image":[{"width":550,"height":550,"url":"https:\/\/demoweb.info\/sexshop001\/wp-content\/uploads\/2022\/01\/ESPOSAS-CON-ASAS-ESTILO-TATTOO-NEGRO.jpg","type":"image\/jpeg"}],"twitter_card":"summary_large_image","schema":{"@context":"https:\/\/schema.org","@graph":[{"@type":"WebPage","@id":"https:\/\/demoweb.info\/sexshop001\/producto\/esposas-con-asas-estilo-tattoo-negro\/","url":"https:\/\/demoweb.info\/sexshop001\/producto\/esposas-con-asas-estilo-tattoo-negro\/","name":"ESPOSAS CON ASAS ESTILO TATTOO - NEGRO - Tienda Er\u00f3tica","isPartOf":{"@id":"https:\/\/demoweb.info\/sexshop001\/#website"},"datePublished":"2022-01-22T10:42:37+00:00","dateModified":"2022-01-22T10:42:44+00:00","breadcrumb":{"@id":"https:\/\/demoweb.info\/sexshop001\/producto\/esposas-con-asas-estilo-tattoo-negro\/#breadcrumb"},"inLanguage":"es","potentialAction":[{"@type":"ReadAction","target":["https:\/\/demoweb.info\/sexshop001\/producto\/esposas-con-asas-estilo-tattoo-negro\/"]}]},{"@type":"BreadcrumbList","@id":"https:\/\/demoweb.info\/sexshop001\/producto\/esposas-con-asas-estilo-tattoo-negro\/#breadcrumb","itemListElement":[{"@type":"ListItem","position":1,"name":"Portada","item":"https:\/\/demoweb.info\/sexshop001\/"},{"@type":"ListItem","position":2,"name":"Tienda","item":"https:\/\/demoweb.info\/sexshop001\/tienda\/"},{"@type":"ListItem","position":3,"name":"ESPOSAS CON ASAS ESTILO TATTOO &#8211; NEGRO"}]},{"@type":"WebSite","@id":"https:\/\/demoweb.info\/sexshop001\/#website","url":"https:\/\/demoweb.info\/sexshop001\/","name":"Tienda Er\u00f3tica","description":"DEMOWEB SL","potentialAction":[{"@type":"SearchAction","target":{"@type":"EntryPoint","urlTemplate":"https:\/\/demoweb.info\/sexshop001\/?s={search_term_string}"},"query-input":"required name=search_term_string"}],"inLanguage":"es"}]}},"_links":{"self":[{"href":"https:\/\/demoweb.info\/sexshop001\/wp-json\/wp\/v3\/product\/24388","targetHints":{"allow":["GET"]}}],"collection":[{"href":"https:\/\/demoweb.info\/sexshop001\/wp-json\/wp\/v3\/product"}],"about":[{"href":"https:\/\/demoweb.info\/sexshop001\/wp-json\/wp\/v2\/types\/product"}],"replies":[{"embeddable":true,"href":"https:\/\/demoweb.info\/sexshop001\/wp-json\/wp\/v2\/comments?post=24388"}],"wp:featuredmedia":[{"embeddable":true,"href":"https:\/\/demoweb.info\/sexshop001\/wp-json\/wp\/v2\/media\/24389"}],"wp:attachment":[{"href":"https:\/\/demoweb.info\/sexshop001\/wp-json\/wp\/v2\/media?parent=24388"}],"wp:term":[{"taxonomy":"product_cat","embeddable":true,"href":"https:\/\/demoweb.info\/sexshop001\/wp-json\/wp\/v2\/product_cat?post=24388"},{"taxonomy":"product_tag","embeddable":true,"href":"https:\/\/demoweb.info\/sexshop001\/wp-json\/wp\/v2\/product_tag?post=24388"}],"curies":[{"name":"wp","href":"https:\/\/api.w.org\/{rel}","templated":true}]}}