{"id":24278,"date":"2022-01-22T11:41:02","date_gmt":"2022-01-22T10:41:02","guid":{"rendered":"https:\/\/demoweb.info\/sexshop001\/producto\/lelo-ina-2-vibrador-naranja\/"},"modified":"2022-01-22T11:41:33","modified_gmt":"2022-01-22T10:41:33","slug":"lelo-ina-2-vibrador-naranja","status":"publish","type":"product","link":"https:\/\/demoweb.info\/sexshop001\/producto\/lelo-ina-2-vibrador-naranja\/","title":{"rendered":"LELO INA 2 VIBRADOR NARANJA"},"content":{"rendered":"<p><strong>LELO INA 2 VIBRATOR ORANGE<\/strong><\/p>\n<p><strong>INA 2<\/strong> es el objeto de placer ideal para la mujer que lo quiere todo: un elegante y bello vibrador de doble acci\u00f3n que alcanza a la perfecci\u00f3n las zonas m\u00e1s er\u00f3genas.<\/p>\n<p>Con su exquisito dise\u00f1o, estudiado al m\u00ednimo detalle para mimar el cuerpo femenino, <strong>INA 2<\/strong> es capaz de ofrecer la m\u00e1xima intensidad con el m\u00ednimo alboroto. Y adem\u00e1s, guarda un secreto escondido entre sus ocho diferentes modos de estimulaci\u00f3n, una manera \u00fanica de dar placer que <strong>INA 2<\/strong> hace posible gracias a sus dos motores individuales localizados en cada punto de estimulaci\u00f3n: el \u2018Modo Circular\u2019, que permite aumentar la intensidad de vibraci\u00f3n en una zona er\u00f3gena mientras se limita en las dem\u00e1s.<\/p>\n<p>El placer se transfiere despu\u00e9s alternativamente de una zona a otra para provocar un movimiento sensual interno, un tormento de dicha esquiva que precede al instante de concederla en dosis inmensas y prolongadas, una y otra vez.<\/p>\n<p>Como ocurre con todos los objetos de placer <strong>LELO<\/strong>, <strong>INA 2<\/strong> est\u00e1 dise\u00f1ado para proporcionar un intenso gozo f\u00edsico y una absoluta paz espiritual en cualquier situaci\u00f3n y bajo cualquier circunstancia.<\/p>\n<p>Fabricado con pl\u00e1stico PC-ABS\/ silicona aprobados por la FDA y libres de ftalato, INA 2 proporciona 4 horas de vibraciones pr\u00e1cticamente silenciosas tras un tiempo de carga de apenas 2 horas.<\/p>\n<p>La velocidad y la intensidad se regulan f\u00e1cilmente mediante un intuitivo disco de control, y ambas funciones pueden bloquearse completamente para garantizar un discreto transporte del objeto en todo momento.<\/p>\n<p>Asimismo, <strong>INA 2<\/strong> se presenta en una elegante caja de regalo que contiene una lujosa bolsita de sat\u00e9n para guardarlo, adem\u00e1s de un cargador, el manual de usuario y la garant\u00eda completa <strong>LELO<\/strong> de 1 a\u00f1o.<\/p>\n<p>Ahora el nuevo <strong>INA 2<\/strong> incluye nuevas mejoras respecto a la versi\u00f3n anterior:<br \/>\n&#8211; Dispone de un cuerpo m\u00e1s largo para una doble y muy grata estimulaci\u00f3n, con una curvatura de forma \u00fanica para que el placer llegue a\u00fan m\u00e1s adentro.<br \/>\n&#8211; El doble de potencia en cada uno de sus 8 patrones de vibraci\u00f3n. Sus motores han sido mejorados para llevar tu placer al l\u00edmite.<br \/>\n&#8211; Ahora totalmente sumergible para un uso m\u00e1s vers\u00e1til. Para que lo puedas disfrutar en el ba\u00f1o o en la ducha y tambi\u00e9n limpiarlo con m\u00e1s facilidad.<br \/>\n&#8211; Recargable, silencioso y listo para viajar. Bloqueo total con discretas y placenteras vibraciones.<br \/>\n&#8211; Seguro para el cuerpo y muy c\u00f3modo. Fabricado con silicona FDA con revestimiento de extrema suavidad.<br \/>\n&#8211; Calidad y garant\u00eda sin rival. Dispone de 1 a\u00f1o de garant\u00eda <strong>Lelo<\/strong> para tu m\u00e1xima tranquilidad.<\/p>\n<p>Tama\u00f1o: 200 x 62 x 33 mm.<\/p>\n","protected":false},"excerpt":{"rendered":"<p>LELO INA 2 VIBRATOR ORANGE INA 2 es el objeto de placer ideal para la mujer que lo quiere todo:<\/p>\n","protected":false},"featured_media":24279,"comment_status":"open","ping_status":"open","template":"","meta":[],"product_cat":[502],"product_tag":[406],"class_list":["post-24278","product","type-product","status-publish","has-post-thumbnail","hentry","product_cat-luxury","product_tag-lelo"],"bundled_by":[],"bundle_stock_status":"instock","bundle_stock_quantity":1,"bundle_virtual":false,"bundle_layout":"","bundle_add_to_cart_form_location":"","bundle_editable_in_cart":false,"bundle_sold_individually_context":"","bundle_item_grouping":"","bundle_min_size":"","bundle_max_size":"","bundled_items":[],"yoast_head":"<!-- This site is optimized with the Yoast SEO plugin v20.6 - https:\/\/yoast.com\/wordpress\/plugins\/seo\/ -->\n<title>LELO INA 2 VIBRADOR NARANJA - Tienda Er\u00f3tica<\/title>\n<meta name=\"robots\" content=\"noindex, follow, max-snippet:-1, max-image-preview:large, max-video-preview:-1\" \/>\n<meta property=\"og:locale\" content=\"es_ES\" \/>\n<meta property=\"og:type\" content=\"article\" \/>\n<meta property=\"og:title\" content=\"LELO INA 2 VIBRADOR NARANJA - Tienda Er\u00f3tica\" \/>\n<meta property=\"og:description\" content=\"LELO INA 2 VIBRATOR ORANGE INA 2 es el objeto de placer ideal para la mujer que lo quiere todo:\" \/>\n<meta property=\"og:url\" content=\"https:\/\/demoweb.info\/sexshop001\/producto\/lelo-ina-2-vibrador-naranja\/\" \/>\n<meta property=\"og:site_name\" content=\"Tienda Er\u00f3tica\" \/>\n<meta property=\"article:modified_time\" content=\"2022-01-22T10:41:33+00:00\" \/>\n<meta property=\"og:image\" content=\"https:\/\/demoweb.info\/sexshop001\/wp-content\/uploads\/2022\/01\/LELO-INA-2-VIBRADOR-NARANJA.jpg\" \/>\n\t<meta property=\"og:image:width\" content=\"550\" \/>\n\t<meta property=\"og:image:height\" content=\"550\" \/>\n\t<meta property=\"og:image:type\" content=\"image\/jpeg\" \/>\n<meta name=\"twitter:card\" content=\"summary_large_image\" \/>\n<meta name=\"twitter:label1\" content=\"Tiempo de lectura\" \/>\n\t<meta name=\"twitter:data1\" content=\"2 minutos\" \/>\n<script type=\"application\/ld+json\" class=\"yoast-schema-graph\">{\"@context\":\"https:\/\/schema.org\",\"@graph\":[{\"@type\":\"WebPage\",\"@id\":\"https:\/\/demoweb.info\/sexshop001\/producto\/lelo-ina-2-vibrador-naranja\/\",\"url\":\"https:\/\/demoweb.info\/sexshop001\/producto\/lelo-ina-2-vibrador-naranja\/\",\"name\":\"LELO INA 2 VIBRADOR NARANJA - Tienda Er\u00f3tica\",\"isPartOf\":{\"@id\":\"https:\/\/demoweb.info\/sexshop001\/#website\"},\"datePublished\":\"2022-01-22T10:41:02+00:00\",\"dateModified\":\"2022-01-22T10:41:33+00:00\",\"breadcrumb\":{\"@id\":\"https:\/\/demoweb.info\/sexshop001\/producto\/lelo-ina-2-vibrador-naranja\/#breadcrumb\"},\"inLanguage\":\"es\",\"potentialAction\":[{\"@type\":\"ReadAction\",\"target\":[\"https:\/\/demoweb.info\/sexshop001\/producto\/lelo-ina-2-vibrador-naranja\/\"]}]},{\"@type\":\"BreadcrumbList\",\"@id\":\"https:\/\/demoweb.info\/sexshop001\/producto\/lelo-ina-2-vibrador-naranja\/#breadcrumb\",\"itemListElement\":[{\"@type\":\"ListItem\",\"position\":1,\"name\":\"Portada\",\"item\":\"https:\/\/demoweb.info\/sexshop001\/\"},{\"@type\":\"ListItem\",\"position\":2,\"name\":\"Tienda\",\"item\":\"https:\/\/demoweb.info\/sexshop001\/tienda\/\"},{\"@type\":\"ListItem\",\"position\":3,\"name\":\"LELO INA 2 VIBRADOR NARANJA\"}]},{\"@type\":\"WebSite\",\"@id\":\"https:\/\/demoweb.info\/sexshop001\/#website\",\"url\":\"https:\/\/demoweb.info\/sexshop001\/\",\"name\":\"Tienda Er\u00f3tica\",\"description\":\"DEMOWEB SL\",\"potentialAction\":[{\"@type\":\"SearchAction\",\"target\":{\"@type\":\"EntryPoint\",\"urlTemplate\":\"https:\/\/demoweb.info\/sexshop001\/?s={search_term_string}\"},\"query-input\":\"required name=search_term_string\"}],\"inLanguage\":\"es\"}]}<\/script>\n<!-- \/ Yoast SEO plugin. -->","yoast_head_json":{"title":"LELO INA 2 VIBRADOR NARANJA - Tienda Er\u00f3tica","robots":{"index":"noindex","follow":"follow","max-snippet":"max-snippet:-1","max-image-preview":"max-image-preview:large","max-video-preview":"max-video-preview:-1"},"og_locale":"es_ES","og_type":"article","og_title":"LELO INA 2 VIBRADOR NARANJA - Tienda Er\u00f3tica","og_description":"LELO INA 2 VIBRATOR ORANGE INA 2 es el objeto de placer ideal para la mujer que lo quiere todo:","og_url":"https:\/\/demoweb.info\/sexshop001\/producto\/lelo-ina-2-vibrador-naranja\/","og_site_name":"Tienda Er\u00f3tica","article_modified_time":"2022-01-22T10:41:33+00:00","og_image":[{"width":550,"height":550,"url":"https:\/\/demoweb.info\/sexshop001\/wp-content\/uploads\/2022\/01\/LELO-INA-2-VIBRADOR-NARANJA.jpg","type":"image\/jpeg"}],"twitter_card":"summary_large_image","twitter_misc":{"Tiempo de lectura":"2 minutos"},"schema":{"@context":"https:\/\/schema.org","@graph":[{"@type":"WebPage","@id":"https:\/\/demoweb.info\/sexshop001\/producto\/lelo-ina-2-vibrador-naranja\/","url":"https:\/\/demoweb.info\/sexshop001\/producto\/lelo-ina-2-vibrador-naranja\/","name":"LELO INA 2 VIBRADOR NARANJA - Tienda Er\u00f3tica","isPartOf":{"@id":"https:\/\/demoweb.info\/sexshop001\/#website"},"datePublished":"2022-01-22T10:41:02+00:00","dateModified":"2022-01-22T10:41:33+00:00","breadcrumb":{"@id":"https:\/\/demoweb.info\/sexshop001\/producto\/lelo-ina-2-vibrador-naranja\/#breadcrumb"},"inLanguage":"es","potentialAction":[{"@type":"ReadAction","target":["https:\/\/demoweb.info\/sexshop001\/producto\/lelo-ina-2-vibrador-naranja\/"]}]},{"@type":"BreadcrumbList","@id":"https:\/\/demoweb.info\/sexshop001\/producto\/lelo-ina-2-vibrador-naranja\/#breadcrumb","itemListElement":[{"@type":"ListItem","position":1,"name":"Portada","item":"https:\/\/demoweb.info\/sexshop001\/"},{"@type":"ListItem","position":2,"name":"Tienda","item":"https:\/\/demoweb.info\/sexshop001\/tienda\/"},{"@type":"ListItem","position":3,"name":"LELO INA 2 VIBRADOR NARANJA"}]},{"@type":"WebSite","@id":"https:\/\/demoweb.info\/sexshop001\/#website","url":"https:\/\/demoweb.info\/sexshop001\/","name":"Tienda Er\u00f3tica","description":"DEMOWEB SL","potentialAction":[{"@type":"SearchAction","target":{"@type":"EntryPoint","urlTemplate":"https:\/\/demoweb.info\/sexshop001\/?s={search_term_string}"},"query-input":"required name=search_term_string"}],"inLanguage":"es"}]}},"_links":{"self":[{"href":"https:\/\/demoweb.info\/sexshop001\/wp-json\/wp\/v3\/product\/24278","targetHints":{"allow":["GET"]}}],"collection":[{"href":"https:\/\/demoweb.info\/sexshop001\/wp-json\/wp\/v3\/product"}],"about":[{"href":"https:\/\/demoweb.info\/sexshop001\/wp-json\/wp\/v2\/types\/product"}],"replies":[{"embeddable":true,"href":"https:\/\/demoweb.info\/sexshop001\/wp-json\/wp\/v2\/comments?post=24278"}],"wp:featuredmedia":[{"embeddable":true,"href":"https:\/\/demoweb.info\/sexshop001\/wp-json\/wp\/v2\/media\/24279"}],"wp:attachment":[{"href":"https:\/\/demoweb.info\/sexshop001\/wp-json\/wp\/v2\/media?parent=24278"}],"wp:term":[{"taxonomy":"product_cat","embeddable":true,"href":"https:\/\/demoweb.info\/sexshop001\/wp-json\/wp\/v2\/product_cat?post=24278"},{"taxonomy":"product_tag","embeddable":true,"href":"https:\/\/demoweb.info\/sexshop001\/wp-json\/wp\/v2\/product_tag?post=24278"}],"curies":[{"name":"wp","href":"https:\/\/api.w.org\/{rel}","templated":true}]}}