{"id":24192,"date":"2022-01-22T11:40:09","date_gmt":"2022-01-22T10:40:09","guid":{"rendered":"https:\/\/demoweb.info\/sexshop001\/producto\/n0-90-plug-doble-con-bola-negro\/"},"modified":"2022-01-22T11:40:32","modified_gmt":"2022-01-22T10:40:32","slug":"n0-90-plug-doble-con-bola-negro","status":"publish","type":"product","link":"https:\/\/demoweb.info\/sexshop001\/producto\/n0-90-plug-doble-con-bola-negro\/","title":{"rendered":"N0. 90 &#8211; PLUG DOBLE CON BOLA &#8211; NEGRO"},"content":{"rendered":"<p><strong>N0. 90 &#8211; SELF PENETRATING BUTT PLUG &#8211; BLACK<\/strong><\/p>\n<p>\u00a1Dale sabor a tu d\u00eda con SONO plug and play!<\/p>\n<p>Hecho de silicona suave de grado m\u00e9dico, este plug anal viene con una sorpresa oculta. Una bola dentro del juguete se mover\u00e1 hacia arriba y hacia abajo con cada movimiento que hagas, \u00a1provocando estimulaciones y sensaciones en abundancia!<\/p>\n<p>El juguete tiene una cabeza redondeada m\u00e1s un bulto adicional en el medio para una doble estimulaci\u00f3n. Mide 10,4 cm (4,1 ) de alto y tiene un ancho m\u00e1ximo de 5,3 cm (2,1).<\/p>\n<p>Viene con una base de asa ancha para una f\u00e1cil inserci\u00f3n y retracci\u00f3n<\/p>\n","protected":false},"excerpt":{"rendered":"<p>N0. 90 &#8211; SELF PENETRATING BUTT PLUG &#8211; BLACK \u00a1Dale sabor a tu d\u00eda con SONO plug and play! Hecho<\/p>\n","protected":false},"featured_media":24193,"comment_status":"open","ping_status":"open","template":"","meta":[],"product_cat":[279],"product_tag":[302,312],"class_list":["post-24192","product","type-product","status-publish","has-post-thumbnail","hentry","product_cat-plugs","product_tag-shots","product_tag-sono"],"bundled_by":[],"bundle_stock_status":"instock","bundle_stock_quantity":2,"bundle_virtual":false,"bundle_layout":"","bundle_add_to_cart_form_location":"","bundle_editable_in_cart":false,"bundle_sold_individually_context":"","bundle_item_grouping":"","bundle_min_size":"","bundle_max_size":"","bundled_items":[],"yoast_head":"<!-- This site is optimized with the Yoast SEO plugin v20.6 - https:\/\/yoast.com\/wordpress\/plugins\/seo\/ -->\n<title>N0. 90 - PLUG DOBLE CON BOLA - NEGRO - Tienda Er\u00f3tica<\/title>\n<meta name=\"robots\" content=\"noindex, follow, max-snippet:-1, max-image-preview:large, max-video-preview:-1\" \/>\n<meta property=\"og:locale\" content=\"es_ES\" \/>\n<meta property=\"og:type\" content=\"article\" \/>\n<meta property=\"og:title\" content=\"N0. 90 - PLUG DOBLE CON BOLA - NEGRO - Tienda Er\u00f3tica\" \/>\n<meta property=\"og:description\" content=\"N0. 90 &#8211; SELF PENETRATING BUTT PLUG &#8211; BLACK \u00a1Dale sabor a tu d\u00eda con SONO plug and play! Hecho\" \/>\n<meta property=\"og:url\" content=\"https:\/\/demoweb.info\/sexshop001\/producto\/n0-90-plug-doble-con-bola-negro\/\" \/>\n<meta property=\"og:site_name\" content=\"Tienda Er\u00f3tica\" \/>\n<meta property=\"article:modified_time\" content=\"2022-01-22T10:40:32+00:00\" \/>\n<meta property=\"og:image\" content=\"https:\/\/demoweb.info\/sexshop001\/wp-content\/uploads\/2022\/01\/N0.-90-PLUG-DOBLE-CON-BOLA-NEGRO.jpg\" \/>\n\t<meta property=\"og:image:width\" content=\"550\" \/>\n\t<meta property=\"og:image:height\" content=\"550\" \/>\n\t<meta property=\"og:image:type\" content=\"image\/jpeg\" \/>\n<meta name=\"twitter:card\" content=\"summary_large_image\" \/>\n<meta name=\"twitter:label1\" content=\"Tiempo de lectura\" \/>\n\t<meta name=\"twitter:data1\" content=\"1 minuto\" \/>\n<script type=\"application\/ld+json\" class=\"yoast-schema-graph\">{\"@context\":\"https:\/\/schema.org\",\"@graph\":[{\"@type\":\"WebPage\",\"@id\":\"https:\/\/demoweb.info\/sexshop001\/producto\/n0-90-plug-doble-con-bola-negro\/\",\"url\":\"https:\/\/demoweb.info\/sexshop001\/producto\/n0-90-plug-doble-con-bola-negro\/\",\"name\":\"N0. 90 - PLUG DOBLE CON BOLA - NEGRO - Tienda Er\u00f3tica\",\"isPartOf\":{\"@id\":\"https:\/\/demoweb.info\/sexshop001\/#website\"},\"datePublished\":\"2022-01-22T10:40:09+00:00\",\"dateModified\":\"2022-01-22T10:40:32+00:00\",\"breadcrumb\":{\"@id\":\"https:\/\/demoweb.info\/sexshop001\/producto\/n0-90-plug-doble-con-bola-negro\/#breadcrumb\"},\"inLanguage\":\"es\",\"potentialAction\":[{\"@type\":\"ReadAction\",\"target\":[\"https:\/\/demoweb.info\/sexshop001\/producto\/n0-90-plug-doble-con-bola-negro\/\"]}]},{\"@type\":\"BreadcrumbList\",\"@id\":\"https:\/\/demoweb.info\/sexshop001\/producto\/n0-90-plug-doble-con-bola-negro\/#breadcrumb\",\"itemListElement\":[{\"@type\":\"ListItem\",\"position\":1,\"name\":\"Portada\",\"item\":\"https:\/\/demoweb.info\/sexshop001\/\"},{\"@type\":\"ListItem\",\"position\":2,\"name\":\"Tienda\",\"item\":\"https:\/\/demoweb.info\/sexshop001\/tienda\/\"},{\"@type\":\"ListItem\",\"position\":3,\"name\":\"N0. 90 &#8211; PLUG DOBLE CON BOLA &#8211; NEGRO\"}]},{\"@type\":\"WebSite\",\"@id\":\"https:\/\/demoweb.info\/sexshop001\/#website\",\"url\":\"https:\/\/demoweb.info\/sexshop001\/\",\"name\":\"Tienda Er\u00f3tica\",\"description\":\"DEMOWEB SL\",\"potentialAction\":[{\"@type\":\"SearchAction\",\"target\":{\"@type\":\"EntryPoint\",\"urlTemplate\":\"https:\/\/demoweb.info\/sexshop001\/?s={search_term_string}\"},\"query-input\":\"required name=search_term_string\"}],\"inLanguage\":\"es\"}]}<\/script>\n<!-- \/ Yoast SEO plugin. -->","yoast_head_json":{"title":"N0. 90 - PLUG DOBLE CON BOLA - NEGRO - Tienda Er\u00f3tica","robots":{"index":"noindex","follow":"follow","max-snippet":"max-snippet:-1","max-image-preview":"max-image-preview:large","max-video-preview":"max-video-preview:-1"},"og_locale":"es_ES","og_type":"article","og_title":"N0. 90 - PLUG DOBLE CON BOLA - NEGRO - Tienda Er\u00f3tica","og_description":"N0. 90 &#8211; SELF PENETRATING BUTT PLUG &#8211; BLACK \u00a1Dale sabor a tu d\u00eda con SONO plug and play! Hecho","og_url":"https:\/\/demoweb.info\/sexshop001\/producto\/n0-90-plug-doble-con-bola-negro\/","og_site_name":"Tienda Er\u00f3tica","article_modified_time":"2022-01-22T10:40:32+00:00","og_image":[{"width":550,"height":550,"url":"https:\/\/demoweb.info\/sexshop001\/wp-content\/uploads\/2022\/01\/N0.-90-PLUG-DOBLE-CON-BOLA-NEGRO.jpg","type":"image\/jpeg"}],"twitter_card":"summary_large_image","twitter_misc":{"Tiempo de lectura":"1 minuto"},"schema":{"@context":"https:\/\/schema.org","@graph":[{"@type":"WebPage","@id":"https:\/\/demoweb.info\/sexshop001\/producto\/n0-90-plug-doble-con-bola-negro\/","url":"https:\/\/demoweb.info\/sexshop001\/producto\/n0-90-plug-doble-con-bola-negro\/","name":"N0. 90 - PLUG DOBLE CON BOLA - NEGRO - Tienda Er\u00f3tica","isPartOf":{"@id":"https:\/\/demoweb.info\/sexshop001\/#website"},"datePublished":"2022-01-22T10:40:09+00:00","dateModified":"2022-01-22T10:40:32+00:00","breadcrumb":{"@id":"https:\/\/demoweb.info\/sexshop001\/producto\/n0-90-plug-doble-con-bola-negro\/#breadcrumb"},"inLanguage":"es","potentialAction":[{"@type":"ReadAction","target":["https:\/\/demoweb.info\/sexshop001\/producto\/n0-90-plug-doble-con-bola-negro\/"]}]},{"@type":"BreadcrumbList","@id":"https:\/\/demoweb.info\/sexshop001\/producto\/n0-90-plug-doble-con-bola-negro\/#breadcrumb","itemListElement":[{"@type":"ListItem","position":1,"name":"Portada","item":"https:\/\/demoweb.info\/sexshop001\/"},{"@type":"ListItem","position":2,"name":"Tienda","item":"https:\/\/demoweb.info\/sexshop001\/tienda\/"},{"@type":"ListItem","position":3,"name":"N0. 90 &#8211; PLUG DOBLE CON BOLA &#8211; NEGRO"}]},{"@type":"WebSite","@id":"https:\/\/demoweb.info\/sexshop001\/#website","url":"https:\/\/demoweb.info\/sexshop001\/","name":"Tienda Er\u00f3tica","description":"DEMOWEB SL","potentialAction":[{"@type":"SearchAction","target":{"@type":"EntryPoint","urlTemplate":"https:\/\/demoweb.info\/sexshop001\/?s={search_term_string}"},"query-input":"required name=search_term_string"}],"inLanguage":"es"}]}},"_links":{"self":[{"href":"https:\/\/demoweb.info\/sexshop001\/wp-json\/wp\/v3\/product\/24192","targetHints":{"allow":["GET"]}}],"collection":[{"href":"https:\/\/demoweb.info\/sexshop001\/wp-json\/wp\/v3\/product"}],"about":[{"href":"https:\/\/demoweb.info\/sexshop001\/wp-json\/wp\/v2\/types\/product"}],"replies":[{"embeddable":true,"href":"https:\/\/demoweb.info\/sexshop001\/wp-json\/wp\/v2\/comments?post=24192"}],"wp:featuredmedia":[{"embeddable":true,"href":"https:\/\/demoweb.info\/sexshop001\/wp-json\/wp\/v2\/media\/24193"}],"wp:attachment":[{"href":"https:\/\/demoweb.info\/sexshop001\/wp-json\/wp\/v2\/media?parent=24192"}],"wp:term":[{"taxonomy":"product_cat","embeddable":true,"href":"https:\/\/demoweb.info\/sexshop001\/wp-json\/wp\/v2\/product_cat?post=24192"},{"taxonomy":"product_tag","embeddable":true,"href":"https:\/\/demoweb.info\/sexshop001\/wp-json\/wp\/v2\/product_tag?post=24192"}],"curies":[{"name":"wp","href":"https:\/\/api.w.org\/{rel}","templated":true}]}}