{"id":24182,"date":"2022-01-22T11:40:09","date_gmt":"2022-01-22T10:40:09","guid":{"rendered":"https:\/\/demoweb.info\/sexshop001\/producto\/n0-88-anillo-vibrador-recargable-negro\/"},"modified":"2022-01-22T11:40:27","modified_gmt":"2022-01-22T10:40:27","slug":"n0-88-anillo-vibrador-recargable-negro","status":"publish","type":"product","link":"https:\/\/demoweb.info\/sexshop001\/producto\/n0-88-anillo-vibrador-recargable-negro\/","title":{"rendered":"N0. 88 &#8211; ANILLO VIBRADOR RECARGABLE &#8211; NEGRO"},"content":{"rendered":"<p><strong>N0. 88 &#8211; VIBRATING RECHARGEABLE COCK RING &#8211; BLACK<\/strong><\/p>\n<p>Con dos motores F1 acelerando hasta 12000 RPM y con 10 modos de velocidad diferentes.<\/p>\n<p>El anillo exterior vibrante se desliza sobre el escroto y se asienta cerca del perineo dando emociones estimulantes. El anillo interior mantiene el juguete en su lugar. La punta vibrante del anillo del pene, as\u00ed como el anillo exterior, tienen nervaduras para una estimulaci\u00f3n adicional del cl\u00edtoris y el escroto.<\/p>\n<p>Hecho de silicona suave como la seda, de alta calidad y ABS, este juguete resistente al agua (IPX7) y sin ftalatos se puede cargar completamente en 2 horas, lo que brinda 50 minutos de placer desenfrenado.<\/p>\n<p>El anillo de pene flexible SONO mide 15,3 cm (6 ) de alto y tiene un di\u00e1metro interior de 3 cm (1,2).<\/p><\/p>\n","protected":false},"excerpt":{"rendered":"<p>N0. 88 &#8211; VIBRATING RECHARGEABLE COCK RING &#8211; BLACK Con dos motores F1 acelerando hasta 12000 RPM y con 10<\/p>\n","protected":false},"featured_media":24183,"comment_status":"open","ping_status":"open","template":"","meta":[],"product_cat":[438],"product_tag":[302,312],"class_list":["post-24182","product","type-product","status-publish","has-post-thumbnail","hentry","product_cat-con-vibrador-anillos","product_tag-shots","product_tag-sono"],"bundled_by":[],"bundle_stock_status":"instock","bundle_stock_quantity":1,"bundle_virtual":false,"bundle_layout":"","bundle_add_to_cart_form_location":"","bundle_editable_in_cart":false,"bundle_sold_individually_context":"","bundle_item_grouping":"","bundle_min_size":"","bundle_max_size":"","bundled_items":[],"yoast_head":"<!-- This site is optimized with the Yoast SEO plugin v20.6 - https:\/\/yoast.com\/wordpress\/plugins\/seo\/ -->\n<title>N0. 88 - ANILLO VIBRADOR RECARGABLE - NEGRO - Tienda Er\u00f3tica<\/title>\n<meta name=\"robots\" content=\"noindex, follow, max-snippet:-1, max-image-preview:large, max-video-preview:-1\" \/>\n<meta property=\"og:locale\" content=\"es_ES\" \/>\n<meta property=\"og:type\" content=\"article\" \/>\n<meta property=\"og:title\" content=\"N0. 88 - ANILLO VIBRADOR RECARGABLE - NEGRO - Tienda Er\u00f3tica\" \/>\n<meta property=\"og:description\" content=\"N0. 88 &#8211; VIBRATING RECHARGEABLE COCK RING &#8211; BLACK Con dos motores F1 acelerando hasta 12000 RPM y con 10\" \/>\n<meta property=\"og:url\" content=\"https:\/\/demoweb.info\/sexshop001\/producto\/n0-88-anillo-vibrador-recargable-negro\/\" \/>\n<meta property=\"og:site_name\" content=\"Tienda Er\u00f3tica\" \/>\n<meta property=\"article:modified_time\" content=\"2022-01-22T10:40:27+00:00\" \/>\n<meta property=\"og:image\" content=\"https:\/\/demoweb.info\/sexshop001\/wp-content\/uploads\/2022\/01\/N0.-88-ANILLO-VIBRADOR-RECARGABLE-NEGRO.jpg\" \/>\n\t<meta property=\"og:image:width\" content=\"550\" \/>\n\t<meta property=\"og:image:height\" content=\"550\" \/>\n\t<meta property=\"og:image:type\" content=\"image\/jpeg\" \/>\n<meta name=\"twitter:card\" content=\"summary_large_image\" \/>\n<meta name=\"twitter:label1\" content=\"Tiempo de lectura\" \/>\n\t<meta name=\"twitter:data1\" content=\"1 minuto\" \/>\n<script type=\"application\/ld+json\" class=\"yoast-schema-graph\">{\"@context\":\"https:\/\/schema.org\",\"@graph\":[{\"@type\":\"WebPage\",\"@id\":\"https:\/\/demoweb.info\/sexshop001\/producto\/n0-88-anillo-vibrador-recargable-negro\/\",\"url\":\"https:\/\/demoweb.info\/sexshop001\/producto\/n0-88-anillo-vibrador-recargable-negro\/\",\"name\":\"N0. 88 - ANILLO VIBRADOR RECARGABLE - NEGRO - Tienda Er\u00f3tica\",\"isPartOf\":{\"@id\":\"https:\/\/demoweb.info\/sexshop001\/#website\"},\"datePublished\":\"2022-01-22T10:40:09+00:00\",\"dateModified\":\"2022-01-22T10:40:27+00:00\",\"breadcrumb\":{\"@id\":\"https:\/\/demoweb.info\/sexshop001\/producto\/n0-88-anillo-vibrador-recargable-negro\/#breadcrumb\"},\"inLanguage\":\"es\",\"potentialAction\":[{\"@type\":\"ReadAction\",\"target\":[\"https:\/\/demoweb.info\/sexshop001\/producto\/n0-88-anillo-vibrador-recargable-negro\/\"]}]},{\"@type\":\"BreadcrumbList\",\"@id\":\"https:\/\/demoweb.info\/sexshop001\/producto\/n0-88-anillo-vibrador-recargable-negro\/#breadcrumb\",\"itemListElement\":[{\"@type\":\"ListItem\",\"position\":1,\"name\":\"Portada\",\"item\":\"https:\/\/demoweb.info\/sexshop001\/\"},{\"@type\":\"ListItem\",\"position\":2,\"name\":\"Tienda\",\"item\":\"https:\/\/demoweb.info\/sexshop001\/tienda\/\"},{\"@type\":\"ListItem\",\"position\":3,\"name\":\"N0. 88 &#8211; ANILLO VIBRADOR RECARGABLE &#8211; NEGRO\"}]},{\"@type\":\"WebSite\",\"@id\":\"https:\/\/demoweb.info\/sexshop001\/#website\",\"url\":\"https:\/\/demoweb.info\/sexshop001\/\",\"name\":\"Tienda Er\u00f3tica\",\"description\":\"DEMOWEB SL\",\"potentialAction\":[{\"@type\":\"SearchAction\",\"target\":{\"@type\":\"EntryPoint\",\"urlTemplate\":\"https:\/\/demoweb.info\/sexshop001\/?s={search_term_string}\"},\"query-input\":\"required name=search_term_string\"}],\"inLanguage\":\"es\"}]}<\/script>\n<!-- \/ Yoast SEO plugin. -->","yoast_head_json":{"title":"N0. 88 - ANILLO VIBRADOR RECARGABLE - NEGRO - Tienda Er\u00f3tica","robots":{"index":"noindex","follow":"follow","max-snippet":"max-snippet:-1","max-image-preview":"max-image-preview:large","max-video-preview":"max-video-preview:-1"},"og_locale":"es_ES","og_type":"article","og_title":"N0. 88 - ANILLO VIBRADOR RECARGABLE - NEGRO - Tienda Er\u00f3tica","og_description":"N0. 88 &#8211; VIBRATING RECHARGEABLE COCK RING &#8211; BLACK Con dos motores F1 acelerando hasta 12000 RPM y con 10","og_url":"https:\/\/demoweb.info\/sexshop001\/producto\/n0-88-anillo-vibrador-recargable-negro\/","og_site_name":"Tienda Er\u00f3tica","article_modified_time":"2022-01-22T10:40:27+00:00","og_image":[{"width":550,"height":550,"url":"https:\/\/demoweb.info\/sexshop001\/wp-content\/uploads\/2022\/01\/N0.-88-ANILLO-VIBRADOR-RECARGABLE-NEGRO.jpg","type":"image\/jpeg"}],"twitter_card":"summary_large_image","twitter_misc":{"Tiempo de lectura":"1 minuto"},"schema":{"@context":"https:\/\/schema.org","@graph":[{"@type":"WebPage","@id":"https:\/\/demoweb.info\/sexshop001\/producto\/n0-88-anillo-vibrador-recargable-negro\/","url":"https:\/\/demoweb.info\/sexshop001\/producto\/n0-88-anillo-vibrador-recargable-negro\/","name":"N0. 88 - ANILLO VIBRADOR RECARGABLE - NEGRO - Tienda Er\u00f3tica","isPartOf":{"@id":"https:\/\/demoweb.info\/sexshop001\/#website"},"datePublished":"2022-01-22T10:40:09+00:00","dateModified":"2022-01-22T10:40:27+00:00","breadcrumb":{"@id":"https:\/\/demoweb.info\/sexshop001\/producto\/n0-88-anillo-vibrador-recargable-negro\/#breadcrumb"},"inLanguage":"es","potentialAction":[{"@type":"ReadAction","target":["https:\/\/demoweb.info\/sexshop001\/producto\/n0-88-anillo-vibrador-recargable-negro\/"]}]},{"@type":"BreadcrumbList","@id":"https:\/\/demoweb.info\/sexshop001\/producto\/n0-88-anillo-vibrador-recargable-negro\/#breadcrumb","itemListElement":[{"@type":"ListItem","position":1,"name":"Portada","item":"https:\/\/demoweb.info\/sexshop001\/"},{"@type":"ListItem","position":2,"name":"Tienda","item":"https:\/\/demoweb.info\/sexshop001\/tienda\/"},{"@type":"ListItem","position":3,"name":"N0. 88 &#8211; ANILLO VIBRADOR RECARGABLE &#8211; NEGRO"}]},{"@type":"WebSite","@id":"https:\/\/demoweb.info\/sexshop001\/#website","url":"https:\/\/demoweb.info\/sexshop001\/","name":"Tienda Er\u00f3tica","description":"DEMOWEB SL","potentialAction":[{"@type":"SearchAction","target":{"@type":"EntryPoint","urlTemplate":"https:\/\/demoweb.info\/sexshop001\/?s={search_term_string}"},"query-input":"required name=search_term_string"}],"inLanguage":"es"}]}},"_links":{"self":[{"href":"https:\/\/demoweb.info\/sexshop001\/wp-json\/wp\/v3\/product\/24182","targetHints":{"allow":["GET"]}}],"collection":[{"href":"https:\/\/demoweb.info\/sexshop001\/wp-json\/wp\/v3\/product"}],"about":[{"href":"https:\/\/demoweb.info\/sexshop001\/wp-json\/wp\/v2\/types\/product"}],"replies":[{"embeddable":true,"href":"https:\/\/demoweb.info\/sexshop001\/wp-json\/wp\/v2\/comments?post=24182"}],"wp:featuredmedia":[{"embeddable":true,"href":"https:\/\/demoweb.info\/sexshop001\/wp-json\/wp\/v2\/media\/24183"}],"wp:attachment":[{"href":"https:\/\/demoweb.info\/sexshop001\/wp-json\/wp\/v2\/media?parent=24182"}],"wp:term":[{"taxonomy":"product_cat","embeddable":true,"href":"https:\/\/demoweb.info\/sexshop001\/wp-json\/wp\/v2\/product_cat?post=24182"},{"taxonomy":"product_tag","embeddable":true,"href":"https:\/\/demoweb.info\/sexshop001\/wp-json\/wp\/v2\/product_tag?post=24182"}],"curies":[{"name":"wp","href":"https:\/\/api.w.org\/{rel}","templated":true}]}}