{"id":24168,"date":"2022-01-22T11:40:09","date_gmt":"2022-01-22T10:40:09","guid":{"rendered":"https:\/\/demoweb.info\/sexshop001\/producto\/anillo-vibrador-c-spot-massager-negro\/"},"modified":"2022-01-22T11:40:19","modified_gmt":"2022-01-22T10:40:19","slug":"anillo-vibrador-c-spot-massager-negro","status":"publish","type":"product","link":"https:\/\/demoweb.info\/sexshop001\/producto\/anillo-vibrador-c-spot-massager-negro\/","title":{"rendered":"ANILLO VIBRADOR &#8211; C-SPOT MASSAGER &#8211; NEGRO"},"content":{"rendered":"<p><strong>COCK RING &#8211; C-SPOT MASSAGER &#8211; BLACK<\/strong><\/p>\n<p>Ponle emoci\u00f3n a tus juegos sexuales con esta nueva l\u00ednea de juguetes ELECTROSHOCK!<\/p>\n<p>Usando las corrientes el\u00e9ctricas para estimular las terminaciones nerviosas de las zonas er\u00f3genas, este aro para el pene vibratorio llevar\u00e1 los orgasmos de ambos a un nivel completamente nuevo.<\/p>\n<p>Enfoc\u00e1ndose en las \u00e1reas m\u00e1s \u00edntimas, y sumando electricidad, estimulaci\u00f3n er\u00f3tica el\u00e9ctrica espec\u00edfica, este juguete sexual altamente tecnol\u00f3gico llevar\u00e1 ondas de choque a tu habitaci\u00f3n, \u00a1agregando placer entre tus s\u00e1banas!<\/p>\n<p>Este aro para el pene con choque el\u00e9ctrico viene con dos configuraciones independientes, vibraci\u00f3n y electricidad, que tambi\u00e9n puede usarse simult\u00e1neamente. Las vibraciones tienen 7 diferentes formas de pulsaciones y llega hasta 8500 rpm y menos de 60 dB. El modo de electricidad tiene 2 niveles de intensidad, baja y alta. En el modo el\u00e9ctrico, el cl\u00edtoris se estimular\u00e1 cuando las dos tiras met\u00e1licas tocan la piel. La pesta\u00f1a puntual, en la base, del aro tambi\u00e9n estimula el peritoneo.<br \/>\nEl aro est\u00e1 elaborado de silicona y ABS libre de aftalato. El di\u00e1metro interior de este aro para el pene tiene 3 cm (1,19), pero la alta flexibilidad te asegurar\u00e1 que pueda adaptarse a casi cualquier medida.<\/p>\n<p>\u00a1El cable USB incluido carga el juguete en unos 60 minutos y te da 90 minutos de total placer!<\/p>\n<p>Te recomendamos que uses el ELECTROSHOCK con precauci\u00f3n. \u00a1Por favor, aseg\u00farate de practicar sexo el\u00e9ctrico solo por debajo de la cintura! \u00a1NO uses estos juguetes cerca ni en contacto con el agua!<\/p>\n<ul>\n<li>Dimensiones del producto    8 x 4,8 x 4,2 cm<\/li>\n<li>Peso del producto    47gram<\/li>\n<li>Di\u00e1metro interno    3 cm<\/li>\n<li>Cantidad de motores    1<\/li>\n<li>Rotaciones    8500 RPM<\/li>\n<li>Tipos de velocidad    7<\/li>\n<li>Nivel de ruido    60 dB<\/li>\n<li>Recargable    S\u00ed<\/li>\n<li>Tiempo de recarga    60 min<\/li>\n<li>Vida de la recarga de las bater\u00edas    90 min<\/li>\n<li>Libre de ftalato    S\u00ed<\/li>\n<li>Materiales    ABS, Silicone<\/li>\n<\/ul>\n","protected":false},"excerpt":{"rendered":"<p>COCK RING &#8211; C-SPOT MASSAGER &#8211; BLACK Ponle emoci\u00f3n a tus juegos sexuales con esta nueva l\u00ednea de juguetes ELECTROSHOCK!<\/p>\n","protected":false},"featured_media":24169,"comment_status":"open","ping_status":"open","template":"","meta":[],"product_cat":[492],"product_tag":[303,302],"class_list":["post-24168","product","type-product","status-publish","has-post-thumbnail","hentry","product_cat-electroestimulacion","product_tag-electroshock","product_tag-shots"],"bundled_by":[],"bundle_stock_status":"instock","bundle_stock_quantity":1,"bundle_virtual":false,"bundle_layout":"","bundle_add_to_cart_form_location":"","bundle_editable_in_cart":false,"bundle_sold_individually_context":"","bundle_item_grouping":"","bundle_min_size":"","bundle_max_size":"","bundled_items":[],"yoast_head":"<!-- This site is optimized with the Yoast SEO plugin v20.6 - https:\/\/yoast.com\/wordpress\/plugins\/seo\/ -->\n<title>ANILLO VIBRADOR - C-SPOT MASSAGER - NEGRO - Tienda Er\u00f3tica<\/title>\n<meta name=\"robots\" content=\"noindex, follow, max-snippet:-1, max-image-preview:large, max-video-preview:-1\" \/>\n<meta property=\"og:locale\" content=\"es_ES\" \/>\n<meta property=\"og:type\" content=\"article\" \/>\n<meta property=\"og:title\" content=\"ANILLO VIBRADOR - C-SPOT MASSAGER - NEGRO - Tienda Er\u00f3tica\" \/>\n<meta property=\"og:description\" content=\"COCK RING &#8211; C-SPOT MASSAGER &#8211; BLACK Ponle emoci\u00f3n a tus juegos sexuales con esta nueva l\u00ednea de juguetes ELECTROSHOCK!\" \/>\n<meta property=\"og:url\" content=\"https:\/\/demoweb.info\/sexshop001\/producto\/anillo-vibrador-c-spot-massager-negro\/\" \/>\n<meta property=\"og:site_name\" content=\"Tienda Er\u00f3tica\" \/>\n<meta property=\"article:modified_time\" content=\"2022-01-22T10:40:19+00:00\" \/>\n<meta property=\"og:image\" content=\"https:\/\/demoweb.info\/sexshop001\/wp-content\/uploads\/2022\/01\/ANILLO-VIBRADOR-C-SPOT-MASSAGER-NEGRO.jpg\" \/>\n\t<meta property=\"og:image:width\" content=\"550\" \/>\n\t<meta property=\"og:image:height\" content=\"550\" \/>\n\t<meta property=\"og:image:type\" content=\"image\/jpeg\" \/>\n<meta name=\"twitter:card\" content=\"summary_large_image\" \/>\n<meta name=\"twitter:label1\" content=\"Tiempo de lectura\" \/>\n\t<meta name=\"twitter:data1\" content=\"2 minutos\" \/>\n<script type=\"application\/ld+json\" class=\"yoast-schema-graph\">{\"@context\":\"https:\/\/schema.org\",\"@graph\":[{\"@type\":\"WebPage\",\"@id\":\"https:\/\/demoweb.info\/sexshop001\/producto\/anillo-vibrador-c-spot-massager-negro\/\",\"url\":\"https:\/\/demoweb.info\/sexshop001\/producto\/anillo-vibrador-c-spot-massager-negro\/\",\"name\":\"ANILLO VIBRADOR - C-SPOT MASSAGER - NEGRO - Tienda Er\u00f3tica\",\"isPartOf\":{\"@id\":\"https:\/\/demoweb.info\/sexshop001\/#website\"},\"datePublished\":\"2022-01-22T10:40:09+00:00\",\"dateModified\":\"2022-01-22T10:40:19+00:00\",\"breadcrumb\":{\"@id\":\"https:\/\/demoweb.info\/sexshop001\/producto\/anillo-vibrador-c-spot-massager-negro\/#breadcrumb\"},\"inLanguage\":\"es\",\"potentialAction\":[{\"@type\":\"ReadAction\",\"target\":[\"https:\/\/demoweb.info\/sexshop001\/producto\/anillo-vibrador-c-spot-massager-negro\/\"]}]},{\"@type\":\"BreadcrumbList\",\"@id\":\"https:\/\/demoweb.info\/sexshop001\/producto\/anillo-vibrador-c-spot-massager-negro\/#breadcrumb\",\"itemListElement\":[{\"@type\":\"ListItem\",\"position\":1,\"name\":\"Portada\",\"item\":\"https:\/\/demoweb.info\/sexshop001\/\"},{\"@type\":\"ListItem\",\"position\":2,\"name\":\"Tienda\",\"item\":\"https:\/\/demoweb.info\/sexshop001\/tienda\/\"},{\"@type\":\"ListItem\",\"position\":3,\"name\":\"ANILLO VIBRADOR &#8211; C-SPOT MASSAGER &#8211; NEGRO\"}]},{\"@type\":\"WebSite\",\"@id\":\"https:\/\/demoweb.info\/sexshop001\/#website\",\"url\":\"https:\/\/demoweb.info\/sexshop001\/\",\"name\":\"Tienda Er\u00f3tica\",\"description\":\"DEMOWEB SL\",\"potentialAction\":[{\"@type\":\"SearchAction\",\"target\":{\"@type\":\"EntryPoint\",\"urlTemplate\":\"https:\/\/demoweb.info\/sexshop001\/?s={search_term_string}\"},\"query-input\":\"required name=search_term_string\"}],\"inLanguage\":\"es\"}]}<\/script>\n<!-- \/ Yoast SEO plugin. -->","yoast_head_json":{"title":"ANILLO VIBRADOR - C-SPOT MASSAGER - NEGRO - Tienda Er\u00f3tica","robots":{"index":"noindex","follow":"follow","max-snippet":"max-snippet:-1","max-image-preview":"max-image-preview:large","max-video-preview":"max-video-preview:-1"},"og_locale":"es_ES","og_type":"article","og_title":"ANILLO VIBRADOR - C-SPOT MASSAGER - NEGRO - Tienda Er\u00f3tica","og_description":"COCK RING &#8211; C-SPOT MASSAGER &#8211; BLACK Ponle emoci\u00f3n a tus juegos sexuales con esta nueva l\u00ednea de juguetes ELECTROSHOCK!","og_url":"https:\/\/demoweb.info\/sexshop001\/producto\/anillo-vibrador-c-spot-massager-negro\/","og_site_name":"Tienda Er\u00f3tica","article_modified_time":"2022-01-22T10:40:19+00:00","og_image":[{"width":550,"height":550,"url":"https:\/\/demoweb.info\/sexshop001\/wp-content\/uploads\/2022\/01\/ANILLO-VIBRADOR-C-SPOT-MASSAGER-NEGRO.jpg","type":"image\/jpeg"}],"twitter_card":"summary_large_image","twitter_misc":{"Tiempo de lectura":"2 minutos"},"schema":{"@context":"https:\/\/schema.org","@graph":[{"@type":"WebPage","@id":"https:\/\/demoweb.info\/sexshop001\/producto\/anillo-vibrador-c-spot-massager-negro\/","url":"https:\/\/demoweb.info\/sexshop001\/producto\/anillo-vibrador-c-spot-massager-negro\/","name":"ANILLO VIBRADOR - C-SPOT MASSAGER - NEGRO - Tienda Er\u00f3tica","isPartOf":{"@id":"https:\/\/demoweb.info\/sexshop001\/#website"},"datePublished":"2022-01-22T10:40:09+00:00","dateModified":"2022-01-22T10:40:19+00:00","breadcrumb":{"@id":"https:\/\/demoweb.info\/sexshop001\/producto\/anillo-vibrador-c-spot-massager-negro\/#breadcrumb"},"inLanguage":"es","potentialAction":[{"@type":"ReadAction","target":["https:\/\/demoweb.info\/sexshop001\/producto\/anillo-vibrador-c-spot-massager-negro\/"]}]},{"@type":"BreadcrumbList","@id":"https:\/\/demoweb.info\/sexshop001\/producto\/anillo-vibrador-c-spot-massager-negro\/#breadcrumb","itemListElement":[{"@type":"ListItem","position":1,"name":"Portada","item":"https:\/\/demoweb.info\/sexshop001\/"},{"@type":"ListItem","position":2,"name":"Tienda","item":"https:\/\/demoweb.info\/sexshop001\/tienda\/"},{"@type":"ListItem","position":3,"name":"ANILLO VIBRADOR &#8211; C-SPOT MASSAGER &#8211; NEGRO"}]},{"@type":"WebSite","@id":"https:\/\/demoweb.info\/sexshop001\/#website","url":"https:\/\/demoweb.info\/sexshop001\/","name":"Tienda Er\u00f3tica","description":"DEMOWEB SL","potentialAction":[{"@type":"SearchAction","target":{"@type":"EntryPoint","urlTemplate":"https:\/\/demoweb.info\/sexshop001\/?s={search_term_string}"},"query-input":"required name=search_term_string"}],"inLanguage":"es"}]}},"_links":{"self":[{"href":"https:\/\/demoweb.info\/sexshop001\/wp-json\/wp\/v3\/product\/24168","targetHints":{"allow":["GET"]}}],"collection":[{"href":"https:\/\/demoweb.info\/sexshop001\/wp-json\/wp\/v3\/product"}],"about":[{"href":"https:\/\/demoweb.info\/sexshop001\/wp-json\/wp\/v2\/types\/product"}],"replies":[{"embeddable":true,"href":"https:\/\/demoweb.info\/sexshop001\/wp-json\/wp\/v2\/comments?post=24168"}],"wp:featuredmedia":[{"embeddable":true,"href":"https:\/\/demoweb.info\/sexshop001\/wp-json\/wp\/v2\/media\/24169"}],"wp:attachment":[{"href":"https:\/\/demoweb.info\/sexshop001\/wp-json\/wp\/v2\/media?parent=24168"}],"wp:term":[{"taxonomy":"product_cat","embeddable":true,"href":"https:\/\/demoweb.info\/sexshop001\/wp-json\/wp\/v2\/product_cat?post=24168"},{"taxonomy":"product_tag","embeddable":true,"href":"https:\/\/demoweb.info\/sexshop001\/wp-json\/wp\/v2\/product_tag?post=24168"}],"curies":[{"name":"wp","href":"https:\/\/api.w.org\/{rel}","templated":true}]}}