{"id":24153,"date":"2022-01-22T11:40:09","date_gmt":"2022-01-22T10:40:09","guid":{"rendered":"https:\/\/demoweb.info\/sexshop001\/producto\/n0-92-anillo-masturbador-transparente\/"},"modified":"2022-01-22T11:40:09","modified_gmt":"2022-01-22T10:40:09","slug":"n0-92-anillo-masturbador-transparente","status":"publish","type":"product","link":"https:\/\/demoweb.info\/sexshop001\/producto\/n0-92-anillo-masturbador-transparente\/","title":{"rendered":"N0. 92 &#8211; ANILLO MASTURBADOR TRANSPARENTE"},"content":{"rendered":"<p><strong>N0. 92 &#8211; REVERSIBLE TEXTURED MASTURBATOR &#8211; TRANSPARENT<\/strong><\/p>\n<p>Hecho de filamento flexible TPE s\u00faper, suave y flexible, el extremo abierto del masturbador se puede voltear sin esfuerzo al rev\u00e9s. F\u00e1cil de usar, f\u00e1cil de limpiar y perfecto para jugar solo o en pareja.<\/p>\n<p>El di\u00e1metro interior mide 2 cm , el di\u00e1metro exterior 6,2 cm y la altura total 4 cm.<\/p>\n<p>El masturbador tambi\u00e9n se puede utilizar como un tope, para detener la penetraci\u00f3n total para aquellos que experimentan molestias durante el coito, haci\u00e9ndolo m\u00e1s agradable.<\/p>\n<p>\u00a1Antes de usarlos, es recomendable que se lubrique con suficiente lubricante a base de agua para que obtenga \u00a1los mejores y satisfactorios resultados!<\/p>\n<ul>\n<li>Dimensiones del producto 4 x 6,2 x 6,2 cm<\/li>\n<li>Peso del producto 77, gramos<\/li>\n<li>Di\u00e1metro del producto 4cm<\/li>\n<li>Di\u00e1metro interno 2,0 cm<\/li>\n<li>A prueba de agua S\u00ed<\/li>\n<li>Libre de ftalato S\u00ed<\/li>\n<li>Materiales TPE<\/li>\n<\/ul>\n","protected":false},"excerpt":{"rendered":"<p>N0. 92 &#8211; REVERSIBLE TEXTURED MASTURBATOR &#8211; TRANSPARENT Hecho de filamento flexible TPE s\u00faper, suave y flexible, el extremo abierto<\/p>\n","protected":false},"featured_media":24154,"comment_status":"open","ping_status":"open","template":"","meta":[],"product_cat":[542],"product_tag":[302,312],"class_list":["post-24153","product","type-product","status-publish","has-post-thumbnail","hentry","product_cat-clasicos","product_tag-shots","product_tag-sono"],"bundled_by":[],"bundle_stock_status":"outofstock","bundle_stock_quantity":0,"bundle_virtual":false,"bundle_layout":"","bundle_add_to_cart_form_location":"","bundle_editable_in_cart":false,"bundle_sold_individually_context":"","bundle_item_grouping":"","bundle_min_size":"","bundle_max_size":"","bundled_items":[],"yoast_head":"<!-- This site is optimized with the Yoast SEO plugin v20.6 - https:\/\/yoast.com\/wordpress\/plugins\/seo\/ -->\n<title>N0. 92 - ANILLO MASTURBADOR TRANSPARENTE - Tienda Er\u00f3tica<\/title>\n<meta name=\"robots\" content=\"noindex, follow, max-snippet:-1, max-image-preview:large, max-video-preview:-1\" \/>\n<meta property=\"og:locale\" content=\"es_ES\" \/>\n<meta property=\"og:type\" content=\"article\" \/>\n<meta property=\"og:title\" content=\"N0. 92 - ANILLO MASTURBADOR TRANSPARENTE - Tienda Er\u00f3tica\" \/>\n<meta property=\"og:description\" content=\"N0. 92 &#8211; REVERSIBLE TEXTURED MASTURBATOR &#8211; TRANSPARENT Hecho de filamento flexible TPE s\u00faper, suave y flexible, el extremo abierto\" \/>\n<meta property=\"og:url\" content=\"https:\/\/demoweb.info\/sexshop001\/producto\/n0-92-anillo-masturbador-transparente\/\" \/>\n<meta property=\"og:site_name\" content=\"Tienda Er\u00f3tica\" \/>\n<meta property=\"og:image\" content=\"https:\/\/demoweb.info\/sexshop001\/wp-content\/uploads\/2022\/01\/N0.-92-ANILLO-MASTURBADOR-TRANSPARENTE.jpg\" \/>\n\t<meta property=\"og:image:width\" content=\"550\" \/>\n\t<meta property=\"og:image:height\" content=\"550\" \/>\n\t<meta property=\"og:image:type\" content=\"image\/jpeg\" \/>\n<meta name=\"twitter:card\" content=\"summary_large_image\" \/>\n<meta name=\"twitter:label1\" content=\"Tiempo de lectura\" \/>\n\t<meta name=\"twitter:data1\" content=\"1 minuto\" \/>\n<script type=\"application\/ld+json\" class=\"yoast-schema-graph\">{\"@context\":\"https:\/\/schema.org\",\"@graph\":[{\"@type\":\"WebPage\",\"@id\":\"https:\/\/demoweb.info\/sexshop001\/producto\/n0-92-anillo-masturbador-transparente\/\",\"url\":\"https:\/\/demoweb.info\/sexshop001\/producto\/n0-92-anillo-masturbador-transparente\/\",\"name\":\"N0. 92 - ANILLO MASTURBADOR TRANSPARENTE - Tienda Er\u00f3tica\",\"isPartOf\":{\"@id\":\"https:\/\/demoweb.info\/sexshop001\/#website\"},\"datePublished\":\"2022-01-22T10:40:09+00:00\",\"dateModified\":\"2022-01-22T10:40:09+00:00\",\"breadcrumb\":{\"@id\":\"https:\/\/demoweb.info\/sexshop001\/producto\/n0-92-anillo-masturbador-transparente\/#breadcrumb\"},\"inLanguage\":\"es\",\"potentialAction\":[{\"@type\":\"ReadAction\",\"target\":[\"https:\/\/demoweb.info\/sexshop001\/producto\/n0-92-anillo-masturbador-transparente\/\"]}]},{\"@type\":\"BreadcrumbList\",\"@id\":\"https:\/\/demoweb.info\/sexshop001\/producto\/n0-92-anillo-masturbador-transparente\/#breadcrumb\",\"itemListElement\":[{\"@type\":\"ListItem\",\"position\":1,\"name\":\"Portada\",\"item\":\"https:\/\/demoweb.info\/sexshop001\/\"},{\"@type\":\"ListItem\",\"position\":2,\"name\":\"Tienda\",\"item\":\"https:\/\/demoweb.info\/sexshop001\/tienda\/\"},{\"@type\":\"ListItem\",\"position\":3,\"name\":\"N0. 92 &#8211; ANILLO MASTURBADOR TRANSPARENTE\"}]},{\"@type\":\"WebSite\",\"@id\":\"https:\/\/demoweb.info\/sexshop001\/#website\",\"url\":\"https:\/\/demoweb.info\/sexshop001\/\",\"name\":\"Tienda Er\u00f3tica\",\"description\":\"DEMOWEB SL\",\"potentialAction\":[{\"@type\":\"SearchAction\",\"target\":{\"@type\":\"EntryPoint\",\"urlTemplate\":\"https:\/\/demoweb.info\/sexshop001\/?s={search_term_string}\"},\"query-input\":\"required name=search_term_string\"}],\"inLanguage\":\"es\"}]}<\/script>\n<!-- \/ Yoast SEO plugin. -->","yoast_head_json":{"title":"N0. 92 - ANILLO MASTURBADOR TRANSPARENTE - Tienda Er\u00f3tica","robots":{"index":"noindex","follow":"follow","max-snippet":"max-snippet:-1","max-image-preview":"max-image-preview:large","max-video-preview":"max-video-preview:-1"},"og_locale":"es_ES","og_type":"article","og_title":"N0. 92 - ANILLO MASTURBADOR TRANSPARENTE - Tienda Er\u00f3tica","og_description":"N0. 92 &#8211; REVERSIBLE TEXTURED MASTURBATOR &#8211; TRANSPARENT Hecho de filamento flexible TPE s\u00faper, suave y flexible, el extremo abierto","og_url":"https:\/\/demoweb.info\/sexshop001\/producto\/n0-92-anillo-masturbador-transparente\/","og_site_name":"Tienda Er\u00f3tica","og_image":[{"width":550,"height":550,"url":"https:\/\/demoweb.info\/sexshop001\/wp-content\/uploads\/2022\/01\/N0.-92-ANILLO-MASTURBADOR-TRANSPARENTE.jpg","type":"image\/jpeg"}],"twitter_card":"summary_large_image","twitter_misc":{"Tiempo de lectura":"1 minuto"},"schema":{"@context":"https:\/\/schema.org","@graph":[{"@type":"WebPage","@id":"https:\/\/demoweb.info\/sexshop001\/producto\/n0-92-anillo-masturbador-transparente\/","url":"https:\/\/demoweb.info\/sexshop001\/producto\/n0-92-anillo-masturbador-transparente\/","name":"N0. 92 - ANILLO MASTURBADOR TRANSPARENTE - Tienda Er\u00f3tica","isPartOf":{"@id":"https:\/\/demoweb.info\/sexshop001\/#website"},"datePublished":"2022-01-22T10:40:09+00:00","dateModified":"2022-01-22T10:40:09+00:00","breadcrumb":{"@id":"https:\/\/demoweb.info\/sexshop001\/producto\/n0-92-anillo-masturbador-transparente\/#breadcrumb"},"inLanguage":"es","potentialAction":[{"@type":"ReadAction","target":["https:\/\/demoweb.info\/sexshop001\/producto\/n0-92-anillo-masturbador-transparente\/"]}]},{"@type":"BreadcrumbList","@id":"https:\/\/demoweb.info\/sexshop001\/producto\/n0-92-anillo-masturbador-transparente\/#breadcrumb","itemListElement":[{"@type":"ListItem","position":1,"name":"Portada","item":"https:\/\/demoweb.info\/sexshop001\/"},{"@type":"ListItem","position":2,"name":"Tienda","item":"https:\/\/demoweb.info\/sexshop001\/tienda\/"},{"@type":"ListItem","position":3,"name":"N0. 92 &#8211; ANILLO MASTURBADOR TRANSPARENTE"}]},{"@type":"WebSite","@id":"https:\/\/demoweb.info\/sexshop001\/#website","url":"https:\/\/demoweb.info\/sexshop001\/","name":"Tienda Er\u00f3tica","description":"DEMOWEB SL","potentialAction":[{"@type":"SearchAction","target":{"@type":"EntryPoint","urlTemplate":"https:\/\/demoweb.info\/sexshop001\/?s={search_term_string}"},"query-input":"required name=search_term_string"}],"inLanguage":"es"}]}},"_links":{"self":[{"href":"https:\/\/demoweb.info\/sexshop001\/wp-json\/wp\/v3\/product\/24153","targetHints":{"allow":["GET"]}}],"collection":[{"href":"https:\/\/demoweb.info\/sexshop001\/wp-json\/wp\/v3\/product"}],"about":[{"href":"https:\/\/demoweb.info\/sexshop001\/wp-json\/wp\/v2\/types\/product"}],"replies":[{"embeddable":true,"href":"https:\/\/demoweb.info\/sexshop001\/wp-json\/wp\/v2\/comments?post=24153"}],"wp:featuredmedia":[{"embeddable":true,"href":"https:\/\/demoweb.info\/sexshop001\/wp-json\/wp\/v2\/media\/24154"}],"wp:attachment":[{"href":"https:\/\/demoweb.info\/sexshop001\/wp-json\/wp\/v2\/media?parent=24153"}],"wp:term":[{"taxonomy":"product_cat","embeddable":true,"href":"https:\/\/demoweb.info\/sexshop001\/wp-json\/wp\/v2\/product_cat?post=24153"},{"taxonomy":"product_tag","embeddable":true,"href":"https:\/\/demoweb.info\/sexshop001\/wp-json\/wp\/v2\/product_tag?post=24153"}],"curies":[{"name":"wp","href":"https:\/\/api.w.org\/{rel}","templated":true}]}}