{"id":24133,"date":"2022-01-22T11:39:27","date_gmt":"2022-01-22T10:39:27","guid":{"rendered":"https:\/\/demoweb.info\/sexshop001\/producto\/estimulador-clitoris-tickler-gc-negro\/"},"modified":"2022-01-22T11:39:55","modified_gmt":"2022-01-22T10:39:55","slug":"estimulador-clitoris-tickler-gc-negro","status":"publish","type":"product","link":"https:\/\/demoweb.info\/sexshop001\/producto\/estimulador-clitoris-tickler-gc-negro\/","title":{"rendered":"ESTIMULADOR CLITORIS TICKLER GC &#8211; NEGRO"},"content":{"rendered":"<p><strong>CLITORAL TICKLER &#8211; BLACK<\/strong><\/p>\n<pre>\n<span style=&quot;font-family:tahoma,geneva,sans-serif&quot;>\u00a1Golpea tu cl\u00edtoris con precisi\u00f3n milim\u00e9trica! \u00a1Este juguete de dise\u00f1o ergon\u00f3mico har\u00e1 volar tus sentidos como nada que hayas probado antes! Estimulando donde realmente importa, la punta redondeada puntiaguda golpear\u00e1 el lugar correcto una y otra vez. Este cosquilleo del cl\u00edtoris acelera silenciosamente hasta unas asombrosas 15000 RPM a menos de 60 dB. \n\nHecho de ABS de alta calidad, tiene una longitud total de 16 cm (6,3 ) con un ancho m\u00e1ximo de 2,5 cm (0,9). El juguete lleva una pila AA (no incluida) durante m\u00e1s de 1 hora de diversi\u00f3n continua. Disponible en negro, rosa y morado.<\/span>\n<\/pre>\n","protected":false},"excerpt":{"rendered":"<p>CLITORAL TICKLER &#8211; BLACK \u00a1Golpea tu cl\u00edtoris con precisi\u00f3n milim\u00e9trica! \u00a1Este juguete de dise\u00f1o ergon\u00f3mico har\u00e1 volar tus sentidos como<\/p>\n","protected":false},"featured_media":24134,"comment_status":"open","ping_status":"open","template":"","meta":[],"product_cat":[370],"product_tag":[1081,302],"class_list":["post-24133","product","type-product","status-publish","has-post-thumbnail","hentry","product_cat-clitoris","product_tag-gc","product_tag-shots"],"bundled_by":[],"bundle_stock_status":"instock","bundle_stock_quantity":1,"bundle_virtual":false,"bundle_layout":"","bundle_add_to_cart_form_location":"","bundle_editable_in_cart":false,"bundle_sold_individually_context":"","bundle_item_grouping":"","bundle_min_size":"","bundle_max_size":"","bundled_items":[],"yoast_head":"<!-- This site is optimized with the Yoast SEO plugin v20.6 - https:\/\/yoast.com\/wordpress\/plugins\/seo\/ -->\n<title>ESTIMULADOR CLITORIS TICKLER GC - NEGRO - Tienda Er\u00f3tica<\/title>\n<meta name=\"robots\" content=\"noindex, follow, max-snippet:-1, max-image-preview:large, max-video-preview:-1\" \/>\n<meta property=\"og:locale\" content=\"es_ES\" \/>\n<meta property=\"og:type\" content=\"article\" \/>\n<meta property=\"og:title\" content=\"ESTIMULADOR CLITORIS TICKLER GC - NEGRO - Tienda Er\u00f3tica\" \/>\n<meta property=\"og:description\" content=\"CLITORAL TICKLER &#8211; BLACK \u00a1Golpea tu cl\u00edtoris con precisi\u00f3n milim\u00e9trica! \u00a1Este juguete de dise\u00f1o ergon\u00f3mico har\u00e1 volar tus sentidos como\" \/>\n<meta property=\"og:url\" content=\"https:\/\/demoweb.info\/sexshop001\/producto\/estimulador-clitoris-tickler-gc-negro\/\" \/>\n<meta property=\"og:site_name\" content=\"Tienda Er\u00f3tica\" \/>\n<meta property=\"article:modified_time\" content=\"2022-01-22T10:39:55+00:00\" \/>\n<meta property=\"og:image\" content=\"https:\/\/demoweb.info\/sexshop001\/wp-content\/uploads\/2022\/01\/ESTIMULADOR-CLITORIS-TICKLER-GC-NEGRO.jpg\" \/>\n\t<meta property=\"og:image:width\" content=\"550\" \/>\n\t<meta property=\"og:image:height\" content=\"550\" \/>\n\t<meta property=\"og:image:type\" content=\"image\/jpeg\" \/>\n<meta name=\"twitter:card\" content=\"summary_large_image\" \/>\n<meta name=\"twitter:label1\" content=\"Tiempo de lectura\" \/>\n\t<meta name=\"twitter:data1\" content=\"1 minuto\" \/>\n<script type=\"application\/ld+json\" class=\"yoast-schema-graph\">{\"@context\":\"https:\/\/schema.org\",\"@graph\":[{\"@type\":\"WebPage\",\"@id\":\"https:\/\/demoweb.info\/sexshop001\/producto\/estimulador-clitoris-tickler-gc-negro\/\",\"url\":\"https:\/\/demoweb.info\/sexshop001\/producto\/estimulador-clitoris-tickler-gc-negro\/\",\"name\":\"ESTIMULADOR CLITORIS TICKLER GC - NEGRO - Tienda Er\u00f3tica\",\"isPartOf\":{\"@id\":\"https:\/\/demoweb.info\/sexshop001\/#website\"},\"datePublished\":\"2022-01-22T10:39:27+00:00\",\"dateModified\":\"2022-01-22T10:39:55+00:00\",\"breadcrumb\":{\"@id\":\"https:\/\/demoweb.info\/sexshop001\/producto\/estimulador-clitoris-tickler-gc-negro\/#breadcrumb\"},\"inLanguage\":\"es\",\"potentialAction\":[{\"@type\":\"ReadAction\",\"target\":[\"https:\/\/demoweb.info\/sexshop001\/producto\/estimulador-clitoris-tickler-gc-negro\/\"]}]},{\"@type\":\"BreadcrumbList\",\"@id\":\"https:\/\/demoweb.info\/sexshop001\/producto\/estimulador-clitoris-tickler-gc-negro\/#breadcrumb\",\"itemListElement\":[{\"@type\":\"ListItem\",\"position\":1,\"name\":\"Portada\",\"item\":\"https:\/\/demoweb.info\/sexshop001\/\"},{\"@type\":\"ListItem\",\"position\":2,\"name\":\"Tienda\",\"item\":\"https:\/\/demoweb.info\/sexshop001\/tienda\/\"},{\"@type\":\"ListItem\",\"position\":3,\"name\":\"ESTIMULADOR CLITORIS TICKLER GC &#8211; NEGRO\"}]},{\"@type\":\"WebSite\",\"@id\":\"https:\/\/demoweb.info\/sexshop001\/#website\",\"url\":\"https:\/\/demoweb.info\/sexshop001\/\",\"name\":\"Tienda Er\u00f3tica\",\"description\":\"DEMOWEB SL\",\"potentialAction\":[{\"@type\":\"SearchAction\",\"target\":{\"@type\":\"EntryPoint\",\"urlTemplate\":\"https:\/\/demoweb.info\/sexshop001\/?s={search_term_string}\"},\"query-input\":\"required name=search_term_string\"}],\"inLanguage\":\"es\"}]}<\/script>\n<!-- \/ Yoast SEO plugin. -->","yoast_head_json":{"title":"ESTIMULADOR CLITORIS TICKLER GC - NEGRO - Tienda Er\u00f3tica","robots":{"index":"noindex","follow":"follow","max-snippet":"max-snippet:-1","max-image-preview":"max-image-preview:large","max-video-preview":"max-video-preview:-1"},"og_locale":"es_ES","og_type":"article","og_title":"ESTIMULADOR CLITORIS TICKLER GC - NEGRO - Tienda Er\u00f3tica","og_description":"CLITORAL TICKLER &#8211; BLACK \u00a1Golpea tu cl\u00edtoris con precisi\u00f3n milim\u00e9trica! \u00a1Este juguete de dise\u00f1o ergon\u00f3mico har\u00e1 volar tus sentidos como","og_url":"https:\/\/demoweb.info\/sexshop001\/producto\/estimulador-clitoris-tickler-gc-negro\/","og_site_name":"Tienda Er\u00f3tica","article_modified_time":"2022-01-22T10:39:55+00:00","og_image":[{"width":550,"height":550,"url":"https:\/\/demoweb.info\/sexshop001\/wp-content\/uploads\/2022\/01\/ESTIMULADOR-CLITORIS-TICKLER-GC-NEGRO.jpg","type":"image\/jpeg"}],"twitter_card":"summary_large_image","twitter_misc":{"Tiempo de lectura":"1 minuto"},"schema":{"@context":"https:\/\/schema.org","@graph":[{"@type":"WebPage","@id":"https:\/\/demoweb.info\/sexshop001\/producto\/estimulador-clitoris-tickler-gc-negro\/","url":"https:\/\/demoweb.info\/sexshop001\/producto\/estimulador-clitoris-tickler-gc-negro\/","name":"ESTIMULADOR CLITORIS TICKLER GC - NEGRO - Tienda Er\u00f3tica","isPartOf":{"@id":"https:\/\/demoweb.info\/sexshop001\/#website"},"datePublished":"2022-01-22T10:39:27+00:00","dateModified":"2022-01-22T10:39:55+00:00","breadcrumb":{"@id":"https:\/\/demoweb.info\/sexshop001\/producto\/estimulador-clitoris-tickler-gc-negro\/#breadcrumb"},"inLanguage":"es","potentialAction":[{"@type":"ReadAction","target":["https:\/\/demoweb.info\/sexshop001\/producto\/estimulador-clitoris-tickler-gc-negro\/"]}]},{"@type":"BreadcrumbList","@id":"https:\/\/demoweb.info\/sexshop001\/producto\/estimulador-clitoris-tickler-gc-negro\/#breadcrumb","itemListElement":[{"@type":"ListItem","position":1,"name":"Portada","item":"https:\/\/demoweb.info\/sexshop001\/"},{"@type":"ListItem","position":2,"name":"Tienda","item":"https:\/\/demoweb.info\/sexshop001\/tienda\/"},{"@type":"ListItem","position":3,"name":"ESTIMULADOR CLITORIS TICKLER GC &#8211; NEGRO"}]},{"@type":"WebSite","@id":"https:\/\/demoweb.info\/sexshop001\/#website","url":"https:\/\/demoweb.info\/sexshop001\/","name":"Tienda Er\u00f3tica","description":"DEMOWEB SL","potentialAction":[{"@type":"SearchAction","target":{"@type":"EntryPoint","urlTemplate":"https:\/\/demoweb.info\/sexshop001\/?s={search_term_string}"},"query-input":"required name=search_term_string"}],"inLanguage":"es"}]}},"_links":{"self":[{"href":"https:\/\/demoweb.info\/sexshop001\/wp-json\/wp\/v3\/product\/24133","targetHints":{"allow":["GET"]}}],"collection":[{"href":"https:\/\/demoweb.info\/sexshop001\/wp-json\/wp\/v3\/product"}],"about":[{"href":"https:\/\/demoweb.info\/sexshop001\/wp-json\/wp\/v2\/types\/product"}],"replies":[{"embeddable":true,"href":"https:\/\/demoweb.info\/sexshop001\/wp-json\/wp\/v2\/comments?post=24133"}],"wp:featuredmedia":[{"embeddable":true,"href":"https:\/\/demoweb.info\/sexshop001\/wp-json\/wp\/v2\/media\/24134"}],"wp:attachment":[{"href":"https:\/\/demoweb.info\/sexshop001\/wp-json\/wp\/v2\/media?parent=24133"}],"wp:term":[{"taxonomy":"product_cat","embeddable":true,"href":"https:\/\/demoweb.info\/sexshop001\/wp-json\/wp\/v2\/product_cat?post=24133"},{"taxonomy":"product_tag","embeddable":true,"href":"https:\/\/demoweb.info\/sexshop001\/wp-json\/wp\/v2\/product_tag?post=24133"}],"curies":[{"name":"wp","href":"https:\/\/api.w.org\/{rel}","templated":true}]}}