{"id":24124,"date":"2022-01-22T11:39:27","date_gmt":"2022-01-22T10:39:27","guid":{"rendered":"https:\/\/demoweb.info\/sexshop001\/producto\/lelo-elise-2-vibrador-ciruela\/"},"modified":"2022-01-22T11:39:50","modified_gmt":"2022-01-22T10:39:50","slug":"lelo-elise-2-vibrador-ciruela","status":"publish","type":"product","link":"https:\/\/demoweb.info\/sexshop001\/producto\/lelo-elise-2-vibrador-ciruela\/","title":{"rendered":"LELO ELISE 2 VIBRADOR CIRUELA"},"content":{"rendered":"<p><strong>LELO ELISE 2 VIBRATOR PLUM<\/strong><\/p>\n<p><strong>ELISE 2<\/strong> es el m\u00e1s seductor de los objetos de placer, siempre dispuesto a descubrir experiencias s\u00f3lo al alcance de un vibrador como \u00e9ste.<\/p>\n<p>Sus formas m\u00e1s redondeadas ofrecen una vibraci\u00f3n de mayor profundidad y resonancia, al tiempo que sus cinco modos de estimulaci\u00f3n transmiten una incre\u00edble variedad de sensaciones en el punto G, en el cl\u00edtoris y por todo el cuerpo. Gracias a sus dos dispositivos vibradores independientes situados en la base y en la punta del tallo, <strong>ELISE 2<\/strong> puede repartir sus atenciones all\u00e1 donde con mayor urgencia se reclamen.<\/p>\n<p>Estos dos puntos de estimulaci\u00f3n pueden emplearse al mismo tiempo o de modo alterno, seg\u00fan nos gu\u00ede la intuici\u00f3n (y la excitaci\u00f3n) del momento. En cualquier caso, <strong>ELISE 2<\/strong> promete un continuo fluir de placeres sensuales a los que abandonarse mientras hallamos la f\u00f3rmula m\u00e1gica que nos transporte a la dicha absoluta.<\/p>\n<p>Como ocurre con todos los objetos de placer <strong>LELO<\/strong>, <strong>ELISE 2<\/strong> est\u00e1 dise\u00f1ado para proporcionar un intenso gozo f\u00edsico y una absoluta paz espiritual en cualquier situaci\u00f3n y bajo cualquier circunstancia.<\/p>\n<p>Fabricado con pl\u00e1stico ABS\/ silicona aprobados por la FDA y libres de ftalato, <strong>ELISE 2<\/strong> proporciona 4 horas de vibraciones pr\u00e1cticamente silenciosas tras un tiempo de carga de apenas 2 horas.<\/p>\n<p>La velocidad y la intensidad se regulan f\u00e1cilmente mediante un intuitivo disco de control, y ambas funciones pueden bloquearse completamente para garantizar un discreto transporte del objeto en todo momento.<\/p>\n<p>Asimismo, <strong>ELISE 2<\/strong> se presenta en una elegante caja de regalo que contiene una lujosa bolsita de sat\u00e9n para guardarlo, adem\u00e1s de un cargador, el manual de usuario y la garant\u00eda completa <strong>LELO<\/strong> de 1 a\u00f1o.<\/p>\n<p>Ahora el nuevo <strong>ELISE 2<\/strong> incluye nuevas mejoras respecto a la versi\u00f3n anterior:<br \/>\n&#8211; Estimulaci\u00f3n m\u00e1s intensa y profunda con sus dos motores. Formas seductoras y rotundas, vibraciones en el tallo y en la punta.<br \/>\n&#8211; El doble de potencia en cada uno de sus 6 patrones de vibraci\u00f3n. Sus motores han sido mejorados para llevar tu placer al l\u00edmite.<br \/>\n&#8211; Ahora totalmente sumergible para un uso m\u00e1s vers\u00e1til. Para que lo puedas disfrutar en el ba\u00f1o o en la ducha y tambi\u00e9n limpiarlo con m\u00e1s facilidad.<br \/>\n&#8211; Recargable, silencioso y listo para viajar. Bloqueo total con discretas y placenteras vibraciones.<br \/>\n&#8211; Seguro para el cuerpo y muy c\u00f3modo. Fabricado con silicona FDA con revestimiento de extrema suavidad.<br \/>\n&#8211; Calidad y garant\u00eda sin rival. Dispone de 1 a\u00f1o de garant\u00eda <strong>Lelo<\/strong> para tu m\u00e1xima tranquilidad.<\/p>\n<p>Tama\u00f1o: 22 x 3,8 cm.<\/p>\n","protected":false},"excerpt":{"rendered":"<p>LELO ELISE 2 VIBRATOR PLUM ELISE 2 es el m\u00e1s seductor de los objetos de placer, siempre dispuesto a descubrir<\/p>\n","protected":false},"featured_media":24125,"comment_status":"open","ping_status":"open","template":"","meta":[],"product_cat":[502],"product_tag":[406],"class_list":["post-24124","product","type-product","status-publish","has-post-thumbnail","hentry","product_cat-luxury","product_tag-lelo"],"bundled_by":[],"bundle_stock_status":"outofstock","bundle_stock_quantity":0,"bundle_virtual":false,"bundle_layout":"","bundle_add_to_cart_form_location":"","bundle_editable_in_cart":false,"bundle_sold_individually_context":"","bundle_item_grouping":"","bundle_min_size":"","bundle_max_size":"","bundled_items":[],"yoast_head":"<!-- This site is optimized with the Yoast SEO plugin v20.6 - https:\/\/yoast.com\/wordpress\/plugins\/seo\/ -->\n<title>LELO ELISE 2 VIBRADOR CIRUELA - Tienda Er\u00f3tica<\/title>\n<meta name=\"robots\" content=\"noindex, follow, max-snippet:-1, max-image-preview:large, max-video-preview:-1\" \/>\n<meta property=\"og:locale\" content=\"es_ES\" \/>\n<meta property=\"og:type\" content=\"article\" \/>\n<meta property=\"og:title\" content=\"LELO ELISE 2 VIBRADOR CIRUELA - Tienda Er\u00f3tica\" \/>\n<meta property=\"og:description\" content=\"LELO ELISE 2 VIBRATOR PLUM ELISE 2 es el m\u00e1s seductor de los objetos de placer, siempre dispuesto a descubrir\" \/>\n<meta property=\"og:url\" content=\"https:\/\/demoweb.info\/sexshop001\/producto\/lelo-elise-2-vibrador-ciruela\/\" \/>\n<meta property=\"og:site_name\" content=\"Tienda Er\u00f3tica\" \/>\n<meta property=\"article:modified_time\" content=\"2022-01-22T10:39:50+00:00\" \/>\n<meta property=\"og:image\" content=\"https:\/\/demoweb.info\/sexshop001\/wp-content\/uploads\/2022\/01\/LELO-ELISE-2-VIBRADOR-CIRUELA.jpg\" \/>\n\t<meta property=\"og:image:width\" content=\"550\" \/>\n\t<meta property=\"og:image:height\" content=\"550\" \/>\n\t<meta property=\"og:image:type\" content=\"image\/jpeg\" \/>\n<meta name=\"twitter:card\" content=\"summary_large_image\" \/>\n<meta name=\"twitter:label1\" content=\"Tiempo de lectura\" \/>\n\t<meta name=\"twitter:data1\" content=\"2 minutos\" \/>\n<script type=\"application\/ld+json\" class=\"yoast-schema-graph\">{\"@context\":\"https:\/\/schema.org\",\"@graph\":[{\"@type\":\"WebPage\",\"@id\":\"https:\/\/demoweb.info\/sexshop001\/producto\/lelo-elise-2-vibrador-ciruela\/\",\"url\":\"https:\/\/demoweb.info\/sexshop001\/producto\/lelo-elise-2-vibrador-ciruela\/\",\"name\":\"LELO ELISE 2 VIBRADOR CIRUELA - Tienda Er\u00f3tica\",\"isPartOf\":{\"@id\":\"https:\/\/demoweb.info\/sexshop001\/#website\"},\"datePublished\":\"2022-01-22T10:39:27+00:00\",\"dateModified\":\"2022-01-22T10:39:50+00:00\",\"breadcrumb\":{\"@id\":\"https:\/\/demoweb.info\/sexshop001\/producto\/lelo-elise-2-vibrador-ciruela\/#breadcrumb\"},\"inLanguage\":\"es\",\"potentialAction\":[{\"@type\":\"ReadAction\",\"target\":[\"https:\/\/demoweb.info\/sexshop001\/producto\/lelo-elise-2-vibrador-ciruela\/\"]}]},{\"@type\":\"BreadcrumbList\",\"@id\":\"https:\/\/demoweb.info\/sexshop001\/producto\/lelo-elise-2-vibrador-ciruela\/#breadcrumb\",\"itemListElement\":[{\"@type\":\"ListItem\",\"position\":1,\"name\":\"Portada\",\"item\":\"https:\/\/demoweb.info\/sexshop001\/\"},{\"@type\":\"ListItem\",\"position\":2,\"name\":\"Tienda\",\"item\":\"https:\/\/demoweb.info\/sexshop001\/tienda\/\"},{\"@type\":\"ListItem\",\"position\":3,\"name\":\"LELO ELISE 2 VIBRADOR CIRUELA\"}]},{\"@type\":\"WebSite\",\"@id\":\"https:\/\/demoweb.info\/sexshop001\/#website\",\"url\":\"https:\/\/demoweb.info\/sexshop001\/\",\"name\":\"Tienda Er\u00f3tica\",\"description\":\"DEMOWEB SL\",\"potentialAction\":[{\"@type\":\"SearchAction\",\"target\":{\"@type\":\"EntryPoint\",\"urlTemplate\":\"https:\/\/demoweb.info\/sexshop001\/?s={search_term_string}\"},\"query-input\":\"required name=search_term_string\"}],\"inLanguage\":\"es\"}]}<\/script>\n<!-- \/ Yoast SEO plugin. -->","yoast_head_json":{"title":"LELO ELISE 2 VIBRADOR CIRUELA - Tienda Er\u00f3tica","robots":{"index":"noindex","follow":"follow","max-snippet":"max-snippet:-1","max-image-preview":"max-image-preview:large","max-video-preview":"max-video-preview:-1"},"og_locale":"es_ES","og_type":"article","og_title":"LELO ELISE 2 VIBRADOR CIRUELA - Tienda Er\u00f3tica","og_description":"LELO ELISE 2 VIBRATOR PLUM ELISE 2 es el m\u00e1s seductor de los objetos de placer, siempre dispuesto a descubrir","og_url":"https:\/\/demoweb.info\/sexshop001\/producto\/lelo-elise-2-vibrador-ciruela\/","og_site_name":"Tienda Er\u00f3tica","article_modified_time":"2022-01-22T10:39:50+00:00","og_image":[{"width":550,"height":550,"url":"https:\/\/demoweb.info\/sexshop001\/wp-content\/uploads\/2022\/01\/LELO-ELISE-2-VIBRADOR-CIRUELA.jpg","type":"image\/jpeg"}],"twitter_card":"summary_large_image","twitter_misc":{"Tiempo de lectura":"2 minutos"},"schema":{"@context":"https:\/\/schema.org","@graph":[{"@type":"WebPage","@id":"https:\/\/demoweb.info\/sexshop001\/producto\/lelo-elise-2-vibrador-ciruela\/","url":"https:\/\/demoweb.info\/sexshop001\/producto\/lelo-elise-2-vibrador-ciruela\/","name":"LELO ELISE 2 VIBRADOR CIRUELA - Tienda Er\u00f3tica","isPartOf":{"@id":"https:\/\/demoweb.info\/sexshop001\/#website"},"datePublished":"2022-01-22T10:39:27+00:00","dateModified":"2022-01-22T10:39:50+00:00","breadcrumb":{"@id":"https:\/\/demoweb.info\/sexshop001\/producto\/lelo-elise-2-vibrador-ciruela\/#breadcrumb"},"inLanguage":"es","potentialAction":[{"@type":"ReadAction","target":["https:\/\/demoweb.info\/sexshop001\/producto\/lelo-elise-2-vibrador-ciruela\/"]}]},{"@type":"BreadcrumbList","@id":"https:\/\/demoweb.info\/sexshop001\/producto\/lelo-elise-2-vibrador-ciruela\/#breadcrumb","itemListElement":[{"@type":"ListItem","position":1,"name":"Portada","item":"https:\/\/demoweb.info\/sexshop001\/"},{"@type":"ListItem","position":2,"name":"Tienda","item":"https:\/\/demoweb.info\/sexshop001\/tienda\/"},{"@type":"ListItem","position":3,"name":"LELO ELISE 2 VIBRADOR CIRUELA"}]},{"@type":"WebSite","@id":"https:\/\/demoweb.info\/sexshop001\/#website","url":"https:\/\/demoweb.info\/sexshop001\/","name":"Tienda Er\u00f3tica","description":"DEMOWEB SL","potentialAction":[{"@type":"SearchAction","target":{"@type":"EntryPoint","urlTemplate":"https:\/\/demoweb.info\/sexshop001\/?s={search_term_string}"},"query-input":"required name=search_term_string"}],"inLanguage":"es"}]}},"_links":{"self":[{"href":"https:\/\/demoweb.info\/sexshop001\/wp-json\/wp\/v3\/product\/24124","targetHints":{"allow":["GET"]}}],"collection":[{"href":"https:\/\/demoweb.info\/sexshop001\/wp-json\/wp\/v3\/product"}],"about":[{"href":"https:\/\/demoweb.info\/sexshop001\/wp-json\/wp\/v2\/types\/product"}],"replies":[{"embeddable":true,"href":"https:\/\/demoweb.info\/sexshop001\/wp-json\/wp\/v2\/comments?post=24124"}],"wp:featuredmedia":[{"embeddable":true,"href":"https:\/\/demoweb.info\/sexshop001\/wp-json\/wp\/v2\/media\/24125"}],"wp:attachment":[{"href":"https:\/\/demoweb.info\/sexshop001\/wp-json\/wp\/v2\/media?parent=24124"}],"wp:term":[{"taxonomy":"product_cat","embeddable":true,"href":"https:\/\/demoweb.info\/sexshop001\/wp-json\/wp\/v2\/product_cat?post=24124"},{"taxonomy":"product_tag","embeddable":true,"href":"https:\/\/demoweb.info\/sexshop001\/wp-json\/wp\/v2\/product_tag?post=24124"}],"curies":[{"name":"wp","href":"https:\/\/api.w.org\/{rel}","templated":true}]}}