{"id":24055,"date":"2022-01-22T11:38:44","date_gmt":"2022-01-22T10:38:44","guid":{"rendered":"https:\/\/demoweb.info\/sexshop001\/producto\/huevo-vibrador-10-velocidades-rojo\/"},"modified":"2022-01-22T11:39:11","modified_gmt":"2022-01-22T10:39:11","slug":"huevo-vibrador-10-velocidades-rojo","status":"publish","type":"product","link":"https:\/\/demoweb.info\/sexshop001\/producto\/huevo-vibrador-10-velocidades-rojo\/","title":{"rendered":"HUEVO VIBRADOR 10 VELOCIDADES &#8211; ROJO"},"content":{"rendered":"<p><strong>10 SPEED VIBRATING EGG &#8211; RED<\/strong><\/p>\n<p>Este peque\u00f1o huevo vibrador tiene 10 posiciones diferentes, muy emocionantes, que se pueden ajustar con el bot\u00f3n en el extremo del cable.<\/p>\n<p>Desde una posici\u00f3n c\u00f3moda y suave, hasta una posici\u00f3n vibrante extremadamente fuerte; controlas todo con el bot\u00f3n del control remoto.<\/p>\n<p>El cord\u00f3n tambi\u00e9n sirve para sacar f\u00e1cilmente el huevo de su paquete.<\/p>\n<p>El huevo tiene una capa de terciopelo suave.<\/p>\n<p>Esto le da un aspecto y una sensaci\u00f3n \u00fanicos.<\/p>\n<p>Las bater\u00edas est\u00e1n incluidas en el paquete, sin cargo.<\/p>\n<\/p>\n<ul>\n<li>Peso del producto: 40,00 gramos<\/li>\n<li>Di\u00e1metro del producto: 3,4 cm<\/li>\n<li>Cantidad de motores: 1<\/li>\n<li>Rotaciones: 12500 RPM<\/li>\n<li>Tipos de velocidad: 10<\/li>\n<li>Nivel de ruido: 40 dB<\/li>\n<li>Se requieren bater\u00edas. 2<\/li>\n<li>Tipo de bater\u00edas: AAA<\/li>\n<li>Bater\u00edas incluidas: S\u00ed<\/li>\n<li>A prueba de agua: S\u00ed<\/li>\n<li>Materiales: ABS<\/li>\n<\/ul>\n","protected":false},"excerpt":{"rendered":"<p>10 SPEED VIBRATING EGG &#8211; RED Este peque\u00f1o huevo vibrador tiene 10 posiciones diferentes, muy emocionantes, que se pueden ajustar<\/p>\n","protected":false},"featured_media":24056,"comment_status":"open","ping_status":"open","template":"","meta":[],"product_cat":[313],"product_tag":[302,547],"class_list":["post-24055","product","type-product","status-publish","has-post-thumbnail","hentry","product_cat-balas-y-huevos","product_tag-shots","product_tag-shots-toys"],"bundled_by":[],"bundle_stock_status":"instock","bundle_stock_quantity":1,"bundle_virtual":false,"bundle_layout":"","bundle_add_to_cart_form_location":"","bundle_editable_in_cart":false,"bundle_sold_individually_context":"","bundle_item_grouping":"","bundle_min_size":"","bundle_max_size":"","bundled_items":[],"yoast_head":"<!-- This site is optimized with the Yoast SEO plugin v20.6 - https:\/\/yoast.com\/wordpress\/plugins\/seo\/ -->\n<title>HUEVO VIBRADOR 10 VELOCIDADES - ROJO - Tienda Er\u00f3tica<\/title>\n<meta name=\"robots\" content=\"noindex, follow, max-snippet:-1, max-image-preview:large, max-video-preview:-1\" \/>\n<meta property=\"og:locale\" content=\"es_ES\" \/>\n<meta property=\"og:type\" content=\"article\" \/>\n<meta property=\"og:title\" content=\"HUEVO VIBRADOR 10 VELOCIDADES - ROJO - Tienda Er\u00f3tica\" \/>\n<meta property=\"og:description\" content=\"10 SPEED VIBRATING EGG &#8211; RED Este peque\u00f1o huevo vibrador tiene 10 posiciones diferentes, muy emocionantes, que se pueden ajustar\" \/>\n<meta property=\"og:url\" content=\"https:\/\/demoweb.info\/sexshop001\/producto\/huevo-vibrador-10-velocidades-rojo\/\" \/>\n<meta property=\"og:site_name\" content=\"Tienda Er\u00f3tica\" \/>\n<meta property=\"article:modified_time\" content=\"2022-01-22T10:39:11+00:00\" \/>\n<meta property=\"og:image\" content=\"https:\/\/demoweb.info\/sexshop001\/wp-content\/uploads\/2022\/01\/HUEVO-VIBRADOR-10-VELOCIDADES-ROJO.jpg\" \/>\n\t<meta property=\"og:image:width\" content=\"550\" \/>\n\t<meta property=\"og:image:height\" content=\"550\" \/>\n\t<meta property=\"og:image:type\" content=\"image\/jpeg\" \/>\n<meta name=\"twitter:card\" content=\"summary_large_image\" \/>\n<meta name=\"twitter:label1\" content=\"Tiempo de lectura\" \/>\n\t<meta name=\"twitter:data1\" content=\"1 minuto\" \/>\n<script type=\"application\/ld+json\" class=\"yoast-schema-graph\">{\"@context\":\"https:\/\/schema.org\",\"@graph\":[{\"@type\":\"WebPage\",\"@id\":\"https:\/\/demoweb.info\/sexshop001\/producto\/huevo-vibrador-10-velocidades-rojo\/\",\"url\":\"https:\/\/demoweb.info\/sexshop001\/producto\/huevo-vibrador-10-velocidades-rojo\/\",\"name\":\"HUEVO VIBRADOR 10 VELOCIDADES - ROJO - Tienda Er\u00f3tica\",\"isPartOf\":{\"@id\":\"https:\/\/demoweb.info\/sexshop001\/#website\"},\"datePublished\":\"2022-01-22T10:38:44+00:00\",\"dateModified\":\"2022-01-22T10:39:11+00:00\",\"breadcrumb\":{\"@id\":\"https:\/\/demoweb.info\/sexshop001\/producto\/huevo-vibrador-10-velocidades-rojo\/#breadcrumb\"},\"inLanguage\":\"es\",\"potentialAction\":[{\"@type\":\"ReadAction\",\"target\":[\"https:\/\/demoweb.info\/sexshop001\/producto\/huevo-vibrador-10-velocidades-rojo\/\"]}]},{\"@type\":\"BreadcrumbList\",\"@id\":\"https:\/\/demoweb.info\/sexshop001\/producto\/huevo-vibrador-10-velocidades-rojo\/#breadcrumb\",\"itemListElement\":[{\"@type\":\"ListItem\",\"position\":1,\"name\":\"Portada\",\"item\":\"https:\/\/demoweb.info\/sexshop001\/\"},{\"@type\":\"ListItem\",\"position\":2,\"name\":\"Tienda\",\"item\":\"https:\/\/demoweb.info\/sexshop001\/tienda\/\"},{\"@type\":\"ListItem\",\"position\":3,\"name\":\"HUEVO VIBRADOR 10 VELOCIDADES &#8211; ROJO\"}]},{\"@type\":\"WebSite\",\"@id\":\"https:\/\/demoweb.info\/sexshop001\/#website\",\"url\":\"https:\/\/demoweb.info\/sexshop001\/\",\"name\":\"Tienda Er\u00f3tica\",\"description\":\"DEMOWEB SL\",\"potentialAction\":[{\"@type\":\"SearchAction\",\"target\":{\"@type\":\"EntryPoint\",\"urlTemplate\":\"https:\/\/demoweb.info\/sexshop001\/?s={search_term_string}\"},\"query-input\":\"required name=search_term_string\"}],\"inLanguage\":\"es\"}]}<\/script>\n<!-- \/ Yoast SEO plugin. -->","yoast_head_json":{"title":"HUEVO VIBRADOR 10 VELOCIDADES - ROJO - Tienda Er\u00f3tica","robots":{"index":"noindex","follow":"follow","max-snippet":"max-snippet:-1","max-image-preview":"max-image-preview:large","max-video-preview":"max-video-preview:-1"},"og_locale":"es_ES","og_type":"article","og_title":"HUEVO VIBRADOR 10 VELOCIDADES - ROJO - Tienda Er\u00f3tica","og_description":"10 SPEED VIBRATING EGG &#8211; RED Este peque\u00f1o huevo vibrador tiene 10 posiciones diferentes, muy emocionantes, que se pueden ajustar","og_url":"https:\/\/demoweb.info\/sexshop001\/producto\/huevo-vibrador-10-velocidades-rojo\/","og_site_name":"Tienda Er\u00f3tica","article_modified_time":"2022-01-22T10:39:11+00:00","og_image":[{"width":550,"height":550,"url":"https:\/\/demoweb.info\/sexshop001\/wp-content\/uploads\/2022\/01\/HUEVO-VIBRADOR-10-VELOCIDADES-ROJO.jpg","type":"image\/jpeg"}],"twitter_card":"summary_large_image","twitter_misc":{"Tiempo de lectura":"1 minuto"},"schema":{"@context":"https:\/\/schema.org","@graph":[{"@type":"WebPage","@id":"https:\/\/demoweb.info\/sexshop001\/producto\/huevo-vibrador-10-velocidades-rojo\/","url":"https:\/\/demoweb.info\/sexshop001\/producto\/huevo-vibrador-10-velocidades-rojo\/","name":"HUEVO VIBRADOR 10 VELOCIDADES - ROJO - Tienda Er\u00f3tica","isPartOf":{"@id":"https:\/\/demoweb.info\/sexshop001\/#website"},"datePublished":"2022-01-22T10:38:44+00:00","dateModified":"2022-01-22T10:39:11+00:00","breadcrumb":{"@id":"https:\/\/demoweb.info\/sexshop001\/producto\/huevo-vibrador-10-velocidades-rojo\/#breadcrumb"},"inLanguage":"es","potentialAction":[{"@type":"ReadAction","target":["https:\/\/demoweb.info\/sexshop001\/producto\/huevo-vibrador-10-velocidades-rojo\/"]}]},{"@type":"BreadcrumbList","@id":"https:\/\/demoweb.info\/sexshop001\/producto\/huevo-vibrador-10-velocidades-rojo\/#breadcrumb","itemListElement":[{"@type":"ListItem","position":1,"name":"Portada","item":"https:\/\/demoweb.info\/sexshop001\/"},{"@type":"ListItem","position":2,"name":"Tienda","item":"https:\/\/demoweb.info\/sexshop001\/tienda\/"},{"@type":"ListItem","position":3,"name":"HUEVO VIBRADOR 10 VELOCIDADES &#8211; ROJO"}]},{"@type":"WebSite","@id":"https:\/\/demoweb.info\/sexshop001\/#website","url":"https:\/\/demoweb.info\/sexshop001\/","name":"Tienda Er\u00f3tica","description":"DEMOWEB SL","potentialAction":[{"@type":"SearchAction","target":{"@type":"EntryPoint","urlTemplate":"https:\/\/demoweb.info\/sexshop001\/?s={search_term_string}"},"query-input":"required name=search_term_string"}],"inLanguage":"es"}]}},"_links":{"self":[{"href":"https:\/\/demoweb.info\/sexshop001\/wp-json\/wp\/v3\/product\/24055","targetHints":{"allow":["GET"]}}],"collection":[{"href":"https:\/\/demoweb.info\/sexshop001\/wp-json\/wp\/v3\/product"}],"about":[{"href":"https:\/\/demoweb.info\/sexshop001\/wp-json\/wp\/v2\/types\/product"}],"replies":[{"embeddable":true,"href":"https:\/\/demoweb.info\/sexshop001\/wp-json\/wp\/v2\/comments?post=24055"}],"wp:featuredmedia":[{"embeddable":true,"href":"https:\/\/demoweb.info\/sexshop001\/wp-json\/wp\/v2\/media\/24056"}],"wp:attachment":[{"href":"https:\/\/demoweb.info\/sexshop001\/wp-json\/wp\/v2\/media?parent=24055"}],"wp:term":[{"taxonomy":"product_cat","embeddable":true,"href":"https:\/\/demoweb.info\/sexshop001\/wp-json\/wp\/v2\/product_cat?post=24055"},{"taxonomy":"product_tag","embeddable":true,"href":"https:\/\/demoweb.info\/sexshop001\/wp-json\/wp\/v2\/product_tag?post=24055"}],"curies":[{"name":"wp","href":"https:\/\/api.w.org\/{rel}","templated":true}]}}