{"id":23922,"date":"2022-01-22T11:37:47","date_gmt":"2022-01-22T10:37:47","guid":{"rendered":"https:\/\/demoweb.info\/sexshop001\/producto\/lelo-mona-2-vibrador-rojo\/"},"modified":"2022-01-22T11:37:58","modified_gmt":"2022-01-22T10:37:58","slug":"lelo-mona-2-vibrador-rojo","status":"publish","type":"product","link":"https:\/\/demoweb.info\/sexshop001\/producto\/lelo-mona-2-vibrador-rojo\/","title":{"rendered":"LELO MONA 2 VIBRADOR ROJO"},"content":{"rendered":"<p><strong>LELO MONA 2 VIBRATOR RED<\/strong> hace gala de un dise\u00f1o muy elegante y atractivo.<\/p>\n<p>De este precioso vibrador de tama\u00f1o medio puede decirse que tiene curvas donde hay que tenerlas: gracias a sus formas ergon\u00f3micas es capaz de provocar sensaciones de una intensidad y plenitud que parecer\u00edan imposibles en un vibrador de este tama\u00f1o.<\/p>\n<p>Sus seis modos de estimulaci\u00f3n tambi\u00e9n contribuyen a que tan deliciosa aventura de exploraci\u00f3n se prolongue en el tiempo sin que decaiga jam\u00e1s el inter\u00e9s.<\/p>\n<p>Dise\u00f1ado tambi\u00e9n para estimular de maneras muy diversas el punto G y el cl\u00edtoris, <strong>MONA 2<\/strong> resulta ideal para quienes, a solas o en pareja, quieren llevar su sensualidad un poco m\u00e1s lejos y satisfacer el deseo de vivir por dentro una experiencia incomparable.<\/p>\n<p>Como ocurre con todos los objetos de placer <strong>LELO<\/strong>, <strong>MONA 2<\/strong> est\u00e1 dise\u00f1ado para proporcionar un intenso gozo f\u00edsico y una absoluta paz espiritual en cualquier situaci\u00f3n y bajo cualquier circunstancia.<\/p>\n<p>Fabricado con pl\u00e1stico PC-ABS\/ silicona aprobados por la FDA y libres de ftalato, <strong>MONA<\/strong> proporciona 4 horas de vibraciones pr\u00e1cticamente silenciosas tras un tiempo de carga de apenas 2 horas.<\/p>\n<p>La velocidad y la intensidad se regulan f\u00e1cilmente mediante un intuitivo disco de control, y ambas funciones pueden bloquearse completamente para garantizar un discreto transporte del objeto en todo momento.<\/p>\n<p>Asimismo, MONA se presenta en una elegante caja de regalo que contiene una lujosa bolsita de sat\u00e9n para guardarlo, adem\u00e1s de un cargador, el manual de usuario y la garant\u00eda completa LELO de 1 a\u00f1o.<\/p>\n<p>Ahora el nuevo <strong>MONA 2<\/strong> incluye nuevas mejoras respecto a la versi\u00f3n anterior:<br \/>\n&#8211; Dispone de un contorno \u00fanico para alcanzar el punto G, transmitiendo placer ah\u00ed donde m\u00e1s cuenta.<br \/>\n&#8211; El doble de potencia en cada uno de sus 6 patrones de vibraci\u00f3n. Sus motores han sido mejorados para llevar tu placer al l\u00edmite.<br \/>\n&#8211; Ahora totalmente sumergible para un uso m\u00e1s vers\u00e1til. Para que lo puedas disfrutar en el ba\u00f1o o en la ducha y tambi\u00e9n limpiarlo con m\u00e1s facilidad.<br \/>\n&#8211; Recargable, silencioso y listo para viajar. Bloqueo total con discretas y placenteras vibraciones.<br \/>\n&#8211; Seguro para el cuerpo y muy c\u00f3modo. Fabricado con silicona FDA con revestimiento de extrema suavidad.<br \/>\n&#8211; Calidad y garant\u00eda sin rival. Dispone de 1 a\u00f1o de garant\u00eda <strong>Lelo<\/strong> para tu m\u00e1xima tranquilidad.<\/p>\n<p>Tama\u00f1o: 20 x 3,5 cm.<\/p>\n","protected":false},"excerpt":{"rendered":"<p>LELO MONA 2 VIBRATOR RED hace gala de un dise\u00f1o muy elegante y atractivo. De este precioso vibrador de tama\u00f1o<\/p>\n","protected":false},"featured_media":23923,"comment_status":"open","ping_status":"open","template":"","meta":[],"product_cat":[502],"product_tag":[406],"class_list":["post-23922","product","type-product","status-publish","has-post-thumbnail","hentry","product_cat-luxury","product_tag-lelo"],"bundled_by":[],"bundle_stock_status":"instock","bundle_stock_quantity":1,"bundle_virtual":false,"bundle_layout":"","bundle_add_to_cart_form_location":"","bundle_editable_in_cart":false,"bundle_sold_individually_context":"","bundle_item_grouping":"","bundle_min_size":"","bundle_max_size":"","bundled_items":[],"yoast_head":"<!-- This site is optimized with the Yoast SEO plugin v20.6 - https:\/\/yoast.com\/wordpress\/plugins\/seo\/ -->\n<title>LELO MONA 2 VIBRADOR ROJO - Tienda Er\u00f3tica<\/title>\n<meta name=\"robots\" content=\"noindex, follow, max-snippet:-1, max-image-preview:large, max-video-preview:-1\" \/>\n<meta property=\"og:locale\" content=\"es_ES\" \/>\n<meta property=\"og:type\" content=\"article\" \/>\n<meta property=\"og:title\" content=\"LELO MONA 2 VIBRADOR ROJO - Tienda Er\u00f3tica\" \/>\n<meta property=\"og:description\" content=\"LELO MONA 2 VIBRATOR RED hace gala de un dise\u00f1o muy elegante y atractivo. De este precioso vibrador de tama\u00f1o\" \/>\n<meta property=\"og:url\" content=\"https:\/\/demoweb.info\/sexshop001\/producto\/lelo-mona-2-vibrador-rojo\/\" \/>\n<meta property=\"og:site_name\" content=\"Tienda Er\u00f3tica\" \/>\n<meta property=\"article:modified_time\" content=\"2022-01-22T10:37:58+00:00\" \/>\n<meta property=\"og:image\" content=\"https:\/\/demoweb.info\/sexshop001\/wp-content\/uploads\/2022\/01\/LELO-MONA-2-VIBRADOR-ROJO.jpg\" \/>\n\t<meta property=\"og:image:width\" content=\"550\" \/>\n\t<meta property=\"og:image:height\" content=\"550\" \/>\n\t<meta property=\"og:image:type\" content=\"image\/jpeg\" \/>\n<meta name=\"twitter:card\" content=\"summary_large_image\" \/>\n<meta name=\"twitter:label1\" content=\"Tiempo de lectura\" \/>\n\t<meta name=\"twitter:data1\" content=\"2 minutos\" \/>\n<script type=\"application\/ld+json\" class=\"yoast-schema-graph\">{\"@context\":\"https:\/\/schema.org\",\"@graph\":[{\"@type\":\"WebPage\",\"@id\":\"https:\/\/demoweb.info\/sexshop001\/producto\/lelo-mona-2-vibrador-rojo\/\",\"url\":\"https:\/\/demoweb.info\/sexshop001\/producto\/lelo-mona-2-vibrador-rojo\/\",\"name\":\"LELO MONA 2 VIBRADOR ROJO - Tienda Er\u00f3tica\",\"isPartOf\":{\"@id\":\"https:\/\/demoweb.info\/sexshop001\/#website\"},\"datePublished\":\"2022-01-22T10:37:47+00:00\",\"dateModified\":\"2022-01-22T10:37:58+00:00\",\"breadcrumb\":{\"@id\":\"https:\/\/demoweb.info\/sexshop001\/producto\/lelo-mona-2-vibrador-rojo\/#breadcrumb\"},\"inLanguage\":\"es\",\"potentialAction\":[{\"@type\":\"ReadAction\",\"target\":[\"https:\/\/demoweb.info\/sexshop001\/producto\/lelo-mona-2-vibrador-rojo\/\"]}]},{\"@type\":\"BreadcrumbList\",\"@id\":\"https:\/\/demoweb.info\/sexshop001\/producto\/lelo-mona-2-vibrador-rojo\/#breadcrumb\",\"itemListElement\":[{\"@type\":\"ListItem\",\"position\":1,\"name\":\"Portada\",\"item\":\"https:\/\/demoweb.info\/sexshop001\/\"},{\"@type\":\"ListItem\",\"position\":2,\"name\":\"Tienda\",\"item\":\"https:\/\/demoweb.info\/sexshop001\/tienda\/\"},{\"@type\":\"ListItem\",\"position\":3,\"name\":\"LELO MONA 2 VIBRADOR ROJO\"}]},{\"@type\":\"WebSite\",\"@id\":\"https:\/\/demoweb.info\/sexshop001\/#website\",\"url\":\"https:\/\/demoweb.info\/sexshop001\/\",\"name\":\"Tienda Er\u00f3tica\",\"description\":\"DEMOWEB SL\",\"potentialAction\":[{\"@type\":\"SearchAction\",\"target\":{\"@type\":\"EntryPoint\",\"urlTemplate\":\"https:\/\/demoweb.info\/sexshop001\/?s={search_term_string}\"},\"query-input\":\"required name=search_term_string\"}],\"inLanguage\":\"es\"}]}<\/script>\n<!-- \/ Yoast SEO plugin. -->","yoast_head_json":{"title":"LELO MONA 2 VIBRADOR ROJO - Tienda Er\u00f3tica","robots":{"index":"noindex","follow":"follow","max-snippet":"max-snippet:-1","max-image-preview":"max-image-preview:large","max-video-preview":"max-video-preview:-1"},"og_locale":"es_ES","og_type":"article","og_title":"LELO MONA 2 VIBRADOR ROJO - Tienda Er\u00f3tica","og_description":"LELO MONA 2 VIBRATOR RED hace gala de un dise\u00f1o muy elegante y atractivo. De este precioso vibrador de tama\u00f1o","og_url":"https:\/\/demoweb.info\/sexshop001\/producto\/lelo-mona-2-vibrador-rojo\/","og_site_name":"Tienda Er\u00f3tica","article_modified_time":"2022-01-22T10:37:58+00:00","og_image":[{"width":550,"height":550,"url":"https:\/\/demoweb.info\/sexshop001\/wp-content\/uploads\/2022\/01\/LELO-MONA-2-VIBRADOR-ROJO.jpg","type":"image\/jpeg"}],"twitter_card":"summary_large_image","twitter_misc":{"Tiempo de lectura":"2 minutos"},"schema":{"@context":"https:\/\/schema.org","@graph":[{"@type":"WebPage","@id":"https:\/\/demoweb.info\/sexshop001\/producto\/lelo-mona-2-vibrador-rojo\/","url":"https:\/\/demoweb.info\/sexshop001\/producto\/lelo-mona-2-vibrador-rojo\/","name":"LELO MONA 2 VIBRADOR ROJO - Tienda Er\u00f3tica","isPartOf":{"@id":"https:\/\/demoweb.info\/sexshop001\/#website"},"datePublished":"2022-01-22T10:37:47+00:00","dateModified":"2022-01-22T10:37:58+00:00","breadcrumb":{"@id":"https:\/\/demoweb.info\/sexshop001\/producto\/lelo-mona-2-vibrador-rojo\/#breadcrumb"},"inLanguage":"es","potentialAction":[{"@type":"ReadAction","target":["https:\/\/demoweb.info\/sexshop001\/producto\/lelo-mona-2-vibrador-rojo\/"]}]},{"@type":"BreadcrumbList","@id":"https:\/\/demoweb.info\/sexshop001\/producto\/lelo-mona-2-vibrador-rojo\/#breadcrumb","itemListElement":[{"@type":"ListItem","position":1,"name":"Portada","item":"https:\/\/demoweb.info\/sexshop001\/"},{"@type":"ListItem","position":2,"name":"Tienda","item":"https:\/\/demoweb.info\/sexshop001\/tienda\/"},{"@type":"ListItem","position":3,"name":"LELO MONA 2 VIBRADOR ROJO"}]},{"@type":"WebSite","@id":"https:\/\/demoweb.info\/sexshop001\/#website","url":"https:\/\/demoweb.info\/sexshop001\/","name":"Tienda Er\u00f3tica","description":"DEMOWEB SL","potentialAction":[{"@type":"SearchAction","target":{"@type":"EntryPoint","urlTemplate":"https:\/\/demoweb.info\/sexshop001\/?s={search_term_string}"},"query-input":"required name=search_term_string"}],"inLanguage":"es"}]}},"_links":{"self":[{"href":"https:\/\/demoweb.info\/sexshop001\/wp-json\/wp\/v3\/product\/23922","targetHints":{"allow":["GET"]}}],"collection":[{"href":"https:\/\/demoweb.info\/sexshop001\/wp-json\/wp\/v3\/product"}],"about":[{"href":"https:\/\/demoweb.info\/sexshop001\/wp-json\/wp\/v2\/types\/product"}],"replies":[{"embeddable":true,"href":"https:\/\/demoweb.info\/sexshop001\/wp-json\/wp\/v2\/comments?post=23922"}],"wp:featuredmedia":[{"embeddable":true,"href":"https:\/\/demoweb.info\/sexshop001\/wp-json\/wp\/v2\/media\/23923"}],"wp:attachment":[{"href":"https:\/\/demoweb.info\/sexshop001\/wp-json\/wp\/v2\/media?parent=23922"}],"wp:term":[{"taxonomy":"product_cat","embeddable":true,"href":"https:\/\/demoweb.info\/sexshop001\/wp-json\/wp\/v2\/product_cat?post=23922"},{"taxonomy":"product_tag","embeddable":true,"href":"https:\/\/demoweb.info\/sexshop001\/wp-json\/wp\/v2\/product_tag?post=23922"}],"curies":[{"name":"wp","href":"https:\/\/api.w.org\/{rel}","templated":true}]}}