{"id":23899,"date":"2022-01-22T11:37:17","date_gmt":"2022-01-22T10:37:17","guid":{"rendered":"https:\/\/demoweb.info\/sexshop001\/producto\/fleshjack-boys-diego-sans-sex-machine-signature-butt\/"},"modified":"2022-01-22T11:37:41","modified_gmt":"2022-01-22T10:37:41","slug":"fleshjack-boys-diego-sans-sex-machine-signature-butt","status":"publish","type":"product","link":"https:\/\/demoweb.info\/sexshop001\/producto\/fleshjack-boys-diego-sans-sex-machine-signature-butt\/","title":{"rendered":"FLESHJACK BOYS DIEGO SANS SEX MACHINE SIGNATURE BUTT"},"content":{"rendered":"<p><strong>FLESHJACK BOYS DIEGO SANS SEX MACHINE SIGNATURE BUTT<\/strong><\/p>\n<p>Dentro del ano de Diego Sans hay surcos y protuberancias ocultos y una textura estampada que estimular\u00e1 tu pene de una manera nueva y deliciosa. Obtienes su textura caracter\u00edstica Sex Machine en una caja azul perla, y eliges qu\u00e9 tan estrecho quieres ajustando el vac\u00edo. Para ello, aprieta y afloja la tapa del extremo.<\/p>\n<p>Caracter\u00edsticas:<\/p>\n<ul>\n<li>Funda Masturbadora<\/li>\n<li>Textura Fleshjack: Bliss<\/li>\n<li>Estilo: Ano<\/li>\n<li>F\u00e1cil de usar y limpiar<\/li>\n<li>Material: Superskin<\/li>\n<li>Color: Carne<\/li>\n<\/ul>\n","protected":false},"excerpt":{"rendered":"<p>FLESHJACK BOYS DIEGO SANS SEX MACHINE SIGNATURE BUTT Dentro del ano de Diego Sans hay surcos y protuberancias ocultos y<\/p>\n","protected":false},"featured_media":23900,"comment_status":"open","ping_status":"open","template":"","meta":[],"product_cat":[468],"product_tag":[1080,576],"class_list":["post-23899","product","type-product","status-publish","has-post-thumbnail","hentry","product_cat-anos","product_tag-fleshjack-boys","product_tag-fleshlight"],"bundled_by":[],"bundle_stock_status":"instock","bundle_stock_quantity":3,"bundle_virtual":false,"bundle_layout":"","bundle_add_to_cart_form_location":"","bundle_editable_in_cart":false,"bundle_sold_individually_context":"","bundle_item_grouping":"","bundle_min_size":"","bundle_max_size":"","bundled_items":[],"yoast_head":"<!-- This site is optimized with the Yoast SEO plugin v20.6 - https:\/\/yoast.com\/wordpress\/plugins\/seo\/ -->\n<title>FLESHJACK BOYS DIEGO SANS SEX MACHINE SIGNATURE BUTT - Tienda Er\u00f3tica<\/title>\n<meta name=\"robots\" content=\"noindex, follow, max-snippet:-1, max-image-preview:large, max-video-preview:-1\" \/>\n<meta property=\"og:locale\" content=\"es_ES\" \/>\n<meta property=\"og:type\" content=\"article\" \/>\n<meta property=\"og:title\" content=\"FLESHJACK BOYS DIEGO SANS SEX MACHINE SIGNATURE BUTT - Tienda Er\u00f3tica\" \/>\n<meta property=\"og:description\" content=\"FLESHJACK BOYS DIEGO SANS SEX MACHINE SIGNATURE BUTT Dentro del ano de Diego Sans hay surcos y protuberancias ocultos y\" \/>\n<meta property=\"og:url\" content=\"https:\/\/demoweb.info\/sexshop001\/producto\/fleshjack-boys-diego-sans-sex-machine-signature-butt\/\" \/>\n<meta property=\"og:site_name\" content=\"Tienda Er\u00f3tica\" \/>\n<meta property=\"article:modified_time\" content=\"2022-01-22T10:37:41+00:00\" \/>\n<meta property=\"og:image\" content=\"https:\/\/demoweb.info\/sexshop001\/wp-content\/uploads\/2022\/01\/FLESHJACK-BOYS-DIEGO-SANS-SEX-MACHINE-SIGNATURE-BUTT.jpg\" \/>\n\t<meta property=\"og:image:width\" content=\"550\" \/>\n\t<meta property=\"og:image:height\" content=\"550\" \/>\n\t<meta property=\"og:image:type\" content=\"image\/jpeg\" \/>\n<meta name=\"twitter:card\" content=\"summary_large_image\" \/>\n<script type=\"application\/ld+json\" class=\"yoast-schema-graph\">{\"@context\":\"https:\/\/schema.org\",\"@graph\":[{\"@type\":\"WebPage\",\"@id\":\"https:\/\/demoweb.info\/sexshop001\/producto\/fleshjack-boys-diego-sans-sex-machine-signature-butt\/\",\"url\":\"https:\/\/demoweb.info\/sexshop001\/producto\/fleshjack-boys-diego-sans-sex-machine-signature-butt\/\",\"name\":\"FLESHJACK BOYS DIEGO SANS SEX MACHINE SIGNATURE BUTT - Tienda Er\u00f3tica\",\"isPartOf\":{\"@id\":\"https:\/\/demoweb.info\/sexshop001\/#website\"},\"datePublished\":\"2022-01-22T10:37:17+00:00\",\"dateModified\":\"2022-01-22T10:37:41+00:00\",\"breadcrumb\":{\"@id\":\"https:\/\/demoweb.info\/sexshop001\/producto\/fleshjack-boys-diego-sans-sex-machine-signature-butt\/#breadcrumb\"},\"inLanguage\":\"es\",\"potentialAction\":[{\"@type\":\"ReadAction\",\"target\":[\"https:\/\/demoweb.info\/sexshop001\/producto\/fleshjack-boys-diego-sans-sex-machine-signature-butt\/\"]}]},{\"@type\":\"BreadcrumbList\",\"@id\":\"https:\/\/demoweb.info\/sexshop001\/producto\/fleshjack-boys-diego-sans-sex-machine-signature-butt\/#breadcrumb\",\"itemListElement\":[{\"@type\":\"ListItem\",\"position\":1,\"name\":\"Portada\",\"item\":\"https:\/\/demoweb.info\/sexshop001\/\"},{\"@type\":\"ListItem\",\"position\":2,\"name\":\"Tienda\",\"item\":\"https:\/\/demoweb.info\/sexshop001\/tienda\/\"},{\"@type\":\"ListItem\",\"position\":3,\"name\":\"FLESHJACK BOYS DIEGO SANS SEX MACHINE SIGNATURE BUTT\"}]},{\"@type\":\"WebSite\",\"@id\":\"https:\/\/demoweb.info\/sexshop001\/#website\",\"url\":\"https:\/\/demoweb.info\/sexshop001\/\",\"name\":\"Tienda Er\u00f3tica\",\"description\":\"DEMOWEB SL\",\"potentialAction\":[{\"@type\":\"SearchAction\",\"target\":{\"@type\":\"EntryPoint\",\"urlTemplate\":\"https:\/\/demoweb.info\/sexshop001\/?s={search_term_string}\"},\"query-input\":\"required name=search_term_string\"}],\"inLanguage\":\"es\"}]}<\/script>\n<!-- \/ Yoast SEO plugin. -->","yoast_head_json":{"title":"FLESHJACK BOYS DIEGO SANS SEX MACHINE SIGNATURE BUTT - Tienda Er\u00f3tica","robots":{"index":"noindex","follow":"follow","max-snippet":"max-snippet:-1","max-image-preview":"max-image-preview:large","max-video-preview":"max-video-preview:-1"},"og_locale":"es_ES","og_type":"article","og_title":"FLESHJACK BOYS DIEGO SANS SEX MACHINE SIGNATURE BUTT - Tienda Er\u00f3tica","og_description":"FLESHJACK BOYS DIEGO SANS SEX MACHINE SIGNATURE BUTT Dentro del ano de Diego Sans hay surcos y protuberancias ocultos y","og_url":"https:\/\/demoweb.info\/sexshop001\/producto\/fleshjack-boys-diego-sans-sex-machine-signature-butt\/","og_site_name":"Tienda Er\u00f3tica","article_modified_time":"2022-01-22T10:37:41+00:00","og_image":[{"width":550,"height":550,"url":"https:\/\/demoweb.info\/sexshop001\/wp-content\/uploads\/2022\/01\/FLESHJACK-BOYS-DIEGO-SANS-SEX-MACHINE-SIGNATURE-BUTT.jpg","type":"image\/jpeg"}],"twitter_card":"summary_large_image","schema":{"@context":"https:\/\/schema.org","@graph":[{"@type":"WebPage","@id":"https:\/\/demoweb.info\/sexshop001\/producto\/fleshjack-boys-diego-sans-sex-machine-signature-butt\/","url":"https:\/\/demoweb.info\/sexshop001\/producto\/fleshjack-boys-diego-sans-sex-machine-signature-butt\/","name":"FLESHJACK BOYS DIEGO SANS SEX MACHINE SIGNATURE BUTT - Tienda Er\u00f3tica","isPartOf":{"@id":"https:\/\/demoweb.info\/sexshop001\/#website"},"datePublished":"2022-01-22T10:37:17+00:00","dateModified":"2022-01-22T10:37:41+00:00","breadcrumb":{"@id":"https:\/\/demoweb.info\/sexshop001\/producto\/fleshjack-boys-diego-sans-sex-machine-signature-butt\/#breadcrumb"},"inLanguage":"es","potentialAction":[{"@type":"ReadAction","target":["https:\/\/demoweb.info\/sexshop001\/producto\/fleshjack-boys-diego-sans-sex-machine-signature-butt\/"]}]},{"@type":"BreadcrumbList","@id":"https:\/\/demoweb.info\/sexshop001\/producto\/fleshjack-boys-diego-sans-sex-machine-signature-butt\/#breadcrumb","itemListElement":[{"@type":"ListItem","position":1,"name":"Portada","item":"https:\/\/demoweb.info\/sexshop001\/"},{"@type":"ListItem","position":2,"name":"Tienda","item":"https:\/\/demoweb.info\/sexshop001\/tienda\/"},{"@type":"ListItem","position":3,"name":"FLESHJACK BOYS DIEGO SANS SEX MACHINE SIGNATURE BUTT"}]},{"@type":"WebSite","@id":"https:\/\/demoweb.info\/sexshop001\/#website","url":"https:\/\/demoweb.info\/sexshop001\/","name":"Tienda Er\u00f3tica","description":"DEMOWEB SL","potentialAction":[{"@type":"SearchAction","target":{"@type":"EntryPoint","urlTemplate":"https:\/\/demoweb.info\/sexshop001\/?s={search_term_string}"},"query-input":"required name=search_term_string"}],"inLanguage":"es"}]}},"_links":{"self":[{"href":"https:\/\/demoweb.info\/sexshop001\/wp-json\/wp\/v3\/product\/23899","targetHints":{"allow":["GET"]}}],"collection":[{"href":"https:\/\/demoweb.info\/sexshop001\/wp-json\/wp\/v3\/product"}],"about":[{"href":"https:\/\/demoweb.info\/sexshop001\/wp-json\/wp\/v2\/types\/product"}],"replies":[{"embeddable":true,"href":"https:\/\/demoweb.info\/sexshop001\/wp-json\/wp\/v2\/comments?post=23899"}],"wp:featuredmedia":[{"embeddable":true,"href":"https:\/\/demoweb.info\/sexshop001\/wp-json\/wp\/v2\/media\/23900"}],"wp:attachment":[{"href":"https:\/\/demoweb.info\/sexshop001\/wp-json\/wp\/v2\/media?parent=23899"}],"wp:term":[{"taxonomy":"product_cat","embeddable":true,"href":"https:\/\/demoweb.info\/sexshop001\/wp-json\/wp\/v2\/product_cat?post=23899"},{"taxonomy":"product_tag","embeddable":true,"href":"https:\/\/demoweb.info\/sexshop001\/wp-json\/wp\/v2\/product_tag?post=23899"}],"curies":[{"name":"wp","href":"https:\/\/api.w.org\/{rel}","templated":true}]}}