{"id":23887,"date":"2022-01-22T11:37:17","date_gmt":"2022-01-22T10:37:17","guid":{"rendered":"https:\/\/demoweb.info\/sexshop001\/producto\/sexo-juego-de-cartas-con-posturas-sexuales\/"},"modified":"2022-01-22T11:37:36","modified_gmt":"2022-01-22T10:37:36","slug":"sexo-juego-de-cartas-con-posturas-sexuales","status":"publish","type":"product","link":"https:\/\/demoweb.info\/sexshop001\/producto\/sexo-juego-de-cartas-con-posturas-sexuales\/","title":{"rendered":"\u00a1SEXO! JUEGO DE CARTAS CON POSTURAS SEXUALES"},"content":{"rendered":"<p><strong>\u00a1SEXO! JUEGO DE CARTAS CON POSTURAS SEXUALES<\/strong>, un alocado y rom\u00e1ntico juego de cartas para dos.<\/p>\n<p>Cada carta ilustra una actividad de est\u00edmulo sexual o una posici\u00f3n sexual. Al jugar una de las tres cartas, usted y su pareja usar\u00e1n las cartas para planear una de las 100.000 fantas\u00edas posibles. Despu\u00e9s de construir una fantas\u00eda, ambos la realizaran.<\/p>\n<p>Se puede jugar de tres formas.<\/p>\n<p>Compita para construir la \u00faltima noche de pasi\u00f3n al jugar <strong>La \u00daltima Fantas\u00eda<\/strong>, deje que el destino decida su noche con <strong>El Adivino de la Fortuna<\/strong>, o construya su fantas\u00eda mientras aprende acerca de lo que su pareja le gusta, ama, y desea con <strong>El Apetito Sexual de su Pareja<\/strong>.<br \/>\nContenido<\/p>\n<p>&#8211; 1 Cartas \u00a1Sexo!<br \/>\n&#8211; 3 Cartas con las Reglas<br \/>\n&#8211; 1 de Desata tu Carta de la Fantas\u00eda<\/p>\n","protected":false},"excerpt":{"rendered":"<p>\u00a1SEXO! JUEGO DE CARTAS CON POSTURAS SEXUALES, un alocado y rom\u00e1ntico juego de cartas para dos. Cada carta ilustra una<\/p>\n","protected":false},"featured_media":23888,"comment_status":"open","ping_status":"open","template":"","meta":[],"product_cat":[387],"product_tag":[383],"class_list":["post-23887","product","type-product","status-publish","has-post-thumbnail","hentry","product_cat-juegos-sociedad","product_tag-kheper-games"],"bundled_by":[],"bundle_stock_status":"instock","bundle_stock_quantity":1,"bundle_virtual":false,"bundle_layout":"","bundle_add_to_cart_form_location":"","bundle_editable_in_cart":false,"bundle_sold_individually_context":"","bundle_item_grouping":"","bundle_min_size":"","bundle_max_size":"","bundled_items":[],"yoast_head":"<!-- This site is optimized with the Yoast SEO plugin v20.6 - https:\/\/yoast.com\/wordpress\/plugins\/seo\/ -->\n<title>\u00a1SEXO! JUEGO DE CARTAS CON POSTURAS SEXUALES - Tienda Er\u00f3tica<\/title>\n<meta name=\"robots\" content=\"noindex, follow, max-snippet:-1, max-image-preview:large, max-video-preview:-1\" \/>\n<meta property=\"og:locale\" content=\"es_ES\" \/>\n<meta property=\"og:type\" content=\"article\" \/>\n<meta property=\"og:title\" content=\"\u00a1SEXO! JUEGO DE CARTAS CON POSTURAS SEXUALES - Tienda Er\u00f3tica\" \/>\n<meta property=\"og:description\" content=\"\u00a1SEXO! JUEGO DE CARTAS CON POSTURAS SEXUALES, un alocado y rom\u00e1ntico juego de cartas para dos. Cada carta ilustra una\" \/>\n<meta property=\"og:url\" content=\"https:\/\/demoweb.info\/sexshop001\/producto\/sexo-juego-de-cartas-con-posturas-sexuales\/\" \/>\n<meta property=\"og:site_name\" content=\"Tienda Er\u00f3tica\" \/>\n<meta property=\"article:modified_time\" content=\"2022-01-22T10:37:36+00:00\" \/>\n<meta property=\"og:image\" content=\"https:\/\/demoweb.info\/sexshop001\/wp-content\/uploads\/2022\/01\/\u00a1SEXO-JUEGO-DE-CARTAS-CON-POSTURAS-SEXUALES.jpg\" \/>\n\t<meta property=\"og:image:width\" content=\"550\" \/>\n\t<meta property=\"og:image:height\" content=\"550\" \/>\n\t<meta property=\"og:image:type\" content=\"image\/jpeg\" \/>\n<meta name=\"twitter:card\" content=\"summary_large_image\" \/>\n<meta name=\"twitter:label1\" content=\"Tiempo de lectura\" \/>\n\t<meta name=\"twitter:data1\" content=\"1 minuto\" \/>\n<script type=\"application\/ld+json\" class=\"yoast-schema-graph\">{\"@context\":\"https:\/\/schema.org\",\"@graph\":[{\"@type\":\"WebPage\",\"@id\":\"https:\/\/demoweb.info\/sexshop001\/producto\/sexo-juego-de-cartas-con-posturas-sexuales\/\",\"url\":\"https:\/\/demoweb.info\/sexshop001\/producto\/sexo-juego-de-cartas-con-posturas-sexuales\/\",\"name\":\"\u00a1SEXO! JUEGO DE CARTAS CON POSTURAS SEXUALES - Tienda Er\u00f3tica\",\"isPartOf\":{\"@id\":\"https:\/\/demoweb.info\/sexshop001\/#website\"},\"datePublished\":\"2022-01-22T10:37:17+00:00\",\"dateModified\":\"2022-01-22T10:37:36+00:00\",\"breadcrumb\":{\"@id\":\"https:\/\/demoweb.info\/sexshop001\/producto\/sexo-juego-de-cartas-con-posturas-sexuales\/#breadcrumb\"},\"inLanguage\":\"es\",\"potentialAction\":[{\"@type\":\"ReadAction\",\"target\":[\"https:\/\/demoweb.info\/sexshop001\/producto\/sexo-juego-de-cartas-con-posturas-sexuales\/\"]}]},{\"@type\":\"BreadcrumbList\",\"@id\":\"https:\/\/demoweb.info\/sexshop001\/producto\/sexo-juego-de-cartas-con-posturas-sexuales\/#breadcrumb\",\"itemListElement\":[{\"@type\":\"ListItem\",\"position\":1,\"name\":\"Portada\",\"item\":\"https:\/\/demoweb.info\/sexshop001\/\"},{\"@type\":\"ListItem\",\"position\":2,\"name\":\"Tienda\",\"item\":\"https:\/\/demoweb.info\/sexshop001\/tienda\/\"},{\"@type\":\"ListItem\",\"position\":3,\"name\":\"\u00a1SEXO! JUEGO DE CARTAS CON POSTURAS SEXUALES\"}]},{\"@type\":\"WebSite\",\"@id\":\"https:\/\/demoweb.info\/sexshop001\/#website\",\"url\":\"https:\/\/demoweb.info\/sexshop001\/\",\"name\":\"Tienda Er\u00f3tica\",\"description\":\"DEMOWEB SL\",\"potentialAction\":[{\"@type\":\"SearchAction\",\"target\":{\"@type\":\"EntryPoint\",\"urlTemplate\":\"https:\/\/demoweb.info\/sexshop001\/?s={search_term_string}\"},\"query-input\":\"required name=search_term_string\"}],\"inLanguage\":\"es\"}]}<\/script>\n<!-- \/ Yoast SEO plugin. -->","yoast_head_json":{"title":"\u00a1SEXO! JUEGO DE CARTAS CON POSTURAS SEXUALES - Tienda Er\u00f3tica","robots":{"index":"noindex","follow":"follow","max-snippet":"max-snippet:-1","max-image-preview":"max-image-preview:large","max-video-preview":"max-video-preview:-1"},"og_locale":"es_ES","og_type":"article","og_title":"\u00a1SEXO! JUEGO DE CARTAS CON POSTURAS SEXUALES - Tienda Er\u00f3tica","og_description":"\u00a1SEXO! JUEGO DE CARTAS CON POSTURAS SEXUALES, un alocado y rom\u00e1ntico juego de cartas para dos. Cada carta ilustra una","og_url":"https:\/\/demoweb.info\/sexshop001\/producto\/sexo-juego-de-cartas-con-posturas-sexuales\/","og_site_name":"Tienda Er\u00f3tica","article_modified_time":"2022-01-22T10:37:36+00:00","og_image":[{"width":550,"height":550,"url":"https:\/\/demoweb.info\/sexshop001\/wp-content\/uploads\/2022\/01\/\u00a1SEXO-JUEGO-DE-CARTAS-CON-POSTURAS-SEXUALES.jpg","type":"image\/jpeg"}],"twitter_card":"summary_large_image","twitter_misc":{"Tiempo de lectura":"1 minuto"},"schema":{"@context":"https:\/\/schema.org","@graph":[{"@type":"WebPage","@id":"https:\/\/demoweb.info\/sexshop001\/producto\/sexo-juego-de-cartas-con-posturas-sexuales\/","url":"https:\/\/demoweb.info\/sexshop001\/producto\/sexo-juego-de-cartas-con-posturas-sexuales\/","name":"\u00a1SEXO! JUEGO DE CARTAS CON POSTURAS SEXUALES - Tienda Er\u00f3tica","isPartOf":{"@id":"https:\/\/demoweb.info\/sexshop001\/#website"},"datePublished":"2022-01-22T10:37:17+00:00","dateModified":"2022-01-22T10:37:36+00:00","breadcrumb":{"@id":"https:\/\/demoweb.info\/sexshop001\/producto\/sexo-juego-de-cartas-con-posturas-sexuales\/#breadcrumb"},"inLanguage":"es","potentialAction":[{"@type":"ReadAction","target":["https:\/\/demoweb.info\/sexshop001\/producto\/sexo-juego-de-cartas-con-posturas-sexuales\/"]}]},{"@type":"BreadcrumbList","@id":"https:\/\/demoweb.info\/sexshop001\/producto\/sexo-juego-de-cartas-con-posturas-sexuales\/#breadcrumb","itemListElement":[{"@type":"ListItem","position":1,"name":"Portada","item":"https:\/\/demoweb.info\/sexshop001\/"},{"@type":"ListItem","position":2,"name":"Tienda","item":"https:\/\/demoweb.info\/sexshop001\/tienda\/"},{"@type":"ListItem","position":3,"name":"\u00a1SEXO! JUEGO DE CARTAS CON POSTURAS SEXUALES"}]},{"@type":"WebSite","@id":"https:\/\/demoweb.info\/sexshop001\/#website","url":"https:\/\/demoweb.info\/sexshop001\/","name":"Tienda Er\u00f3tica","description":"DEMOWEB SL","potentialAction":[{"@type":"SearchAction","target":{"@type":"EntryPoint","urlTemplate":"https:\/\/demoweb.info\/sexshop001\/?s={search_term_string}"},"query-input":"required name=search_term_string"}],"inLanguage":"es"}]}},"_links":{"self":[{"href":"https:\/\/demoweb.info\/sexshop001\/wp-json\/wp\/v3\/product\/23887","targetHints":{"allow":["GET"]}}],"collection":[{"href":"https:\/\/demoweb.info\/sexshop001\/wp-json\/wp\/v3\/product"}],"about":[{"href":"https:\/\/demoweb.info\/sexshop001\/wp-json\/wp\/v2\/types\/product"}],"replies":[{"embeddable":true,"href":"https:\/\/demoweb.info\/sexshop001\/wp-json\/wp\/v2\/comments?post=23887"}],"wp:featuredmedia":[{"embeddable":true,"href":"https:\/\/demoweb.info\/sexshop001\/wp-json\/wp\/v2\/media\/23888"}],"wp:attachment":[{"href":"https:\/\/demoweb.info\/sexshop001\/wp-json\/wp\/v2\/media?parent=23887"}],"wp:term":[{"taxonomy":"product_cat","embeddable":true,"href":"https:\/\/demoweb.info\/sexshop001\/wp-json\/wp\/v2\/product_cat?post=23887"},{"taxonomy":"product_tag","embeddable":true,"href":"https:\/\/demoweb.info\/sexshop001\/wp-json\/wp\/v2\/product_tag?post=23887"}],"curies":[{"name":"wp","href":"https:\/\/api.w.org\/{rel}","templated":true}]}}