{"id":23881,"date":"2022-01-22T11:37:17","date_gmt":"2022-01-22T10:37:17","guid":{"rendered":"https:\/\/demoweb.info\/sexshop001\/producto\/cincuenta-sombras-de-grey-trilogia-cincuenta-sombras-1\/"},"modified":"2022-01-22T11:37:34","modified_gmt":"2022-01-22T10:37:34","slug":"cincuenta-sombras-de-grey-trilogia-cincuenta-sombras-1","status":"publish","type":"product","link":"https:\/\/demoweb.info\/sexshop001\/producto\/cincuenta-sombras-de-grey-trilogia-cincuenta-sombras-1\/","title":{"rendered":"CINCUENTA SOMBRAS DE GREY (TRILOGIA CINCUENTA SOMBRAS 1)"},"content":{"rendered":"<p><strong>CINCUENTA SOMBRAS DE GREY (TRILOGIA CINCUENTA SOMBRAS 1)<\/strong>.<\/p>\n<p><strong>E.L. James<\/strong>.<\/p>\n<p><strong>La rom\u00e1ntica, sensual, er\u00f3tica y totalmente adictiva historia de la apasionada relaci\u00f3n entre una estudiante universitaria y un joven multimillonario. <\/strong><\/p>\n<p>Cuando la estudiante de Literatura Anastasia Steele recibe el encargo de entrevistar al exitoso y joven empresario Christian Grey, queda impresionada al encontrarse ante un hombre atractivo, seductor y tambi\u00e9n muy intimidante. La inexperta e inocente Ana intenta olvidarle, pero pronto comprende cu\u00e1nto le desea. Cuando la pareja por fin inicia una apasionada relaci\u00f3n, Ana se sorprende por las peculiares pr\u00e1cticas er\u00f3ticas de Grey, al tiempo que descubre los l\u00edmites de sus propios y m\u00e1s oscuros deseos.<\/p>\n<p>Cincuenta sombras: la exitosa combinaci\u00f3n de historia rom\u00e1ntica y juego er\u00f3tico de alto voltaje que ha tocado la fibra de muchas mujeres. Daily News<\/p>\n<p>Cincuenta sombras de Grey es la primera parte de la trilog\u00eda Cincuenta sombras, que contin\u00faa con Cincuenta sombras m\u00e1s oscuras y Cincuenta sombras liberadas.<\/p>\n<p>544 P\u00e1ginas.<\/p>\n<p>978-84-253-4883-9<\/p>\n<p>Tapa blanda con solapa 15,5 x 23 cm.<\/p>\n","protected":false},"excerpt":{"rendered":"<p>CINCUENTA SOMBRAS DE GREY (TRILOGIA CINCUENTA SOMBRAS 1). E.L. James. La rom\u00e1ntica, sensual, er\u00f3tica y totalmente adictiva historia de la<\/p>\n","protected":false},"featured_media":23882,"comment_status":"open","ping_status":"open","template":"","meta":[],"product_cat":[713],"product_tag":[416,415],"class_list":["post-23881","product","type-product","status-publish","has-post-thumbnail","hentry","product_cat-libros-lectura","product_tag-grijalbo","product_tag-random-house"],"bundled_by":[],"bundle_stock_status":"instock","bundle_stock_quantity":5,"bundle_virtual":false,"bundle_layout":"","bundle_add_to_cart_form_location":"","bundle_editable_in_cart":false,"bundle_sold_individually_context":"","bundle_item_grouping":"","bundle_min_size":"","bundle_max_size":"","bundled_items":[],"yoast_head":"<!-- This site is optimized with the Yoast SEO plugin v20.6 - https:\/\/yoast.com\/wordpress\/plugins\/seo\/ -->\n<title>CINCUENTA SOMBRAS DE GREY (TRILOGIA CINCUENTA SOMBRAS 1) - Tienda Er\u00f3tica<\/title>\n<meta name=\"robots\" content=\"noindex, follow, max-snippet:-1, max-image-preview:large, max-video-preview:-1\" \/>\n<meta property=\"og:locale\" content=\"es_ES\" \/>\n<meta property=\"og:type\" content=\"article\" \/>\n<meta property=\"og:title\" content=\"CINCUENTA SOMBRAS DE GREY (TRILOGIA CINCUENTA SOMBRAS 1) - Tienda Er\u00f3tica\" \/>\n<meta property=\"og:description\" content=\"CINCUENTA SOMBRAS DE GREY (TRILOGIA CINCUENTA SOMBRAS 1). E.L. James. La rom\u00e1ntica, sensual, er\u00f3tica y totalmente adictiva historia de la\" \/>\n<meta property=\"og:url\" content=\"https:\/\/demoweb.info\/sexshop001\/producto\/cincuenta-sombras-de-grey-trilogia-cincuenta-sombras-1\/\" \/>\n<meta property=\"og:site_name\" content=\"Tienda Er\u00f3tica\" \/>\n<meta property=\"article:modified_time\" content=\"2022-01-22T10:37:34+00:00\" \/>\n<meta property=\"og:image\" content=\"https:\/\/demoweb.info\/sexshop001\/wp-content\/uploads\/2022\/01\/CINCUENTA-SOMBRAS-DE-GREY-TRILOGIA-CINCUENTA-SOMBRAS-1.jpg\" \/>\n\t<meta property=\"og:image:width\" content=\"550\" \/>\n\t<meta property=\"og:image:height\" content=\"550\" \/>\n\t<meta property=\"og:image:type\" content=\"image\/jpeg\" \/>\n<meta name=\"twitter:card\" content=\"summary_large_image\" \/>\n<meta name=\"twitter:label1\" content=\"Tiempo de lectura\" \/>\n\t<meta name=\"twitter:data1\" content=\"1 minuto\" \/>\n<script type=\"application\/ld+json\" class=\"yoast-schema-graph\">{\"@context\":\"https:\/\/schema.org\",\"@graph\":[{\"@type\":\"WebPage\",\"@id\":\"https:\/\/demoweb.info\/sexshop001\/producto\/cincuenta-sombras-de-grey-trilogia-cincuenta-sombras-1\/\",\"url\":\"https:\/\/demoweb.info\/sexshop001\/producto\/cincuenta-sombras-de-grey-trilogia-cincuenta-sombras-1\/\",\"name\":\"CINCUENTA SOMBRAS DE GREY (TRILOGIA CINCUENTA SOMBRAS 1) - Tienda Er\u00f3tica\",\"isPartOf\":{\"@id\":\"https:\/\/demoweb.info\/sexshop001\/#website\"},\"datePublished\":\"2022-01-22T10:37:17+00:00\",\"dateModified\":\"2022-01-22T10:37:34+00:00\",\"breadcrumb\":{\"@id\":\"https:\/\/demoweb.info\/sexshop001\/producto\/cincuenta-sombras-de-grey-trilogia-cincuenta-sombras-1\/#breadcrumb\"},\"inLanguage\":\"es\",\"potentialAction\":[{\"@type\":\"ReadAction\",\"target\":[\"https:\/\/demoweb.info\/sexshop001\/producto\/cincuenta-sombras-de-grey-trilogia-cincuenta-sombras-1\/\"]}]},{\"@type\":\"BreadcrumbList\",\"@id\":\"https:\/\/demoweb.info\/sexshop001\/producto\/cincuenta-sombras-de-grey-trilogia-cincuenta-sombras-1\/#breadcrumb\",\"itemListElement\":[{\"@type\":\"ListItem\",\"position\":1,\"name\":\"Portada\",\"item\":\"https:\/\/demoweb.info\/sexshop001\/\"},{\"@type\":\"ListItem\",\"position\":2,\"name\":\"Tienda\",\"item\":\"https:\/\/demoweb.info\/sexshop001\/tienda\/\"},{\"@type\":\"ListItem\",\"position\":3,\"name\":\"CINCUENTA SOMBRAS DE GREY (TRILOGIA CINCUENTA SOMBRAS 1)\"}]},{\"@type\":\"WebSite\",\"@id\":\"https:\/\/demoweb.info\/sexshop001\/#website\",\"url\":\"https:\/\/demoweb.info\/sexshop001\/\",\"name\":\"Tienda Er\u00f3tica\",\"description\":\"DEMOWEB SL\",\"potentialAction\":[{\"@type\":\"SearchAction\",\"target\":{\"@type\":\"EntryPoint\",\"urlTemplate\":\"https:\/\/demoweb.info\/sexshop001\/?s={search_term_string}\"},\"query-input\":\"required name=search_term_string\"}],\"inLanguage\":\"es\"}]}<\/script>\n<!-- \/ Yoast SEO plugin. -->","yoast_head_json":{"title":"CINCUENTA SOMBRAS DE GREY (TRILOGIA CINCUENTA SOMBRAS 1) - Tienda Er\u00f3tica","robots":{"index":"noindex","follow":"follow","max-snippet":"max-snippet:-1","max-image-preview":"max-image-preview:large","max-video-preview":"max-video-preview:-1"},"og_locale":"es_ES","og_type":"article","og_title":"CINCUENTA SOMBRAS DE GREY (TRILOGIA CINCUENTA SOMBRAS 1) - Tienda Er\u00f3tica","og_description":"CINCUENTA SOMBRAS DE GREY (TRILOGIA CINCUENTA SOMBRAS 1). E.L. James. La rom\u00e1ntica, sensual, er\u00f3tica y totalmente adictiva historia de la","og_url":"https:\/\/demoweb.info\/sexshop001\/producto\/cincuenta-sombras-de-grey-trilogia-cincuenta-sombras-1\/","og_site_name":"Tienda Er\u00f3tica","article_modified_time":"2022-01-22T10:37:34+00:00","og_image":[{"width":550,"height":550,"url":"https:\/\/demoweb.info\/sexshop001\/wp-content\/uploads\/2022\/01\/CINCUENTA-SOMBRAS-DE-GREY-TRILOGIA-CINCUENTA-SOMBRAS-1.jpg","type":"image\/jpeg"}],"twitter_card":"summary_large_image","twitter_misc":{"Tiempo de lectura":"1 minuto"},"schema":{"@context":"https:\/\/schema.org","@graph":[{"@type":"WebPage","@id":"https:\/\/demoweb.info\/sexshop001\/producto\/cincuenta-sombras-de-grey-trilogia-cincuenta-sombras-1\/","url":"https:\/\/demoweb.info\/sexshop001\/producto\/cincuenta-sombras-de-grey-trilogia-cincuenta-sombras-1\/","name":"CINCUENTA SOMBRAS DE GREY (TRILOGIA CINCUENTA SOMBRAS 1) - Tienda Er\u00f3tica","isPartOf":{"@id":"https:\/\/demoweb.info\/sexshop001\/#website"},"datePublished":"2022-01-22T10:37:17+00:00","dateModified":"2022-01-22T10:37:34+00:00","breadcrumb":{"@id":"https:\/\/demoweb.info\/sexshop001\/producto\/cincuenta-sombras-de-grey-trilogia-cincuenta-sombras-1\/#breadcrumb"},"inLanguage":"es","potentialAction":[{"@type":"ReadAction","target":["https:\/\/demoweb.info\/sexshop001\/producto\/cincuenta-sombras-de-grey-trilogia-cincuenta-sombras-1\/"]}]},{"@type":"BreadcrumbList","@id":"https:\/\/demoweb.info\/sexshop001\/producto\/cincuenta-sombras-de-grey-trilogia-cincuenta-sombras-1\/#breadcrumb","itemListElement":[{"@type":"ListItem","position":1,"name":"Portada","item":"https:\/\/demoweb.info\/sexshop001\/"},{"@type":"ListItem","position":2,"name":"Tienda","item":"https:\/\/demoweb.info\/sexshop001\/tienda\/"},{"@type":"ListItem","position":3,"name":"CINCUENTA SOMBRAS DE GREY (TRILOGIA CINCUENTA SOMBRAS 1)"}]},{"@type":"WebSite","@id":"https:\/\/demoweb.info\/sexshop001\/#website","url":"https:\/\/demoweb.info\/sexshop001\/","name":"Tienda Er\u00f3tica","description":"DEMOWEB SL","potentialAction":[{"@type":"SearchAction","target":{"@type":"EntryPoint","urlTemplate":"https:\/\/demoweb.info\/sexshop001\/?s={search_term_string}"},"query-input":"required name=search_term_string"}],"inLanguage":"es"}]}},"_links":{"self":[{"href":"https:\/\/demoweb.info\/sexshop001\/wp-json\/wp\/v3\/product\/23881","targetHints":{"allow":["GET"]}}],"collection":[{"href":"https:\/\/demoweb.info\/sexshop001\/wp-json\/wp\/v3\/product"}],"about":[{"href":"https:\/\/demoweb.info\/sexshop001\/wp-json\/wp\/v2\/types\/product"}],"replies":[{"embeddable":true,"href":"https:\/\/demoweb.info\/sexshop001\/wp-json\/wp\/v2\/comments?post=23881"}],"wp:featuredmedia":[{"embeddable":true,"href":"https:\/\/demoweb.info\/sexshop001\/wp-json\/wp\/v2\/media\/23882"}],"wp:attachment":[{"href":"https:\/\/demoweb.info\/sexshop001\/wp-json\/wp\/v2\/media?parent=23881"}],"wp:term":[{"taxonomy":"product_cat","embeddable":true,"href":"https:\/\/demoweb.info\/sexshop001\/wp-json\/wp\/v2\/product_cat?post=23881"},{"taxonomy":"product_tag","embeddable":true,"href":"https:\/\/demoweb.info\/sexshop001\/wp-json\/wp\/v2\/product_tag?post=23881"}],"curies":[{"name":"wp","href":"https:\/\/api.w.org\/{rel}","templated":true}]}}