{"id":23872,"date":"2022-01-22T11:37:17","date_gmt":"2022-01-22T10:37:17","guid":{"rendered":"https:\/\/demoweb.info\/sexshop001\/producto\/fetish-fantasy-extreme-arnes-hueco-natural\/"},"modified":"2022-01-22T11:37:29","modified_gmt":"2022-01-22T10:37:29","slug":"fetish-fantasy-extreme-arnes-hueco-natural","status":"publish","type":"product","link":"https:\/\/demoweb.info\/sexshop001\/producto\/fetish-fantasy-extreme-arnes-hueco-natural\/","title":{"rendered":"FETISH FANTASY EXTREME ARNES HUECO NATURAL"},"content":{"rendered":"<p><strong>FETISH FANTASY EXTREME HOLLOW STRAP-ON FLESH<\/strong>.<\/p>\n<p>Toma el control con el sexo con arn\u00e9s hasta el extremo con el arn\u00e9s <strong>Fetish Fantasy Extreme Hollow Strap-On<\/strong>. Este arn\u00e9s hueco est\u00e1 fabricado con l\u00e1tex de primera calidad y sujeciones de metal ultra resistentes con un pene hueco de 19 cm. x 5,5 cm. y un hueco de 13,5 cm. x 3,5 cm. El arn\u00e9s se ajusta a casi todas las tallas, mientras que las anillas de metal mantienen en su justo lugar al pene. V\u00e1lido para mujeres como para hombres.<\/p>\n<p>\u00a1Todos aquellos que dicen que el tama\u00f1o no importa, es porque no han probado esto!<\/p>\n<p>Medidas:<\/p>\n<ul>\n<li>Longitud Total: 25,5 cm<\/li>\n<li>Longitud Insertable: 18 cm<\/li>\n<li>Ancho: 6,5 cm<\/li>\n<li>Longitud insertable interna: 15 cm<\/li>\n<li>Di\u00e1metro insertable interno: 3 cm<\/li>\n<\/ul>\n","protected":false},"excerpt":{"rendered":"<p>FETISH FANTASY EXTREME HOLLOW STRAP-ON FLESH. Toma el control con el sexo con arn\u00e9s hasta el extremo con el arn\u00e9s<\/p>\n","protected":false},"featured_media":23873,"comment_status":"open","ping_status":"open","template":"","meta":[],"product_cat":[481],"product_tag":[581,259],"class_list":["post-23872","product","type-product","status-publish","has-post-thumbnail","hentry","product_cat-huecos","product_tag-fetish-fantasy-extreme","product_tag-pipedream"],"bundled_by":[],"bundle_stock_status":"outofstock","bundle_stock_quantity":0,"bundle_virtual":false,"bundle_layout":"","bundle_add_to_cart_form_location":"","bundle_editable_in_cart":false,"bundle_sold_individually_context":"","bundle_item_grouping":"","bundle_min_size":"","bundle_max_size":"","bundled_items":[],"yoast_head":"<!-- This site is optimized with the Yoast SEO plugin v20.6 - https:\/\/yoast.com\/wordpress\/plugins\/seo\/ -->\n<title>FETISH FANTASY EXTREME ARNES HUECO NATURAL - Tienda Er\u00f3tica<\/title>\n<meta name=\"robots\" content=\"noindex, follow, max-snippet:-1, max-image-preview:large, max-video-preview:-1\" \/>\n<meta property=\"og:locale\" content=\"es_ES\" \/>\n<meta property=\"og:type\" content=\"article\" \/>\n<meta property=\"og:title\" content=\"FETISH FANTASY EXTREME ARNES HUECO NATURAL - Tienda Er\u00f3tica\" \/>\n<meta property=\"og:description\" content=\"FETISH FANTASY EXTREME HOLLOW STRAP-ON FLESH. Toma el control con el sexo con arn\u00e9s hasta el extremo con el arn\u00e9s\" \/>\n<meta property=\"og:url\" content=\"https:\/\/demoweb.info\/sexshop001\/producto\/fetish-fantasy-extreme-arnes-hueco-natural\/\" \/>\n<meta property=\"og:site_name\" content=\"Tienda Er\u00f3tica\" \/>\n<meta property=\"article:modified_time\" content=\"2022-01-22T10:37:29+00:00\" \/>\n<meta property=\"og:image\" content=\"https:\/\/demoweb.info\/sexshop001\/wp-content\/uploads\/2022\/01\/FETISH-FANTASY-EXTREME-ARNES-HUECO-NATURAL.jpg\" \/>\n\t<meta property=\"og:image:width\" content=\"550\" \/>\n\t<meta property=\"og:image:height\" content=\"550\" \/>\n\t<meta property=\"og:image:type\" content=\"image\/jpeg\" \/>\n<meta name=\"twitter:card\" content=\"summary_large_image\" \/>\n<meta name=\"twitter:label1\" content=\"Tiempo de lectura\" \/>\n\t<meta name=\"twitter:data1\" content=\"1 minuto\" \/>\n<script type=\"application\/ld+json\" class=\"yoast-schema-graph\">{\"@context\":\"https:\/\/schema.org\",\"@graph\":[{\"@type\":\"WebPage\",\"@id\":\"https:\/\/demoweb.info\/sexshop001\/producto\/fetish-fantasy-extreme-arnes-hueco-natural\/\",\"url\":\"https:\/\/demoweb.info\/sexshop001\/producto\/fetish-fantasy-extreme-arnes-hueco-natural\/\",\"name\":\"FETISH FANTASY EXTREME ARNES HUECO NATURAL - Tienda Er\u00f3tica\",\"isPartOf\":{\"@id\":\"https:\/\/demoweb.info\/sexshop001\/#website\"},\"datePublished\":\"2022-01-22T10:37:17+00:00\",\"dateModified\":\"2022-01-22T10:37:29+00:00\",\"breadcrumb\":{\"@id\":\"https:\/\/demoweb.info\/sexshop001\/producto\/fetish-fantasy-extreme-arnes-hueco-natural\/#breadcrumb\"},\"inLanguage\":\"es\",\"potentialAction\":[{\"@type\":\"ReadAction\",\"target\":[\"https:\/\/demoweb.info\/sexshop001\/producto\/fetish-fantasy-extreme-arnes-hueco-natural\/\"]}]},{\"@type\":\"BreadcrumbList\",\"@id\":\"https:\/\/demoweb.info\/sexshop001\/producto\/fetish-fantasy-extreme-arnes-hueco-natural\/#breadcrumb\",\"itemListElement\":[{\"@type\":\"ListItem\",\"position\":1,\"name\":\"Portada\",\"item\":\"https:\/\/demoweb.info\/sexshop001\/\"},{\"@type\":\"ListItem\",\"position\":2,\"name\":\"Tienda\",\"item\":\"https:\/\/demoweb.info\/sexshop001\/tienda\/\"},{\"@type\":\"ListItem\",\"position\":3,\"name\":\"FETISH FANTASY EXTREME ARNES HUECO NATURAL\"}]},{\"@type\":\"WebSite\",\"@id\":\"https:\/\/demoweb.info\/sexshop001\/#website\",\"url\":\"https:\/\/demoweb.info\/sexshop001\/\",\"name\":\"Tienda Er\u00f3tica\",\"description\":\"DEMOWEB SL\",\"potentialAction\":[{\"@type\":\"SearchAction\",\"target\":{\"@type\":\"EntryPoint\",\"urlTemplate\":\"https:\/\/demoweb.info\/sexshop001\/?s={search_term_string}\"},\"query-input\":\"required name=search_term_string\"}],\"inLanguage\":\"es\"}]}<\/script>\n<!-- \/ Yoast SEO plugin. -->","yoast_head_json":{"title":"FETISH FANTASY EXTREME ARNES HUECO NATURAL - Tienda Er\u00f3tica","robots":{"index":"noindex","follow":"follow","max-snippet":"max-snippet:-1","max-image-preview":"max-image-preview:large","max-video-preview":"max-video-preview:-1"},"og_locale":"es_ES","og_type":"article","og_title":"FETISH FANTASY EXTREME ARNES HUECO NATURAL - Tienda Er\u00f3tica","og_description":"FETISH FANTASY EXTREME HOLLOW STRAP-ON FLESH. Toma el control con el sexo con arn\u00e9s hasta el extremo con el arn\u00e9s","og_url":"https:\/\/demoweb.info\/sexshop001\/producto\/fetish-fantasy-extreme-arnes-hueco-natural\/","og_site_name":"Tienda Er\u00f3tica","article_modified_time":"2022-01-22T10:37:29+00:00","og_image":[{"width":550,"height":550,"url":"https:\/\/demoweb.info\/sexshop001\/wp-content\/uploads\/2022\/01\/FETISH-FANTASY-EXTREME-ARNES-HUECO-NATURAL.jpg","type":"image\/jpeg"}],"twitter_card":"summary_large_image","twitter_misc":{"Tiempo de lectura":"1 minuto"},"schema":{"@context":"https:\/\/schema.org","@graph":[{"@type":"WebPage","@id":"https:\/\/demoweb.info\/sexshop001\/producto\/fetish-fantasy-extreme-arnes-hueco-natural\/","url":"https:\/\/demoweb.info\/sexshop001\/producto\/fetish-fantasy-extreme-arnes-hueco-natural\/","name":"FETISH FANTASY EXTREME ARNES HUECO NATURAL - Tienda Er\u00f3tica","isPartOf":{"@id":"https:\/\/demoweb.info\/sexshop001\/#website"},"datePublished":"2022-01-22T10:37:17+00:00","dateModified":"2022-01-22T10:37:29+00:00","breadcrumb":{"@id":"https:\/\/demoweb.info\/sexshop001\/producto\/fetish-fantasy-extreme-arnes-hueco-natural\/#breadcrumb"},"inLanguage":"es","potentialAction":[{"@type":"ReadAction","target":["https:\/\/demoweb.info\/sexshop001\/producto\/fetish-fantasy-extreme-arnes-hueco-natural\/"]}]},{"@type":"BreadcrumbList","@id":"https:\/\/demoweb.info\/sexshop001\/producto\/fetish-fantasy-extreme-arnes-hueco-natural\/#breadcrumb","itemListElement":[{"@type":"ListItem","position":1,"name":"Portada","item":"https:\/\/demoweb.info\/sexshop001\/"},{"@type":"ListItem","position":2,"name":"Tienda","item":"https:\/\/demoweb.info\/sexshop001\/tienda\/"},{"@type":"ListItem","position":3,"name":"FETISH FANTASY EXTREME ARNES HUECO NATURAL"}]},{"@type":"WebSite","@id":"https:\/\/demoweb.info\/sexshop001\/#website","url":"https:\/\/demoweb.info\/sexshop001\/","name":"Tienda Er\u00f3tica","description":"DEMOWEB SL","potentialAction":[{"@type":"SearchAction","target":{"@type":"EntryPoint","urlTemplate":"https:\/\/demoweb.info\/sexshop001\/?s={search_term_string}"},"query-input":"required name=search_term_string"}],"inLanguage":"es"}]}},"_links":{"self":[{"href":"https:\/\/demoweb.info\/sexshop001\/wp-json\/wp\/v3\/product\/23872","targetHints":{"allow":["GET"]}}],"collection":[{"href":"https:\/\/demoweb.info\/sexshop001\/wp-json\/wp\/v3\/product"}],"about":[{"href":"https:\/\/demoweb.info\/sexshop001\/wp-json\/wp\/v2\/types\/product"}],"replies":[{"embeddable":true,"href":"https:\/\/demoweb.info\/sexshop001\/wp-json\/wp\/v2\/comments?post=23872"}],"wp:featuredmedia":[{"embeddable":true,"href":"https:\/\/demoweb.info\/sexshop001\/wp-json\/wp\/v2\/media\/23873"}],"wp:attachment":[{"href":"https:\/\/demoweb.info\/sexshop001\/wp-json\/wp\/v2\/media?parent=23872"}],"wp:term":[{"taxonomy":"product_cat","embeddable":true,"href":"https:\/\/demoweb.info\/sexshop001\/wp-json\/wp\/v2\/product_cat?post=23872"},{"taxonomy":"product_tag","embeddable":true,"href":"https:\/\/demoweb.info\/sexshop001\/wp-json\/wp\/v2\/product_tag?post=23872"}],"curies":[{"name":"wp","href":"https:\/\/api.w.org\/{rel}","templated":true}]}}