{"id":23847,"date":"2022-01-22T11:37:17","date_gmt":"2022-01-22T10:37:17","guid":{"rendered":"https:\/\/demoweb.info\/sexshop001\/producto\/lelo-luna-beads-noir-bolas-chinas\/"},"modified":"2022-01-22T11:37:17","modified_gmt":"2022-01-22T10:37:17","slug":"lelo-luna-beads-noir-bolas-chinas","status":"publish","type":"product","link":"https:\/\/demoweb.info\/sexshop001\/producto\/lelo-luna-beads-noir-bolas-chinas\/","title":{"rendered":"LELO LUNA BEADS NOIR BOLAS CHINAS"},"content":{"rendered":"<p><strong>LELO LUNA BEADS NOIR<\/strong> Ejercicios de kegel l\u00edderes para la salud y el placer.<\/p>\n<p><strong>LUNA Beads\u2122 Noir<\/strong> es la versi\u00f3n m\u00e1s elegante y seductora de las bolas de Kegel de LELO, un aut\u00e9ntico superventas mundial que promete irresistibles placeres durante los preliminares y m\u00e1s all\u00e1.<\/p>\n<p>Perfectas para usar en una velada rom\u00e1ntica con tu pareja, sus bolas internas responden a tus movimientos con sutiles vibraciones que te preparan para los placeres que la noche promete. Adem\u00e1s de crear gratas sensaciones, sirven para fortalecer los m\u00fasculos del suelo p\u00e9lvico, proporcionando a un tiempo una serie de beneficios para la salud y una mayor posibilidad de disfrutar de orgasmos m\u00e1s intensos y regulares en el futuro.<\/p>\n<p>Estas bolas, con un di\u00e1metro de 29 mm. y perfectamente adaptables a todas las mujeres con la m\u00e1xima comodidad, pueden utilizarse de manera individual o combinadas gracias al conector de suave silicona para un placer \u00fanico y exclusivo.<\/p>\n<p>Como ocurre con todos los objetos de placer <strong>LELO<\/strong>, <strong>LUNA<\/strong> est\u00e1 dise\u00f1ado para proporcionar total tranquilidad en cualquier situaci\u00f3n y bajo cualquier circunstancia.<\/p>\n<p>Fabricado con pl\u00e1stico ABS\/silicona aprobados por la FDA y libres de ftalato, est\u00e1 dise\u00f1ado para aumentar la fuerza y la resistencia de los m\u00fasculos de la vagina y del suelo p\u00e9lvico.<\/p>\n<p>El sistema de bolas <strong>LUNA<\/strong> se presenta en una elegante caja de regalo que contiene una lujosa bolsita de sat\u00e9n para guardarlo, adem\u00e1s de un cord\u00f3n higi\u00e9nico de extracci\u00f3n, el manual de usuario y la garant\u00eda completa <strong>LELO<\/strong> de 1 a\u00f1o.<\/p>\n","protected":false},"excerpt":{"rendered":"<p>LELO LUNA BEADS NOIR Ejercicios de kegel l\u00edderes para la salud y el placer. LUNA Beads\u2122 Noir es la versi\u00f3n<\/p>\n","protected":false},"featured_media":23848,"comment_status":"open","ping_status":"open","template":"","meta":[],"product_cat":[320],"product_tag":[406],"class_list":["post-23847","product","type-product","status-publish","has-post-thumbnail","hentry","product_cat-silicona-bolas-y-huevos","product_tag-lelo"],"bundled_by":[],"bundle_stock_status":"instock","bundle_stock_quantity":7,"bundle_virtual":false,"bundle_layout":"","bundle_add_to_cart_form_location":"","bundle_editable_in_cart":false,"bundle_sold_individually_context":"","bundle_item_grouping":"","bundle_min_size":"","bundle_max_size":"","bundled_items":[],"yoast_head":"<!-- This site is optimized with the Yoast SEO plugin v20.6 - https:\/\/yoast.com\/wordpress\/plugins\/seo\/ -->\n<title>LELO LUNA BEADS NOIR BOLAS CHINAS - Tienda Er\u00f3tica<\/title>\n<meta name=\"robots\" content=\"noindex, follow, max-snippet:-1, max-image-preview:large, max-video-preview:-1\" \/>\n<meta property=\"og:locale\" content=\"es_ES\" \/>\n<meta property=\"og:type\" content=\"article\" \/>\n<meta property=\"og:title\" content=\"LELO LUNA BEADS NOIR BOLAS CHINAS - Tienda Er\u00f3tica\" \/>\n<meta property=\"og:description\" content=\"LELO LUNA BEADS NOIR Ejercicios de kegel l\u00edderes para la salud y el placer. LUNA Beads\u2122 Noir es la versi\u00f3n\" \/>\n<meta property=\"og:url\" content=\"https:\/\/demoweb.info\/sexshop001\/producto\/lelo-luna-beads-noir-bolas-chinas\/\" \/>\n<meta property=\"og:site_name\" content=\"Tienda Er\u00f3tica\" \/>\n<meta property=\"og:image\" content=\"https:\/\/demoweb.info\/sexshop001\/wp-content\/uploads\/2022\/01\/LELO-LUNA-BEADS-NOIR-BOLAS-CHINAS.jpg\" \/>\n\t<meta property=\"og:image:width\" content=\"550\" \/>\n\t<meta property=\"og:image:height\" content=\"550\" \/>\n\t<meta property=\"og:image:type\" content=\"image\/jpeg\" \/>\n<meta name=\"twitter:card\" content=\"summary_large_image\" \/>\n<meta name=\"twitter:label1\" content=\"Tiempo de lectura\" \/>\n\t<meta name=\"twitter:data1\" content=\"1 minuto\" \/>\n<script type=\"application\/ld+json\" class=\"yoast-schema-graph\">{\"@context\":\"https:\/\/schema.org\",\"@graph\":[{\"@type\":\"WebPage\",\"@id\":\"https:\/\/demoweb.info\/sexshop001\/producto\/lelo-luna-beads-noir-bolas-chinas\/\",\"url\":\"https:\/\/demoweb.info\/sexshop001\/producto\/lelo-luna-beads-noir-bolas-chinas\/\",\"name\":\"LELO LUNA BEADS NOIR BOLAS CHINAS - Tienda Er\u00f3tica\",\"isPartOf\":{\"@id\":\"https:\/\/demoweb.info\/sexshop001\/#website\"},\"datePublished\":\"2022-01-22T10:37:17+00:00\",\"dateModified\":\"2022-01-22T10:37:17+00:00\",\"breadcrumb\":{\"@id\":\"https:\/\/demoweb.info\/sexshop001\/producto\/lelo-luna-beads-noir-bolas-chinas\/#breadcrumb\"},\"inLanguage\":\"es\",\"potentialAction\":[{\"@type\":\"ReadAction\",\"target\":[\"https:\/\/demoweb.info\/sexshop001\/producto\/lelo-luna-beads-noir-bolas-chinas\/\"]}]},{\"@type\":\"BreadcrumbList\",\"@id\":\"https:\/\/demoweb.info\/sexshop001\/producto\/lelo-luna-beads-noir-bolas-chinas\/#breadcrumb\",\"itemListElement\":[{\"@type\":\"ListItem\",\"position\":1,\"name\":\"Portada\",\"item\":\"https:\/\/demoweb.info\/sexshop001\/\"},{\"@type\":\"ListItem\",\"position\":2,\"name\":\"Tienda\",\"item\":\"https:\/\/demoweb.info\/sexshop001\/tienda\/\"},{\"@type\":\"ListItem\",\"position\":3,\"name\":\"LELO LUNA BEADS NOIR BOLAS CHINAS\"}]},{\"@type\":\"WebSite\",\"@id\":\"https:\/\/demoweb.info\/sexshop001\/#website\",\"url\":\"https:\/\/demoweb.info\/sexshop001\/\",\"name\":\"Tienda Er\u00f3tica\",\"description\":\"DEMOWEB SL\",\"potentialAction\":[{\"@type\":\"SearchAction\",\"target\":{\"@type\":\"EntryPoint\",\"urlTemplate\":\"https:\/\/demoweb.info\/sexshop001\/?s={search_term_string}\"},\"query-input\":\"required name=search_term_string\"}],\"inLanguage\":\"es\"}]}<\/script>\n<!-- \/ Yoast SEO plugin. -->","yoast_head_json":{"title":"LELO LUNA BEADS NOIR BOLAS CHINAS - Tienda Er\u00f3tica","robots":{"index":"noindex","follow":"follow","max-snippet":"max-snippet:-1","max-image-preview":"max-image-preview:large","max-video-preview":"max-video-preview:-1"},"og_locale":"es_ES","og_type":"article","og_title":"LELO LUNA BEADS NOIR BOLAS CHINAS - Tienda Er\u00f3tica","og_description":"LELO LUNA BEADS NOIR Ejercicios de kegel l\u00edderes para la salud y el placer. LUNA Beads\u2122 Noir es la versi\u00f3n","og_url":"https:\/\/demoweb.info\/sexshop001\/producto\/lelo-luna-beads-noir-bolas-chinas\/","og_site_name":"Tienda Er\u00f3tica","og_image":[{"width":550,"height":550,"url":"https:\/\/demoweb.info\/sexshop001\/wp-content\/uploads\/2022\/01\/LELO-LUNA-BEADS-NOIR-BOLAS-CHINAS.jpg","type":"image\/jpeg"}],"twitter_card":"summary_large_image","twitter_misc":{"Tiempo de lectura":"1 minuto"},"schema":{"@context":"https:\/\/schema.org","@graph":[{"@type":"WebPage","@id":"https:\/\/demoweb.info\/sexshop001\/producto\/lelo-luna-beads-noir-bolas-chinas\/","url":"https:\/\/demoweb.info\/sexshop001\/producto\/lelo-luna-beads-noir-bolas-chinas\/","name":"LELO LUNA BEADS NOIR BOLAS CHINAS - Tienda Er\u00f3tica","isPartOf":{"@id":"https:\/\/demoweb.info\/sexshop001\/#website"},"datePublished":"2022-01-22T10:37:17+00:00","dateModified":"2022-01-22T10:37:17+00:00","breadcrumb":{"@id":"https:\/\/demoweb.info\/sexshop001\/producto\/lelo-luna-beads-noir-bolas-chinas\/#breadcrumb"},"inLanguage":"es","potentialAction":[{"@type":"ReadAction","target":["https:\/\/demoweb.info\/sexshop001\/producto\/lelo-luna-beads-noir-bolas-chinas\/"]}]},{"@type":"BreadcrumbList","@id":"https:\/\/demoweb.info\/sexshop001\/producto\/lelo-luna-beads-noir-bolas-chinas\/#breadcrumb","itemListElement":[{"@type":"ListItem","position":1,"name":"Portada","item":"https:\/\/demoweb.info\/sexshop001\/"},{"@type":"ListItem","position":2,"name":"Tienda","item":"https:\/\/demoweb.info\/sexshop001\/tienda\/"},{"@type":"ListItem","position":3,"name":"LELO LUNA BEADS NOIR BOLAS CHINAS"}]},{"@type":"WebSite","@id":"https:\/\/demoweb.info\/sexshop001\/#website","url":"https:\/\/demoweb.info\/sexshop001\/","name":"Tienda Er\u00f3tica","description":"DEMOWEB SL","potentialAction":[{"@type":"SearchAction","target":{"@type":"EntryPoint","urlTemplate":"https:\/\/demoweb.info\/sexshop001\/?s={search_term_string}"},"query-input":"required name=search_term_string"}],"inLanguage":"es"}]}},"_links":{"self":[{"href":"https:\/\/demoweb.info\/sexshop001\/wp-json\/wp\/v3\/product\/23847","targetHints":{"allow":["GET"]}}],"collection":[{"href":"https:\/\/demoweb.info\/sexshop001\/wp-json\/wp\/v3\/product"}],"about":[{"href":"https:\/\/demoweb.info\/sexshop001\/wp-json\/wp\/v2\/types\/product"}],"replies":[{"embeddable":true,"href":"https:\/\/demoweb.info\/sexshop001\/wp-json\/wp\/v2\/comments?post=23847"}],"wp:featuredmedia":[{"embeddable":true,"href":"https:\/\/demoweb.info\/sexshop001\/wp-json\/wp\/v2\/media\/23848"}],"wp:attachment":[{"href":"https:\/\/demoweb.info\/sexshop001\/wp-json\/wp\/v2\/media?parent=23847"}],"wp:term":[{"taxonomy":"product_cat","embeddable":true,"href":"https:\/\/demoweb.info\/sexshop001\/wp-json\/wp\/v2\/product_cat?post=23847"},{"taxonomy":"product_tag","embeddable":true,"href":"https:\/\/demoweb.info\/sexshop001\/wp-json\/wp\/v2\/product_tag?post=23847"}],"curies":[{"name":"wp","href":"https:\/\/api.w.org\/{rel}","templated":true}]}}