{"id":23802,"date":"2022-01-22T11:36:45","date_gmt":"2022-01-22T10:36:45","guid":{"rendered":"https:\/\/demoweb.info\/sexshop001\/producto\/durex-intense-orgasmic-diablillo\/"},"modified":"2022-01-22T11:36:55","modified_gmt":"2022-01-22T10:36:55","slug":"durex-intense-orgasmic-diablillo","status":"publish","type":"product","link":"https:\/\/demoweb.info\/sexshop001\/producto\/durex-intense-orgasmic-diablillo\/","title":{"rendered":"DUREX INTENSE ORGASMIC DIABLILLO"},"content":{"rendered":"<p><strong>DUREX PLAY DIABLILLO DEVIL<\/strong> es un revolucionario anillo vibrador para el pene.<\/p>\n<p>Te proporciona hasta 30 minutos de placer travieso y juguet\u00f3n. Nuestro famoso anillo llega ahora con una peque\u00f1a cabeza de demonio dise\u00f1ada para estimular la zona del cl\u00edtoris de una forma excitante que saque tu lado m\u00e1s p\u00edcaro.<\/p>\n<p>Desechable, higi\u00e9nico y lo m\u00e1s importante, <strong>sin cables<\/strong>.<\/p>\n<p><strong>Fabricado en Silicona de primera calidad<\/strong>.<\/p>\n<p>Disfrute de unos 30 minutos de intensa vibraci\u00f3n.<\/p>\n<p>Gracias a su gran flexibilidad, se adapta a cualquier tama\u00f1o de pene.<\/p>\n<p>Dispone de un peque\u00f1o interruptor, para poder encenderlo y pararlo en cualquier momento.<\/p>\n<p>Puede emplearse con o sin preservativo.<\/p>\n<p>Las Pilas ya est\u00e1n incluidas dentro del anillo.<\/p>\n<p><strong>Consigue que tus relaciones sean mucho m\u00e1s placenteras<\/strong>.<\/p>\n","protected":false},"excerpt":{"rendered":"<p>DUREX PLAY DIABLILLO DEVIL es un revolucionario anillo vibrador para el pene. Te proporciona hasta 30 minutos de placer travieso<\/p>\n","protected":false},"featured_media":23803,"comment_status":"open","ping_status":"open","template":"","meta":[],"product_cat":[1078],"product_tag":[396,1079],"class_list":["post-23802","product","type-product","status-publish","has-post-thumbnail","hentry","product_cat-bienestar","product_tag-durex","product_tag-intense"],"bundled_by":[],"bundle_stock_status":"outofstock","bundle_stock_quantity":0,"bundle_virtual":false,"bundle_layout":"","bundle_add_to_cart_form_location":"","bundle_editable_in_cart":false,"bundle_sold_individually_context":"","bundle_item_grouping":"","bundle_min_size":"","bundle_max_size":"","bundled_items":[],"yoast_head":"<!-- This site is optimized with the Yoast SEO plugin v20.6 - https:\/\/yoast.com\/wordpress\/plugins\/seo\/ -->\n<title>DUREX INTENSE ORGASMIC DIABLILLO - Tienda Er\u00f3tica<\/title>\n<meta name=\"robots\" content=\"noindex, follow, max-snippet:-1, max-image-preview:large, max-video-preview:-1\" \/>\n<meta property=\"og:locale\" content=\"es_ES\" \/>\n<meta property=\"og:type\" content=\"article\" \/>\n<meta property=\"og:title\" content=\"DUREX INTENSE ORGASMIC DIABLILLO - Tienda Er\u00f3tica\" \/>\n<meta property=\"og:description\" content=\"DUREX PLAY DIABLILLO DEVIL es un revolucionario anillo vibrador para el pene. Te proporciona hasta 30 minutos de placer travieso\" \/>\n<meta property=\"og:url\" content=\"https:\/\/demoweb.info\/sexshop001\/producto\/durex-intense-orgasmic-diablillo\/\" \/>\n<meta property=\"og:site_name\" content=\"Tienda Er\u00f3tica\" \/>\n<meta property=\"article:modified_time\" content=\"2022-01-22T10:36:55+00:00\" \/>\n<meta property=\"og:image\" content=\"https:\/\/demoweb.info\/sexshop001\/wp-content\/uploads\/2022\/01\/DUREX-INTENSE-ORGASMIC-DIABLILLO.jpg\" \/>\n\t<meta property=\"og:image:width\" content=\"550\" \/>\n\t<meta property=\"og:image:height\" content=\"550\" \/>\n\t<meta property=\"og:image:type\" content=\"image\/jpeg\" \/>\n<meta name=\"twitter:card\" content=\"summary_large_image\" \/>\n<meta name=\"twitter:label1\" content=\"Tiempo de lectura\" \/>\n\t<meta name=\"twitter:data1\" content=\"1 minuto\" \/>\n<script type=\"application\/ld+json\" class=\"yoast-schema-graph\">{\"@context\":\"https:\/\/schema.org\",\"@graph\":[{\"@type\":\"WebPage\",\"@id\":\"https:\/\/demoweb.info\/sexshop001\/producto\/durex-intense-orgasmic-diablillo\/\",\"url\":\"https:\/\/demoweb.info\/sexshop001\/producto\/durex-intense-orgasmic-diablillo\/\",\"name\":\"DUREX INTENSE ORGASMIC DIABLILLO - Tienda Er\u00f3tica\",\"isPartOf\":{\"@id\":\"https:\/\/demoweb.info\/sexshop001\/#website\"},\"datePublished\":\"2022-01-22T10:36:45+00:00\",\"dateModified\":\"2022-01-22T10:36:55+00:00\",\"breadcrumb\":{\"@id\":\"https:\/\/demoweb.info\/sexshop001\/producto\/durex-intense-orgasmic-diablillo\/#breadcrumb\"},\"inLanguage\":\"es\",\"potentialAction\":[{\"@type\":\"ReadAction\",\"target\":[\"https:\/\/demoweb.info\/sexshop001\/producto\/durex-intense-orgasmic-diablillo\/\"]}]},{\"@type\":\"BreadcrumbList\",\"@id\":\"https:\/\/demoweb.info\/sexshop001\/producto\/durex-intense-orgasmic-diablillo\/#breadcrumb\",\"itemListElement\":[{\"@type\":\"ListItem\",\"position\":1,\"name\":\"Portada\",\"item\":\"https:\/\/demoweb.info\/sexshop001\/\"},{\"@type\":\"ListItem\",\"position\":2,\"name\":\"Tienda\",\"item\":\"https:\/\/demoweb.info\/sexshop001\/tienda\/\"},{\"@type\":\"ListItem\",\"position\":3,\"name\":\"DUREX INTENSE ORGASMIC DIABLILLO\"}]},{\"@type\":\"WebSite\",\"@id\":\"https:\/\/demoweb.info\/sexshop001\/#website\",\"url\":\"https:\/\/demoweb.info\/sexshop001\/\",\"name\":\"Tienda Er\u00f3tica\",\"description\":\"DEMOWEB SL\",\"potentialAction\":[{\"@type\":\"SearchAction\",\"target\":{\"@type\":\"EntryPoint\",\"urlTemplate\":\"https:\/\/demoweb.info\/sexshop001\/?s={search_term_string}\"},\"query-input\":\"required name=search_term_string\"}],\"inLanguage\":\"es\"}]}<\/script>\n<!-- \/ Yoast SEO plugin. -->","yoast_head_json":{"title":"DUREX INTENSE ORGASMIC DIABLILLO - Tienda Er\u00f3tica","robots":{"index":"noindex","follow":"follow","max-snippet":"max-snippet:-1","max-image-preview":"max-image-preview:large","max-video-preview":"max-video-preview:-1"},"og_locale":"es_ES","og_type":"article","og_title":"DUREX INTENSE ORGASMIC DIABLILLO - Tienda Er\u00f3tica","og_description":"DUREX PLAY DIABLILLO DEVIL es un revolucionario anillo vibrador para el pene. Te proporciona hasta 30 minutos de placer travieso","og_url":"https:\/\/demoweb.info\/sexshop001\/producto\/durex-intense-orgasmic-diablillo\/","og_site_name":"Tienda Er\u00f3tica","article_modified_time":"2022-01-22T10:36:55+00:00","og_image":[{"width":550,"height":550,"url":"https:\/\/demoweb.info\/sexshop001\/wp-content\/uploads\/2022\/01\/DUREX-INTENSE-ORGASMIC-DIABLILLO.jpg","type":"image\/jpeg"}],"twitter_card":"summary_large_image","twitter_misc":{"Tiempo de lectura":"1 minuto"},"schema":{"@context":"https:\/\/schema.org","@graph":[{"@type":"WebPage","@id":"https:\/\/demoweb.info\/sexshop001\/producto\/durex-intense-orgasmic-diablillo\/","url":"https:\/\/demoweb.info\/sexshop001\/producto\/durex-intense-orgasmic-diablillo\/","name":"DUREX INTENSE ORGASMIC DIABLILLO - Tienda Er\u00f3tica","isPartOf":{"@id":"https:\/\/demoweb.info\/sexshop001\/#website"},"datePublished":"2022-01-22T10:36:45+00:00","dateModified":"2022-01-22T10:36:55+00:00","breadcrumb":{"@id":"https:\/\/demoweb.info\/sexshop001\/producto\/durex-intense-orgasmic-diablillo\/#breadcrumb"},"inLanguage":"es","potentialAction":[{"@type":"ReadAction","target":["https:\/\/demoweb.info\/sexshop001\/producto\/durex-intense-orgasmic-diablillo\/"]}]},{"@type":"BreadcrumbList","@id":"https:\/\/demoweb.info\/sexshop001\/producto\/durex-intense-orgasmic-diablillo\/#breadcrumb","itemListElement":[{"@type":"ListItem","position":1,"name":"Portada","item":"https:\/\/demoweb.info\/sexshop001\/"},{"@type":"ListItem","position":2,"name":"Tienda","item":"https:\/\/demoweb.info\/sexshop001\/tienda\/"},{"@type":"ListItem","position":3,"name":"DUREX INTENSE ORGASMIC DIABLILLO"}]},{"@type":"WebSite","@id":"https:\/\/demoweb.info\/sexshop001\/#website","url":"https:\/\/demoweb.info\/sexshop001\/","name":"Tienda Er\u00f3tica","description":"DEMOWEB SL","potentialAction":[{"@type":"SearchAction","target":{"@type":"EntryPoint","urlTemplate":"https:\/\/demoweb.info\/sexshop001\/?s={search_term_string}"},"query-input":"required name=search_term_string"}],"inLanguage":"es"}]}},"_links":{"self":[{"href":"https:\/\/demoweb.info\/sexshop001\/wp-json\/wp\/v3\/product\/23802","targetHints":{"allow":["GET"]}}],"collection":[{"href":"https:\/\/demoweb.info\/sexshop001\/wp-json\/wp\/v3\/product"}],"about":[{"href":"https:\/\/demoweb.info\/sexshop001\/wp-json\/wp\/v2\/types\/product"}],"replies":[{"embeddable":true,"href":"https:\/\/demoweb.info\/sexshop001\/wp-json\/wp\/v2\/comments?post=23802"}],"wp:featuredmedia":[{"embeddable":true,"href":"https:\/\/demoweb.info\/sexshop001\/wp-json\/wp\/v2\/media\/23803"}],"wp:attachment":[{"href":"https:\/\/demoweb.info\/sexshop001\/wp-json\/wp\/v2\/media?parent=23802"}],"wp:term":[{"taxonomy":"product_cat","embeddable":true,"href":"https:\/\/demoweb.info\/sexshop001\/wp-json\/wp\/v2\/product_cat?post=23802"},{"taxonomy":"product_tag","embeddable":true,"href":"https:\/\/demoweb.info\/sexshop001\/wp-json\/wp\/v2\/product_tag?post=23802"}],"curies":[{"name":"wp","href":"https:\/\/api.w.org\/{rel}","templated":true}]}}